{"id":15463,"date":"2019-06-10T12:47:38","date_gmt":"2019-06-10T10:47:38","guid":{"rendered":"https:\/\/mommymouse.com.pl\/produkt\/wklad-covers-cotton-organic\/"},"modified":"2022-10-28T13:37:23","modified_gmt":"2022-10-28T11:37:23","slug":"cotton-organic-covers-inserts","status":"publish","type":"product","link":"https:\/\/mommymouse.com.pl\/en\/produkt\/cotton-organic-covers-inserts\/","title":{"rendered":"COTTON ORGANIC COVERS INSERTS"},"content":{"rendered":"<p>Children with sensitive skin are in contact with extremely delicate, natural and certified COTTON ORGANIC material.<\/p>\n<p>100% absorbency is obtained immediately after 8-10 washes.<\/p>\n<p>Ch\u0142onno\u015b\u0107 na poziomie 100% uzyskuje po ok. 8-10 praniach.<\/p>\n<p>The Bamboo inserts have got a <strong>NO-CRUSH<\/strong> system that delicately wraps around and seals the child\u2019s leg. It prevents the contents from getting out of the diaper and onto the clothes.<\/p>\n<blockquote><p>It gives the child a sense of coolness and dryness.<\/p><\/blockquote>\n<h3>What are the COVERS inserts for?<\/h3>\n<p>The\u00a0hourglass inserts are universal and perfect for all types of diapers \u2013 <strong>the COVERS inserts<\/strong> are especially recommended for Shells.<\/p>\n<p>Just like <strong>SIO<\/strong> system inserts they have got a\u00a0<strong><u>NO-CRUSH<\/u><\/strong>\u00a0system delicately wraps around and seals the child\u2019s leg, and prevents the contents from getting out of the diaper and onto the clothes. The delicate elastic band prevents imprints on the child\u2019s skin and prevents leakage.<\/p>\n<h3>What makes the COVERS COTTON ORGANIC inserts so absorbent?<\/h3>\n<p>The inner layers of the <strong>COVERS COTTON ORGANIC insert <\/strong>consist of <strong>natural organic cotton <\/strong>in the form of a soft cotton terry that has excellent absorbent properties.<\/p>\n<p>The hourglass shape gives the <strong>COVERS<\/strong> insert a larger area of absorption at the front and back.<\/p>\n<p><strong>The inserts are made of:\u00a0<\/strong><\/p>\n<ul>\n<li>three layers of unbleached, highly absorbent <strong>cotton terry<\/strong>;<\/li>\n<li>two outer layers of unbleached <strong>natural cotton.<\/strong><\/li>\n<\/ul>\n<p>This sums up to <strong>5 very absorbent layers.<\/strong><\/p>\n<p>Hourglass shape additionally increases its absorbent surface resulting to a higher absorbance capability.<\/p>\n<p>The terry layers are wrapped in delicate, <strong>natural and unbleached cotton<\/strong>, which has a positive effect on the <strong>health<\/strong> and <strong>comfort<\/strong> of the baby&#8217;s delicate skin.<\/p>\n<p><strong>The\u00a0COVER inserts are universal<\/strong> and perfect for all types of diapers, especially <strong>Shells<\/strong> \u2013 not only <strong>PUL Shells<\/strong> but also <strong>woollen Shells<\/strong>.<\/p>\n<h3>The COVERS COTTON ORGANIC inserts are available in two sizes:<\/h3>\n<ul>\n<li><strong>S\/M<\/strong>: 5-9 kg,<\/li>\n<li><strong>L\/XL<\/strong>: 9-16 kg.<\/li>\n<\/ul>\n<blockquote><p>The COTTON ORGANIC insert is a 100% natural fabric and due to its nature can slightly shrink 5% of its length and width after been washed. This does not change the function of the insert. (This change in size and shape is not subject to complaint.)<\/p><\/blockquote>\n","protected":false},"excerpt":{"rendered":"<p>The COVERS COTTON ORGANIC inserts \u2013 very <strong>absorbent<\/strong> inserts that are made of 100% unbleached <strong>organic cotton<\/strong>. Perfect for children and parents who prefer mainly <strong>natural materials<\/strong>.<\/p>\n<p>The COVERS COTTON ORGANIC inserts are made of unbleached <strong>cotton terry <\/strong>and 100% unbleached, soft organic cotton.<\/p>\n","protected":false},"featured_media":15400,"comment_status":"open","ping_status":"closed","template":"","meta":[],"product_brand":[],"product_cat":[698,713,716],"product_tag":[1130],"class_list":{"0":"post-15463","1":"product","2":"type-product","3":"status-publish","4":"has-post-thumbnail","6":"product_cat-natura-line-inserts","7":"product_cat-newborn-inserts-for-shell-diapers","8":"product_cat-onesize-en","9":"product_tag-no-crush-en","10":"pa_no-crush-system-no-crush-system","11":"pa_rozmiar-l-xl-en-2","12":"pa_rozmiar-s-m-en","14":"first","15":"instock","16":"taxable","17":"shipping-taxable","18":"purchasable","19":"product-type-variable"},"yoast_head":"<!-- This site is optimized with the Yoast SEO plugin v27.3 - https:\/\/yoast.com\/product\/yoast-seo-wordpress\/ -->\n<title>COTTON ORGANIC COVERS INSERTS | Mommy Mouse - Pieluszki Wielorazowe<\/title>\n<meta name=\"description\" content=\"The COVERS COTTON ORGANIC inserts \u2013 very absorbent inserts that are made of 100% unbleached organic cotton. Perfect for children and parents who prefer mainly natural materials.  The COVERS COTTON ORGANIC inserts are made of unbleached cotton terry and 100% unbleached, soft organic cotton.\" \/>\n<meta name=\"robots\" content=\"index, follow, max-snippet:-1, max-image-preview:large, max-video-preview:-1\" \/>\n<link rel=\"canonical\" href=\"https:\/\/mommymouse.com.pl\/produkt\/wklad-covers-cotton-organic\/\" \/>\n<meta property=\"og:locale\" content=\"en_US\" \/>\n<meta property=\"og:type\" content=\"article\" \/>\n<meta property=\"og:title\" content=\"COTTON ORGANIC COVERS INSERTS | Mommy Mouse - Pieluszki Wielorazowe\" \/>\n<meta property=\"og:description\" content=\"The COVERS COTTON ORGANIC inserts \u2013 very absorbent inserts that are made of 100% unbleached organic cotton. Perfect for children and parents who prefer mainly natural materials.  The COVERS COTTON ORGANIC inserts are made of unbleached cotton terry and 100% unbleached, soft organic cotton.\" \/>\n<meta property=\"og:url\" content=\"https:\/\/mommymouse.com.pl\/produkt\/wklad-covers-cotton-organic\/\" \/>\n<meta property=\"og:site_name\" content=\"Mommy Mouse - Pieluszki Wielorazowe\" \/>\n<meta property=\"article:publisher\" content=\"https:\/\/www.facebook.com\/pieluszki.mommymouse\/\" \/>\n<meta property=\"article:modified_time\" content=\"2022-10-28T11:37:23+00:00\" \/>\n<meta property=\"og:image\" content=\"https:\/\/mommymouse.com.pl\/wp-content\/uploads\/2019\/06\/MM8-4.jpg\" \/>\n\t<meta property=\"og:image:width\" content=\"3676\" \/>\n\t<meta property=\"og:image:height\" content=\"2451\" \/>\n\t<meta property=\"og:image:type\" content=\"image\/jpeg\" \/>\n<meta name=\"twitter:card\" content=\"summary_large_image\" \/>\n<meta name=\"twitter:site\" content=\"@mommymouse_pl\" \/>\n<meta name=\"twitter:label1\" content=\"Est. reading time\" \/>\n\t<meta name=\"twitter:data1\" content=\"2 minutes\" \/>\n<script type=\"application\/ld+json\" class=\"yoast-schema-graph\">{\"@context\":\"https:\\\/\\\/schema.org\",\"@graph\":[{\"@type\":\"WebPage\",\"@id\":\"https:\\\/\\\/mommymouse.com.pl\\\/produkt\\\/wklad-covers-cotton-organic\\\/\",\"url\":\"https:\\\/\\\/mommymouse.com.pl\\\/produkt\\\/wklad-covers-cotton-organic\\\/\",\"name\":\"COTTON ORGANIC COVERS INSERTS | Mommy Mouse - Pieluszki Wielorazowe\",\"isPartOf\":{\"@id\":\"https:\\\/\\\/mommymouse.com.pl\\\/#website\"},\"primaryImageOfPage\":{\"@id\":\"https:\\\/\\\/mommymouse.com.pl\\\/produkt\\\/wklad-covers-cotton-organic\\\/#primaryimage\"},\"image\":{\"@id\":\"https:\\\/\\\/mommymouse.com.pl\\\/produkt\\\/wklad-covers-cotton-organic\\\/#primaryimage\"},\"thumbnailUrl\":\"https:\\\/\\\/mommymouse.com.pl\\\/wp-content\\\/uploads\\\/2019\\\/06\\\/MM8-4.jpg\",\"datePublished\":\"2019-06-10T10:47:38+00:00\",\"dateModified\":\"2022-10-28T11:37:23+00:00\",\"description\":\"The COVERS COTTON ORGANIC inserts \u2013 very absorbent inserts that are made of 100% unbleached organic cotton. Perfect for children and parents who prefer mainly natural materials. The COVERS COTTON ORGANIC inserts are made of unbleached cotton terry and 100% unbleached, soft organic cotton.\",\"breadcrumb\":{\"@id\":\"https:\\\/\\\/mommymouse.com.pl\\\/produkt\\\/wklad-covers-cotton-organic\\\/#breadcrumb\"},\"inLanguage\":\"en-US\",\"potentialAction\":[{\"@type\":\"ReadAction\",\"target\":[\"https:\\\/\\\/mommymouse.com.pl\\\/produkt\\\/wklad-covers-cotton-organic\\\/\"]}]},{\"@type\":\"ImageObject\",\"inLanguage\":\"en-US\",\"@id\":\"https:\\\/\\\/mommymouse.com.pl\\\/produkt\\\/wklad-covers-cotton-organic\\\/#primaryimage\",\"url\":\"https:\\\/\\\/mommymouse.com.pl\\\/wp-content\\\/uploads\\\/2019\\\/06\\\/MM8-4.jpg\",\"contentUrl\":\"https:\\\/\\\/mommymouse.com.pl\\\/wp-content\\\/uploads\\\/2019\\\/06\\\/MM8-4.jpg\",\"width\":2000,\"height\":1334,\"caption\":\"COTTON ORGANIC INSERTS\"},{\"@type\":\"BreadcrumbList\",\"@id\":\"https:\\\/\\\/mommymouse.com.pl\\\/produkt\\\/wklad-covers-cotton-organic\\\/#breadcrumb\",\"itemListElement\":[{\"@type\":\"ListItem\",\"position\":1,\"name\":\"Strona g\u0142\u00f3wna\",\"item\":\"https:\\\/\\\/mommymouse.com.pl\\\/en\\\/\"},{\"@type\":\"ListItem\",\"position\":2,\"name\":\"Shop\",\"item\":\"https:\\\/\\\/mommymouse.com.pl\\\/en\\\/shop\\\/\"},{\"@type\":\"ListItem\",\"position\":3,\"name\":\"COTTON ORGANIC COVERS INSERTS\"}]},{\"@type\":\"WebSite\",\"@id\":\"https:\\\/\\\/mommymouse.com.pl\\\/#website\",\"url\":\"https:\\\/\\\/mommymouse.com.pl\\\/\",\"name\":\"Mommy Mouse - Pieluszki Wielorazowe\",\"description\":\"Wielorazowe Pieluszki\",\"publisher\":{\"@id\":\"https:\\\/\\\/mommymouse.com.pl\\\/#organization\"},\"potentialAction\":[{\"@type\":\"SearchAction\",\"target\":{\"@type\":\"EntryPoint\",\"urlTemplate\":\"https:\\\/\\\/mommymouse.com.pl\\\/?s={search_term_string}\"},\"query-input\":{\"@type\":\"PropertyValueSpecification\",\"valueRequired\":true,\"valueName\":\"search_term_string\"}}],\"inLanguage\":\"en-US\"},{\"@type\":\"Organization\",\"@id\":\"https:\\\/\\\/mommymouse.com.pl\\\/#organization\",\"name\":\"Mommy Mouse - Pieluszki Wielorazowe\",\"url\":\"https:\\\/\\\/mommymouse.com.pl\\\/\",\"logo\":{\"@type\":\"ImageObject\",\"inLanguage\":\"en-US\",\"@id\":\"https:\\\/\\\/mommymouse.com.pl\\\/#\\\/schema\\\/logo\\\/image\\\/\",\"url\":\"https:\\\/\\\/mommymouse.com.pl\\\/wp-content\\\/uploads\\\/2018\\\/04\\\/logo-mommy-mouse.png\",\"contentUrl\":\"https:\\\/\\\/mommymouse.com.pl\\\/wp-content\\\/uploads\\\/2018\\\/04\\\/logo-mommy-mouse.png\",\"width\":118,\"height\":90,\"caption\":\"Mommy Mouse - Pieluszki Wielorazowe\"},\"image\":{\"@id\":\"https:\\\/\\\/mommymouse.com.pl\\\/#\\\/schema\\\/logo\\\/image\\\/\"},\"sameAs\":[\"https:\\\/\\\/www.facebook.com\\\/pieluszki.mommymouse\\\/\",\"https:\\\/\\\/x.com\\\/mommymouse_pl\"]}]}<\/script>\n<!-- \/ Yoast SEO plugin. -->","yoast_head_json":{"title":"COTTON ORGANIC COVERS INSERTS | Mommy Mouse - Pieluszki Wielorazowe","description":"The COVERS COTTON ORGANIC inserts \u2013 very absorbent inserts that are made of 100% unbleached organic cotton. Perfect for children and parents who prefer mainly natural materials.  The COVERS COTTON ORGANIC inserts are made of unbleached cotton terry and 100% unbleached, soft organic cotton.","robots":{"index":"index","follow":"follow","max-snippet":"max-snippet:-1","max-image-preview":"max-image-preview:large","max-video-preview":"max-video-preview:-1"},"canonical":"https:\/\/mommymouse.com.pl\/produkt\/wklad-covers-cotton-organic\/","og_locale":"en_US","og_type":"article","og_title":"COTTON ORGANIC COVERS INSERTS | Mommy Mouse - Pieluszki Wielorazowe","og_description":"The COVERS COTTON ORGANIC inserts \u2013 very absorbent inserts that are made of 100% unbleached organic cotton. Perfect for children and parents who prefer mainly natural materials.  The COVERS COTTON ORGANIC inserts are made of unbleached cotton terry and 100% unbleached, soft organic cotton.","og_url":"https:\/\/mommymouse.com.pl\/produkt\/wklad-covers-cotton-organic\/","og_site_name":"Mommy Mouse - Pieluszki Wielorazowe","article_publisher":"https:\/\/www.facebook.com\/pieluszki.mommymouse\/","article_modified_time":"2022-10-28T11:37:23+00:00","og_image":[{"width":3676,"height":2451,"url":"https:\/\/mommymouse.com.pl\/wp-content\/uploads\/2019\/06\/MM8-4.jpg","type":"image\/jpeg"}],"twitter_card":"summary_large_image","twitter_site":"@mommymouse_pl","twitter_misc":{"Est. reading time":"2 minutes"},"schema":{"@context":"https:\/\/schema.org","@graph":[{"@type":"WebPage","@id":"https:\/\/mommymouse.com.pl\/produkt\/wklad-covers-cotton-organic\/","url":"https:\/\/mommymouse.com.pl\/produkt\/wklad-covers-cotton-organic\/","name":"COTTON ORGANIC COVERS INSERTS | Mommy Mouse - Pieluszki Wielorazowe","isPartOf":{"@id":"https:\/\/mommymouse.com.pl\/#website"},"primaryImageOfPage":{"@id":"https:\/\/mommymouse.com.pl\/produkt\/wklad-covers-cotton-organic\/#primaryimage"},"image":{"@id":"https:\/\/mommymouse.com.pl\/produkt\/wklad-covers-cotton-organic\/#primaryimage"},"thumbnailUrl":"https:\/\/mommymouse.com.pl\/wp-content\/uploads\/2019\/06\/MM8-4.jpg","datePublished":"2019-06-10T10:47:38+00:00","dateModified":"2022-10-28T11:37:23+00:00","description":"The COVERS COTTON ORGANIC inserts \u2013 very absorbent inserts that are made of 100% unbleached organic cotton. Perfect for children and parents who prefer mainly natural materials. The COVERS COTTON ORGANIC inserts are made of unbleached cotton terry and 100% unbleached, soft organic cotton.","breadcrumb":{"@id":"https:\/\/mommymouse.com.pl\/produkt\/wklad-covers-cotton-organic\/#breadcrumb"},"inLanguage":"en-US","potentialAction":[{"@type":"ReadAction","target":["https:\/\/mommymouse.com.pl\/produkt\/wklad-covers-cotton-organic\/"]}]},{"@type":"ImageObject","inLanguage":"en-US","@id":"https:\/\/mommymouse.com.pl\/produkt\/wklad-covers-cotton-organic\/#primaryimage","url":"https:\/\/mommymouse.com.pl\/wp-content\/uploads\/2019\/06\/MM8-4.jpg","contentUrl":"https:\/\/mommymouse.com.pl\/wp-content\/uploads\/2019\/06\/MM8-4.jpg","width":2000,"height":1334,"caption":"COTTON ORGANIC INSERTS"},{"@type":"BreadcrumbList","@id":"https:\/\/mommymouse.com.pl\/produkt\/wklad-covers-cotton-organic\/#breadcrumb","itemListElement":[{"@type":"ListItem","position":1,"name":"Strona g\u0142\u00f3wna","item":"https:\/\/mommymouse.com.pl\/en\/"},{"@type":"ListItem","position":2,"name":"Shop","item":"https:\/\/mommymouse.com.pl\/en\/shop\/"},{"@type":"ListItem","position":3,"name":"COTTON ORGANIC COVERS INSERTS"}]},{"@type":"WebSite","@id":"https:\/\/mommymouse.com.pl\/#website","url":"https:\/\/mommymouse.com.pl\/","name":"Mommy Mouse - Pieluszki Wielorazowe","description":"Wielorazowe Pieluszki","publisher":{"@id":"https:\/\/mommymouse.com.pl\/#organization"},"potentialAction":[{"@type":"SearchAction","target":{"@type":"EntryPoint","urlTemplate":"https:\/\/mommymouse.com.pl\/?s={search_term_string}"},"query-input":{"@type":"PropertyValueSpecification","valueRequired":true,"valueName":"search_term_string"}}],"inLanguage":"en-US"},{"@type":"Organization","@id":"https:\/\/mommymouse.com.pl\/#organization","name":"Mommy Mouse - Pieluszki Wielorazowe","url":"https:\/\/mommymouse.com.pl\/","logo":{"@type":"ImageObject","inLanguage":"en-US","@id":"https:\/\/mommymouse.com.pl\/#\/schema\/logo\/image\/","url":"https:\/\/mommymouse.com.pl\/wp-content\/uploads\/2018\/04\/logo-mommy-mouse.png","contentUrl":"https:\/\/mommymouse.com.pl\/wp-content\/uploads\/2018\/04\/logo-mommy-mouse.png","width":118,"height":90,"caption":"Mommy Mouse - Pieluszki Wielorazowe"},"image":{"@id":"https:\/\/mommymouse.com.pl\/#\/schema\/logo\/image\/"},"sameAs":["https:\/\/www.facebook.com\/pieluszki.mommymouse\/","https:\/\/x.com\/mommymouse_pl"]}]}},"_links":{"self":[{"href":"https:\/\/mommymouse.com.pl\/en\/wp-json\/wp\/v2\/product\/15463","targetHints":{"allow":["GET"]}}],"collection":[{"href":"https:\/\/mommymouse.com.pl\/en\/wp-json\/wp\/v2\/product"}],"about":[{"href":"https:\/\/mommymouse.com.pl\/en\/wp-json\/wp\/v2\/types\/product"}],"replies":[{"embeddable":true,"href":"https:\/\/mommymouse.com.pl\/en\/wp-json\/wp\/v2\/comments?post=15463"}],"wp:featuredmedia":[{"embeddable":true,"href":"https:\/\/mommymouse.com.pl\/en\/wp-json\/wp\/v2\/media\/15400"}],"wp:attachment":[{"href":"https:\/\/mommymouse.com.pl\/en\/wp-json\/wp\/v2\/media?parent=15463"}],"wp:term":[{"taxonomy":"product_brand","embeddable":true,"href":"https:\/\/mommymouse.com.pl\/en\/wp-json\/wp\/v2\/product_brand?post=15463"},{"taxonomy":"product_cat","embeddable":true,"href":"https:\/\/mommymouse.com.pl\/en\/wp-json\/wp\/v2\/product_cat?post=15463"},{"taxonomy":"product_tag","embeddable":true,"href":"https:\/\/mommymouse.com.pl\/en\/wp-json\/wp\/v2\/product_tag?post=15463"}],"curies":[{"name":"wp","href":"https:\/\/api.w.org\/{rel}","templated":true}]}}