{"id":31561,"date":"2022-11-18T22:01:41","date_gmt":"2022-11-18T21:01:41","guid":{"rendered":"https:\/\/mommymouse.com.pl\/produkt\/christmas-package\/"},"modified":"2022-12-12T00:00:01","modified_gmt":"2022-12-11T23:00:01","slug":"christmas-package","status":"publish","type":"product","link":"https:\/\/mommymouse.com.pl\/en\/produkt\/christmas-package\/","title":{"rendered":"Christmas package"},"content":{"rendered":"<p>A perfect choice for those who value the originality and are looking for an unique gift.\u00a0 The design includes cheerful, colorful diapers perfect for a fashionable baby, <strong>Gray, Green, Blue Christmas<\/strong> will perfectly complement a diaper wardrobe during the Christmas time.<\/p>\n<p><strong>The Christmas-winter design includes:<\/strong><\/p>\n<ul>\n<li><a href=\"https:\/\/mommymouse.com.pl\/en\/product-category\/shells\/\"><strong>THE SHELL<\/strong><\/a> and <strong>THE SIO\/SYSTEM SHELL<\/strong> in sizes: <a href=\"https:\/\/mommymouse.com.pl\/en\/product-category\/shells\/newborn-shell\/\">NEWBORN<\/a>, <a href=\"https:\/\/mommymouse.com.pl\/en\/product-category\/shells\/os-one-size\/\">ONE SIZE<\/a>, <a href=\"https:\/\/mommymouse.com.pl\/en\/product-category\/shells\/xl\/\">JUNIOR<\/a> in a standard version as well as in<b><a href=\"https:\/\/mommymouse.com.pl\/en\/product-category\/other\/pressure-free-diapers\/\"> no-crush system version,<\/a><\/b><\/li>\n<li><strong><a href=\"https:\/\/mommymouse.com.pl\/en\/product-category\/pocket-diaper\/\">THE POCKET DIAPER<\/a> \u2013<\/strong> cotton, Thermo fabric, fleece &#8211; ONE SIZE,<\/li>\n<li><a href=\"https:\/\/mommymouse.com.pl\/en\/product-category\/aio-all-in-one-diapers\/\"><strong>AIO <\/strong><\/a>in sizes: <a href=\"https:\/\/mommymouse.com.pl\/en\/product-category\/aio-all-in-one-diapers\/newborn-en\/\">NEWBORN<\/a> and <a href=\"https:\/\/mommymouse.com.pl\/en\/product-category\/aio-all-in-one-diapers\/os-one-size-aio-all-in-one-diapers\/\">ONE SIZE.<\/a><\/li>\n<\/ul>\n<p><strong>The Christmas-winter design: Gray, Green, Blue Christmas\u00a0<\/strong>&#8211; these patterns will be a perfect addition to your child&#8217;s wardrobe or may as well serve as a gift designed in a modern and eco style.<\/p>\n","protected":false},"excerpt":{"rendered":"<blockquote><p>A perfect choice for those who value the originality and are looking for an unique gift.\u00a0 The design includes cheerful, colorful diapers perfect for a fashionable baby, <strong>Gray, Green, Blue Christmas<\/strong> will perfectly complement a diaper wardrobe during the Christmas time.<\/p><\/blockquote>\n","protected":false},"featured_media":31496,"comment_status":"open","ping_status":"closed","template":"","meta":[],"product_brand":[],"product_cat":[708,724,709,1142,703,696,710],"product_tag":[],"class_list":{"0":"post-31561","1":"product","2":"type-product","3":"status-publish","4":"has-post-thumbnail","6":"product_cat-newborn-shell","7":"product_cat-newborn-en","8":"product_cat-os-one-size","9":"product_cat-os-one-size-aio-all-in-one-diapers","10":"product_cat-pocket-diaper","11":"product_cat-system-diapers-snap-in-one","12":"product_cat-xl","13":"pa_rozmiar-newborn-nb","14":"pa_rozmiar-one-size-os","15":"pa_rozmiar-xl","16":"pa_serie-blue-christmas-en","17":"pa_serie-green-christmas-en","18":"pa_serie-grey-christmas-en","20":"first","21":"instock","22":"taxable","23":"shipping-taxable","24":"purchasable","25":"product-type-variable"},"yoast_head":"<!-- This site is optimized with the Yoast SEO plugin v27.3 - https:\/\/yoast.com\/product\/yoast-seo-wordpress\/ -->\n<title>Christmas package | Mommy Mouse - Pieluszki Wielorazowe % %<\/title>\n<meta name=\"description\" content=\"A perfect choice for those who value the originality and are looking for an unique gift.\u00a0 The design includes cheerful, colorful diapers perfect for a fashionable baby, Gray, Green, Blue Christmas will perfectly complement a diaper wardrobe during the Christmas time. Propozycja dla ceni\u0105cych oryginalno\u015b\u0107 i pomys\u0142 oraz szukaj\u0105cych pomys\u0142u na prezent, pieluszki wielokrotnego u\u017cytku w zimowo-\u015bwi\u0105tecznych wzorach. Weso\u0142e, kolorowe pieluszki w sam raz dla modnego maluszka-Gray, Green , Blue Christmas doskonale uzupe\u0142ni\u0105 pieluchow\u0105 garderob\u0119 w okresie zimowo-\u015bwi\u0105tecznym wpisuj\u0105c si\u0119 w rodzinny klimat.\" \/>\n<meta name=\"robots\" content=\"index, follow, max-snippet:-1, max-image-preview:large, max-video-preview:-1\" \/>\n<link rel=\"canonical\" href=\"https:\/\/mommymouse.com.pl\/en\/produkt\/christmas-package\/\" \/>\n<meta property=\"og:locale\" content=\"en_US\" \/>\n<meta property=\"og:type\" content=\"article\" \/>\n<meta property=\"og:title\" content=\"Christmas package | Mommy Mouse - Pieluszki Wielorazowe % %\" \/>\n<meta property=\"og:description\" content=\"A perfect choice for those who value the originality and are looking for an unique gift.\u00a0 The design includes cheerful, colorful diapers perfect for a fashionable baby, Gray, Green, Blue Christmas will perfectly complement a diaper wardrobe during the Christmas time. Propozycja dla ceni\u0105cych oryginalno\u015b\u0107 i pomys\u0142 oraz szukaj\u0105cych pomys\u0142u na prezent, pieluszki wielokrotnego u\u017cytku w zimowo-\u015bwi\u0105tecznych wzorach. Weso\u0142e, kolorowe pieluszki w sam raz dla modnego maluszka-Gray, Green , Blue Christmas doskonale uzupe\u0142ni\u0105 pieluchow\u0105 garderob\u0119 w okresie zimowo-\u015bwi\u0105tecznym wpisuj\u0105c si\u0119 w rodzinny klimat.\" \/>\n<meta property=\"og:url\" content=\"https:\/\/mommymouse.com.pl\/en\/produkt\/christmas-package\/\" \/>\n<meta property=\"og:site_name\" content=\"Mommy Mouse - Pieluszki Wielorazowe\" \/>\n<meta property=\"article:publisher\" content=\"https:\/\/www.facebook.com\/pieluszki.mommymouse\/\" \/>\n<meta property=\"article:modified_time\" content=\"2022-12-11T23:00:01+00:00\" \/>\n<meta property=\"og:image\" content=\"https:\/\/mommymouse.com.pl\/wp-content\/uploads\/2022\/11\/Swiateczna-paczka-popup-1.png\" \/>\n\t<meta property=\"og:image:width\" content=\"680\" \/>\n\t<meta property=\"og:image:height\" content=\"455\" \/>\n\t<meta property=\"og:image:type\" content=\"image\/png\" \/>\n<meta name=\"twitter:card\" content=\"summary_large_image\" \/>\n<meta name=\"twitter:site\" content=\"@mommymouse_pl\" \/>\n<meta name=\"twitter:label1\" content=\"Est. reading time\" \/>\n\t<meta name=\"twitter:data1\" content=\"1 minute\" \/>\n<script type=\"application\/ld+json\" class=\"yoast-schema-graph\">{\"@context\":\"https:\\\/\\\/schema.org\",\"@graph\":[{\"@type\":\"WebPage\",\"@id\":\"https:\\\/\\\/mommymouse.com.pl\\\/en\\\/produkt\\\/christmas-package\\\/\",\"url\":\"https:\\\/\\\/mommymouse.com.pl\\\/en\\\/produkt\\\/christmas-package\\\/\",\"name\":\"Christmas package | Mommy Mouse - Pieluszki Wielorazowe % %\",\"isPartOf\":{\"@id\":\"https:\\\/\\\/mommymouse.com.pl\\\/#website\"},\"primaryImageOfPage\":{\"@id\":\"https:\\\/\\\/mommymouse.com.pl\\\/en\\\/produkt\\\/christmas-package\\\/#primaryimage\"},\"image\":{\"@id\":\"https:\\\/\\\/mommymouse.com.pl\\\/en\\\/produkt\\\/christmas-package\\\/#primaryimage\"},\"thumbnailUrl\":\"https:\\\/\\\/mommymouse.com.pl\\\/wp-content\\\/uploads\\\/2022\\\/11\\\/Swiateczna-paczka-popup-1.png\",\"datePublished\":\"2022-11-18T21:01:41+00:00\",\"dateModified\":\"2022-12-11T23:00:01+00:00\",\"description\":\"A perfect choice for those who value the originality and are looking for an unique gift.\u00a0 The design includes cheerful, colorful diapers perfect for a fashionable baby, Gray, Green, Blue Christmas will perfectly complement a diaper wardrobe during the Christmas time. Propozycja dla ceni\u0105cych oryginalno\u015b\u0107 i pomys\u0142 oraz szukaj\u0105cych pomys\u0142u na prezent, pieluszki wielokrotnego u\u017cytku w zimowo-\u015bwi\u0105tecznych wzorach. Weso\u0142e, kolorowe pieluszki w sam raz dla modnego maluszka-Gray, Green , Blue Christmas doskonale uzupe\u0142ni\u0105 pieluchow\u0105 garderob\u0119 w okresie zimowo-\u015bwi\u0105tecznym wpisuj\u0105c si\u0119 w rodzinny klimat.\",\"breadcrumb\":{\"@id\":\"https:\\\/\\\/mommymouse.com.pl\\\/en\\\/produkt\\\/christmas-package\\\/#breadcrumb\"},\"inLanguage\":\"en-US\",\"potentialAction\":[{\"@type\":\"ReadAction\",\"target\":[\"https:\\\/\\\/mommymouse.com.pl\\\/en\\\/produkt\\\/christmas-package\\\/\"]}]},{\"@type\":\"ImageObject\",\"inLanguage\":\"en-US\",\"@id\":\"https:\\\/\\\/mommymouse.com.pl\\\/en\\\/produkt\\\/christmas-package\\\/#primaryimage\",\"url\":\"https:\\\/\\\/mommymouse.com.pl\\\/wp-content\\\/uploads\\\/2022\\\/11\\\/Swiateczna-paczka-popup-1.png\",\"contentUrl\":\"https:\\\/\\\/mommymouse.com.pl\\\/wp-content\\\/uploads\\\/2022\\\/11\\\/Swiateczna-paczka-popup-1.png\",\"width\":680,\"height\":455},{\"@type\":\"BreadcrumbList\",\"@id\":\"https:\\\/\\\/mommymouse.com.pl\\\/en\\\/produkt\\\/christmas-package\\\/#breadcrumb\",\"itemListElement\":[{\"@type\":\"ListItem\",\"position\":1,\"name\":\"Strona g\u0142\u00f3wna\",\"item\":\"https:\\\/\\\/mommymouse.com.pl\\\/en\\\/\"},{\"@type\":\"ListItem\",\"position\":2,\"name\":\"Shop\",\"item\":\"https:\\\/\\\/mommymouse.com.pl\\\/en\\\/shop\\\/\"},{\"@type\":\"ListItem\",\"position\":3,\"name\":\"Christmas package\"}]},{\"@type\":\"WebSite\",\"@id\":\"https:\\\/\\\/mommymouse.com.pl\\\/#website\",\"url\":\"https:\\\/\\\/mommymouse.com.pl\\\/\",\"name\":\"Mommy Mouse - Pieluszki Wielorazowe\",\"description\":\"Wielorazowe Pieluszki\",\"publisher\":{\"@id\":\"https:\\\/\\\/mommymouse.com.pl\\\/#organization\"},\"potentialAction\":[{\"@type\":\"SearchAction\",\"target\":{\"@type\":\"EntryPoint\",\"urlTemplate\":\"https:\\\/\\\/mommymouse.com.pl\\\/?s={search_term_string}\"},\"query-input\":{\"@type\":\"PropertyValueSpecification\",\"valueRequired\":true,\"valueName\":\"search_term_string\"}}],\"inLanguage\":\"en-US\"},{\"@type\":\"Organization\",\"@id\":\"https:\\\/\\\/mommymouse.com.pl\\\/#organization\",\"name\":\"Mommy Mouse - Pieluszki Wielorazowe\",\"url\":\"https:\\\/\\\/mommymouse.com.pl\\\/\",\"logo\":{\"@type\":\"ImageObject\",\"inLanguage\":\"en-US\",\"@id\":\"https:\\\/\\\/mommymouse.com.pl\\\/#\\\/schema\\\/logo\\\/image\\\/\",\"url\":\"https:\\\/\\\/mommymouse.com.pl\\\/wp-content\\\/uploads\\\/2018\\\/04\\\/logo-mommy-mouse.png\",\"contentUrl\":\"https:\\\/\\\/mommymouse.com.pl\\\/wp-content\\\/uploads\\\/2018\\\/04\\\/logo-mommy-mouse.png\",\"width\":118,\"height\":90,\"caption\":\"Mommy Mouse - Pieluszki Wielorazowe\"},\"image\":{\"@id\":\"https:\\\/\\\/mommymouse.com.pl\\\/#\\\/schema\\\/logo\\\/image\\\/\"},\"sameAs\":[\"https:\\\/\\\/www.facebook.com\\\/pieluszki.mommymouse\\\/\",\"https:\\\/\\\/x.com\\\/mommymouse_pl\"]}]}<\/script>\n<!-- \/ Yoast SEO plugin. -->","yoast_head_json":{"title":"Christmas package | Mommy Mouse - Pieluszki Wielorazowe % %","description":"A perfect choice for those who value the originality and are looking for an unique gift.\u00a0 The design includes cheerful, colorful diapers perfect for a fashionable baby, Gray, Green, Blue Christmas will perfectly complement a diaper wardrobe during the Christmas time. Propozycja dla ceni\u0105cych oryginalno\u015b\u0107 i pomys\u0142 oraz szukaj\u0105cych pomys\u0142u na prezent, pieluszki wielokrotnego u\u017cytku w zimowo-\u015bwi\u0105tecznych wzorach. Weso\u0142e, kolorowe pieluszki w sam raz dla modnego maluszka-Gray, Green , Blue Christmas doskonale uzupe\u0142ni\u0105 pieluchow\u0105 garderob\u0119 w okresie zimowo-\u015bwi\u0105tecznym wpisuj\u0105c si\u0119 w rodzinny klimat.","robots":{"index":"index","follow":"follow","max-snippet":"max-snippet:-1","max-image-preview":"max-image-preview:large","max-video-preview":"max-video-preview:-1"},"canonical":"https:\/\/mommymouse.com.pl\/en\/produkt\/christmas-package\/","og_locale":"en_US","og_type":"article","og_title":"Christmas package | Mommy Mouse - Pieluszki Wielorazowe % %","og_description":"A perfect choice for those who value the originality and are looking for an unique gift.\u00a0 The design includes cheerful, colorful diapers perfect for a fashionable baby, Gray, Green, Blue Christmas will perfectly complement a diaper wardrobe during the Christmas time. Propozycja dla ceni\u0105cych oryginalno\u015b\u0107 i pomys\u0142 oraz szukaj\u0105cych pomys\u0142u na prezent, pieluszki wielokrotnego u\u017cytku w zimowo-\u015bwi\u0105tecznych wzorach. Weso\u0142e, kolorowe pieluszki w sam raz dla modnego maluszka-Gray, Green , Blue Christmas doskonale uzupe\u0142ni\u0105 pieluchow\u0105 garderob\u0119 w okresie zimowo-\u015bwi\u0105tecznym wpisuj\u0105c si\u0119 w rodzinny klimat.","og_url":"https:\/\/mommymouse.com.pl\/en\/produkt\/christmas-package\/","og_site_name":"Mommy Mouse - Pieluszki Wielorazowe","article_publisher":"https:\/\/www.facebook.com\/pieluszki.mommymouse\/","article_modified_time":"2022-12-11T23:00:01+00:00","og_image":[{"width":680,"height":455,"url":"https:\/\/mommymouse.com.pl\/wp-content\/uploads\/2022\/11\/Swiateczna-paczka-popup-1.png","type":"image\/png"}],"twitter_card":"summary_large_image","twitter_site":"@mommymouse_pl","twitter_misc":{"Est. reading time":"1 minute"},"schema":{"@context":"https:\/\/schema.org","@graph":[{"@type":"WebPage","@id":"https:\/\/mommymouse.com.pl\/en\/produkt\/christmas-package\/","url":"https:\/\/mommymouse.com.pl\/en\/produkt\/christmas-package\/","name":"Christmas package | Mommy Mouse - Pieluszki Wielorazowe % %","isPartOf":{"@id":"https:\/\/mommymouse.com.pl\/#website"},"primaryImageOfPage":{"@id":"https:\/\/mommymouse.com.pl\/en\/produkt\/christmas-package\/#primaryimage"},"image":{"@id":"https:\/\/mommymouse.com.pl\/en\/produkt\/christmas-package\/#primaryimage"},"thumbnailUrl":"https:\/\/mommymouse.com.pl\/wp-content\/uploads\/2022\/11\/Swiateczna-paczka-popup-1.png","datePublished":"2022-11-18T21:01:41+00:00","dateModified":"2022-12-11T23:00:01+00:00","description":"A perfect choice for those who value the originality and are looking for an unique gift.\u00a0 The design includes cheerful, colorful diapers perfect for a fashionable baby, Gray, Green, Blue Christmas will perfectly complement a diaper wardrobe during the Christmas time. Propozycja dla ceni\u0105cych oryginalno\u015b\u0107 i pomys\u0142 oraz szukaj\u0105cych pomys\u0142u na prezent, pieluszki wielokrotnego u\u017cytku w zimowo-\u015bwi\u0105tecznych wzorach. Weso\u0142e, kolorowe pieluszki w sam raz dla modnego maluszka-Gray, Green , Blue Christmas doskonale uzupe\u0142ni\u0105 pieluchow\u0105 garderob\u0119 w okresie zimowo-\u015bwi\u0105tecznym wpisuj\u0105c si\u0119 w rodzinny klimat.","breadcrumb":{"@id":"https:\/\/mommymouse.com.pl\/en\/produkt\/christmas-package\/#breadcrumb"},"inLanguage":"en-US","potentialAction":[{"@type":"ReadAction","target":["https:\/\/mommymouse.com.pl\/en\/produkt\/christmas-package\/"]}]},{"@type":"ImageObject","inLanguage":"en-US","@id":"https:\/\/mommymouse.com.pl\/en\/produkt\/christmas-package\/#primaryimage","url":"https:\/\/mommymouse.com.pl\/wp-content\/uploads\/2022\/11\/Swiateczna-paczka-popup-1.png","contentUrl":"https:\/\/mommymouse.com.pl\/wp-content\/uploads\/2022\/11\/Swiateczna-paczka-popup-1.png","width":680,"height":455},{"@type":"BreadcrumbList","@id":"https:\/\/mommymouse.com.pl\/en\/produkt\/christmas-package\/#breadcrumb","itemListElement":[{"@type":"ListItem","position":1,"name":"Strona g\u0142\u00f3wna","item":"https:\/\/mommymouse.com.pl\/en\/"},{"@type":"ListItem","position":2,"name":"Shop","item":"https:\/\/mommymouse.com.pl\/en\/shop\/"},{"@type":"ListItem","position":3,"name":"Christmas package"}]},{"@type":"WebSite","@id":"https:\/\/mommymouse.com.pl\/#website","url":"https:\/\/mommymouse.com.pl\/","name":"Mommy Mouse - Pieluszki Wielorazowe","description":"Wielorazowe Pieluszki","publisher":{"@id":"https:\/\/mommymouse.com.pl\/#organization"},"potentialAction":[{"@type":"SearchAction","target":{"@type":"EntryPoint","urlTemplate":"https:\/\/mommymouse.com.pl\/?s={search_term_string}"},"query-input":{"@type":"PropertyValueSpecification","valueRequired":true,"valueName":"search_term_string"}}],"inLanguage":"en-US"},{"@type":"Organization","@id":"https:\/\/mommymouse.com.pl\/#organization","name":"Mommy Mouse - Pieluszki Wielorazowe","url":"https:\/\/mommymouse.com.pl\/","logo":{"@type":"ImageObject","inLanguage":"en-US","@id":"https:\/\/mommymouse.com.pl\/#\/schema\/logo\/image\/","url":"https:\/\/mommymouse.com.pl\/wp-content\/uploads\/2018\/04\/logo-mommy-mouse.png","contentUrl":"https:\/\/mommymouse.com.pl\/wp-content\/uploads\/2018\/04\/logo-mommy-mouse.png","width":118,"height":90,"caption":"Mommy Mouse - Pieluszki Wielorazowe"},"image":{"@id":"https:\/\/mommymouse.com.pl\/#\/schema\/logo\/image\/"},"sameAs":["https:\/\/www.facebook.com\/pieluszki.mommymouse\/","https:\/\/x.com\/mommymouse_pl"]}]}},"_links":{"self":[{"href":"https:\/\/mommymouse.com.pl\/en\/wp-json\/wp\/v2\/product\/31561","targetHints":{"allow":["GET"]}}],"collection":[{"href":"https:\/\/mommymouse.com.pl\/en\/wp-json\/wp\/v2\/product"}],"about":[{"href":"https:\/\/mommymouse.com.pl\/en\/wp-json\/wp\/v2\/types\/product"}],"replies":[{"embeddable":true,"href":"https:\/\/mommymouse.com.pl\/en\/wp-json\/wp\/v2\/comments?post=31561"}],"wp:featuredmedia":[{"embeddable":true,"href":"https:\/\/mommymouse.com.pl\/en\/wp-json\/wp\/v2\/media\/31496"}],"wp:attachment":[{"href":"https:\/\/mommymouse.com.pl\/en\/wp-json\/wp\/v2\/media?parent=31561"}],"wp:term":[{"taxonomy":"product_brand","embeddable":true,"href":"https:\/\/mommymouse.com.pl\/en\/wp-json\/wp\/v2\/product_brand?post=31561"},{"taxonomy":"product_cat","embeddable":true,"href":"https:\/\/mommymouse.com.pl\/en\/wp-json\/wp\/v2\/product_cat?post=31561"},{"taxonomy":"product_tag","embeddable":true,"href":"https:\/\/mommymouse.com.pl\/en\/wp-json\/wp\/v2\/product_tag?post=31561"}],"curies":[{"name":"wp","href":"https:\/\/api.w.org\/{rel}","templated":true}]}}