{"id":31571,"date":"2022-11-24T18:05:24","date_gmt":"2022-11-24T17:05:24","guid":{"rendered":"https:\/\/mommymouse.com.pl\/produkt\/christmas-surprise\/"},"modified":"2022-12-05T19:41:54","modified_gmt":"2022-12-05T18:41:54","slug":"christmas-surprise","status":"publish","type":"product","link":"https:\/\/mommymouse.com.pl\/en\/produkt\/christmas-surprise\/","title":{"rendered":"Christmas surprise"},"content":{"rendered":"<p>A perfect choice for those who value the originality and are looking for an unique gift.\u00a0 The design includes cheerful, colorful diapers perfect for a fashionable baby, <strong>Gray, Green, Blue Christmas<\/strong> will perfectly complement a diaper wardrobe during the Christmas time.<\/p>\n<p><strong>THE POCKET DIAPERS KIT IS A READY SUGGESTION FOR AN ORIGINAL GIFT FOR THE YOUNGEST.<br \/>\n<\/strong><\/p>\n<p><strong>THE CHRISTMAS SURPRISE<\/strong> includes 3 pocket diapers in three variants: polar, cotton and thermo with the One Size absorbent inserts.<\/p>\n<blockquote><p>The pocket diapers kit is packed in a colorful gift bag with colorful, &#8220;mouse&#8221; patterns.<\/p><\/blockquote>\n<p><strong>The Christmas pocket diaper kit: Gray, Green, Blue Christmas <\/strong>&#8211; these patterns will be a perfect addition to your child&#8217;s wardrobe or may as well serve as a gift designed in a modern and eco style.<\/p>\n","protected":false},"excerpt":{"rendered":"<p><strong>THE CHRISTMAS SURPRISE<\/strong> includes 3 pocket diapers in three variants: polar, cotton and thermo with the One Size absorbent inserts.<\/p>\n","protected":false},"featured_media":31485,"comment_status":"open","ping_status":"closed","template":"","meta":[],"product_brand":[],"product_cat":[708,724,709,1142,703,696,710],"product_tag":[],"class_list":{"0":"post-31571","1":"product","2":"type-product","3":"status-publish","4":"has-post-thumbnail","6":"product_cat-newborn-shell","7":"product_cat-newborn-en","8":"product_cat-os-one-size","9":"product_cat-os-one-size-aio-all-in-one-diapers","10":"product_cat-pocket-diaper","11":"product_cat-system-diapers-snap-in-one","12":"product_cat-xl","13":"pa_rozmiar-one-size-os","14":"pa_serie-blue-christmas-en","15":"pa_serie-green-christmas-en","16":"pa_serie-grey-christmas-en","18":"first","19":"instock","20":"taxable","21":"shipping-taxable","22":"purchasable","23":"product-type-variable"},"yoast_head":"<!-- This site is optimized with the Yoast SEO plugin v27.3 - https:\/\/yoast.com\/product\/yoast-seo-wordpress\/ -->\n<title>Christmas surprise | Mommy Mouse - Pieluszki Wielorazowe % %<\/title>\n<meta name=\"description\" content=\"THE CHRISTMAS SURPRISE includes 3 pocket diapers in three variants: polar, cotton and thermo with the One Size absorbent inserts. Propozycja dla ceni\u0105cych oryginalno\u015b\u0107 i pomys\u0142 oraz szukaj\u0105cych pomys\u0142u na prezent, pieluszki wielokrotnego u\u017cytku w zimowo-\u015bwi\u0105tecznych wzorach. Weso\u0142e, kolorowe pieluszki w sam raz dla modnego maluszka-Gray, Green , Blue Christmas doskonale uzupe\u0142ni\u0105 pieluchow\u0105 garderob\u0119 w okresie zimowo-\u015bwi\u0105tecznym wpisuj\u0105c si\u0119 w rodzinny klim\" \/>\n<meta name=\"robots\" content=\"index, follow, max-snippet:-1, max-image-preview:large, max-video-preview:-1\" \/>\n<link rel=\"canonical\" href=\"https:\/\/mommymouse.com.pl\/en\/produkt\/christmas-surprise\/\" \/>\n<meta property=\"og:locale\" content=\"en_US\" \/>\n<meta property=\"og:type\" content=\"article\" \/>\n<meta property=\"og:title\" content=\"Christmas surprise | Mommy Mouse - Pieluszki Wielorazowe % %\" \/>\n<meta property=\"og:description\" content=\"THE CHRISTMAS SURPRISE includes 3 pocket diapers in three variants: polar, cotton and thermo with the One Size absorbent inserts. Propozycja dla ceni\u0105cych oryginalno\u015b\u0107 i pomys\u0142 oraz szukaj\u0105cych pomys\u0142u na prezent, pieluszki wielokrotnego u\u017cytku w zimowo-\u015bwi\u0105tecznych wzorach. Weso\u0142e, kolorowe pieluszki w sam raz dla modnego maluszka-Gray, Green , Blue Christmas doskonale uzupe\u0142ni\u0105 pieluchow\u0105 garderob\u0119 w okresie zimowo-\u015bwi\u0105tecznym wpisuj\u0105c si\u0119 w rodzinny klim\" \/>\n<meta property=\"og:url\" content=\"https:\/\/mommymouse.com.pl\/en\/produkt\/christmas-surprise\/\" \/>\n<meta property=\"og:site_name\" content=\"Mommy Mouse - Pieluszki Wielorazowe\" \/>\n<meta property=\"article:publisher\" content=\"https:\/\/www.facebook.com\/pieluszki.mommymouse\/\" \/>\n<meta property=\"article:modified_time\" content=\"2022-12-05T18:41:54+00:00\" \/>\n<meta property=\"og:image\" content=\"https:\/\/mommymouse.com.pl\/wp-content\/uploads\/2022\/11\/Swiateczna-NIESPODZIANKA-3-szt.jpg\" \/>\n\t<meta property=\"og:image:width\" content=\"680\" \/>\n\t<meta property=\"og:image:height\" content=\"455\" \/>\n\t<meta property=\"og:image:type\" content=\"image\/jpeg\" \/>\n<meta name=\"twitter:card\" content=\"summary_large_image\" \/>\n<meta name=\"twitter:site\" content=\"@mommymouse_pl\" \/>\n<meta name=\"twitter:label1\" content=\"Est. reading time\" \/>\n\t<meta name=\"twitter:data1\" content=\"1 minute\" \/>\n<script type=\"application\/ld+json\" class=\"yoast-schema-graph\">{\"@context\":\"https:\\\/\\\/schema.org\",\"@graph\":[{\"@type\":\"WebPage\",\"@id\":\"https:\\\/\\\/mommymouse.com.pl\\\/en\\\/produkt\\\/christmas-surprise\\\/\",\"url\":\"https:\\\/\\\/mommymouse.com.pl\\\/en\\\/produkt\\\/christmas-surprise\\\/\",\"name\":\"Christmas surprise | Mommy Mouse - Pieluszki Wielorazowe % %\",\"isPartOf\":{\"@id\":\"https:\\\/\\\/mommymouse.com.pl\\\/#website\"},\"primaryImageOfPage\":{\"@id\":\"https:\\\/\\\/mommymouse.com.pl\\\/en\\\/produkt\\\/christmas-surprise\\\/#primaryimage\"},\"image\":{\"@id\":\"https:\\\/\\\/mommymouse.com.pl\\\/en\\\/produkt\\\/christmas-surprise\\\/#primaryimage\"},\"thumbnailUrl\":\"https:\\\/\\\/mommymouse.com.pl\\\/wp-content\\\/uploads\\\/2022\\\/11\\\/Swiateczna-NIESPODZIANKA-3-szt.jpg\",\"datePublished\":\"2022-11-24T17:05:24+00:00\",\"dateModified\":\"2022-12-05T18:41:54+00:00\",\"description\":\"THE CHRISTMAS SURPRISE includes 3 pocket diapers in three variants: polar, cotton and thermo with the One Size absorbent inserts. Propozycja dla ceni\u0105cych oryginalno\u015b\u0107 i pomys\u0142 oraz szukaj\u0105cych pomys\u0142u na prezent, pieluszki wielokrotnego u\u017cytku w zimowo-\u015bwi\u0105tecznych wzorach. Weso\u0142e, kolorowe pieluszki w sam raz dla modnego maluszka-Gray, Green , Blue Christmas doskonale uzupe\u0142ni\u0105 pieluchow\u0105 garderob\u0119 w okresie zimowo-\u015bwi\u0105tecznym wpisuj\u0105c si\u0119 w rodzinny klim\",\"breadcrumb\":{\"@id\":\"https:\\\/\\\/mommymouse.com.pl\\\/en\\\/produkt\\\/christmas-surprise\\\/#breadcrumb\"},\"inLanguage\":\"en-US\",\"potentialAction\":[{\"@type\":\"ReadAction\",\"target\":[\"https:\\\/\\\/mommymouse.com.pl\\\/en\\\/produkt\\\/christmas-surprise\\\/\"]}]},{\"@type\":\"ImageObject\",\"inLanguage\":\"en-US\",\"@id\":\"https:\\\/\\\/mommymouse.com.pl\\\/en\\\/produkt\\\/christmas-surprise\\\/#primaryimage\",\"url\":\"https:\\\/\\\/mommymouse.com.pl\\\/wp-content\\\/uploads\\\/2022\\\/11\\\/Swiateczna-NIESPODZIANKA-3-szt.jpg\",\"contentUrl\":\"https:\\\/\\\/mommymouse.com.pl\\\/wp-content\\\/uploads\\\/2022\\\/11\\\/Swiateczna-NIESPODZIANKA-3-szt.jpg\",\"width\":680,\"height\":455,\"caption\":\"\u015awi\u0105teczna NIESPODZIANKA 3 szt\"},{\"@type\":\"BreadcrumbList\",\"@id\":\"https:\\\/\\\/mommymouse.com.pl\\\/en\\\/produkt\\\/christmas-surprise\\\/#breadcrumb\",\"itemListElement\":[{\"@type\":\"ListItem\",\"position\":1,\"name\":\"Strona g\u0142\u00f3wna\",\"item\":\"https:\\\/\\\/mommymouse.com.pl\\\/en\\\/\"},{\"@type\":\"ListItem\",\"position\":2,\"name\":\"Shop\",\"item\":\"https:\\\/\\\/mommymouse.com.pl\\\/en\\\/shop\\\/\"},{\"@type\":\"ListItem\",\"position\":3,\"name\":\"Christmas surprise\"}]},{\"@type\":\"WebSite\",\"@id\":\"https:\\\/\\\/mommymouse.com.pl\\\/#website\",\"url\":\"https:\\\/\\\/mommymouse.com.pl\\\/\",\"name\":\"Mommy Mouse - Pieluszki Wielorazowe\",\"description\":\"Wielorazowe Pieluszki\",\"publisher\":{\"@id\":\"https:\\\/\\\/mommymouse.com.pl\\\/#organization\"},\"potentialAction\":[{\"@type\":\"SearchAction\",\"target\":{\"@type\":\"EntryPoint\",\"urlTemplate\":\"https:\\\/\\\/mommymouse.com.pl\\\/?s={search_term_string}\"},\"query-input\":{\"@type\":\"PropertyValueSpecification\",\"valueRequired\":true,\"valueName\":\"search_term_string\"}}],\"inLanguage\":\"en-US\"},{\"@type\":\"Organization\",\"@id\":\"https:\\\/\\\/mommymouse.com.pl\\\/#organization\",\"name\":\"Mommy Mouse - Pieluszki Wielorazowe\",\"url\":\"https:\\\/\\\/mommymouse.com.pl\\\/\",\"logo\":{\"@type\":\"ImageObject\",\"inLanguage\":\"en-US\",\"@id\":\"https:\\\/\\\/mommymouse.com.pl\\\/#\\\/schema\\\/logo\\\/image\\\/\",\"url\":\"https:\\\/\\\/mommymouse.com.pl\\\/wp-content\\\/uploads\\\/2018\\\/04\\\/logo-mommy-mouse.png\",\"contentUrl\":\"https:\\\/\\\/mommymouse.com.pl\\\/wp-content\\\/uploads\\\/2018\\\/04\\\/logo-mommy-mouse.png\",\"width\":118,\"height\":90,\"caption\":\"Mommy Mouse - Pieluszki Wielorazowe\"},\"image\":{\"@id\":\"https:\\\/\\\/mommymouse.com.pl\\\/#\\\/schema\\\/logo\\\/image\\\/\"},\"sameAs\":[\"https:\\\/\\\/www.facebook.com\\\/pieluszki.mommymouse\\\/\",\"https:\\\/\\\/x.com\\\/mommymouse_pl\"]}]}<\/script>\n<!-- \/ Yoast SEO plugin. -->","yoast_head_json":{"title":"Christmas surprise | Mommy Mouse - Pieluszki Wielorazowe % %","description":"THE CHRISTMAS SURPRISE includes 3 pocket diapers in three variants: polar, cotton and thermo with the One Size absorbent inserts. Propozycja dla ceni\u0105cych oryginalno\u015b\u0107 i pomys\u0142 oraz szukaj\u0105cych pomys\u0142u na prezent, pieluszki wielokrotnego u\u017cytku w zimowo-\u015bwi\u0105tecznych wzorach. Weso\u0142e, kolorowe pieluszki w sam raz dla modnego maluszka-Gray, Green , Blue Christmas doskonale uzupe\u0142ni\u0105 pieluchow\u0105 garderob\u0119 w okresie zimowo-\u015bwi\u0105tecznym wpisuj\u0105c si\u0119 w rodzinny klim","robots":{"index":"index","follow":"follow","max-snippet":"max-snippet:-1","max-image-preview":"max-image-preview:large","max-video-preview":"max-video-preview:-1"},"canonical":"https:\/\/mommymouse.com.pl\/en\/produkt\/christmas-surprise\/","og_locale":"en_US","og_type":"article","og_title":"Christmas surprise | Mommy Mouse - Pieluszki Wielorazowe % %","og_description":"THE CHRISTMAS SURPRISE includes 3 pocket diapers in three variants: polar, cotton and thermo with the One Size absorbent inserts. Propozycja dla ceni\u0105cych oryginalno\u015b\u0107 i pomys\u0142 oraz szukaj\u0105cych pomys\u0142u na prezent, pieluszki wielokrotnego u\u017cytku w zimowo-\u015bwi\u0105tecznych wzorach. Weso\u0142e, kolorowe pieluszki w sam raz dla modnego maluszka-Gray, Green , Blue Christmas doskonale uzupe\u0142ni\u0105 pieluchow\u0105 garderob\u0119 w okresie zimowo-\u015bwi\u0105tecznym wpisuj\u0105c si\u0119 w rodzinny klim","og_url":"https:\/\/mommymouse.com.pl\/en\/produkt\/christmas-surprise\/","og_site_name":"Mommy Mouse - Pieluszki Wielorazowe","article_publisher":"https:\/\/www.facebook.com\/pieluszki.mommymouse\/","article_modified_time":"2022-12-05T18:41:54+00:00","og_image":[{"width":680,"height":455,"url":"https:\/\/mommymouse.com.pl\/wp-content\/uploads\/2022\/11\/Swiateczna-NIESPODZIANKA-3-szt.jpg","type":"image\/jpeg"}],"twitter_card":"summary_large_image","twitter_site":"@mommymouse_pl","twitter_misc":{"Est. reading time":"1 minute"},"schema":{"@context":"https:\/\/schema.org","@graph":[{"@type":"WebPage","@id":"https:\/\/mommymouse.com.pl\/en\/produkt\/christmas-surprise\/","url":"https:\/\/mommymouse.com.pl\/en\/produkt\/christmas-surprise\/","name":"Christmas surprise | Mommy Mouse - Pieluszki Wielorazowe % %","isPartOf":{"@id":"https:\/\/mommymouse.com.pl\/#website"},"primaryImageOfPage":{"@id":"https:\/\/mommymouse.com.pl\/en\/produkt\/christmas-surprise\/#primaryimage"},"image":{"@id":"https:\/\/mommymouse.com.pl\/en\/produkt\/christmas-surprise\/#primaryimage"},"thumbnailUrl":"https:\/\/mommymouse.com.pl\/wp-content\/uploads\/2022\/11\/Swiateczna-NIESPODZIANKA-3-szt.jpg","datePublished":"2022-11-24T17:05:24+00:00","dateModified":"2022-12-05T18:41:54+00:00","description":"THE CHRISTMAS SURPRISE includes 3 pocket diapers in three variants: polar, cotton and thermo with the One Size absorbent inserts. Propozycja dla ceni\u0105cych oryginalno\u015b\u0107 i pomys\u0142 oraz szukaj\u0105cych pomys\u0142u na prezent, pieluszki wielokrotnego u\u017cytku w zimowo-\u015bwi\u0105tecznych wzorach. Weso\u0142e, kolorowe pieluszki w sam raz dla modnego maluszka-Gray, Green , Blue Christmas doskonale uzupe\u0142ni\u0105 pieluchow\u0105 garderob\u0119 w okresie zimowo-\u015bwi\u0105tecznym wpisuj\u0105c si\u0119 w rodzinny klim","breadcrumb":{"@id":"https:\/\/mommymouse.com.pl\/en\/produkt\/christmas-surprise\/#breadcrumb"},"inLanguage":"en-US","potentialAction":[{"@type":"ReadAction","target":["https:\/\/mommymouse.com.pl\/en\/produkt\/christmas-surprise\/"]}]},{"@type":"ImageObject","inLanguage":"en-US","@id":"https:\/\/mommymouse.com.pl\/en\/produkt\/christmas-surprise\/#primaryimage","url":"https:\/\/mommymouse.com.pl\/wp-content\/uploads\/2022\/11\/Swiateczna-NIESPODZIANKA-3-szt.jpg","contentUrl":"https:\/\/mommymouse.com.pl\/wp-content\/uploads\/2022\/11\/Swiateczna-NIESPODZIANKA-3-szt.jpg","width":680,"height":455,"caption":"\u015awi\u0105teczna NIESPODZIANKA 3 szt"},{"@type":"BreadcrumbList","@id":"https:\/\/mommymouse.com.pl\/en\/produkt\/christmas-surprise\/#breadcrumb","itemListElement":[{"@type":"ListItem","position":1,"name":"Strona g\u0142\u00f3wna","item":"https:\/\/mommymouse.com.pl\/en\/"},{"@type":"ListItem","position":2,"name":"Shop","item":"https:\/\/mommymouse.com.pl\/en\/shop\/"},{"@type":"ListItem","position":3,"name":"Christmas surprise"}]},{"@type":"WebSite","@id":"https:\/\/mommymouse.com.pl\/#website","url":"https:\/\/mommymouse.com.pl\/","name":"Mommy Mouse - Pieluszki Wielorazowe","description":"Wielorazowe Pieluszki","publisher":{"@id":"https:\/\/mommymouse.com.pl\/#organization"},"potentialAction":[{"@type":"SearchAction","target":{"@type":"EntryPoint","urlTemplate":"https:\/\/mommymouse.com.pl\/?s={search_term_string}"},"query-input":{"@type":"PropertyValueSpecification","valueRequired":true,"valueName":"search_term_string"}}],"inLanguage":"en-US"},{"@type":"Organization","@id":"https:\/\/mommymouse.com.pl\/#organization","name":"Mommy Mouse - Pieluszki Wielorazowe","url":"https:\/\/mommymouse.com.pl\/","logo":{"@type":"ImageObject","inLanguage":"en-US","@id":"https:\/\/mommymouse.com.pl\/#\/schema\/logo\/image\/","url":"https:\/\/mommymouse.com.pl\/wp-content\/uploads\/2018\/04\/logo-mommy-mouse.png","contentUrl":"https:\/\/mommymouse.com.pl\/wp-content\/uploads\/2018\/04\/logo-mommy-mouse.png","width":118,"height":90,"caption":"Mommy Mouse - Pieluszki Wielorazowe"},"image":{"@id":"https:\/\/mommymouse.com.pl\/#\/schema\/logo\/image\/"},"sameAs":["https:\/\/www.facebook.com\/pieluszki.mommymouse\/","https:\/\/x.com\/mommymouse_pl"]}]}},"_links":{"self":[{"href":"https:\/\/mommymouse.com.pl\/en\/wp-json\/wp\/v2\/product\/31571","targetHints":{"allow":["GET"]}}],"collection":[{"href":"https:\/\/mommymouse.com.pl\/en\/wp-json\/wp\/v2\/product"}],"about":[{"href":"https:\/\/mommymouse.com.pl\/en\/wp-json\/wp\/v2\/types\/product"}],"replies":[{"embeddable":true,"href":"https:\/\/mommymouse.com.pl\/en\/wp-json\/wp\/v2\/comments?post=31571"}],"wp:featuredmedia":[{"embeddable":true,"href":"https:\/\/mommymouse.com.pl\/en\/wp-json\/wp\/v2\/media\/31485"}],"wp:attachment":[{"href":"https:\/\/mommymouse.com.pl\/en\/wp-json\/wp\/v2\/media?parent=31571"}],"wp:term":[{"taxonomy":"product_brand","embeddable":true,"href":"https:\/\/mommymouse.com.pl\/en\/wp-json\/wp\/v2\/product_brand?post=31571"},{"taxonomy":"product_cat","embeddable":true,"href":"https:\/\/mommymouse.com.pl\/en\/wp-json\/wp\/v2\/product_cat?post=31571"},{"taxonomy":"product_tag","embeddable":true,"href":"https:\/\/mommymouse.com.pl\/en\/wp-json\/wp\/v2\/product_tag?post=31571"}],"curies":[{"name":"wp","href":"https:\/\/api.w.org\/{rel}","templated":true}]}}