{"id":31628,"date":"2022-12-13T14:26:55","date_gmt":"2022-12-13T13:26:56","guid":{"rendered":"https:\/\/mommymouse.com.pl\/?post_type=product&#038;p=31628"},"modified":"2023-03-31T01:45:25","modified_gmt":"2023-03-30T23:45:25","slug":"satin-bamboo-shell","status":"publish","type":"product","link":"https:\/\/mommymouse.com.pl\/en\/produkt\/satin-bamboo-shell\/","title":{"rendered":"Satin Bamboo Shell"},"content":{"rendered":"<p>The multifunctional <strong>satin bamboo shell<\/strong> is perfect as a swaddle for babies, in which the baby will feel safe, a blanket during hot weather, sun protection, and even a beach pareo. Thanks to its thermoregulatory properties, the bamboo fabric keeps the temperature 2 degrees lower than the ambient temperature during hot weather. Made of 100% bamboo &#8211; wraps the body with the greatest delicacy, prevents overheating and sweating of the child, recommended for AD (atopic dermatitis). During colder days, it can be used as a sheet &#8211; the child&#8217;s skin will appreciate the health properties of bamboo fabric, giving him a peaceful, sound sleep.<\/p>\n<p>You can also use the bamboo <strong>shell <\/strong>as a cone. Accurate wrapping of newborns gives them a sense of security and a pleasant touch of an incredibly delicate material.<\/p>\n<p>Properties of bamboo that make it absolutely unique:<\/p>\n<ul>\n<li>antibacterial<\/li>\n<li>antifungal<\/li>\n<li>antiallergic<\/li>\n<li>free from pesticides and pollutants<\/li>\n<li>high water absorption &#8211; 60% higher than cotton<\/li>\n<li>self-sterilization, which gives a feeling of freshness<\/li>\n<li>neutralization, absorption of unpleasant odors<\/li>\n<li>full biodegradability<\/li>\n<\/ul>\n<p>It is recommended to wash before first use. With each wash, the shell becomes even more delicate. As a result of intensive use and frequent washing, bamboo products may wear out naturally.<\/p>\n<p>Bamboo satin is 100% bamboo yarn, which has many friendly properties, including:<\/p>\n<ul>\n<li>moisture absorption up to 60% &#8211; this gives you the opportunity to use the cover also as a towel, a direct cover after bathing<\/li>\n<li>absorption of child&#8217;s sweat &#8211; gives a high degree of thermoregulation and breathability, protects against overheating<\/li>\n<li>protection of the skin of children and infants, no inflammatory reactions and irritations<\/li>\n<\/ul>\n<p><strong>The product is sewn by hand, with the highest accuracy and using the best quality materials. Bamboo satin is Oeko-Tex Standard 100 certified.<\/strong><\/p>\n<p><strong>It will be perfect as a stylish and unusual gift.<\/strong><\/p>\n<p><em>*the defect of the product is its shrinkage under the influence of washing at high temperatures<\/em><\/p>\n<p><strong>Dimensions:<\/strong><\/p>\n<ul>\n<li>75 cm x 100 cm<\/li>\n<li>100 cm x 120 cm<\/li>\n<\/ul>\n<p><strong>Composition:<\/strong><\/p>\n<ul>\n<li>BAMBOO 100 %<\/li>\n<\/ul>\n","protected":false},"excerpt":{"rendered":"<p>Satin bamboo Shells &#8211; a kind of hit among summer covers. They are extremely soft and delicate. They are perfect as a cover from the first days of a newborn&#8217;s life. Incredibly velvety to the touch and comfortable to use, they can be used in many ways. The set consists of a Shell and a cuddly diaper.<\/p>\n","protected":false},"featured_media":31710,"comment_status":"open","ping_status":"closed","template":"","meta":[],"product_brand":[],"product_cat":[1412],"product_tag":[],"class_list":{"0":"post-31628","1":"product","2":"type-product","3":"status-publish","4":"has-post-thumbnail","6":"product_cat-bamboo-shell","8":"first","9":"instock","10":"taxable","11":"shipping-taxable","12":"purchasable","13":"product-type-variable"},"yoast_head":"<!-- This site is optimized with the Yoast SEO plugin v27.4 - https:\/\/yoast.com\/product\/yoast-seo-wordpress\/ -->\n<title>Satin Bamboo Shell | Mommy Mouse - Pieluszki Wielorazowe % %<\/title>\n<meta name=\"description\" content=\"Satin bamboo Shells - a kind of hit among summer covers. They are extremely soft and delicate. They are perfect as a cover from the first days of a newborn&#039;s life. Incredibly velvety to the touch and comfortable to use, they can be used in many ways. The set consists of a Shell and a cuddly diaper. Propozycja dla ceni\u0105cych oryginalno\u015b\u0107 i pomys\u0142 oraz szukaj\u0105cych pomys\u0142u na prezent, pieluszki wielokrotnego u\u017cytku w zimowo-\u015bwi\u0105tecznych wzorach. Weso\u0142e, kolorowe pieluszki w sam raz dla modnego maluszka-Gray, Green , Blue Christmas doskonale uzupe\u0142ni\u0105 pieluchow\u0105 garderob\u0119 w okresie zimowo-\u015bwi\u0105tecznym wpisuj\u0105c si\u0119 w rodzinny klimat.\" \/>\n<meta name=\"robots\" content=\"index, follow, max-snippet:-1, max-image-preview:large, max-video-preview:-1\" \/>\n<link rel=\"canonical\" href=\"https:\/\/mommymouse.com.pl\/produkt\/atlasowy-otulacz-bambusowy\/\" \/>\n<meta property=\"og:locale\" content=\"en_US\" \/>\n<meta property=\"og:type\" content=\"article\" \/>\n<meta property=\"og:title\" content=\"Satin Bamboo Shell | Mommy Mouse - Pieluszki Wielorazowe % %\" \/>\n<meta property=\"og:description\" content=\"Satin bamboo Shells - a kind of hit among summer covers. They are extremely soft and delicate. They are perfect as a cover from the first days of a newborn&#039;s life. Incredibly velvety to the touch and comfortable to use, they can be used in many ways. The set consists of a Shell and a cuddly diaper. Propozycja dla ceni\u0105cych oryginalno\u015b\u0107 i pomys\u0142 oraz szukaj\u0105cych pomys\u0142u na prezent, pieluszki wielokrotnego u\u017cytku w zimowo-\u015bwi\u0105tecznych wzorach. Weso\u0142e, kolorowe pieluszki w sam raz dla modnego maluszka-Gray, Green , Blue Christmas doskonale uzupe\u0142ni\u0105 pieluchow\u0105 garderob\u0119 w okresie zimowo-\u015bwi\u0105tecznym wpisuj\u0105c si\u0119 w rodzinny klimat.\" \/>\n<meta property=\"og:url\" content=\"https:\/\/mommymouse.com.pl\/produkt\/atlasowy-otulacz-bambusowy\/\" \/>\n<meta property=\"og:site_name\" content=\"Mommy Mouse - Pieluszki Wielorazowe\" \/>\n<meta property=\"article:publisher\" content=\"https:\/\/www.facebook.com\/pieluszki.mommymouse\/\" \/>\n<meta property=\"article:modified_time\" content=\"2023-03-30T23:45:25+00:00\" \/>\n<meta property=\"og:image\" content=\"https:\/\/mommymouse.com.pl\/wp-content\/uploads\/2022\/12\/DSC_4723-kopia-scaled.jpg\" \/>\n\t<meta property=\"og:image:width\" content=\"2560\" \/>\n\t<meta property=\"og:image:height\" content=\"1709\" \/>\n\t<meta property=\"og:image:type\" content=\"image\/jpeg\" \/>\n<meta name=\"twitter:card\" content=\"summary_large_image\" \/>\n<meta name=\"twitter:site\" content=\"@mommymouse_pl\" \/>\n<meta name=\"twitter:label1\" content=\"Est. reading time\" \/>\n\t<meta name=\"twitter:data1\" content=\"2 minutes\" \/>\n<script type=\"application\/ld+json\" class=\"yoast-schema-graph\">{\"@context\":\"https:\\\/\\\/schema.org\",\"@graph\":[{\"@type\":\"WebPage\",\"@id\":\"https:\\\/\\\/mommymouse.com.pl\\\/produkt\\\/atlasowy-otulacz-bambusowy\\\/\",\"url\":\"https:\\\/\\\/mommymouse.com.pl\\\/produkt\\\/atlasowy-otulacz-bambusowy\\\/\",\"name\":\"Satin Bamboo Shell | Mommy Mouse - Pieluszki Wielorazowe % %\",\"isPartOf\":{\"@id\":\"https:\\\/\\\/mommymouse.com.pl\\\/#website\"},\"primaryImageOfPage\":{\"@id\":\"https:\\\/\\\/mommymouse.com.pl\\\/produkt\\\/atlasowy-otulacz-bambusowy\\\/#primaryimage\"},\"image\":{\"@id\":\"https:\\\/\\\/mommymouse.com.pl\\\/produkt\\\/atlasowy-otulacz-bambusowy\\\/#primaryimage\"},\"thumbnailUrl\":\"https:\\\/\\\/mommymouse.com.pl\\\/wp-content\\\/uploads\\\/2022\\\/12\\\/DSC_4723-kopia-scaled.jpg\",\"datePublished\":\"2022-12-13T13:26:56+00:00\",\"dateModified\":\"2023-03-30T23:45:25+00:00\",\"description\":\"Satin bamboo Shells - a kind of hit among summer covers. They are extremely soft and delicate. They are perfect as a cover from the first days of a newborn's life. Incredibly velvety to the touch and comfortable to use, they can be used in many ways. The set consists of a Shell and a cuddly diaper. Propozycja dla ceni\u0105cych oryginalno\u015b\u0107 i pomys\u0142 oraz szukaj\u0105cych pomys\u0142u na prezent, pieluszki wielokrotnego u\u017cytku w zimowo-\u015bwi\u0105tecznych wzorach. Weso\u0142e, kolorowe pieluszki w sam raz dla modnego maluszka-Gray, Green , Blue Christmas doskonale uzupe\u0142ni\u0105 pieluchow\u0105 garderob\u0119 w okresie zimowo-\u015bwi\u0105tecznym wpisuj\u0105c si\u0119 w rodzinny klimat.\",\"breadcrumb\":{\"@id\":\"https:\\\/\\\/mommymouse.com.pl\\\/produkt\\\/atlasowy-otulacz-bambusowy\\\/#breadcrumb\"},\"inLanguage\":\"en-US\",\"potentialAction\":[{\"@type\":\"ReadAction\",\"target\":[\"https:\\\/\\\/mommymouse.com.pl\\\/produkt\\\/atlasowy-otulacz-bambusowy\\\/\"]}]},{\"@type\":\"ImageObject\",\"inLanguage\":\"en-US\",\"@id\":\"https:\\\/\\\/mommymouse.com.pl\\\/produkt\\\/atlasowy-otulacz-bambusowy\\\/#primaryimage\",\"url\":\"https:\\\/\\\/mommymouse.com.pl\\\/wp-content\\\/uploads\\\/2022\\\/12\\\/DSC_4723-kopia-scaled.jpg\",\"contentUrl\":\"https:\\\/\\\/mommymouse.com.pl\\\/wp-content\\\/uploads\\\/2022\\\/12\\\/DSC_4723-kopia-scaled.jpg\",\"width\":2560,\"height\":1709},{\"@type\":\"BreadcrumbList\",\"@id\":\"https:\\\/\\\/mommymouse.com.pl\\\/produkt\\\/atlasowy-otulacz-bambusowy\\\/#breadcrumb\",\"itemListElement\":[{\"@type\":\"ListItem\",\"position\":1,\"name\":\"Strona g\u0142\u00f3wna\",\"item\":\"https:\\\/\\\/mommymouse.com.pl\\\/en\\\/\"},{\"@type\":\"ListItem\",\"position\":2,\"name\":\"Shop\",\"item\":\"https:\\\/\\\/mommymouse.com.pl\\\/en\\\/shop\\\/\"},{\"@type\":\"ListItem\",\"position\":3,\"name\":\"Satin Bamboo Shell\"}]},{\"@type\":\"WebSite\",\"@id\":\"https:\\\/\\\/mommymouse.com.pl\\\/#website\",\"url\":\"https:\\\/\\\/mommymouse.com.pl\\\/\",\"name\":\"Mommy Mouse - Pieluszki Wielorazowe\",\"description\":\"Wielorazowe Pieluszki\",\"publisher\":{\"@id\":\"https:\\\/\\\/mommymouse.com.pl\\\/#organization\"},\"potentialAction\":[{\"@type\":\"SearchAction\",\"target\":{\"@type\":\"EntryPoint\",\"urlTemplate\":\"https:\\\/\\\/mommymouse.com.pl\\\/?s={search_term_string}\"},\"query-input\":{\"@type\":\"PropertyValueSpecification\",\"valueRequired\":true,\"valueName\":\"search_term_string\"}}],\"inLanguage\":\"en-US\"},{\"@type\":\"Organization\",\"@id\":\"https:\\\/\\\/mommymouse.com.pl\\\/#organization\",\"name\":\"Mommy Mouse - Pieluszki Wielorazowe\",\"url\":\"https:\\\/\\\/mommymouse.com.pl\\\/\",\"logo\":{\"@type\":\"ImageObject\",\"inLanguage\":\"en-US\",\"@id\":\"https:\\\/\\\/mommymouse.com.pl\\\/#\\\/schema\\\/logo\\\/image\\\/\",\"url\":\"https:\\\/\\\/mommymouse.com.pl\\\/wp-content\\\/uploads\\\/2018\\\/04\\\/logo-mommy-mouse.png\",\"contentUrl\":\"https:\\\/\\\/mommymouse.com.pl\\\/wp-content\\\/uploads\\\/2018\\\/04\\\/logo-mommy-mouse.png\",\"width\":118,\"height\":90,\"caption\":\"Mommy Mouse - Pieluszki Wielorazowe\"},\"image\":{\"@id\":\"https:\\\/\\\/mommymouse.com.pl\\\/#\\\/schema\\\/logo\\\/image\\\/\"},\"sameAs\":[\"https:\\\/\\\/www.facebook.com\\\/pieluszki.mommymouse\\\/\",\"https:\\\/\\\/x.com\\\/mommymouse_pl\"]}]}<\/script>\n<!-- \/ Yoast SEO plugin. -->","yoast_head_json":{"title":"Satin Bamboo Shell | Mommy Mouse - Pieluszki Wielorazowe % %","description":"Satin bamboo Shells - a kind of hit among summer covers. They are extremely soft and delicate. They are perfect as a cover from the first days of a newborn's life. Incredibly velvety to the touch and comfortable to use, they can be used in many ways. The set consists of a Shell and a cuddly diaper. Propozycja dla ceni\u0105cych oryginalno\u015b\u0107 i pomys\u0142 oraz szukaj\u0105cych pomys\u0142u na prezent, pieluszki wielokrotnego u\u017cytku w zimowo-\u015bwi\u0105tecznych wzorach. Weso\u0142e, kolorowe pieluszki w sam raz dla modnego maluszka-Gray, Green , Blue Christmas doskonale uzupe\u0142ni\u0105 pieluchow\u0105 garderob\u0119 w okresie zimowo-\u015bwi\u0105tecznym wpisuj\u0105c si\u0119 w rodzinny klimat.","robots":{"index":"index","follow":"follow","max-snippet":"max-snippet:-1","max-image-preview":"max-image-preview:large","max-video-preview":"max-video-preview:-1"},"canonical":"https:\/\/mommymouse.com.pl\/produkt\/atlasowy-otulacz-bambusowy\/","og_locale":"en_US","og_type":"article","og_title":"Satin Bamboo Shell | Mommy Mouse - Pieluszki Wielorazowe % %","og_description":"Satin bamboo Shells - a kind of hit among summer covers. They are extremely soft and delicate. They are perfect as a cover from the first days of a newborn's life. Incredibly velvety to the touch and comfortable to use, they can be used in many ways. The set consists of a Shell and a cuddly diaper. Propozycja dla ceni\u0105cych oryginalno\u015b\u0107 i pomys\u0142 oraz szukaj\u0105cych pomys\u0142u na prezent, pieluszki wielokrotnego u\u017cytku w zimowo-\u015bwi\u0105tecznych wzorach. Weso\u0142e, kolorowe pieluszki w sam raz dla modnego maluszka-Gray, Green , Blue Christmas doskonale uzupe\u0142ni\u0105 pieluchow\u0105 garderob\u0119 w okresie zimowo-\u015bwi\u0105tecznym wpisuj\u0105c si\u0119 w rodzinny klimat.","og_url":"https:\/\/mommymouse.com.pl\/produkt\/atlasowy-otulacz-bambusowy\/","og_site_name":"Mommy Mouse - Pieluszki Wielorazowe","article_publisher":"https:\/\/www.facebook.com\/pieluszki.mommymouse\/","article_modified_time":"2023-03-30T23:45:25+00:00","og_image":[{"width":2560,"height":1709,"url":"https:\/\/mommymouse.com.pl\/wp-content\/uploads\/2022\/12\/DSC_4723-kopia-scaled.jpg","type":"image\/jpeg"}],"twitter_card":"summary_large_image","twitter_site":"@mommymouse_pl","twitter_misc":{"Est. reading time":"2 minutes"},"schema":{"@context":"https:\/\/schema.org","@graph":[{"@type":"WebPage","@id":"https:\/\/mommymouse.com.pl\/produkt\/atlasowy-otulacz-bambusowy\/","url":"https:\/\/mommymouse.com.pl\/produkt\/atlasowy-otulacz-bambusowy\/","name":"Satin Bamboo Shell | Mommy Mouse - Pieluszki Wielorazowe % %","isPartOf":{"@id":"https:\/\/mommymouse.com.pl\/#website"},"primaryImageOfPage":{"@id":"https:\/\/mommymouse.com.pl\/produkt\/atlasowy-otulacz-bambusowy\/#primaryimage"},"image":{"@id":"https:\/\/mommymouse.com.pl\/produkt\/atlasowy-otulacz-bambusowy\/#primaryimage"},"thumbnailUrl":"https:\/\/mommymouse.com.pl\/wp-content\/uploads\/2022\/12\/DSC_4723-kopia-scaled.jpg","datePublished":"2022-12-13T13:26:56+00:00","dateModified":"2023-03-30T23:45:25+00:00","description":"Satin bamboo Shells - a kind of hit among summer covers. They are extremely soft and delicate. They are perfect as a cover from the first days of a newborn's life. Incredibly velvety to the touch and comfortable to use, they can be used in many ways. The set consists of a Shell and a cuddly diaper. Propozycja dla ceni\u0105cych oryginalno\u015b\u0107 i pomys\u0142 oraz szukaj\u0105cych pomys\u0142u na prezent, pieluszki wielokrotnego u\u017cytku w zimowo-\u015bwi\u0105tecznych wzorach. Weso\u0142e, kolorowe pieluszki w sam raz dla modnego maluszka-Gray, Green , Blue Christmas doskonale uzupe\u0142ni\u0105 pieluchow\u0105 garderob\u0119 w okresie zimowo-\u015bwi\u0105tecznym wpisuj\u0105c si\u0119 w rodzinny klimat.","breadcrumb":{"@id":"https:\/\/mommymouse.com.pl\/produkt\/atlasowy-otulacz-bambusowy\/#breadcrumb"},"inLanguage":"en-US","potentialAction":[{"@type":"ReadAction","target":["https:\/\/mommymouse.com.pl\/produkt\/atlasowy-otulacz-bambusowy\/"]}]},{"@type":"ImageObject","inLanguage":"en-US","@id":"https:\/\/mommymouse.com.pl\/produkt\/atlasowy-otulacz-bambusowy\/#primaryimage","url":"https:\/\/mommymouse.com.pl\/wp-content\/uploads\/2022\/12\/DSC_4723-kopia-scaled.jpg","contentUrl":"https:\/\/mommymouse.com.pl\/wp-content\/uploads\/2022\/12\/DSC_4723-kopia-scaled.jpg","width":2560,"height":1709},{"@type":"BreadcrumbList","@id":"https:\/\/mommymouse.com.pl\/produkt\/atlasowy-otulacz-bambusowy\/#breadcrumb","itemListElement":[{"@type":"ListItem","position":1,"name":"Strona g\u0142\u00f3wna","item":"https:\/\/mommymouse.com.pl\/en\/"},{"@type":"ListItem","position":2,"name":"Shop","item":"https:\/\/mommymouse.com.pl\/en\/shop\/"},{"@type":"ListItem","position":3,"name":"Satin Bamboo Shell"}]},{"@type":"WebSite","@id":"https:\/\/mommymouse.com.pl\/#website","url":"https:\/\/mommymouse.com.pl\/","name":"Mommy Mouse - Pieluszki Wielorazowe","description":"Wielorazowe Pieluszki","publisher":{"@id":"https:\/\/mommymouse.com.pl\/#organization"},"potentialAction":[{"@type":"SearchAction","target":{"@type":"EntryPoint","urlTemplate":"https:\/\/mommymouse.com.pl\/?s={search_term_string}"},"query-input":{"@type":"PropertyValueSpecification","valueRequired":true,"valueName":"search_term_string"}}],"inLanguage":"en-US"},{"@type":"Organization","@id":"https:\/\/mommymouse.com.pl\/#organization","name":"Mommy Mouse - Pieluszki Wielorazowe","url":"https:\/\/mommymouse.com.pl\/","logo":{"@type":"ImageObject","inLanguage":"en-US","@id":"https:\/\/mommymouse.com.pl\/#\/schema\/logo\/image\/","url":"https:\/\/mommymouse.com.pl\/wp-content\/uploads\/2018\/04\/logo-mommy-mouse.png","contentUrl":"https:\/\/mommymouse.com.pl\/wp-content\/uploads\/2018\/04\/logo-mommy-mouse.png","width":118,"height":90,"caption":"Mommy Mouse - Pieluszki Wielorazowe"},"image":{"@id":"https:\/\/mommymouse.com.pl\/#\/schema\/logo\/image\/"},"sameAs":["https:\/\/www.facebook.com\/pieluszki.mommymouse\/","https:\/\/x.com\/mommymouse_pl"]}]}},"_links":{"self":[{"href":"https:\/\/mommymouse.com.pl\/en\/wp-json\/wp\/v2\/product\/31628","targetHints":{"allow":["GET"]}}],"collection":[{"href":"https:\/\/mommymouse.com.pl\/en\/wp-json\/wp\/v2\/product"}],"about":[{"href":"https:\/\/mommymouse.com.pl\/en\/wp-json\/wp\/v2\/types\/product"}],"replies":[{"embeddable":true,"href":"https:\/\/mommymouse.com.pl\/en\/wp-json\/wp\/v2\/comments?post=31628"}],"wp:featuredmedia":[{"embeddable":true,"href":"https:\/\/mommymouse.com.pl\/en\/wp-json\/wp\/v2\/media\/31710"}],"wp:attachment":[{"href":"https:\/\/mommymouse.com.pl\/en\/wp-json\/wp\/v2\/media?parent=31628"}],"wp:term":[{"taxonomy":"product_brand","embeddable":true,"href":"https:\/\/mommymouse.com.pl\/en\/wp-json\/wp\/v2\/product_brand?post=31628"},{"taxonomy":"product_cat","embeddable":true,"href":"https:\/\/mommymouse.com.pl\/en\/wp-json\/wp\/v2\/product_cat?post=31628"},{"taxonomy":"product_tag","embeddable":true,"href":"https:\/\/mommymouse.com.pl\/en\/wp-json\/wp\/v2\/product_tag?post=31628"}],"curies":[{"name":"wp","href":"https:\/\/api.w.org\/{rel}","templated":true}]}}