{"id":32324,"date":"2023-04-04T15:39:31","date_gmt":"2023-04-04T13:39:31","guid":{"rendered":"https:\/\/mommymouse.com.pl\/produkt\/ruffled-muslin-blanket\/"},"modified":"2023-04-04T15:39:31","modified_gmt":"2023-04-04T13:39:31","slug":"ruffled-muslin-blanket","status":"publish","type":"product","link":"https:\/\/mommymouse.com.pl\/en\/produkt\/ruffled-muslin-blanket\/","title":{"rendered":"Ruffled Muslin Blanket"},"content":{"rendered":"<p class=\"Standard\"><span lang=\"EN-GB\">Muslin is high-quality cotton fabric.<\/span><\/p>\n<p class=\"Standard\"><span lang=\"EN-GB\"><strong>The ruffled muslin blanket<\/strong> is characterized by its exceptional lightness while maintaining thermoregulatory properties. It will be perfect for both warm and cool days. The baby won&#8217;t sweat in it and won&#8217;t get cold. <strong>The muslin blanket<\/strong> is a suitable cover for newborns not only because of its softness and delicacy, but also because muslin is one of the purest materials that does not contain dangerous chemical compounds, it acts antibacterial and antifungal and absorbs excess moisture perfectly.<\/span><\/p>\n<p class=\"Standard\"><span lang=\"EN-GB\"><strong>The muslin blanket<\/strong> would be perfect in many situations&#8230; a child tightly wrapped in a soft material feels safe and comfortable.<\/span><\/p>\n<p class=\"Standard\"><span lang=\"EN-GB\"><strong>Our muslin blanket consists of two layers of cotton muslin decorated<\/strong> with a ruffled frill around the entire perimeter. The combination of two colors of muslin allows for two-sided use.<\/span><\/p>\n<p class=\"Standard\"><span lang=\"EN-GB\">The possibility of choosing the color of the blanket allows you to buy the version that best suits the mother&#8217;s taste.<\/span><\/p>\n<p class=\"Standard\"><span lang=\"EN-GB\">The natural need for safety and thus soothing and peaceful sleep of the baby is easily and pleasantly satisfied with soft and delicate wrapping. Children love delicate, safe and warm covering &#8211; it significantly affects the comfort and peace of the baby. The muslin blanket can be a multifunctional gadget for Mom and Baby &#8211; it works perfectly as a cozy cover for a Baby, a screen on sunny days, and the first toy for a curious toddler who loves to explore the surroundings by putting things in his mouth. That is why the safety and quality of materials dedicated to the youngest are so important.<\/span><\/p>\n<p class=\"Standard\"><span lang=\"EN-GB\">The extraordinary softness and delicacy of muslin material will make every contact with it a pleasant soothing experience, calming crying and facilitating falling asleep.<\/span><\/p>\n<p class=\"Standard\"><span lang=\"EN-GB\">The muslin blanket is useful not only at home during daily naps, but also works everywhere &#8211; on a walk, during a trip or in the garden.<\/span><\/p>\n<p class=\"Standard\"><span lang=\"EN-GB\">In the case of <strong>muslin blankets<\/strong>, we don&#8217;t have to worry about overheating. Muslin is characterized by excellent thermoregulation, absorbs moisture while protecting against cold. It has one more important feature &#8211; it is very easy to keep it clean! This stain-resistant material can be washed multiple times without losing its properties.<\/span><\/p>\n<p class=\"Standard\"><strong><span lang=\"EN-GB\">The ruffled muslin blanket is an original essential for a baby&#8217;s wardrobe, its versatility will find application on many occasions.<\/span><\/strong><\/p>\n<p class=\"Standard\"><strong><span lang=\"EN-GB\">It will perform its task perfectly in a baby&#8217;s crib as a wrap and cover, irreplaceable in a stroller&#8230;<\/span><\/strong><\/p>\n<p>Charakterystyczn\u0105 i wielk\u0105 zalet\u0119 mu\u015blinu uznaje si\u0119 jego w\u0142a\u015bciwo\u015bci oddychaj\u0105ce. Mu\u015blin jest niezwykle lekki, ma otwarty splot oraz jest delikatny w dotyku co sprawia, \u017ce jest to tkanina, kt\u00f3ra zapewnia \u015bwietn\u0105 przepuszczalno\u015b\u0107 powietrza. Dzi\u0119ki temu sk\u00f3ra oddycha, co w rezultacie zapobiega jej przegrzaniu i poceniu. Mu\u015blin powstaje z bawe\u0142ny, a w czasie jego produkcji na \u017cadnym etapie nie dodaje si\u0119 substancji chemicznych, mog\u0105cych negatywnie wp\u0142ywa\u0107 na jego w\u0142a\u015bciwo\u015bci i zastosowanie. Co wi\u0119cej, uprawy nie s\u0105 wspomagane jak\u017ce popularnymi dzisiaj pestycydami, dzi\u0119ki czemu mo\u017cna m\u00f3wi\u0107 o ca\u0142kowitej naturalno\u015bci mu\u015blinu bawe\u0142nianego.<\/p>\n","protected":false},"excerpt":{"rendered":"<p class=\"Standard\"><strong><span lang=\"EN-GB\">An essential item for a baby&#8217;s wardrobe&#8230;<\/span><\/strong><\/p>\n<p class=\"Standard\"><span lang=\"EN-GB\">The ruffled muslin blanket is characterized by its exceptional lightness while maintaining thermoregulatory properties. It will be perfect for both warm and cool days. <\/span><span lang=\"EN-GB\">The baby won&#8217;t sweat in it and won&#8217;t get cold.<\/span><\/p>\n<p class=\"Standard\"><strong><span lang=\"EN-GB\">The ruffled muslin blanket is an original essential for a baby&#8217;s wardrobe, its versatility will find application on many occasions.<\/span><\/strong><\/p>\n","protected":false},"featured_media":32206,"comment_status":"open","ping_status":"closed","template":"","meta":[],"product_brand":[],"product_cat":[1403],"product_tag":[],"class_list":{"0":"post-32324","1":"product","2":"type-product","3":"status-publish","4":"has-post-thumbnail","6":"product_cat-toddler-boutique","8":"first","9":"instock","10":"taxable","11":"shipping-taxable","12":"purchasable","13":"product-type-variable"},"yoast_head":"<!-- This site is optimized with the Yoast SEO plugin v27.3 - https:\/\/yoast.com\/product\/yoast-seo-wordpress\/ -->\n<title>Ruffled Muslin Blanket | Mommy Mouse - Pieluszki Wielorazowe<\/title>\n<meta name=\"description\" content=\"An essential item for a baby&#039;s wardrobe... The ruffled muslin blanket is characterized by its exceptional lightness while maintaining thermoregulatory properties. It will be perfect for both warm and cool days. The baby won&#039;t sweat in it and won&#039;t get cold. The ruffled muslin blanket is an original essential for a baby&#039;s wardrobe, its versatility will find application on many occasions.\" \/>\n<meta name=\"robots\" content=\"index, follow, max-snippet:-1, max-image-preview:large, max-video-preview:-1\" \/>\n<link rel=\"canonical\" href=\"https:\/\/mommymouse.com.pl\/en\/produkt\/ruffled-muslin-blanket\/\" \/>\n<meta property=\"og:locale\" content=\"en_US\" \/>\n<meta property=\"og:type\" content=\"article\" \/>\n<meta property=\"og:title\" content=\"Ruffled Muslin Blanket | Mommy Mouse - Pieluszki Wielorazowe\" \/>\n<meta property=\"og:description\" content=\"An essential item for a baby&#039;s wardrobe... The ruffled muslin blanket is characterized by its exceptional lightness while maintaining thermoregulatory properties. It will be perfect for both warm and cool days. The baby won&#039;t sweat in it and won&#039;t get cold. The ruffled muslin blanket is an original essential for a baby&#039;s wardrobe, its versatility will find application on many occasions.\" \/>\n<meta property=\"og:url\" content=\"https:\/\/mommymouse.com.pl\/en\/produkt\/ruffled-muslin-blanket\/\" \/>\n<meta property=\"og:site_name\" content=\"Mommy Mouse - Pieluszki Wielorazowe\" \/>\n<meta property=\"article:publisher\" content=\"https:\/\/www.facebook.com\/pieluszki.mommymouse\/\" \/>\n<meta property=\"og:image\" content=\"https:\/\/mommymouse.com.pl\/wp-content\/uploads\/2023\/04\/Zdj-78-scaled.jpg\" \/>\n\t<meta property=\"og:image:width\" content=\"2560\" \/>\n\t<meta property=\"og:image:height\" content=\"1709\" \/>\n\t<meta property=\"og:image:type\" content=\"image\/jpeg\" \/>\n<meta name=\"twitter:card\" content=\"summary_large_image\" \/>\n<meta name=\"twitter:site\" content=\"@mommymouse_pl\" \/>\n<meta name=\"twitter:label1\" content=\"Est. reading time\" \/>\n\t<meta name=\"twitter:data1\" content=\"3 minutes\" \/>\n<script type=\"application\/ld+json\" class=\"yoast-schema-graph\">{\"@context\":\"https:\\\/\\\/schema.org\",\"@graph\":[{\"@type\":\"WebPage\",\"@id\":\"https:\\\/\\\/mommymouse.com.pl\\\/en\\\/produkt\\\/ruffled-muslin-blanket\\\/\",\"url\":\"https:\\\/\\\/mommymouse.com.pl\\\/en\\\/produkt\\\/ruffled-muslin-blanket\\\/\",\"name\":\"Ruffled Muslin Blanket | Mommy Mouse - Pieluszki Wielorazowe\",\"isPartOf\":{\"@id\":\"https:\\\/\\\/mommymouse.com.pl\\\/#website\"},\"primaryImageOfPage\":{\"@id\":\"https:\\\/\\\/mommymouse.com.pl\\\/en\\\/produkt\\\/ruffled-muslin-blanket\\\/#primaryimage\"},\"image\":{\"@id\":\"https:\\\/\\\/mommymouse.com.pl\\\/en\\\/produkt\\\/ruffled-muslin-blanket\\\/#primaryimage\"},\"thumbnailUrl\":\"https:\\\/\\\/mommymouse.com.pl\\\/wp-content\\\/uploads\\\/2023\\\/04\\\/Zdj-78-scaled.jpg\",\"datePublished\":\"2023-04-04T13:39:31+00:00\",\"description\":\"An essential item for a baby's wardrobe... The ruffled muslin blanket is characterized by its exceptional lightness while maintaining thermoregulatory properties. It will be perfect for both warm and cool days. The baby won't sweat in it and won't get cold. The ruffled muslin blanket is an original essential for a baby's wardrobe, its versatility will find application on many occasions.\",\"breadcrumb\":{\"@id\":\"https:\\\/\\\/mommymouse.com.pl\\\/en\\\/produkt\\\/ruffled-muslin-blanket\\\/#breadcrumb\"},\"inLanguage\":\"en-US\",\"potentialAction\":[{\"@type\":\"ReadAction\",\"target\":[\"https:\\\/\\\/mommymouse.com.pl\\\/en\\\/produkt\\\/ruffled-muslin-blanket\\\/\"]}]},{\"@type\":\"ImageObject\",\"inLanguage\":\"en-US\",\"@id\":\"https:\\\/\\\/mommymouse.com.pl\\\/en\\\/produkt\\\/ruffled-muslin-blanket\\\/#primaryimage\",\"url\":\"https:\\\/\\\/mommymouse.com.pl\\\/wp-content\\\/uploads\\\/2023\\\/04\\\/Zdj-78-scaled.jpg\",\"contentUrl\":\"https:\\\/\\\/mommymouse.com.pl\\\/wp-content\\\/uploads\\\/2023\\\/04\\\/Zdj-78-scaled.jpg\",\"width\":2560,\"height\":1709},{\"@type\":\"BreadcrumbList\",\"@id\":\"https:\\\/\\\/mommymouse.com.pl\\\/en\\\/produkt\\\/ruffled-muslin-blanket\\\/#breadcrumb\",\"itemListElement\":[{\"@type\":\"ListItem\",\"position\":1,\"name\":\"Strona g\u0142\u00f3wna\",\"item\":\"https:\\\/\\\/mommymouse.com.pl\\\/en\\\/\"},{\"@type\":\"ListItem\",\"position\":2,\"name\":\"Shop\",\"item\":\"https:\\\/\\\/mommymouse.com.pl\\\/en\\\/shop\\\/\"},{\"@type\":\"ListItem\",\"position\":3,\"name\":\"Ruffled Muslin Blanket\"}]},{\"@type\":\"WebSite\",\"@id\":\"https:\\\/\\\/mommymouse.com.pl\\\/#website\",\"url\":\"https:\\\/\\\/mommymouse.com.pl\\\/\",\"name\":\"Mommy Mouse - Pieluszki Wielorazowe\",\"description\":\"Wielorazowe Pieluszki\",\"publisher\":{\"@id\":\"https:\\\/\\\/mommymouse.com.pl\\\/#organization\"},\"potentialAction\":[{\"@type\":\"SearchAction\",\"target\":{\"@type\":\"EntryPoint\",\"urlTemplate\":\"https:\\\/\\\/mommymouse.com.pl\\\/?s={search_term_string}\"},\"query-input\":{\"@type\":\"PropertyValueSpecification\",\"valueRequired\":true,\"valueName\":\"search_term_string\"}}],\"inLanguage\":\"en-US\"},{\"@type\":\"Organization\",\"@id\":\"https:\\\/\\\/mommymouse.com.pl\\\/#organization\",\"name\":\"Mommy Mouse - Pieluszki Wielorazowe\",\"url\":\"https:\\\/\\\/mommymouse.com.pl\\\/\",\"logo\":{\"@type\":\"ImageObject\",\"inLanguage\":\"en-US\",\"@id\":\"https:\\\/\\\/mommymouse.com.pl\\\/#\\\/schema\\\/logo\\\/image\\\/\",\"url\":\"https:\\\/\\\/mommymouse.com.pl\\\/wp-content\\\/uploads\\\/2018\\\/04\\\/logo-mommy-mouse.png\",\"contentUrl\":\"https:\\\/\\\/mommymouse.com.pl\\\/wp-content\\\/uploads\\\/2018\\\/04\\\/logo-mommy-mouse.png\",\"width\":118,\"height\":90,\"caption\":\"Mommy Mouse - Pieluszki Wielorazowe\"},\"image\":{\"@id\":\"https:\\\/\\\/mommymouse.com.pl\\\/#\\\/schema\\\/logo\\\/image\\\/\"},\"sameAs\":[\"https:\\\/\\\/www.facebook.com\\\/pieluszki.mommymouse\\\/\",\"https:\\\/\\\/x.com\\\/mommymouse_pl\"]}]}<\/script>\n<!-- \/ Yoast SEO plugin. -->","yoast_head_json":{"title":"Ruffled Muslin Blanket | Mommy Mouse - Pieluszki Wielorazowe","description":"An essential item for a baby's wardrobe... The ruffled muslin blanket is characterized by its exceptional lightness while maintaining thermoregulatory properties. It will be perfect for both warm and cool days. The baby won't sweat in it and won't get cold. The ruffled muslin blanket is an original essential for a baby's wardrobe, its versatility will find application on many occasions.","robots":{"index":"index","follow":"follow","max-snippet":"max-snippet:-1","max-image-preview":"max-image-preview:large","max-video-preview":"max-video-preview:-1"},"canonical":"https:\/\/mommymouse.com.pl\/en\/produkt\/ruffled-muslin-blanket\/","og_locale":"en_US","og_type":"article","og_title":"Ruffled Muslin Blanket | Mommy Mouse - Pieluszki Wielorazowe","og_description":"An essential item for a baby's wardrobe... The ruffled muslin blanket is characterized by its exceptional lightness while maintaining thermoregulatory properties. It will be perfect for both warm and cool days. The baby won't sweat in it and won't get cold. The ruffled muslin blanket is an original essential for a baby's wardrobe, its versatility will find application on many occasions.","og_url":"https:\/\/mommymouse.com.pl\/en\/produkt\/ruffled-muslin-blanket\/","og_site_name":"Mommy Mouse - Pieluszki Wielorazowe","article_publisher":"https:\/\/www.facebook.com\/pieluszki.mommymouse\/","og_image":[{"width":2560,"height":1709,"url":"https:\/\/mommymouse.com.pl\/wp-content\/uploads\/2023\/04\/Zdj-78-scaled.jpg","type":"image\/jpeg"}],"twitter_card":"summary_large_image","twitter_site":"@mommymouse_pl","twitter_misc":{"Est. reading time":"3 minutes"},"schema":{"@context":"https:\/\/schema.org","@graph":[{"@type":"WebPage","@id":"https:\/\/mommymouse.com.pl\/en\/produkt\/ruffled-muslin-blanket\/","url":"https:\/\/mommymouse.com.pl\/en\/produkt\/ruffled-muslin-blanket\/","name":"Ruffled Muslin Blanket | Mommy Mouse - Pieluszki Wielorazowe","isPartOf":{"@id":"https:\/\/mommymouse.com.pl\/#website"},"primaryImageOfPage":{"@id":"https:\/\/mommymouse.com.pl\/en\/produkt\/ruffled-muslin-blanket\/#primaryimage"},"image":{"@id":"https:\/\/mommymouse.com.pl\/en\/produkt\/ruffled-muslin-blanket\/#primaryimage"},"thumbnailUrl":"https:\/\/mommymouse.com.pl\/wp-content\/uploads\/2023\/04\/Zdj-78-scaled.jpg","datePublished":"2023-04-04T13:39:31+00:00","description":"An essential item for a baby's wardrobe... The ruffled muslin blanket is characterized by its exceptional lightness while maintaining thermoregulatory properties. It will be perfect for both warm and cool days. The baby won't sweat in it and won't get cold. The ruffled muslin blanket is an original essential for a baby's wardrobe, its versatility will find application on many occasions.","breadcrumb":{"@id":"https:\/\/mommymouse.com.pl\/en\/produkt\/ruffled-muslin-blanket\/#breadcrumb"},"inLanguage":"en-US","potentialAction":[{"@type":"ReadAction","target":["https:\/\/mommymouse.com.pl\/en\/produkt\/ruffled-muslin-blanket\/"]}]},{"@type":"ImageObject","inLanguage":"en-US","@id":"https:\/\/mommymouse.com.pl\/en\/produkt\/ruffled-muslin-blanket\/#primaryimage","url":"https:\/\/mommymouse.com.pl\/wp-content\/uploads\/2023\/04\/Zdj-78-scaled.jpg","contentUrl":"https:\/\/mommymouse.com.pl\/wp-content\/uploads\/2023\/04\/Zdj-78-scaled.jpg","width":2560,"height":1709},{"@type":"BreadcrumbList","@id":"https:\/\/mommymouse.com.pl\/en\/produkt\/ruffled-muslin-blanket\/#breadcrumb","itemListElement":[{"@type":"ListItem","position":1,"name":"Strona g\u0142\u00f3wna","item":"https:\/\/mommymouse.com.pl\/en\/"},{"@type":"ListItem","position":2,"name":"Shop","item":"https:\/\/mommymouse.com.pl\/en\/shop\/"},{"@type":"ListItem","position":3,"name":"Ruffled Muslin Blanket"}]},{"@type":"WebSite","@id":"https:\/\/mommymouse.com.pl\/#website","url":"https:\/\/mommymouse.com.pl\/","name":"Mommy Mouse - Pieluszki Wielorazowe","description":"Wielorazowe Pieluszki","publisher":{"@id":"https:\/\/mommymouse.com.pl\/#organization"},"potentialAction":[{"@type":"SearchAction","target":{"@type":"EntryPoint","urlTemplate":"https:\/\/mommymouse.com.pl\/?s={search_term_string}"},"query-input":{"@type":"PropertyValueSpecification","valueRequired":true,"valueName":"search_term_string"}}],"inLanguage":"en-US"},{"@type":"Organization","@id":"https:\/\/mommymouse.com.pl\/#organization","name":"Mommy Mouse - Pieluszki Wielorazowe","url":"https:\/\/mommymouse.com.pl\/","logo":{"@type":"ImageObject","inLanguage":"en-US","@id":"https:\/\/mommymouse.com.pl\/#\/schema\/logo\/image\/","url":"https:\/\/mommymouse.com.pl\/wp-content\/uploads\/2018\/04\/logo-mommy-mouse.png","contentUrl":"https:\/\/mommymouse.com.pl\/wp-content\/uploads\/2018\/04\/logo-mommy-mouse.png","width":118,"height":90,"caption":"Mommy Mouse - Pieluszki Wielorazowe"},"image":{"@id":"https:\/\/mommymouse.com.pl\/#\/schema\/logo\/image\/"},"sameAs":["https:\/\/www.facebook.com\/pieluszki.mommymouse\/","https:\/\/x.com\/mommymouse_pl"]}]}},"_links":{"self":[{"href":"https:\/\/mommymouse.com.pl\/en\/wp-json\/wp\/v2\/product\/32324","targetHints":{"allow":["GET"]}}],"collection":[{"href":"https:\/\/mommymouse.com.pl\/en\/wp-json\/wp\/v2\/product"}],"about":[{"href":"https:\/\/mommymouse.com.pl\/en\/wp-json\/wp\/v2\/types\/product"}],"replies":[{"embeddable":true,"href":"https:\/\/mommymouse.com.pl\/en\/wp-json\/wp\/v2\/comments?post=32324"}],"wp:featuredmedia":[{"embeddable":true,"href":"https:\/\/mommymouse.com.pl\/en\/wp-json\/wp\/v2\/media\/32206"}],"wp:attachment":[{"href":"https:\/\/mommymouse.com.pl\/en\/wp-json\/wp\/v2\/media?parent=32324"}],"wp:term":[{"taxonomy":"product_brand","embeddable":true,"href":"https:\/\/mommymouse.com.pl\/en\/wp-json\/wp\/v2\/product_brand?post=32324"},{"taxonomy":"product_cat","embeddable":true,"href":"https:\/\/mommymouse.com.pl\/en\/wp-json\/wp\/v2\/product_cat?post=32324"},{"taxonomy":"product_tag","embeddable":true,"href":"https:\/\/mommymouse.com.pl\/en\/wp-json\/wp\/v2\/product_tag?post=32324"}],"curies":[{"name":"wp","href":"https:\/\/api.w.org\/{rel}","templated":true}]}}