{"id":38535,"date":"2023-07-18T14:36:42","date_gmt":"2023-07-18T12:36:42","guid":{"rendered":"https:\/\/mommymouse.com.pl\/produkt\/wklad-chlonny-premiee\/"},"modified":"2024-10-03T12:45:57","modified_gmt":"2024-10-03T10:45:57","slug":"premiee-absorbent-insert","status":"publish","type":"product","link":"https:\/\/mommymouse.com.pl\/en\/produkt\/premiee-absorbent-insert\/","title":{"rendered":"PREMIEE Absorbent Insert"},"content":{"rendered":"<p><strong>Premiee inserts<\/strong> are made from soft, hypoallergenic materials that are safe for the delicate skin of babies<\/p>\n<ul>\n<li><strong><span style=\"color: #3366ff;\">Premiee POLAR<\/span><\/strong> \u2013 a quick-drying insert made from MAI-S ONE fabric (Mommy Mouse Activ Insert \u2013 System One) with one side enclosed in Thermo Mouse material and the other side reinforced with absorbent, soft microfleece, certified by Bluesign CERTIFICATE<\/li>\n<\/ul>\n<p>&nbsp;<\/p>\n<ul>\n<li><span style=\"color: #3366ff;\"><strong>Premiee THERMO<\/strong>&#8211;<\/span> an extremely quick-drying insert made from MAI-S ONE fabric, enclosed in Thermo Mouse thermoregulatory material. It provides moderate comfort for a dry bottom.<\/li>\n<\/ul>\n<p>&nbsp;<\/p>\n<ul>\n<li><strong><span style=\"color: #3366ff;\">Premiee SILKY COTTON<\/span><\/strong> &#8211; highly absorbent, quick-drying inserts made from MAI-S ONE fabric combined with Thermo Mouse and organic cotton.<\/li>\n<\/ul>\n<p>&nbsp;<\/p>\n","protected":false},"excerpt":{"rendered":"<p><strong>The PREMIEE insert<\/strong> is an absorbent pad that captures baby\u2019s milk stools. It has no elastic bands and features the NO-CRUSH system at the legs, which gently wraps and seals the baby\u2019s legs, preventing any leakage onto the diaper or clothing, while ensuring no marks are left on the baby\u2019s skin.<\/p>\n<p><strong>The Premiee absorbent insert is a special kind of insert used in baby diapers in the Premiee size.<\/strong><\/p>\n<p><strong>Size PREMIEE: weight of baby 2.5-5 kg<\/strong><\/p>\n","protected":false},"featured_media":32928,"comment_status":"open","ping_status":"closed","template":"","meta":[],"product_brand":[],"product_cat":[913,715,713],"product_tag":[],"class_list":{"0":"post-38535","1":"product","2":"type-product","3":"status-publish","4":"has-post-thumbnail","6":"product_cat-inserts","7":"product_cat-newborn","8":"product_cat-newborn-inserts-for-shell-diapers","9":"pa_rodzaj-warstwy-wewnetrznej-fleece","10":"pa_rodzaj-warstwy-wewnetrznej-thermo-en","11":"pa_rodzaj-warstwy-wewnetrznej-biobawelna-niebielona-en","12":"pa_rodzaj-warstwy-wewnetrznej-biobawelna-biala-en","14":"first","15":"instock","16":"taxable","17":"shipping-taxable","18":"purchasable","19":"product-type-variable"},"yoast_head":"<!-- This site is optimized with the Yoast SEO plugin v27.3 - https:\/\/yoast.com\/product\/yoast-seo-wordpress\/ -->\n<title>PREMIEE Absorbent Insert | Mommy Mouse - Pieluszki Wielorazowe<\/title>\n<meta name=\"description\" content=\"The PREMIEE insert is an absorbent pad that captures baby\u2019s milk stools. It has no elastic bands and features the NO-CRUSH system at the legs, which gently wraps and seals the baby\u2019s legs, preventing any leakage onto the diaper or clothing, while ensuring no marks are left on the baby\u2019s skin.  The Premiee absorbent insert is a special kind of insert used in baby diapers in the Premiee size.  Size PREMIEE: weight of baby 2.5-5 kg Wk\u0142ad PREMIEE to wk\u0142ad ch\u0142onny, kt\u00f3ry zatrzymuje mleczne kupki niemowl\u0105t. W swojej budowie nie ma gumek. Przy n\u00f3\u017ckach posiada burty NO-CRUSH system, kt\u00f3re delikatnie otulaj\u0105 oraz uszczelniaj\u0105 n\u00f3\u017ck\u0119 dziecka, nie dopuszczaj\u0105c do wydostania si\u0119 zawarto\u015bci na pieluszk\u0119 i na ubranko-doskonale uszczelnia wk\u0142ad jednocze\u015bnie nie powoduj\u0105c odci\u015bni\u0119tych \u015blad\u00f3w na sk\u00f3rze dziecka.Wk\u0142ad ch\u0142onny premiee to specjalny rodzaj wk\u0142adu u\u017cywanego w pieluszkach dzieci\u0119cych w rozmiarze premiee.\" \/>\n<meta name=\"robots\" content=\"index, follow, max-snippet:-1, max-image-preview:large, max-video-preview:-1\" \/>\n<link rel=\"canonical\" href=\"https:\/\/mommymouse.com.pl\/en\/produkt\/premiee-absorbent-insert\/\" \/>\n<meta property=\"og:locale\" content=\"en_US\" \/>\n<meta property=\"og:type\" content=\"article\" \/>\n<meta property=\"og:title\" content=\"PREMIEE Absorbent Insert | Mommy Mouse - Pieluszki Wielorazowe\" \/>\n<meta property=\"og:description\" content=\"The PREMIEE insert is an absorbent pad that captures baby\u2019s milk stools. It has no elastic bands and features the NO-CRUSH system at the legs, which gently wraps and seals the baby\u2019s legs, preventing any leakage onto the diaper or clothing, while ensuring no marks are left on the baby\u2019s skin.  The Premiee absorbent insert is a special kind of insert used in baby diapers in the Premiee size.  Size PREMIEE: weight of baby 2.5-5 kg Wk\u0142ad PREMIEE to wk\u0142ad ch\u0142onny, kt\u00f3ry zatrzymuje mleczne kupki niemowl\u0105t. W swojej budowie nie ma gumek. Przy n\u00f3\u017ckach posiada burty NO-CRUSH system, kt\u00f3re delikatnie otulaj\u0105 oraz uszczelniaj\u0105 n\u00f3\u017ck\u0119 dziecka, nie dopuszczaj\u0105c do wydostania si\u0119 zawarto\u015bci na pieluszk\u0119 i na ubranko-doskonale uszczelnia wk\u0142ad jednocze\u015bnie nie powoduj\u0105c odci\u015bni\u0119tych \u015blad\u00f3w na sk\u00f3rze dziecka.Wk\u0142ad ch\u0142onny premiee to specjalny rodzaj wk\u0142adu u\u017cywanego w pieluszkach dzieci\u0119cych w rozmiarze premiee.\" \/>\n<meta property=\"og:url\" content=\"https:\/\/mommymouse.com.pl\/en\/produkt\/premiee-absorbent-insert\/\" \/>\n<meta property=\"og:site_name\" content=\"Mommy Mouse - Pieluszki Wielorazowe\" \/>\n<meta property=\"article:publisher\" content=\"https:\/\/www.facebook.com\/pieluszki.mommymouse\/\" \/>\n<meta property=\"article:modified_time\" content=\"2024-10-03T10:45:57+00:00\" \/>\n<meta property=\"og:image\" content=\"https:\/\/mommymouse.com.pl\/wp-content\/uploads\/2023\/07\/DSC_1729-kopia-scaled.jpg\" \/>\n\t<meta property=\"og:image:width\" content=\"2560\" \/>\n\t<meta property=\"og:image:height\" content=\"1709\" \/>\n\t<meta property=\"og:image:type\" content=\"image\/jpeg\" \/>\n<meta name=\"twitter:card\" content=\"summary_large_image\" \/>\n<meta name=\"twitter:site\" content=\"@mommymouse_pl\" \/>\n<meta name=\"twitter:label1\" content=\"Est. reading time\" \/>\n\t<meta name=\"twitter:data1\" content=\"1 minute\" \/>\n<script type=\"application\/ld+json\" class=\"yoast-schema-graph\">{\"@context\":\"https:\\\/\\\/schema.org\",\"@graph\":[{\"@type\":\"WebPage\",\"@id\":\"https:\\\/\\\/mommymouse.com.pl\\\/en\\\/produkt\\\/premiee-absorbent-insert\\\/\",\"url\":\"https:\\\/\\\/mommymouse.com.pl\\\/en\\\/produkt\\\/premiee-absorbent-insert\\\/\",\"name\":\"PREMIEE Absorbent Insert | Mommy Mouse - Pieluszki Wielorazowe\",\"isPartOf\":{\"@id\":\"https:\\\/\\\/mommymouse.com.pl\\\/#website\"},\"primaryImageOfPage\":{\"@id\":\"https:\\\/\\\/mommymouse.com.pl\\\/en\\\/produkt\\\/premiee-absorbent-insert\\\/#primaryimage\"},\"image\":{\"@id\":\"https:\\\/\\\/mommymouse.com.pl\\\/en\\\/produkt\\\/premiee-absorbent-insert\\\/#primaryimage\"},\"thumbnailUrl\":\"https:\\\/\\\/mommymouse.com.pl\\\/wp-content\\\/uploads\\\/2023\\\/07\\\/DSC_1729-kopia-scaled.jpg\",\"datePublished\":\"2023-07-18T12:36:42+00:00\",\"dateModified\":\"2024-10-03T10:45:57+00:00\",\"description\":\"The PREMIEE insert is an absorbent pad that captures baby\u2019s milk stools. It has no elastic bands and features the NO-CRUSH system at the legs, which gently wraps and seals the baby\u2019s legs, preventing any leakage onto the diaper or clothing, while ensuring no marks are left on the baby\u2019s skin. The Premiee absorbent insert is a special kind of insert used in baby diapers in the Premiee size. Size PREMIEE: weight of baby 2.5-5 kg Wk\u0142ad PREMIEE to wk\u0142ad ch\u0142onny, kt\u00f3ry zatrzymuje mleczne kupki niemowl\u0105t. W swojej budowie nie ma gumek. Przy n\u00f3\u017ckach posiada burty NO-CRUSH system, kt\u00f3re delikatnie otulaj\u0105 oraz uszczelniaj\u0105 n\u00f3\u017ck\u0119 dziecka, nie dopuszczaj\u0105c do wydostania si\u0119 zawarto\u015bci na pieluszk\u0119 i na ubranko-doskonale uszczelnia wk\u0142ad jednocze\u015bnie nie powoduj\u0105c odci\u015bni\u0119tych \u015blad\u00f3w na sk\u00f3rze dziecka.Wk\u0142ad ch\u0142onny premiee to specjalny rodzaj wk\u0142adu u\u017cywanego w pieluszkach dzieci\u0119cych w rozmiarze premiee.\",\"breadcrumb\":{\"@id\":\"https:\\\/\\\/mommymouse.com.pl\\\/en\\\/produkt\\\/premiee-absorbent-insert\\\/#breadcrumb\"},\"inLanguage\":\"en-US\",\"potentialAction\":[{\"@type\":\"ReadAction\",\"target\":[\"https:\\\/\\\/mommymouse.com.pl\\\/en\\\/produkt\\\/premiee-absorbent-insert\\\/\"]}]},{\"@type\":\"ImageObject\",\"inLanguage\":\"en-US\",\"@id\":\"https:\\\/\\\/mommymouse.com.pl\\\/en\\\/produkt\\\/premiee-absorbent-insert\\\/#primaryimage\",\"url\":\"https:\\\/\\\/mommymouse.com.pl\\\/wp-content\\\/uploads\\\/2023\\\/07\\\/DSC_1729-kopia-scaled.jpg\",\"contentUrl\":\"https:\\\/\\\/mommymouse.com.pl\\\/wp-content\\\/uploads\\\/2023\\\/07\\\/DSC_1729-kopia-scaled.jpg\",\"width\":2560,\"height\":1709},{\"@type\":\"BreadcrumbList\",\"@id\":\"https:\\\/\\\/mommymouse.com.pl\\\/en\\\/produkt\\\/premiee-absorbent-insert\\\/#breadcrumb\",\"itemListElement\":[{\"@type\":\"ListItem\",\"position\":1,\"name\":\"Strona g\u0142\u00f3wna\",\"item\":\"https:\\\/\\\/mommymouse.com.pl\\\/en\\\/\"},{\"@type\":\"ListItem\",\"position\":2,\"name\":\"Shop\",\"item\":\"https:\\\/\\\/mommymouse.com.pl\\\/en\\\/shop\\\/\"},{\"@type\":\"ListItem\",\"position\":3,\"name\":\"PREMIEE Absorbent Insert\"}]},{\"@type\":\"WebSite\",\"@id\":\"https:\\\/\\\/mommymouse.com.pl\\\/#website\",\"url\":\"https:\\\/\\\/mommymouse.com.pl\\\/\",\"name\":\"Mommy Mouse - Pieluszki Wielorazowe\",\"description\":\"Wielorazowe Pieluszki\",\"publisher\":{\"@id\":\"https:\\\/\\\/mommymouse.com.pl\\\/#organization\"},\"potentialAction\":[{\"@type\":\"SearchAction\",\"target\":{\"@type\":\"EntryPoint\",\"urlTemplate\":\"https:\\\/\\\/mommymouse.com.pl\\\/?s={search_term_string}\"},\"query-input\":{\"@type\":\"PropertyValueSpecification\",\"valueRequired\":true,\"valueName\":\"search_term_string\"}}],\"inLanguage\":\"en-US\"},{\"@type\":\"Organization\",\"@id\":\"https:\\\/\\\/mommymouse.com.pl\\\/#organization\",\"name\":\"Mommy Mouse - Pieluszki Wielorazowe\",\"url\":\"https:\\\/\\\/mommymouse.com.pl\\\/\",\"logo\":{\"@type\":\"ImageObject\",\"inLanguage\":\"en-US\",\"@id\":\"https:\\\/\\\/mommymouse.com.pl\\\/#\\\/schema\\\/logo\\\/image\\\/\",\"url\":\"https:\\\/\\\/mommymouse.com.pl\\\/wp-content\\\/uploads\\\/2018\\\/04\\\/logo-mommy-mouse.png\",\"contentUrl\":\"https:\\\/\\\/mommymouse.com.pl\\\/wp-content\\\/uploads\\\/2018\\\/04\\\/logo-mommy-mouse.png\",\"width\":118,\"height\":90,\"caption\":\"Mommy Mouse - Pieluszki Wielorazowe\"},\"image\":{\"@id\":\"https:\\\/\\\/mommymouse.com.pl\\\/#\\\/schema\\\/logo\\\/image\\\/\"},\"sameAs\":[\"https:\\\/\\\/www.facebook.com\\\/pieluszki.mommymouse\\\/\",\"https:\\\/\\\/x.com\\\/mommymouse_pl\"]}]}<\/script>\n<!-- \/ Yoast SEO plugin. -->","yoast_head_json":{"title":"PREMIEE Absorbent Insert | Mommy Mouse - Pieluszki Wielorazowe","description":"The PREMIEE insert is an absorbent pad that captures baby\u2019s milk stools. It has no elastic bands and features the NO-CRUSH system at the legs, which gently wraps and seals the baby\u2019s legs, preventing any leakage onto the diaper or clothing, while ensuring no marks are left on the baby\u2019s skin.  The Premiee absorbent insert is a special kind of insert used in baby diapers in the Premiee size.  Size PREMIEE: weight of baby 2.5-5 kg Wk\u0142ad PREMIEE to wk\u0142ad ch\u0142onny, kt\u00f3ry zatrzymuje mleczne kupki niemowl\u0105t. W swojej budowie nie ma gumek. Przy n\u00f3\u017ckach posiada burty NO-CRUSH system, kt\u00f3re delikatnie otulaj\u0105 oraz uszczelniaj\u0105 n\u00f3\u017ck\u0119 dziecka, nie dopuszczaj\u0105c do wydostania si\u0119 zawarto\u015bci na pieluszk\u0119 i na ubranko-doskonale uszczelnia wk\u0142ad jednocze\u015bnie nie powoduj\u0105c odci\u015bni\u0119tych \u015blad\u00f3w na sk\u00f3rze dziecka.Wk\u0142ad ch\u0142onny premiee to specjalny rodzaj wk\u0142adu u\u017cywanego w pieluszkach dzieci\u0119cych w rozmiarze premiee.","robots":{"index":"index","follow":"follow","max-snippet":"max-snippet:-1","max-image-preview":"max-image-preview:large","max-video-preview":"max-video-preview:-1"},"canonical":"https:\/\/mommymouse.com.pl\/en\/produkt\/premiee-absorbent-insert\/","og_locale":"en_US","og_type":"article","og_title":"PREMIEE Absorbent Insert | Mommy Mouse - Pieluszki Wielorazowe","og_description":"The PREMIEE insert is an absorbent pad that captures baby\u2019s milk stools. It has no elastic bands and features the NO-CRUSH system at the legs, which gently wraps and seals the baby\u2019s legs, preventing any leakage onto the diaper or clothing, while ensuring no marks are left on the baby\u2019s skin.  The Premiee absorbent insert is a special kind of insert used in baby diapers in the Premiee size.  Size PREMIEE: weight of baby 2.5-5 kg Wk\u0142ad PREMIEE to wk\u0142ad ch\u0142onny, kt\u00f3ry zatrzymuje mleczne kupki niemowl\u0105t. W swojej budowie nie ma gumek. Przy n\u00f3\u017ckach posiada burty NO-CRUSH system, kt\u00f3re delikatnie otulaj\u0105 oraz uszczelniaj\u0105 n\u00f3\u017ck\u0119 dziecka, nie dopuszczaj\u0105c do wydostania si\u0119 zawarto\u015bci na pieluszk\u0119 i na ubranko-doskonale uszczelnia wk\u0142ad jednocze\u015bnie nie powoduj\u0105c odci\u015bni\u0119tych \u015blad\u00f3w na sk\u00f3rze dziecka.Wk\u0142ad ch\u0142onny premiee to specjalny rodzaj wk\u0142adu u\u017cywanego w pieluszkach dzieci\u0119cych w rozmiarze premiee.","og_url":"https:\/\/mommymouse.com.pl\/en\/produkt\/premiee-absorbent-insert\/","og_site_name":"Mommy Mouse - Pieluszki Wielorazowe","article_publisher":"https:\/\/www.facebook.com\/pieluszki.mommymouse\/","article_modified_time":"2024-10-03T10:45:57+00:00","og_image":[{"width":2560,"height":1709,"url":"https:\/\/mommymouse.com.pl\/wp-content\/uploads\/2023\/07\/DSC_1729-kopia-scaled.jpg","type":"image\/jpeg"}],"twitter_card":"summary_large_image","twitter_site":"@mommymouse_pl","twitter_misc":{"Est. reading time":"1 minute"},"schema":{"@context":"https:\/\/schema.org","@graph":[{"@type":"WebPage","@id":"https:\/\/mommymouse.com.pl\/en\/produkt\/premiee-absorbent-insert\/","url":"https:\/\/mommymouse.com.pl\/en\/produkt\/premiee-absorbent-insert\/","name":"PREMIEE Absorbent Insert | Mommy Mouse - Pieluszki Wielorazowe","isPartOf":{"@id":"https:\/\/mommymouse.com.pl\/#website"},"primaryImageOfPage":{"@id":"https:\/\/mommymouse.com.pl\/en\/produkt\/premiee-absorbent-insert\/#primaryimage"},"image":{"@id":"https:\/\/mommymouse.com.pl\/en\/produkt\/premiee-absorbent-insert\/#primaryimage"},"thumbnailUrl":"https:\/\/mommymouse.com.pl\/wp-content\/uploads\/2023\/07\/DSC_1729-kopia-scaled.jpg","datePublished":"2023-07-18T12:36:42+00:00","dateModified":"2024-10-03T10:45:57+00:00","description":"The PREMIEE insert is an absorbent pad that captures baby\u2019s milk stools. It has no elastic bands and features the NO-CRUSH system at the legs, which gently wraps and seals the baby\u2019s legs, preventing any leakage onto the diaper or clothing, while ensuring no marks are left on the baby\u2019s skin. The Premiee absorbent insert is a special kind of insert used in baby diapers in the Premiee size. Size PREMIEE: weight of baby 2.5-5 kg Wk\u0142ad PREMIEE to wk\u0142ad ch\u0142onny, kt\u00f3ry zatrzymuje mleczne kupki niemowl\u0105t. W swojej budowie nie ma gumek. Przy n\u00f3\u017ckach posiada burty NO-CRUSH system, kt\u00f3re delikatnie otulaj\u0105 oraz uszczelniaj\u0105 n\u00f3\u017ck\u0119 dziecka, nie dopuszczaj\u0105c do wydostania si\u0119 zawarto\u015bci na pieluszk\u0119 i na ubranko-doskonale uszczelnia wk\u0142ad jednocze\u015bnie nie powoduj\u0105c odci\u015bni\u0119tych \u015blad\u00f3w na sk\u00f3rze dziecka.Wk\u0142ad ch\u0142onny premiee to specjalny rodzaj wk\u0142adu u\u017cywanego w pieluszkach dzieci\u0119cych w rozmiarze premiee.","breadcrumb":{"@id":"https:\/\/mommymouse.com.pl\/en\/produkt\/premiee-absorbent-insert\/#breadcrumb"},"inLanguage":"en-US","potentialAction":[{"@type":"ReadAction","target":["https:\/\/mommymouse.com.pl\/en\/produkt\/premiee-absorbent-insert\/"]}]},{"@type":"ImageObject","inLanguage":"en-US","@id":"https:\/\/mommymouse.com.pl\/en\/produkt\/premiee-absorbent-insert\/#primaryimage","url":"https:\/\/mommymouse.com.pl\/wp-content\/uploads\/2023\/07\/DSC_1729-kopia-scaled.jpg","contentUrl":"https:\/\/mommymouse.com.pl\/wp-content\/uploads\/2023\/07\/DSC_1729-kopia-scaled.jpg","width":2560,"height":1709},{"@type":"BreadcrumbList","@id":"https:\/\/mommymouse.com.pl\/en\/produkt\/premiee-absorbent-insert\/#breadcrumb","itemListElement":[{"@type":"ListItem","position":1,"name":"Strona g\u0142\u00f3wna","item":"https:\/\/mommymouse.com.pl\/en\/"},{"@type":"ListItem","position":2,"name":"Shop","item":"https:\/\/mommymouse.com.pl\/en\/shop\/"},{"@type":"ListItem","position":3,"name":"PREMIEE Absorbent Insert"}]},{"@type":"WebSite","@id":"https:\/\/mommymouse.com.pl\/#website","url":"https:\/\/mommymouse.com.pl\/","name":"Mommy Mouse - Pieluszki Wielorazowe","description":"Wielorazowe Pieluszki","publisher":{"@id":"https:\/\/mommymouse.com.pl\/#organization"},"potentialAction":[{"@type":"SearchAction","target":{"@type":"EntryPoint","urlTemplate":"https:\/\/mommymouse.com.pl\/?s={search_term_string}"},"query-input":{"@type":"PropertyValueSpecification","valueRequired":true,"valueName":"search_term_string"}}],"inLanguage":"en-US"},{"@type":"Organization","@id":"https:\/\/mommymouse.com.pl\/#organization","name":"Mommy Mouse - Pieluszki Wielorazowe","url":"https:\/\/mommymouse.com.pl\/","logo":{"@type":"ImageObject","inLanguage":"en-US","@id":"https:\/\/mommymouse.com.pl\/#\/schema\/logo\/image\/","url":"https:\/\/mommymouse.com.pl\/wp-content\/uploads\/2018\/04\/logo-mommy-mouse.png","contentUrl":"https:\/\/mommymouse.com.pl\/wp-content\/uploads\/2018\/04\/logo-mommy-mouse.png","width":118,"height":90,"caption":"Mommy Mouse - Pieluszki Wielorazowe"},"image":{"@id":"https:\/\/mommymouse.com.pl\/#\/schema\/logo\/image\/"},"sameAs":["https:\/\/www.facebook.com\/pieluszki.mommymouse\/","https:\/\/x.com\/mommymouse_pl"]}]}},"_links":{"self":[{"href":"https:\/\/mommymouse.com.pl\/en\/wp-json\/wp\/v2\/product\/38535","targetHints":{"allow":["GET"]}}],"collection":[{"href":"https:\/\/mommymouse.com.pl\/en\/wp-json\/wp\/v2\/product"}],"about":[{"href":"https:\/\/mommymouse.com.pl\/en\/wp-json\/wp\/v2\/types\/product"}],"replies":[{"embeddable":true,"href":"https:\/\/mommymouse.com.pl\/en\/wp-json\/wp\/v2\/comments?post=38535"}],"wp:featuredmedia":[{"embeddable":true,"href":"https:\/\/mommymouse.com.pl\/en\/wp-json\/wp\/v2\/media\/32928"}],"wp:attachment":[{"href":"https:\/\/mommymouse.com.pl\/en\/wp-json\/wp\/v2\/media?parent=38535"}],"wp:term":[{"taxonomy":"product_brand","embeddable":true,"href":"https:\/\/mommymouse.com.pl\/en\/wp-json\/wp\/v2\/product_brand?post=38535"},{"taxonomy":"product_cat","embeddable":true,"href":"https:\/\/mommymouse.com.pl\/en\/wp-json\/wp\/v2\/product_cat?post=38535"},{"taxonomy":"product_tag","embeddable":true,"href":"https:\/\/mommymouse.com.pl\/en\/wp-json\/wp\/v2\/product_tag?post=38535"}],"curies":[{"name":"wp","href":"https:\/\/api.w.org\/{rel}","templated":true}]}}