{"id":38550,"date":"2023-07-18T09:47:37","date_gmt":"2023-07-18T07:47:37","guid":{"rendered":"https:\/\/mommymouse.com.pl\/produkt\/zestaw-premiee\/"},"modified":"2024-10-03T13:12:22","modified_gmt":"2024-10-03T11:12:22","slug":"premiee-newborn-set","status":"publish","type":"product","link":"https:\/\/mommymouse.com.pl\/en\/produkt\/premiee-newborn-set\/","title":{"rendered":"PREMIEE Newborn Set"},"content":{"rendered":"<p>The <strong>Premiee newborn<\/strong> cover is made from a waterproof PUL layer (vapor-permeable membrane) and an inner layer equipped with oval cut-outs finished with AIR-FLOW mesh, which guarantees optimal air circulation and thermoregulation inside the diaper.<\/p>\n<p>The <strong>Premiee cover<\/strong> has a special cutout for the newborn\u2019s unhealed belly button, to ensure air circulation, safe healing, and to prevent potential irritation.<\/p>\n<p>Vertical snaps on the outside allow for a more precise fit to the baby\u2019s body.<\/p>\n<p>Side protections (<strong>barriers<\/strong>) made of elastic material serve as protection against milk stools.<\/p>\n<p>&nbsp;<\/p>\n<p><a href=\"https:\/\/mommymouse.com.pl\/wp-content\/uploads\/2023\/07\/otulacz-newborne.png\"><img loading=\"lazy\" decoding=\"async\" class=\"alignright size-full wp-image-32941\" src=\"https:\/\/mommymouse.com.pl\/wp-content\/uploads\/2023\/07\/otulacz-newborne.png\" alt=\"\" width=\"3958\" height=\"2550\" srcset=\"https:\/\/mommymouse.com.pl\/wp-content\/uploads\/2023\/07\/otulacz-newborne.png 3958w, https:\/\/mommymouse.com.pl\/wp-content\/uploads\/2023\/07\/otulacz-newborne-300x193.png 300w, https:\/\/mommymouse.com.pl\/wp-content\/uploads\/2023\/07\/otulacz-newborne-1024x660.png 1024w, https:\/\/mommymouse.com.pl\/wp-content\/uploads\/2023\/07\/otulacz-newborne-768x495.png 768w, https:\/\/mommymouse.com.pl\/wp-content\/uploads\/2023\/07\/otulacz-newborne-1536x990.png 1536w, https:\/\/mommymouse.com.pl\/wp-content\/uploads\/2023\/07\/otulacz-newborne-2048x1319.png 2048w, https:\/\/mommymouse.com.pl\/wp-content\/uploads\/2023\/07\/otulacz-newborne-1400x902.png 1400w, https:\/\/mommymouse.com.pl\/wp-content\/uploads\/2023\/07\/otulacz-newborne-150x97.png 150w\" sizes=\"auto, (max-width: 3958px) 100vw, 3958px\" \/><\/a><\/p>\n<p>The <strong>hourglass-shaped Premiee insert<\/strong> fits perfectly into the cover, making it an integral part of the diapering package.<br \/>\n<strong>Dedicated inserts are available in the following versions:<\/strong><\/p>\n<ul>\n<li><strong>Premiee Polar<\/strong>\u00a0\u2013 keeps the newborn&#8217;s skin dry; the <strong>micropolar<\/strong> keeps moisture away from the baby\u2019s skin, ensuring <strong>comfort<\/strong> and is <strong>quick-drying<\/strong>.<\/li>\n<li><strong>Premiee Thermo<\/strong>\u00a0\u2013 designed for <strong>summer<\/strong>, leaves a moderate feeling of coolness and dry skin, thanks to the<strong> THERMO Mouse material<\/strong>, ensuring excellent air circulation, quick-drying and versatile.<\/li>\n<li><strong>Premiee SILKY COTTON<\/strong> \u2013\u00a0 100% natural organic cotton in contact with the skin, leaves a wet feeling<\/li>\n<li><strong>Premiee Cotton Organic &#8211;<\/strong>100% natural, unbleached organic cotton in contact with the skin, leaves a wet feeling.<\/li>\n<\/ul>\n<p>&nbsp;<\/p>\n<p><a href=\"https:\/\/mommymouse.com.pl\/wp-content\/uploads\/2023\/07\/wklad-premiee-wymiary-akt.jpg\"><img loading=\"lazy\" decoding=\"async\" class=\"wp-image-32943 alignleft\" src=\"https:\/\/mommymouse.com.pl\/wp-content\/uploads\/2023\/07\/wklad-premiee-wymiary-akt.jpg\" alt=\"\" width=\"554\" height=\"370\" srcset=\"https:\/\/mommymouse.com.pl\/wp-content\/uploads\/2023\/07\/wklad-premiee-wymiary-akt.jpg 1229w, https:\/\/mommymouse.com.pl\/wp-content\/uploads\/2023\/07\/wklad-premiee-wymiary-akt-300x200.jpg 300w, https:\/\/mommymouse.com.pl\/wp-content\/uploads\/2023\/07\/wklad-premiee-wymiary-akt-1024x684.jpg 1024w, https:\/\/mommymouse.com.pl\/wp-content\/uploads\/2023\/07\/wklad-premiee-wymiary-akt-768x513.jpg 768w, https:\/\/mommymouse.com.pl\/wp-content\/uploads\/2023\/07\/wklad-premiee-wymiary-akt-150x100.jpg 150w\" sizes=\"auto, (max-width: 554px) 100vw, 554px\" \/><\/a><\/p>\n<blockquote>\n<h4><\/h4>\n<h4><\/h4>\n<h4><\/h4>\n<h4><\/h4>\n<h4><\/h4>\n<h4><\/h4>\n<h4><\/h4>\n<h4><\/h4>\n<h4><\/h4>\n<\/blockquote>\n<p>&nbsp;<\/p>\n","protected":false},"excerpt":{"rendered":"<p><span style=\"color: #3366ff;\">The <strong>PREMIEE Newborn Set<\/strong> is the ideal package for easy and seamless diapering from the very first days of life.<\/span><\/p>\n<p>The cover is equipped with side elements from the <strong>No-Crush system<\/strong>, paired with an insert with the popular <strong>\u201cNo-Crush\u201d barriers from Mommy Mouse<\/strong>, tackling all newborn &#8220;issues&#8221; \u2014 the perfect diapering starter for newborns in their first stage of life.<\/p>\n<p><strong>Using Premiee Mommy Mouse covers with NO-CRUSH inserts is the simplest and most effective method of diapering newborns while ensuring comfort and ease of use.<\/strong><\/p>\n","protected":false},"featured_media":32926,"comment_status":"open","ping_status":"closed","template":"","meta":[],"product_brand":[],"product_cat":[708,707],"product_tag":[],"class_list":{"0":"post-38550","1":"product","2":"type-product","3":"status-publish","4":"has-post-thumbnail","6":"product_cat-newborn-shell","7":"product_cat-shells","8":"pa_serie-adellia","9":"pa_serie-balto","10":"pa_serie-inika","11":"pa_serie-my-heart","12":"pa_serie-my-sunshine","13":"pa_serie-white","15":"first","16":"instock","17":"taxable","18":"shipping-taxable","19":"purchasable","20":"product-type-variable"},"yoast_head":"<!-- This site is optimized with the Yoast SEO plugin v27.5 - https:\/\/yoast.com\/product\/yoast-seo-wordpress\/ -->\n<title>PREMIEE Newborn Set | Mommy Mouse - Pieluszki Wielorazowe<\/title>\n<meta name=\"description\" content=\"The PREMIEE Newborn Set is the ideal package for easy and seamless diapering from the very first days of life.  The cover is equipped with side elements from the No-Crush system, paired with an insert with the popular \u201cNo-Crush\u201d barriers from Mommy Mouse, tackling all newborn &quot;issues&quot; \u2014 the perfect diapering starter for newborns in their first stage of life.  Using Premiee Mommy Mouse covers with NO-CRUSH inserts is the simplest and most effective method of diapering newborns while ensuring comfort and ease of use. Zestaw noworodkowy PREMIEE\u00a0to idealny pakiet do prostego i bezproblemowego pieluchowania maluszka ju\u017c od pierwszych dni \u017cycia.Otulacz wyposa\u017cony w boczne elementy z systemu No-Crush w zestawieniu z wk\u0142adem z popularnymi\u00a0 &quot;burtami\u201d \u00a0no-crush system Mommy Mouse, kt\u00f3ry radzi sobie z wszystkimi noworodkowymi \u201eproblemami\u201d to dedykowany starter pieluszkowy dla noworodka na\u00a0 pierwszym etapie \u017cycia .Stosowanie Otulaczy Premiee Mommy Mouse w komplecie z wk\u0142adami NO-CRUSH to najprostszy spos\u00f3b pieluchowania noworodka a jednocze\u015bnie skuteczny i komfortowy w swej prostocie.\" \/>\n<meta name=\"robots\" content=\"index, follow, max-snippet:-1, max-image-preview:large, max-video-preview:-1\" \/>\n<link rel=\"canonical\" href=\"https:\/\/mommymouse.com.pl\/en\/produkt\/premiee-newborn-set\/\" \/>\n<meta property=\"og:locale\" content=\"en_US\" \/>\n<meta property=\"og:type\" content=\"article\" \/>\n<meta property=\"og:title\" content=\"PREMIEE Newborn Set | Mommy Mouse - Pieluszki Wielorazowe\" \/>\n<meta property=\"og:description\" content=\"The PREMIEE Newborn Set is the ideal package for easy and seamless diapering from the very first days of life.  The cover is equipped with side elements from the No-Crush system, paired with an insert with the popular \u201cNo-Crush\u201d barriers from Mommy Mouse, tackling all newborn &quot;issues&quot; \u2014 the perfect diapering starter for newborns in their first stage of life.  Using Premiee Mommy Mouse covers with NO-CRUSH inserts is the simplest and most effective method of diapering newborns while ensuring comfort and ease of use. Zestaw noworodkowy PREMIEE\u00a0to idealny pakiet do prostego i bezproblemowego pieluchowania maluszka ju\u017c od pierwszych dni \u017cycia.Otulacz wyposa\u017cony w boczne elementy z systemu No-Crush w zestawieniu z wk\u0142adem z popularnymi\u00a0 &quot;burtami\u201d \u00a0no-crush system Mommy Mouse, kt\u00f3ry radzi sobie z wszystkimi noworodkowymi \u201eproblemami\u201d to dedykowany starter pieluszkowy dla noworodka na\u00a0 pierwszym etapie \u017cycia .Stosowanie Otulaczy Premiee Mommy Mouse w komplecie z wk\u0142adami NO-CRUSH to najprostszy spos\u00f3b pieluchowania noworodka a jednocze\u015bnie skuteczny i komfortowy w swej prostocie.\" \/>\n<meta property=\"og:url\" content=\"https:\/\/mommymouse.com.pl\/en\/produkt\/premiee-newborn-set\/\" \/>\n<meta property=\"og:site_name\" content=\"Mommy Mouse - Pieluszki Wielorazowe\" \/>\n<meta property=\"article:publisher\" content=\"https:\/\/www.facebook.com\/pieluszki.mommymouse\/\" \/>\n<meta property=\"article:modified_time\" content=\"2024-10-03T11:12:22+00:00\" \/>\n<meta property=\"og:image\" content=\"https:\/\/mommymouse.com.pl\/wp-content\/uploads\/2023\/07\/DSC_1737-kopia-scaled.jpg\" \/>\n\t<meta property=\"og:image:width\" content=\"2560\" \/>\n\t<meta property=\"og:image:height\" content=\"1709\" \/>\n\t<meta property=\"og:image:type\" content=\"image\/jpeg\" \/>\n<meta name=\"twitter:card\" content=\"summary_large_image\" \/>\n<meta name=\"twitter:site\" content=\"@mommymouse_pl\" \/>\n<meta name=\"twitter:label1\" content=\"Est. reading time\" \/>\n\t<meta name=\"twitter:data1\" content=\"2 minutes\" \/>\n<script type=\"application\/ld+json\" class=\"yoast-schema-graph\">{\"@context\":\"https:\\\/\\\/schema.org\",\"@graph\":[{\"@type\":\"WebPage\",\"@id\":\"https:\\\/\\\/mommymouse.com.pl\\\/en\\\/produkt\\\/premiee-newborn-set\\\/\",\"url\":\"https:\\\/\\\/mommymouse.com.pl\\\/en\\\/produkt\\\/premiee-newborn-set\\\/\",\"name\":\"PREMIEE Newborn Set | Mommy Mouse - Pieluszki Wielorazowe\",\"isPartOf\":{\"@id\":\"https:\\\/\\\/mommymouse.com.pl\\\/#website\"},\"primaryImageOfPage\":{\"@id\":\"https:\\\/\\\/mommymouse.com.pl\\\/en\\\/produkt\\\/premiee-newborn-set\\\/#primaryimage\"},\"image\":{\"@id\":\"https:\\\/\\\/mommymouse.com.pl\\\/en\\\/produkt\\\/premiee-newborn-set\\\/#primaryimage\"},\"thumbnailUrl\":\"https:\\\/\\\/mommymouse.com.pl\\\/wp-content\\\/uploads\\\/2023\\\/07\\\/DSC_1737-kopia-scaled.jpg\",\"datePublished\":\"2023-07-18T07:47:37+00:00\",\"dateModified\":\"2024-10-03T11:12:22+00:00\",\"description\":\"The PREMIEE Newborn Set is the ideal package for easy and seamless diapering from the very first days of life. The cover is equipped with side elements from the No-Crush system, paired with an insert with the popular \u201cNo-Crush\u201d barriers from Mommy Mouse, tackling all newborn \\\"issues\\\" \u2014 the perfect diapering starter for newborns in their first stage of life. Using Premiee Mommy Mouse covers with NO-CRUSH inserts is the simplest and most effective method of diapering newborns while ensuring comfort and ease of use. Zestaw noworodkowy PREMIEE\u00a0to idealny pakiet do prostego i bezproblemowego pieluchowania maluszka ju\u017c od pierwszych dni \u017cycia.Otulacz wyposa\u017cony w boczne elementy z systemu No-Crush w zestawieniu z wk\u0142adem z popularnymi\u00a0 \\\"burtami\u201d \u00a0no-crush system Mommy Mouse, kt\u00f3ry radzi sobie z wszystkimi noworodkowymi \u201eproblemami\u201d to dedykowany starter pieluszkowy dla noworodka na\u00a0 pierwszym etapie \u017cycia .Stosowanie Otulaczy Premiee Mommy Mouse w komplecie z wk\u0142adami NO-CRUSH to najprostszy spos\u00f3b pieluchowania noworodka a jednocze\u015bnie skuteczny i komfortowy w swej prostocie.\",\"breadcrumb\":{\"@id\":\"https:\\\/\\\/mommymouse.com.pl\\\/en\\\/produkt\\\/premiee-newborn-set\\\/#breadcrumb\"},\"inLanguage\":\"en-US\",\"potentialAction\":[{\"@type\":\"ReadAction\",\"target\":[\"https:\\\/\\\/mommymouse.com.pl\\\/en\\\/produkt\\\/premiee-newborn-set\\\/\"]}]},{\"@type\":\"ImageObject\",\"inLanguage\":\"en-US\",\"@id\":\"https:\\\/\\\/mommymouse.com.pl\\\/en\\\/produkt\\\/premiee-newborn-set\\\/#primaryimage\",\"url\":\"https:\\\/\\\/mommymouse.com.pl\\\/wp-content\\\/uploads\\\/2023\\\/07\\\/DSC_1737-kopia-scaled.jpg\",\"contentUrl\":\"https:\\\/\\\/mommymouse.com.pl\\\/wp-content\\\/uploads\\\/2023\\\/07\\\/DSC_1737-kopia-scaled.jpg\",\"width\":2560,\"height\":1709},{\"@type\":\"BreadcrumbList\",\"@id\":\"https:\\\/\\\/mommymouse.com.pl\\\/en\\\/produkt\\\/premiee-newborn-set\\\/#breadcrumb\",\"itemListElement\":[{\"@type\":\"ListItem\",\"position\":1,\"name\":\"Strona g\u0142\u00f3wna\",\"item\":\"https:\\\/\\\/mommymouse.com.pl\\\/en\\\/\"},{\"@type\":\"ListItem\",\"position\":2,\"name\":\"Shop\",\"item\":\"https:\\\/\\\/mommymouse.com.pl\\\/en\\\/shop\\\/\"},{\"@type\":\"ListItem\",\"position\":3,\"name\":\"PREMIEE Newborn Set\"}]},{\"@type\":\"WebSite\",\"@id\":\"https:\\\/\\\/mommymouse.com.pl\\\/#website\",\"url\":\"https:\\\/\\\/mommymouse.com.pl\\\/\",\"name\":\"Mommy Mouse - Pieluszki Wielorazowe\",\"description\":\"Wielorazowe Pieluszki\",\"publisher\":{\"@id\":\"https:\\\/\\\/mommymouse.com.pl\\\/#organization\"},\"potentialAction\":[{\"@type\":\"SearchAction\",\"target\":{\"@type\":\"EntryPoint\",\"urlTemplate\":\"https:\\\/\\\/mommymouse.com.pl\\\/?s={search_term_string}\"},\"query-input\":{\"@type\":\"PropertyValueSpecification\",\"valueRequired\":true,\"valueName\":\"search_term_string\"}}],\"inLanguage\":\"en-US\"},{\"@type\":\"Organization\",\"@id\":\"https:\\\/\\\/mommymouse.com.pl\\\/#organization\",\"name\":\"Mommy Mouse - Pieluszki Wielorazowe\",\"url\":\"https:\\\/\\\/mommymouse.com.pl\\\/\",\"logo\":{\"@type\":\"ImageObject\",\"inLanguage\":\"en-US\",\"@id\":\"https:\\\/\\\/mommymouse.com.pl\\\/#\\\/schema\\\/logo\\\/image\\\/\",\"url\":\"https:\\\/\\\/mommymouse.com.pl\\\/wp-content\\\/uploads\\\/2018\\\/04\\\/logo-mommy-mouse.png\",\"contentUrl\":\"https:\\\/\\\/mommymouse.com.pl\\\/wp-content\\\/uploads\\\/2018\\\/04\\\/logo-mommy-mouse.png\",\"width\":118,\"height\":90,\"caption\":\"Mommy Mouse - Pieluszki Wielorazowe\"},\"image\":{\"@id\":\"https:\\\/\\\/mommymouse.com.pl\\\/#\\\/schema\\\/logo\\\/image\\\/\"},\"sameAs\":[\"https:\\\/\\\/www.facebook.com\\\/pieluszki.mommymouse\\\/\",\"https:\\\/\\\/x.com\\\/mommymouse_pl\"]}]}<\/script>\n<!-- \/ Yoast SEO plugin. -->","yoast_head_json":{"title":"PREMIEE Newborn Set | Mommy Mouse - Pieluszki Wielorazowe","description":"The PREMIEE Newborn Set is the ideal package for easy and seamless diapering from the very first days of life.  The cover is equipped with side elements from the No-Crush system, paired with an insert with the popular \u201cNo-Crush\u201d barriers from Mommy Mouse, tackling all newborn \"issues\" \u2014 the perfect diapering starter for newborns in their first stage of life.  Using Premiee Mommy Mouse covers with NO-CRUSH inserts is the simplest and most effective method of diapering newborns while ensuring comfort and ease of use. Zestaw noworodkowy PREMIEE\u00a0to idealny pakiet do prostego i bezproblemowego pieluchowania maluszka ju\u017c od pierwszych dni \u017cycia.Otulacz wyposa\u017cony w boczne elementy z systemu No-Crush w zestawieniu z wk\u0142adem z popularnymi\u00a0 \"burtami\u201d \u00a0no-crush system Mommy Mouse, kt\u00f3ry radzi sobie z wszystkimi noworodkowymi \u201eproblemami\u201d to dedykowany starter pieluszkowy dla noworodka na\u00a0 pierwszym etapie \u017cycia .Stosowanie Otulaczy Premiee Mommy Mouse w komplecie z wk\u0142adami NO-CRUSH to najprostszy spos\u00f3b pieluchowania noworodka a jednocze\u015bnie skuteczny i komfortowy w swej prostocie.","robots":{"index":"index","follow":"follow","max-snippet":"max-snippet:-1","max-image-preview":"max-image-preview:large","max-video-preview":"max-video-preview:-1"},"canonical":"https:\/\/mommymouse.com.pl\/en\/produkt\/premiee-newborn-set\/","og_locale":"en_US","og_type":"article","og_title":"PREMIEE Newborn Set | Mommy Mouse - Pieluszki Wielorazowe","og_description":"The PREMIEE Newborn Set is the ideal package for easy and seamless diapering from the very first days of life.  The cover is equipped with side elements from the No-Crush system, paired with an insert with the popular \u201cNo-Crush\u201d barriers from Mommy Mouse, tackling all newborn \"issues\" \u2014 the perfect diapering starter for newborns in their first stage of life.  Using Premiee Mommy Mouse covers with NO-CRUSH inserts is the simplest and most effective method of diapering newborns while ensuring comfort and ease of use. Zestaw noworodkowy PREMIEE\u00a0to idealny pakiet do prostego i bezproblemowego pieluchowania maluszka ju\u017c od pierwszych dni \u017cycia.Otulacz wyposa\u017cony w boczne elementy z systemu No-Crush w zestawieniu z wk\u0142adem z popularnymi\u00a0 \"burtami\u201d \u00a0no-crush system Mommy Mouse, kt\u00f3ry radzi sobie z wszystkimi noworodkowymi \u201eproblemami\u201d to dedykowany starter pieluszkowy dla noworodka na\u00a0 pierwszym etapie \u017cycia .Stosowanie Otulaczy Premiee Mommy Mouse w komplecie z wk\u0142adami NO-CRUSH to najprostszy spos\u00f3b pieluchowania noworodka a jednocze\u015bnie skuteczny i komfortowy w swej prostocie.","og_url":"https:\/\/mommymouse.com.pl\/en\/produkt\/premiee-newborn-set\/","og_site_name":"Mommy Mouse - Pieluszki Wielorazowe","article_publisher":"https:\/\/www.facebook.com\/pieluszki.mommymouse\/","article_modified_time":"2024-10-03T11:12:22+00:00","og_image":[{"width":2560,"height":1709,"url":"https:\/\/mommymouse.com.pl\/wp-content\/uploads\/2023\/07\/DSC_1737-kopia-scaled.jpg","type":"image\/jpeg"}],"twitter_card":"summary_large_image","twitter_site":"@mommymouse_pl","twitter_misc":{"Est. reading time":"2 minutes"},"schema":{"@context":"https:\/\/schema.org","@graph":[{"@type":"WebPage","@id":"https:\/\/mommymouse.com.pl\/en\/produkt\/premiee-newborn-set\/","url":"https:\/\/mommymouse.com.pl\/en\/produkt\/premiee-newborn-set\/","name":"PREMIEE Newborn Set | Mommy Mouse - Pieluszki Wielorazowe","isPartOf":{"@id":"https:\/\/mommymouse.com.pl\/#website"},"primaryImageOfPage":{"@id":"https:\/\/mommymouse.com.pl\/en\/produkt\/premiee-newborn-set\/#primaryimage"},"image":{"@id":"https:\/\/mommymouse.com.pl\/en\/produkt\/premiee-newborn-set\/#primaryimage"},"thumbnailUrl":"https:\/\/mommymouse.com.pl\/wp-content\/uploads\/2023\/07\/DSC_1737-kopia-scaled.jpg","datePublished":"2023-07-18T07:47:37+00:00","dateModified":"2024-10-03T11:12:22+00:00","description":"The PREMIEE Newborn Set is the ideal package for easy and seamless diapering from the very first days of life. The cover is equipped with side elements from the No-Crush system, paired with an insert with the popular \u201cNo-Crush\u201d barriers from Mommy Mouse, tackling all newborn \"issues\" \u2014 the perfect diapering starter for newborns in their first stage of life. Using Premiee Mommy Mouse covers with NO-CRUSH inserts is the simplest and most effective method of diapering newborns while ensuring comfort and ease of use. Zestaw noworodkowy PREMIEE\u00a0to idealny pakiet do prostego i bezproblemowego pieluchowania maluszka ju\u017c od pierwszych dni \u017cycia.Otulacz wyposa\u017cony w boczne elementy z systemu No-Crush w zestawieniu z wk\u0142adem z popularnymi\u00a0 \"burtami\u201d \u00a0no-crush system Mommy Mouse, kt\u00f3ry radzi sobie z wszystkimi noworodkowymi \u201eproblemami\u201d to dedykowany starter pieluszkowy dla noworodka na\u00a0 pierwszym etapie \u017cycia .Stosowanie Otulaczy Premiee Mommy Mouse w komplecie z wk\u0142adami NO-CRUSH to najprostszy spos\u00f3b pieluchowania noworodka a jednocze\u015bnie skuteczny i komfortowy w swej prostocie.","breadcrumb":{"@id":"https:\/\/mommymouse.com.pl\/en\/produkt\/premiee-newborn-set\/#breadcrumb"},"inLanguage":"en-US","potentialAction":[{"@type":"ReadAction","target":["https:\/\/mommymouse.com.pl\/en\/produkt\/premiee-newborn-set\/"]}]},{"@type":"ImageObject","inLanguage":"en-US","@id":"https:\/\/mommymouse.com.pl\/en\/produkt\/premiee-newborn-set\/#primaryimage","url":"https:\/\/mommymouse.com.pl\/wp-content\/uploads\/2023\/07\/DSC_1737-kopia-scaled.jpg","contentUrl":"https:\/\/mommymouse.com.pl\/wp-content\/uploads\/2023\/07\/DSC_1737-kopia-scaled.jpg","width":2560,"height":1709},{"@type":"BreadcrumbList","@id":"https:\/\/mommymouse.com.pl\/en\/produkt\/premiee-newborn-set\/#breadcrumb","itemListElement":[{"@type":"ListItem","position":1,"name":"Strona g\u0142\u00f3wna","item":"https:\/\/mommymouse.com.pl\/en\/"},{"@type":"ListItem","position":2,"name":"Shop","item":"https:\/\/mommymouse.com.pl\/en\/shop\/"},{"@type":"ListItem","position":3,"name":"PREMIEE Newborn Set"}]},{"@type":"WebSite","@id":"https:\/\/mommymouse.com.pl\/#website","url":"https:\/\/mommymouse.com.pl\/","name":"Mommy Mouse - Pieluszki Wielorazowe","description":"Wielorazowe Pieluszki","publisher":{"@id":"https:\/\/mommymouse.com.pl\/#organization"},"potentialAction":[{"@type":"SearchAction","target":{"@type":"EntryPoint","urlTemplate":"https:\/\/mommymouse.com.pl\/?s={search_term_string}"},"query-input":{"@type":"PropertyValueSpecification","valueRequired":true,"valueName":"search_term_string"}}],"inLanguage":"en-US"},{"@type":"Organization","@id":"https:\/\/mommymouse.com.pl\/#organization","name":"Mommy Mouse - Pieluszki Wielorazowe","url":"https:\/\/mommymouse.com.pl\/","logo":{"@type":"ImageObject","inLanguage":"en-US","@id":"https:\/\/mommymouse.com.pl\/#\/schema\/logo\/image\/","url":"https:\/\/mommymouse.com.pl\/wp-content\/uploads\/2018\/04\/logo-mommy-mouse.png","contentUrl":"https:\/\/mommymouse.com.pl\/wp-content\/uploads\/2018\/04\/logo-mommy-mouse.png","width":118,"height":90,"caption":"Mommy Mouse - Pieluszki Wielorazowe"},"image":{"@id":"https:\/\/mommymouse.com.pl\/#\/schema\/logo\/image\/"},"sameAs":["https:\/\/www.facebook.com\/pieluszki.mommymouse\/","https:\/\/x.com\/mommymouse_pl"]}]}},"_links":{"self":[{"href":"https:\/\/mommymouse.com.pl\/en\/wp-json\/wp\/v2\/product\/38550","targetHints":{"allow":["GET"]}}],"collection":[{"href":"https:\/\/mommymouse.com.pl\/en\/wp-json\/wp\/v2\/product"}],"about":[{"href":"https:\/\/mommymouse.com.pl\/en\/wp-json\/wp\/v2\/types\/product"}],"replies":[{"embeddable":true,"href":"https:\/\/mommymouse.com.pl\/en\/wp-json\/wp\/v2\/comments?post=38550"}],"wp:featuredmedia":[{"embeddable":true,"href":"https:\/\/mommymouse.com.pl\/en\/wp-json\/wp\/v2\/media\/32926"}],"wp:attachment":[{"href":"https:\/\/mommymouse.com.pl\/en\/wp-json\/wp\/v2\/media?parent=38550"}],"wp:term":[{"taxonomy":"product_brand","embeddable":true,"href":"https:\/\/mommymouse.com.pl\/en\/wp-json\/wp\/v2\/product_brand?post=38550"},{"taxonomy":"product_cat","embeddable":true,"href":"https:\/\/mommymouse.com.pl\/en\/wp-json\/wp\/v2\/product_cat?post=38550"},{"taxonomy":"product_tag","embeddable":true,"href":"https:\/\/mommymouse.com.pl\/en\/wp-json\/wp\/v2\/product_tag?post=38550"}],"curies":[{"name":"wp","href":"https:\/\/api.w.org\/{rel}","templated":true}]}}