{"id":1439,"date":"2023-06-07T16:13:51","date_gmt":"2023-06-07T14:13:51","guid":{"rendered":"https:\/\/mommymouse.com.pl\/femiside\/p\/femicotton-harmony\/"},"modified":"2023-07-18T13:08:37","modified_gmt":"2023-07-18T11:08:37","slug":"femicotton-harmony-cotton-sanitary-pads","status":"publish","type":"product","link":"https:\/\/mommymouse.com.pl\/femiside\/en\/p\/femicotton-harmony-cotton-sanitary-pads\/","title":{"rendered":"FemiCotton Harmony- Cotton Sanitary Pads"},"content":{"rendered":"<p><strong>FemiCotton Harmony&#8230;<\/strong><\/p>\n<p><strong>Purity and naturalness for your comfort<\/strong><\/p>\n<p>The reusable <strong>Harmony pantyliner<\/strong> is made of high-quality,<strong>certified, natural cotton<\/strong>-skin-friendly, absorbent and easy to clean at the same time. The main advantage of cotton sanitary pads is that they are skin-friendly. Cotton is a natural material that is delicate and does not cause irritation. Therefore, these inserts are especially recommended for people with sensitive skin or allergic tendencies.<\/p>\n<p>The reusable cotton sanitary pad consists of several layers of cotton joined together to provide intimate protection. The inner layers absorb moisture and keep you dry. Snap fasteners securing the sanitary pad to the underwear are located on the protective wings.<\/p>\n<p>The main advantage of the reusable sanitary pad is the ability to reuse it after washing, making it economical and environmentally friendly. sanitary pads require regular cleaning to maintain hygiene and prevent the growth of bacteria. Hand wash or machine wash on gentle cycle is recommended. Thanks to their repeated use, you can save money that is usually spent on traditional disposable pads. In addition, the use of reusable liners reduces the amount of waste and reduces the negative impact on the environment.<\/p>\n<p>To ensure proper rotation and always have fresh inserts on hand, it is worth getting a set.<\/p>\n<p>&nbsp;<\/p>\n<p><strong>Reusable sanitary pads made of cotton, both white and unbleached, have many health benefits, such as:<\/strong><\/p>\n<p><strong>*Hypoallergenic<\/strong><\/p>\n<p>Cotton is known to be gentle on the skin and has minimal risk of causing allergic reactions. Cotton sanitary pads are usually hypoallergenic, which means they are well tolerated by people with sensitive skin.<\/p>\n<p><strong>*Breathability<\/strong><\/p>\n<p>Cotton is naturally air permeable, which means it allows air to circulate freely in the intimate area. This can help reduce the risk of skin irritation and infection.<\/p>\n<p><strong>*Moisture absorption<\/strong><\/p>\n<p>Cotton has a high moisture absorption capacity. Cotton sanitary pads tend to absorb liquids effectively, which helps keep you dry and comfortable.<\/p>\n<p><strong>*No toxic substances<\/strong><\/p>\n<p>Cotton sanitary pads, especially those made of unbleached cotton, do not contain chemicals such as chlorine, which is used in the bleaching process. This minimizes the risk of contact with potentially toxic substances.<\/p>\n<p><strong>*Ecological<\/strong><\/p>\n<p>By choosing cotton sanitary pads, especially reusable ones, you can reduce the negative impact on the environment. Products made of cotton are biodegradable and do not generate as much waste as traditional disposable liners. It is worth noting that cotton sanitary pads are more environmentally friendly than traditional disposable pads, which are often made of plastic. The cotton insert is biodegradable and can often be used as an alternative to more ecological intimate hygiene.<\/p>\n<p>&nbsp;<\/p>\n<blockquote><p>The reusable cotton sanitary pad is an ecological and economical alternative to traditional disposable pads. Made of soft and absorbent materials, it provides protection and intimate comfort. Its reuse helps reduce waste and environmental impact.<\/p><\/blockquote>\n<p>&nbsp;<\/p>\n<p><strong>Composition:<\/strong><\/p>\n<p><strong>100% organic cotton<\/strong><\/p>\n<p>&nbsp;<\/p>\n<h3>Dimensions of Harmony cotton inserts:<\/h3>\n<ol>\n<li><strong>Size<\/strong> <strong>MINI:<br \/>\n<\/strong>the length of the insert &#8211; approx. 20.5 cm<br \/>\ninternal width after fastening &#8211; approx. 4-5 cm<br \/>\ninsert thickness &#8211; approx. 3 mm<\/li>\n<\/ol>\n<ol start=\"2\">\n<li><strong>MAXI size:<br \/>\n<\/strong>length of the insole -approx. 23.5 cm<br \/>\ninternal width after fastening &#8211; approx. 4- 5.5 cm<br \/>\ninsert thickness &#8211; approx. 3mm<\/li>\n<\/ol>\n<p>&nbsp;<\/p>\n<h3><strong>How to use the Harmony reusable sanitary pad?<\/strong><\/h3>\n<p>For hygiene reasons, reusable products should be washed before first use.<br \/>\nFor ecological and economic reasons, the appropriate and recommended washing temperature should not exceed 60 \u00b0C.<\/p>\n<ol>\n<li> Washing cotton at a lower temperature can help preserve its natural absorbency. Lower temperature water can also reduce the risk of material shrinkage.<\/li>\n<li>Choose a delicate machine wash cycle. This mode is gentler on fabrics and helps maintain their quality.<\/li>\n<li>Choose a mild detergent designed for delicate fabrics. Avoid strong chemicals that can damage cotton fibers and affect its absorbency.<\/li>\n<li>Do not use fabric softeners as they may reduce the product&#8217;s absorbency.<\/li>\n<li> At the end of the washing cycle, avoid excessive spinning, which can cause fabrics to shrink. If you have such an option, choose the ironing or gentle spinning mode.<\/li>\n<li> Rather than tumble drying, unbleached cotton is best air-dried. Hanging your clothes in the dryer or laying them out on a flat surface will help keep them absorbent and prevent them from shrinking.<\/li>\n<li> Avoid using chemical bleaches that can damage the structure of cotton fibers. Chlorine bleaches can also turn unbleached cotton yellow.<\/li>\n<\/ol>\n<p>&nbsp;<\/p>\n<h3>Safety and ergonomics                                <img loading=\"lazy\" decoding=\"async\" class=\"alignnone size-medium wp-image-408\" src=\"https:\/\/mommymouse.com.pl\/femiside\/wp-content\/uploads\/2022\/08\/Oeko-tex- 100-1200x400-1-300x100.jpg\" sizes=\"auto, (max-width: 300px) 100vw, 300px\" srcset=\"https:\/\/mommymouse.com.pl\/femiside\/wp-content\/uploads\/2022\/08\/Oeko -tex-100-1200x400-1-300x100.jpg 300w, https:\/\/mommymouse.com.pl\/femiside\/wp-content\/uploads\/2022\/08\/Oeko-tex-100-1200x400-1-150x50.jpg 150w , https:\/\/mommymouse.com.pl\/femiside\/wp-content\/uploads\/2022\/08\/Oeko-tex-100-1200x400-1-600x200.jpg 600w, https:\/\/mommymouse.com.pl\/femiside\/ wp-content\/uploads\/2022\/08\/Oeko-tex-100-1200x400-1-1024x341.jpg 1024w, https:\/\/mommymouse.com.pl\/femiside\/wp-content\/uploads\/2022\/08\/Oeko-tex -100-1200x400-1-768x256.jpg 768w, https:\/\/mommymouse.com.pl\/femiside\/wp-content\/uploads\/2022\/08\/Oeko-tex-100-1200x400-1.jpg 1200w\" alt=\" \" width=\"300\" height=\"100\" \/><\/h3>\n<p>The materials used for the production of the inserts have the <strong>safety certificate Oeko-Tex Standard 100<\/strong>. The products marked with it are free of chemicals, harmful dyes and allergens.<\/p>\n<p>The product is characterized by high absorbency while maintaining optimal thermal ventilation and waterproofness. In turn, the anatomical structure of the insole guarantees perfect symbiosis with the body.<\/p>\n<p>Thin and super discreet, reusable cotton pads guarantee high comfort in many everyday applications.<\/p>\n<p>&nbsp;<\/p>\n<p>&nbsp;<\/p>\n<p>sanitary pads  are packed in special mesh bags &#8211; they will be used to protect the inserts<br \/>\nor other small items during machine washing.<br \/>\nFor the comfort of storage and convenient transport, we offer a <strong>waterproof case with<\/strong><br \/>\n<strong>additional pocket<\/strong> designed for spare or used inserts.<\/p>\n<p lang=\"en-US\"><strong>You can find them here https:\/\/mommymouse.com.pl\/femiside\/p\/etui-organizer-na-artykuly-sanitarno-higieniczne\/<\/strong><\/p>\n<p>&nbsp;<\/p>\n<p>&nbsp;<\/p>\n<p>&nbsp;<\/p>\n<p>&nbsp;<\/p>\n<p>&nbsp;<\/p>\n<p>&nbsp;<\/p>\n<p>&nbsp;<\/p>\n<p>&nbsp;<\/p>\n<p>&nbsp;<\/p>\n<p>&nbsp;<\/p>\n<p>&nbsp;<\/p>\n<p>&nbsp;<\/p>\n","protected":false},"excerpt":{"rendered":"<p>The reusable sanitary pad is an innovative product designed with the user&#8217;s environment and comfort in mind. It is an alternative to traditional disposable liners that allows you to reduce the amount of waste generated every day.<\/p>\n<p>The reusable cotton sanitary pad is a product that was created to ensure comfort and intimate hygiene. It is made of high-quality cotton, which is soft and delicate for the skin and at the same time has absorbent properties.<\/p>\n<p>Cotton sanitary pads are thin and discreet, which allows you to wear them freely inside your underwear. They have an anatomical shape that fits well to the body, ensuring comfort and protection of intimate zones.<\/p>\n","protected":false},"featured_media":1331,"comment_status":"open","ping_status":"closed","template":"","meta":[],"product_brand":[],"product_cat":[65],"product_tag":[],"class_list":{"0":"post-1439","1":"product","2":"type-product","3":"status-publish","4":"has-post-thumbnail","6":"product_cat-incontinence-pads","7":"pa_ilosc-1-pcs","8":"pa_ilosc-3-pcs","9":"pa_ilosc-5-szt-en","10":"pa_rozmiar-maxi-en","11":"pa_rozmiar-mini-en","13":"first","14":"instock","15":"taxable","16":"shipping-taxable","17":"purchasable","18":"product-type-variable"},"yoast_head":"<!-- This site is optimized with the Yoast SEO plugin v27.3 - https:\/\/yoast.com\/product\/yoast-seo-wordpress\/ -->\n<title>FemiCotton Harmony- Cotton Sanitary Pads - Femi Side<\/title>\n<meta name=\"description\" content=\"Wielorazowa wk\u0142adka higieniczna to innowacyjny produkt zaprojektowany z my\u015bl\u0105 o \u015brodowisku i wygodzie u\u017cytkownika. Jest to alternatywa dla tradycyjnych jednorazowych wk\u0142adek, kt\u00f3ra pozwala zmniejszy\u0107 ilo\u015b\u0107 odpad\u00f3w generowanych ka\u017cdego dnia.Wk\u0142adka higieniczna wielorazowa bawe\u0142niana to produkt, kt\u00f3ry zosta\u0142 stworzony w celu zapewnienia wygody i higieny intymnej. Wykonana jest z wysokiej jako\u015bci bawe\u0142ny, kt\u00f3ra jest mi\u0119kka i delikatna dla sk\u00f3ry a jednocze\u015bnie posiada w\u0142a\u015bciwo\u015bci ch\u0142onne..Wk\u0142adki higieniczne bawe\u0142niane s\u0105 cienkie i dyskretne, co pozwala na swobodne noszenie ich wewn\u0105trz bielizny. Maj\u0105 anatomiczny kszta\u0142t, kt\u00f3ry dobrze dopasowuje si\u0119 do cia\u0142a, zapewniaj\u0105c komfort i ochron\u0119 stref intymnych.\" \/>\n<meta name=\"robots\" content=\"noindex, follow\" \/>\n<meta property=\"og:locale\" content=\"en_US\" \/>\n<meta property=\"og:type\" content=\"article\" \/>\n<meta property=\"og:title\" content=\"FemiCotton Harmony- Cotton Sanitary Pads - Femi Side\" \/>\n<meta property=\"og:description\" content=\"Wielorazowa wk\u0142adka higieniczna to innowacyjny produkt zaprojektowany z my\u015bl\u0105 o \u015brodowisku i wygodzie u\u017cytkownika. Jest to alternatywa dla tradycyjnych jednorazowych wk\u0142adek, kt\u00f3ra pozwala zmniejszy\u0107 ilo\u015b\u0107 odpad\u00f3w generowanych ka\u017cdego dnia.Wk\u0142adka higieniczna wielorazowa bawe\u0142niana to produkt, kt\u00f3ry zosta\u0142 stworzony w celu zapewnienia wygody i higieny intymnej. Wykonana jest z wysokiej jako\u015bci bawe\u0142ny, kt\u00f3ra jest mi\u0119kka i delikatna dla sk\u00f3ry a jednocze\u015bnie posiada w\u0142a\u015bciwo\u015bci ch\u0142onne..Wk\u0142adki higieniczne bawe\u0142niane s\u0105 cienkie i dyskretne, co pozwala na swobodne noszenie ich wewn\u0105trz bielizny. Maj\u0105 anatomiczny kszta\u0142t, kt\u00f3ry dobrze dopasowuje si\u0119 do cia\u0142a, zapewniaj\u0105c komfort i ochron\u0119 stref intymnych.\" \/>\n<meta property=\"og:url\" content=\"https:\/\/mommymouse.com.pl\/femiside\/en\/p\/femicotton-harmony-cotton-sanitary-pads\/\" \/>\n<meta property=\"og:site_name\" content=\"Femi Side\" \/>\n<meta property=\"article:publisher\" content=\"https:\/\/www.facebook.com\/femiside\" \/>\n<meta property=\"article:modified_time\" content=\"2023-07-18T11:08:37+00:00\" \/>\n<meta property=\"og:image\" content=\"https:\/\/mommymouse.com.pl\/femiside\/wp-content\/uploads\/2023\/06\/8.png\" \/>\n\t<meta property=\"og:image:width\" content=\"2048\" \/>\n\t<meta property=\"og:image:height\" content=\"1365\" \/>\n\t<meta property=\"og:image:type\" content=\"image\/png\" \/>\n<meta name=\"twitter:card\" content=\"summary_large_image\" \/>\n<meta name=\"twitter:label1\" content=\"Est. reading time\" \/>\n\t<meta name=\"twitter:data1\" content=\"5 minutes\" \/>\n<script type=\"application\/ld+json\" class=\"yoast-schema-graph\">{\"@context\":\"https:\\\/\\\/schema.org\",\"@graph\":[{\"@type\":\"WebPage\",\"@id\":\"https:\\\/\\\/mommymouse.com.pl\\\/femiside\\\/en\\\/p\\\/femicotton-harmony-cotton-sanitary-pads\\\/\",\"url\":\"https:\\\/\\\/mommymouse.com.pl\\\/femiside\\\/en\\\/p\\\/femicotton-harmony-cotton-sanitary-pads\\\/\",\"name\":\"FemiCotton Harmony- Cotton Sanitary Pads - Femi Side\",\"isPartOf\":{\"@id\":\"https:\\\/\\\/mommymouse.com.pl\\\/femiside\\\/en\\\/#website\"},\"primaryImageOfPage\":{\"@id\":\"https:\\\/\\\/mommymouse.com.pl\\\/femiside\\\/en\\\/p\\\/femicotton-harmony-cotton-sanitary-pads\\\/#primaryimage\"},\"image\":{\"@id\":\"https:\\\/\\\/mommymouse.com.pl\\\/femiside\\\/en\\\/p\\\/femicotton-harmony-cotton-sanitary-pads\\\/#primaryimage\"},\"thumbnailUrl\":\"https:\\\/\\\/mommymouse.com.pl\\\/femiside\\\/wp-content\\\/uploads\\\/2023\\\/06\\\/8.png\",\"datePublished\":\"2023-06-07T14:13:51+00:00\",\"dateModified\":\"2023-07-18T11:08:37+00:00\",\"description\":\"Wielorazowa wk\u0142adka higieniczna to innowacyjny produkt zaprojektowany z my\u015bl\u0105 o \u015brodowisku i wygodzie u\u017cytkownika. Jest to alternatywa dla tradycyjnych jednorazowych wk\u0142adek, kt\u00f3ra pozwala zmniejszy\u0107 ilo\u015b\u0107 odpad\u00f3w generowanych ka\u017cdego dnia.Wk\u0142adka higieniczna wielorazowa bawe\u0142niana to produkt, kt\u00f3ry zosta\u0142 stworzony w celu zapewnienia wygody i higieny intymnej. Wykonana jest z wysokiej jako\u015bci bawe\u0142ny, kt\u00f3ra jest mi\u0119kka i delikatna dla sk\u00f3ry a jednocze\u015bnie posiada w\u0142a\u015bciwo\u015bci ch\u0142onne..Wk\u0142adki higieniczne bawe\u0142niane s\u0105 cienkie i dyskretne, co pozwala na swobodne noszenie ich wewn\u0105trz bielizny. Maj\u0105 anatomiczny kszta\u0142t, kt\u00f3ry dobrze dopasowuje si\u0119 do cia\u0142a, zapewniaj\u0105c komfort i ochron\u0119 stref intymnych.\",\"breadcrumb\":{\"@id\":\"https:\\\/\\\/mommymouse.com.pl\\\/femiside\\\/en\\\/p\\\/femicotton-harmony-cotton-sanitary-pads\\\/#breadcrumb\"},\"inLanguage\":\"en-US\",\"potentialAction\":[{\"@type\":\"ReadAction\",\"target\":[\"https:\\\/\\\/mommymouse.com.pl\\\/femiside\\\/en\\\/p\\\/femicotton-harmony-cotton-sanitary-pads\\\/\"]}]},{\"@type\":\"ImageObject\",\"inLanguage\":\"en-US\",\"@id\":\"https:\\\/\\\/mommymouse.com.pl\\\/femiside\\\/en\\\/p\\\/femicotton-harmony-cotton-sanitary-pads\\\/#primaryimage\",\"url\":\"https:\\\/\\\/mommymouse.com.pl\\\/femiside\\\/wp-content\\\/uploads\\\/2023\\\/06\\\/8.png\",\"contentUrl\":\"https:\\\/\\\/mommymouse.com.pl\\\/femiside\\\/wp-content\\\/uploads\\\/2023\\\/06\\\/8.png\",\"width\":2048,\"height\":1365},{\"@type\":\"BreadcrumbList\",\"@id\":\"https:\\\/\\\/mommymouse.com.pl\\\/femiside\\\/en\\\/p\\\/femicotton-harmony-cotton-sanitary-pads\\\/#breadcrumb\",\"itemListElement\":[{\"@type\":\"ListItem\",\"position\":1,\"name\":\"Strona g\u0142\u00f3wna\",\"item\":\"https:\\\/\\\/mommymouse.com.pl\\\/femiside\\\/en\\\/\"},{\"@type\":\"ListItem\",\"position\":2,\"name\":\"Shop\",\"item\":\"https:\\\/\\\/mommymouse.com.pl\\\/femiside\\\/en\\\/shop\\\/\"},{\"@type\":\"ListItem\",\"position\":3,\"name\":\"FemiCotton Harmony- Cotton Sanitary Pads\"}]},{\"@type\":\"WebSite\",\"@id\":\"https:\\\/\\\/mommymouse.com.pl\\\/femiside\\\/en\\\/#website\",\"url\":\"https:\\\/\\\/mommymouse.com.pl\\\/femiside\\\/en\\\/\",\"name\":\"Femi Side\",\"description\":\"\",\"publisher\":{\"@id\":\"https:\\\/\\\/mommymouse.com.pl\\\/femiside\\\/en\\\/#organization\"},\"potentialAction\":[{\"@type\":\"SearchAction\",\"target\":{\"@type\":\"EntryPoint\",\"urlTemplate\":\"https:\\\/\\\/mommymouse.com.pl\\\/femiside\\\/en\\\/?s={search_term_string}\"},\"query-input\":{\"@type\":\"PropertyValueSpecification\",\"valueRequired\":true,\"valueName\":\"search_term_string\"}}],\"inLanguage\":\"en-US\"},{\"@type\":\"Organization\",\"@id\":\"https:\\\/\\\/mommymouse.com.pl\\\/femiside\\\/en\\\/#organization\",\"name\":\"Femi Side\",\"url\":\"https:\\\/\\\/mommymouse.com.pl\\\/femiside\\\/en\\\/\",\"logo\":{\"@type\":\"ImageObject\",\"inLanguage\":\"en-US\",\"@id\":\"https:\\\/\\\/mommymouse.com.pl\\\/femiside\\\/en\\\/#\\\/schema\\\/logo\\\/image\\\/\",\"url\":\"https:\\\/\\\/mommymouse.com.pl\\\/femiside\\\/wp-content\\\/uploads\\\/2023\\\/01\\\/femiside-logo.png\",\"contentUrl\":\"https:\\\/\\\/mommymouse.com.pl\\\/femiside\\\/wp-content\\\/uploads\\\/2023\\\/01\\\/femiside-logo.png\",\"width\":278,\"height\":85,\"caption\":\"Femi Side\"},\"image\":{\"@id\":\"https:\\\/\\\/mommymouse.com.pl\\\/femiside\\\/en\\\/#\\\/schema\\\/logo\\\/image\\\/\"},\"sameAs\":[\"https:\\\/\\\/www.facebook.com\\\/femiside\"]}]}<\/script>\n<!-- \/ Yoast SEO plugin. -->","yoast_head_json":{"title":"FemiCotton Harmony- Cotton Sanitary Pads - Femi Side","description":"Wielorazowa wk\u0142adka higieniczna to innowacyjny produkt zaprojektowany z my\u015bl\u0105 o \u015brodowisku i wygodzie u\u017cytkownika. Jest to alternatywa dla tradycyjnych jednorazowych wk\u0142adek, kt\u00f3ra pozwala zmniejszy\u0107 ilo\u015b\u0107 odpad\u00f3w generowanych ka\u017cdego dnia.Wk\u0142adka higieniczna wielorazowa bawe\u0142niana to produkt, kt\u00f3ry zosta\u0142 stworzony w celu zapewnienia wygody i higieny intymnej. Wykonana jest z wysokiej jako\u015bci bawe\u0142ny, kt\u00f3ra jest mi\u0119kka i delikatna dla sk\u00f3ry a jednocze\u015bnie posiada w\u0142a\u015bciwo\u015bci ch\u0142onne..Wk\u0142adki higieniczne bawe\u0142niane s\u0105 cienkie i dyskretne, co pozwala na swobodne noszenie ich wewn\u0105trz bielizny. Maj\u0105 anatomiczny kszta\u0142t, kt\u00f3ry dobrze dopasowuje si\u0119 do cia\u0142a, zapewniaj\u0105c komfort i ochron\u0119 stref intymnych.","robots":{"index":"noindex","follow":"follow"},"og_locale":"en_US","og_type":"article","og_title":"FemiCotton Harmony- Cotton Sanitary Pads - Femi Side","og_description":"Wielorazowa wk\u0142adka higieniczna to innowacyjny produkt zaprojektowany z my\u015bl\u0105 o \u015brodowisku i wygodzie u\u017cytkownika. Jest to alternatywa dla tradycyjnych jednorazowych wk\u0142adek, kt\u00f3ra pozwala zmniejszy\u0107 ilo\u015b\u0107 odpad\u00f3w generowanych ka\u017cdego dnia.Wk\u0142adka higieniczna wielorazowa bawe\u0142niana to produkt, kt\u00f3ry zosta\u0142 stworzony w celu zapewnienia wygody i higieny intymnej. Wykonana jest z wysokiej jako\u015bci bawe\u0142ny, kt\u00f3ra jest mi\u0119kka i delikatna dla sk\u00f3ry a jednocze\u015bnie posiada w\u0142a\u015bciwo\u015bci ch\u0142onne..Wk\u0142adki higieniczne bawe\u0142niane s\u0105 cienkie i dyskretne, co pozwala na swobodne noszenie ich wewn\u0105trz bielizny. Maj\u0105 anatomiczny kszta\u0142t, kt\u00f3ry dobrze dopasowuje si\u0119 do cia\u0142a, zapewniaj\u0105c komfort i ochron\u0119 stref intymnych.","og_url":"https:\/\/mommymouse.com.pl\/femiside\/en\/p\/femicotton-harmony-cotton-sanitary-pads\/","og_site_name":"Femi Side","article_publisher":"https:\/\/www.facebook.com\/femiside","article_modified_time":"2023-07-18T11:08:37+00:00","og_image":[{"width":2048,"height":1365,"url":"https:\/\/mommymouse.com.pl\/femiside\/wp-content\/uploads\/2023\/06\/8.png","type":"image\/png"}],"twitter_card":"summary_large_image","twitter_misc":{"Est. reading time":"5 minutes"},"schema":{"@context":"https:\/\/schema.org","@graph":[{"@type":"WebPage","@id":"https:\/\/mommymouse.com.pl\/femiside\/en\/p\/femicotton-harmony-cotton-sanitary-pads\/","url":"https:\/\/mommymouse.com.pl\/femiside\/en\/p\/femicotton-harmony-cotton-sanitary-pads\/","name":"FemiCotton Harmony- Cotton Sanitary Pads - Femi Side","isPartOf":{"@id":"https:\/\/mommymouse.com.pl\/femiside\/en\/#website"},"primaryImageOfPage":{"@id":"https:\/\/mommymouse.com.pl\/femiside\/en\/p\/femicotton-harmony-cotton-sanitary-pads\/#primaryimage"},"image":{"@id":"https:\/\/mommymouse.com.pl\/femiside\/en\/p\/femicotton-harmony-cotton-sanitary-pads\/#primaryimage"},"thumbnailUrl":"https:\/\/mommymouse.com.pl\/femiside\/wp-content\/uploads\/2023\/06\/8.png","datePublished":"2023-06-07T14:13:51+00:00","dateModified":"2023-07-18T11:08:37+00:00","description":"Wielorazowa wk\u0142adka higieniczna to innowacyjny produkt zaprojektowany z my\u015bl\u0105 o \u015brodowisku i wygodzie u\u017cytkownika. Jest to alternatywa dla tradycyjnych jednorazowych wk\u0142adek, kt\u00f3ra pozwala zmniejszy\u0107 ilo\u015b\u0107 odpad\u00f3w generowanych ka\u017cdego dnia.Wk\u0142adka higieniczna wielorazowa bawe\u0142niana to produkt, kt\u00f3ry zosta\u0142 stworzony w celu zapewnienia wygody i higieny intymnej. Wykonana jest z wysokiej jako\u015bci bawe\u0142ny, kt\u00f3ra jest mi\u0119kka i delikatna dla sk\u00f3ry a jednocze\u015bnie posiada w\u0142a\u015bciwo\u015bci ch\u0142onne..Wk\u0142adki higieniczne bawe\u0142niane s\u0105 cienkie i dyskretne, co pozwala na swobodne noszenie ich wewn\u0105trz bielizny. Maj\u0105 anatomiczny kszta\u0142t, kt\u00f3ry dobrze dopasowuje si\u0119 do cia\u0142a, zapewniaj\u0105c komfort i ochron\u0119 stref intymnych.","breadcrumb":{"@id":"https:\/\/mommymouse.com.pl\/femiside\/en\/p\/femicotton-harmony-cotton-sanitary-pads\/#breadcrumb"},"inLanguage":"en-US","potentialAction":[{"@type":"ReadAction","target":["https:\/\/mommymouse.com.pl\/femiside\/en\/p\/femicotton-harmony-cotton-sanitary-pads\/"]}]},{"@type":"ImageObject","inLanguage":"en-US","@id":"https:\/\/mommymouse.com.pl\/femiside\/en\/p\/femicotton-harmony-cotton-sanitary-pads\/#primaryimage","url":"https:\/\/mommymouse.com.pl\/femiside\/wp-content\/uploads\/2023\/06\/8.png","contentUrl":"https:\/\/mommymouse.com.pl\/femiside\/wp-content\/uploads\/2023\/06\/8.png","width":2048,"height":1365},{"@type":"BreadcrumbList","@id":"https:\/\/mommymouse.com.pl\/femiside\/en\/p\/femicotton-harmony-cotton-sanitary-pads\/#breadcrumb","itemListElement":[{"@type":"ListItem","position":1,"name":"Strona g\u0142\u00f3wna","item":"https:\/\/mommymouse.com.pl\/femiside\/en\/"},{"@type":"ListItem","position":2,"name":"Shop","item":"https:\/\/mommymouse.com.pl\/femiside\/en\/shop\/"},{"@type":"ListItem","position":3,"name":"FemiCotton Harmony- Cotton Sanitary Pads"}]},{"@type":"WebSite","@id":"https:\/\/mommymouse.com.pl\/femiside\/en\/#website","url":"https:\/\/mommymouse.com.pl\/femiside\/en\/","name":"Femi Side","description":"","publisher":{"@id":"https:\/\/mommymouse.com.pl\/femiside\/en\/#organization"},"potentialAction":[{"@type":"SearchAction","target":{"@type":"EntryPoint","urlTemplate":"https:\/\/mommymouse.com.pl\/femiside\/en\/?s={search_term_string}"},"query-input":{"@type":"PropertyValueSpecification","valueRequired":true,"valueName":"search_term_string"}}],"inLanguage":"en-US"},{"@type":"Organization","@id":"https:\/\/mommymouse.com.pl\/femiside\/en\/#organization","name":"Femi Side","url":"https:\/\/mommymouse.com.pl\/femiside\/en\/","logo":{"@type":"ImageObject","inLanguage":"en-US","@id":"https:\/\/mommymouse.com.pl\/femiside\/en\/#\/schema\/logo\/image\/","url":"https:\/\/mommymouse.com.pl\/femiside\/wp-content\/uploads\/2023\/01\/femiside-logo.png","contentUrl":"https:\/\/mommymouse.com.pl\/femiside\/wp-content\/uploads\/2023\/01\/femiside-logo.png","width":278,"height":85,"caption":"Femi Side"},"image":{"@id":"https:\/\/mommymouse.com.pl\/femiside\/en\/#\/schema\/logo\/image\/"},"sameAs":["https:\/\/www.facebook.com\/femiside"]}]}},"_links":{"self":[{"href":"https:\/\/mommymouse.com.pl\/femiside\/en\/wp-json\/wp\/v2\/product\/1439","targetHints":{"allow":["GET"]}}],"collection":[{"href":"https:\/\/mommymouse.com.pl\/femiside\/en\/wp-json\/wp\/v2\/product"}],"about":[{"href":"https:\/\/mommymouse.com.pl\/femiside\/en\/wp-json\/wp\/v2\/types\/product"}],"replies":[{"embeddable":true,"href":"https:\/\/mommymouse.com.pl\/femiside\/en\/wp-json\/wp\/v2\/comments?post=1439"}],"wp:featuredmedia":[{"embeddable":true,"href":"https:\/\/mommymouse.com.pl\/femiside\/en\/wp-json\/wp\/v2\/media\/1331"}],"wp:attachment":[{"href":"https:\/\/mommymouse.com.pl\/femiside\/en\/wp-json\/wp\/v2\/media?parent=1439"}],"wp:term":[{"taxonomy":"product_brand","embeddable":true,"href":"https:\/\/mommymouse.com.pl\/femiside\/en\/wp-json\/wp\/v2\/product_brand?post=1439"},{"taxonomy":"product_cat","embeddable":true,"href":"https:\/\/mommymouse.com.pl\/femiside\/en\/wp-json\/wp\/v2\/product_cat?post=1439"},{"taxonomy":"product_tag","embeddable":true,"href":"https:\/\/mommymouse.com.pl\/femiside\/en\/wp-json\/wp\/v2\/product_tag?post=1439"}],"curies":[{"name":"wp","href":"https:\/\/api.w.org\/{rel}","templated":true}]}}