{"id":1015,"date":"2023-05-04T19:48:56","date_gmt":"2023-05-04T17:48:56","guid":{"rendered":"https:\/\/mommymouse.com.pl\/femiside\/?post_type=product&#038;p=1015"},"modified":"2025-04-11T09:29:38","modified_gmt":"2025-04-11T07:29:38","slug":"bawelniana-podpaska-wkladka-wielorazowa-nero","status":"publish","type":"product","link":"https:\/\/mommymouse.com.pl\/femiside\/p\/bawelniana-podpaska-wkladka-wielorazowa-nero\/","title":{"rendered":"Bawe\u0142niana podpaska &#8211; wk\u0142adka wielorazowa NERO"},"content":{"rendered":"<h3><strong><img loading=\"lazy\" decoding=\"async\" class=\"size-full wp-image-30804 alignnone\" src=\"https:\/\/mommymouse.com.pl\/femiside\/wp-content\/uploads\/2023\/01\/eko-icon.png\" alt=\"\" width=\"94\" height=\"77\" \/>Jestem Eko\u00a0 \u00a0 \u00a0 \u00a0 \u00a0 \u00a0 \u00a0 \u00a0 \u00a0<\/strong><strong><img loading=\"lazy\" decoding=\"async\" class=\" wp-image-30806 alignnone\" src=\"https:\/\/mommymouse.com.pl\/femiside\/wp-content\/uploads\/2023\/01\/no-chemicals.png\" alt=\"\" width=\"80\" height=\"77\" \/><\/strong><strong>Be<\/strong><strong>z chemicznych dodatk\u00f3w\u00a0 \u00a0 \u00a0 \u00a0 \u00a0<\/strong><strong><img loading=\"lazy\" decoding=\"async\" class=\" wp-image-30808 alignnone\" src=\"https:\/\/mommymouse.com.pl\/femiside\/wp-content\/uploads\/2023\/01\/prozdrowo.png\" alt=\"\" width=\"77\" height=\"77\" \/><\/strong><strong>Prozdrowotnie<\/strong><\/h3>\n<h3><strong>\u00a0 \u00a0 \u00a0 \u00a0 \u00a0 \u00a0<\/strong><\/h3>\n<p><strong>\u00a0Podpaska bawe\u0142niana NERO\u00a0 wielokrotnego u\u017cytku<\/strong> nie zawiera \u017cadnych chemicznych dodatk\u00f3w.<\/p>\n<p>Naturalna bawe\u0142na lub coolmax w kontakcie ze sk\u00f3r\u0105, nie podra\u017cnia, nie wywo\u0142ujeuczule\u0144 ani odparze\u0144 oraz zapewniaj\u0105 naturaln\u0105 wymian\u0119 termiczn\u0105. Mo\u017cliwo\u015b\u0107 wielokrotnego prania i ponownego u\u017cywania daje ekonomiczn\u0105 i ekologiczn\u0105 przewag\u0119 nad wariantami jednorazowego u\u017cytku.<br \/>\nBrak jakichkolwiek chemicznych absorbent\u00f3w wilgoci ,substancji zapachowych ma pozytywny wp\u0142yw na zdrowie i kondycj\u0119 kobiecej sk\u00f3ry oraz dr\u00f3g rodnych.<\/p>\n<p>Nie zawieraj\u0105 \u017cadnych substancji alergizuj\u0105cych .<\/p>\n<p><strong>Ekologiczny wariant podpasek NERO dla kobiet w r\u00f3\u017cnym wieku<\/strong> \u2013 doskona\u0142e jako zabezpieczenie w po\u0142ogu, pos\u0142u\u017c\u0105 podczas miesi\u0105czkowania jak i u os\u00f3b z problemem nietrzymania moczu. Doskonale zabezpiecz\u0105 bielizn\u0119 przed przemoczeniem i zabrudzeniem \u2013 jednocze\u015bnie zapobiegaj\u0105c przegrzaniu,uczuleniom , odparzeniom sk\u00f3ry czy dyskomfortowi okolic intymnych dzi\u0119ki zastosowaniu wodoodpornej i paroprzepuszczalnej membrany, kt\u00f3rej budowa zapewnia odpowiedni\u0105 termoregulacj\u0119 oraz oddychalno\u015b\u0107 sk\u00f3ry.<\/p>\n<p>Specjalistyczne podpaski higieniczne wielokrotnego u\u017cytku zosta\u0142y stworzone z my\u015bl\u0105 o ochronie\u00a0 podczas po\u0142ogu, menstruacji czy kropelkowym, lekkim oraz \u015brednim stopniu nietrzymania moczu.<br \/>\nProdukt powsta\u0142 z my\u015bl\u0105 o kobietach prowadz\u0105cych aktywny tryb \u017cycia, kt\u00f3re ceni\u0105 sobie komfort i bezpiecze\u0144stwo po\u0142\u0105czone z dyskrecj\u0105.<\/p>\n<p><strong>Dlaczego warto wybra\u0107 ekologiczne podpaski higieniczne wielokrotnego u\u017cytku?<\/strong><\/p>\n<p>Oddychaj\u0105ce, o anatomicznej budowie podpaski higieniczne stanowi\u0105 doskona\u0142e zabezpieczenie w sytuacjach wymagaj\u0105cych szczeg\u00f3lnej ochrony oraz zapewniaj\u0105:<\/p>\n<p>*idealne dopasowanie do cia\u0142a poprzez wyd\u0142u\u017cony, anatomiczny kszta\u0142t i odpowiedni\u0105 grubo\u015b\u0107<br \/>\n*ochron\u0119 przed wyciekami-boczne os\u0142onki<br \/>\n*szybk\u0105 i dok\u0142adn\u0105 dystrybucj\u0119 wilgoci,<br \/>\n*izolacj\u0119 wilgoci , komfort suchej sk\u00f3ry<br \/>\n*swobodne oddychanie sk\u00f3ry, termoregulacja<br \/>\n*zminimalizowane ryzyko wyst\u0105pienia reakcji alergicznych, nie zawieraj\u0105 chemicznych absorbent\u00f3w wilgoci<br \/>\n*\u0142atwe i pewne mocowanie do bielizny,<br \/>\n*gwarancj\u0119 dyskrecji<br \/>\n*wysoka ch\u0142onno\u015b\u0107<br \/>\n*bezpieczna i ekologiczna warstwa kontaktowa ze sk\u00f3r\u0105<br \/>\n*certyfikat jako\u015bci materia\u0142\u00f3w<\/p>\n<p><strong>Ekologiczne podpaski higieniczne<\/strong> to mi\u0119kkie, oddychaj\u0105ce oraz nieprzemakalne wk\u0142adki ch\u0142onne zapewniaj\u0105ce kobietom dyskretn\u0105 ochron\u0119 w wielu sytuacjach \u2013 po\u0142ogu, menstruacji czy w przypadku problem\u00f3w z kropelkowym -wysi\u0142kowym nietrzymaniem moczu.<\/p>\n<p>Wizualnie wygl\u0105daj\u0105 jak klasyczne podpaski higieniczne, jednak cechuj\u0105 si\u0119 znacznie wy\u017csz\u0105 ch\u0142onno\u015bci\u0105 oraz posiadaj\u0105 bezpieczn\u0105 warstw\u0119 wodoszczeln\u0105 jak r\u00f3wnie\u017c, co bardzo wa\u017cne dla zdrowia i komfortu dr\u00f3g rodnych kobiety \u2013 nie zawieraj\u0105 \u017cadnych sztucznych \u015brodk\u00f3w zapachowych oraz<br \/>\nchemicznych absorbent\u00f3w wilgoci, delikatne i przyjazne dla sk\u00f3ry.<\/p>\n<p>&nbsp;<\/p>\n<p><strong>Bezpiecze\u0144stwo i ergonomia:<\/strong><\/p>\n<p><img loading=\"lazy\" decoding=\"async\" class=\"alignnone wp-image-408\" src=\"https:\/\/mommymouse.com.pl\/femiside\/wp-content\/uploads\/2022\/08\/Oeko-tex-100-1200x400-1.jpg\" alt=\"\" width=\"318\" height=\"106\" srcset=\"https:\/\/mommymouse.com.pl\/femiside\/wp-content\/uploads\/2022\/08\/Oeko-tex-100-1200x400-1.jpg 1200w, https:\/\/mommymouse.com.pl\/femiside\/wp-content\/uploads\/2022\/08\/Oeko-tex-100-1200x400-1-150x50.jpg 150w, https:\/\/mommymouse.com.pl\/femiside\/wp-content\/uploads\/2022\/08\/Oeko-tex-100-1200x400-1-600x200.jpg 600w, https:\/\/mommymouse.com.pl\/femiside\/wp-content\/uploads\/2022\/08\/Oeko-tex-100-1200x400-1-300x100.jpg 300w, https:\/\/mommymouse.com.pl\/femiside\/wp-content\/uploads\/2022\/08\/Oeko-tex-100-1200x400-1-1024x341.jpg 1024w, https:\/\/mommymouse.com.pl\/femiside\/wp-content\/uploads\/2022\/08\/Oeko-tex-100-1200x400-1-768x256.jpg 768w\" sizes=\"auto, (max-width: 318px) 100vw, 318px\" \/><\/p>\n<p>Materia\u0142y u\u017cyte do produkcji zestawu podpasek higienicznych posiadaj\u0105 atest bezpiecze\u0144stwa Oeko-Tex Standard 100. Oznaczone nim produkty s\u0105 wolne od substancji chemicznych, szkodliwych barwnik\u00f3w i alergen\u00f3w.<\/p>\n<p>Produkt cechuje si\u0119 wysok\u0105 ch\u0142onno\u015bci\u0105 przy zachowaniu optymalnej termowentylacji oraz wodoszczelno\u015bci. Z kolei anatomiczna budowa podpasek gwarantuje doskona\u0142\u0105 symbioz\u0119 z cia\u0142em.<\/p>\n<p>Ch\u0142onne i dyskretne podpaski higieniczne wielorazowego u\u017cytku gwarantuj\u0105 wysoki komfort w wielu codziennych zastosowaniach.<\/p>\n<p>&nbsp;<\/p>\n<p><strong>Jak zbudowane s\u0105 bawe\u0142niane podpaski-wk\u0142adki\u00a0 higieniczne wielokrotnego u\u017cytku ?<\/strong><\/p>\n<p><strong>*WARSTWA KONTAKTOWA<\/strong><br \/>\n(dotykaj\u0105ca sk\u00f3ry -opcjonalnie do wyboru wg w\u0142asnych preferencji)<\/p>\n<p><strong>naturalna biobawe\u0142na<\/strong>\u00a0 lub ch\u0142odz\u0105cy <strong>coolmax<\/strong>\u00a0 przekazuj\u0105 wilgo\u0107 do ni\u017cszych warstw ch\u0142onnych. Dzi\u0119ki temu zachowane jest wra\u017cenie umiarkowanej<br \/>\nsucho\u015bci, jednocze\u015bnie zapobiegaj\u0105c podra\u017cnieniom sk\u00f3ry.<\/p>\n<p><strong>*WEWN\u0118TRZNA WARSTWA CH\u0141ONNA<\/strong><br \/>\nDzi\u0119ki zastosowaniu kompletu materia\u0142\u00f3w hydrofilowych, ciecz zostaje zatrzymana wewn\u0105trz.<\/p>\n<p><strong>*ZEWN\u0118TRZNA WARSTWA<\/strong><br \/>\nZewn\u0119trzna pow\u0142oka wykonana jest z dzianiny bawe\u0142nianej\u00a0 powleczonej wodoszczeln\u0105 membran\u0105, kt\u00f3ra posiada kom\u00f3rkow\u0105 struktur\u0119 w skutek czego stanowi barier\u0119 wodoszczeln\u0105 dla cieczy.<\/p>\n<p>Podpaski pakujemy w specjalne worki z siateczki- pos\u0142u\u017c\u0105 do ochrony\u00a0 podpasek lub innych drobnych element\u00f3w podczas\u00a0 prania w pralce.<br \/>\nDla komfortu przechowywania i wygodnego\u00a0 transportu proponujemy wodoodporne etui podpaskowe z dodatkow\u0105 kieszonk\u0105 zaprojektowane z przeznaczeniem na zapas lub zu\u017cyte sztuki wk\u0142adek.<\/p>\n<p>Znajdziesz je tutaj https:\/\/mommymouse.com.pl\/femiside\/p\/etui-organizer-na-artykuly-sanitarno-higieniczne\/<\/p>\n<p>&nbsp;<\/p>\n<p><strong>Wymiary podpasek-wk\u0142adek wielorazowych:<\/strong><\/p>\n<p><img loading=\"lazy\" decoding=\"async\" class=\"alignnone wp-image-499\" src=\"https:\/\/mommymouse.com.pl\/femiside\/wp-content\/uploads\/2023\/03\/podpaski-wymiary-1.jpg\" alt=\"\" width=\"503\" height=\"336\" srcset=\"https:\/\/mommymouse.com.pl\/femiside\/wp-content\/uploads\/2023\/03\/podpaski-wymiary-1.jpg 944w, https:\/\/mommymouse.com.pl\/femiside\/wp-content\/uploads\/2023\/03\/podpaski-wymiary-1-150x100.jpg 150w, https:\/\/mommymouse.com.pl\/femiside\/wp-content\/uploads\/2023\/03\/podpaski-wymiary-1-600x400.jpg 600w, https:\/\/mommymouse.com.pl\/femiside\/wp-content\/uploads\/2023\/03\/podpaski-wymiary-1-300x200.jpg 300w, https:\/\/mommymouse.com.pl\/femiside\/wp-content\/uploads\/2023\/03\/podpaski-wymiary-1-768x513.jpg 768w\" sizes=\"auto, (max-width: 503px) 100vw, 503px\" \/> <img loading=\"lazy\" decoding=\"async\" class=\"alignnone wp-image-496\" src=\"https:\/\/mommymouse.com.pl\/femiside\/wp-content\/uploads\/2023\/03\/podp-zlozona-wymiar-2.jpg\" alt=\"\" width=\"438\" height=\"293\" srcset=\"https:\/\/mommymouse.com.pl\/femiside\/wp-content\/uploads\/2023\/03\/podp-zlozona-wymiar-2.jpg 1517w, https:\/\/mommymouse.com.pl\/femiside\/wp-content\/uploads\/2023\/03\/podp-zlozona-wymiar-2-150x100.jpg 150w, https:\/\/mommymouse.com.pl\/femiside\/wp-content\/uploads\/2023\/03\/podp-zlozona-wymiar-2-600x401.jpg 600w, https:\/\/mommymouse.com.pl\/femiside\/wp-content\/uploads\/2023\/03\/podp-zlozona-wymiar-2-300x200.jpg 300w, https:\/\/mommymouse.com.pl\/femiside\/wp-content\/uploads\/2023\/03\/podp-zlozona-wymiar-2-1024x684.jpg 1024w, https:\/\/mommymouse.com.pl\/femiside\/wp-content\/uploads\/2023\/03\/podp-zlozona-wymiar-2-768x513.jpg 768w\" sizes=\"auto, (max-width: 438px) 100vw, 438px\" \/><\/p>\n<p>&nbsp;<\/p>\n<p>&nbsp;<\/p>\n<p><strong>Jak u\u017cytkowa\u0107 EKOLOGICZNE PODPASKI HIGIENICZNE ?<\/strong><\/p>\n<p>Ze wzgl\u0119d\u00f3w higienicznych, produkty wielokrotnego u\u017cytku nale\u017cy wypra\u0107 przed pierwszym u\u017cyciem.<br \/>\nZe wzgl\u0119d\u00f3w ekologicznych i ekonomicznych odpowiednia i wskazana temperatura prania nie powinna<br \/>\nprzekracza\u0107 60 \u00b0C. Przed praniem podpaski mo\u017cna wymoczy\u0107 w zimnej wodzie.<br \/>\nNie nale\u017cy stosowa\u0107 wybielaczy na bazie chloru, poniewa\u017c wodoodporne pokrycie bawe\u0142niane mo\u017ce<br \/>\nulec uszkodzeniu, a produkt straci swoje w\u0142a\u015bciwo\u015bci (tzn. przestanie by\u0107 nieprzemakalny).<br \/>\nNale\u017cy pra\u0107 w pralce z u\u017cyciem zwyk\u0142ych detergent\u00f3w. Nie stosowa\u0107 p\u0142yn\u00f3w do zmi\u0119kczania tkanin,<br \/>\ngdy\u017c mog\u0105 one ograniczy\u0107 ch\u0142onno\u015b\u0107 produktu.<br \/>\nSuszenie automatyczne dopuszczalne w niskich temperaturach.<br \/>\nNie prasowa\u0107! Delikatna powierzchnia zostanie uszkodzona przez bezpo\u015brednie przy\u0142o\u017cenie \u017ar\u00f3d\u0142a<br \/>\nciep\u0142a.<\/p>\n","protected":false},"excerpt":{"rendered":"<p>Podpaski Femi Side to ekologiczne wk\u0142adki ch\u0142onne wielorazowego u\u017cytku , kt\u00f3re skutecznie chroni\u0105<br \/>\nprzed wilgoci\u0105. Zapewniaj\u0105 wysokie poczucie komfortu podczas miesi\u0105czki, redukuj\u0105c ryzyko powstania<br \/>\npodra\u017cnie\u0144. Podpaska Femi Side jest rekomendowana na krwawienia miesi\u0105czkowe oraz dla<br \/>\nos\u00f3b z problemem nietrzymania moczu.<\/p>\n<p>Produkty wielokrotnego u\u017cytku stanowi\u0105 bardzo efektywn\u0105 ekonomicznie i jako\u015bciowo alternatyw\u0119 dla<br \/>\nprodukt\u00f3w jednorazowych. Maj\u0105 r\u00f3\u017cnorodne zastosowanie, a mo\u017cliwo\u015b\u0107 ponownego ich wykorzystania<br \/>\npo wypraniu to r\u00f3wnie\u017c realna oszcz\u0119dno\u015b\u0107 w domowym bud\u017cecie.<\/p>\n","protected":false},"featured_media":1026,"comment_status":"open","ping_status":"closed","template":"","meta":[],"product_brand":[],"product_cat":[17,18],"product_tag":[],"class_list":{"0":"post-1015","1":"product","2":"type-product","3":"status-publish","4":"has-post-thumbnail","6":"product_cat-podpaski","7":"product_cat-wkladki","8":"pa_rodzaj-warstwy-wewnetrznej-bawelna-organiczna","9":"pa_rodzaj-warstwy-wewnetrznej-coolmax","10":"pa_rozmiar-maxi-27cm","11":"pa_rozmiar-maxi-plus-27cm","12":"pa_rozmiar-night-30cm","13":"pa_rozmiar-regular-23cm","15":"first","16":"instock","17":"taxable","18":"shipping-taxable","19":"purchasable","20":"product-type-variable"},"yoast_head":"<!-- This site is optimized with the Yoast SEO plugin v27.5 - https:\/\/yoast.com\/product\/yoast-seo-wordpress\/ -->\n<title>Bawe\u0142niana podpaska - wk\u0142adka wielorazowa NERO - Femi Side<\/title>\n<meta name=\"description\" content=\"Podpaski Femi Side to ekologiczne wk\u0142adki ch\u0142onne wielorazowego u\u017cytku , kt\u00f3re skutecznie chroni\u0105przed wilgoci\u0105. Zapewniaj\u0105 wysokie poczucie komfortu podczas miesi\u0105czki, redukuj\u0105c ryzyko powstaniapodra\u017cnie\u0144. Podpaska Femi Side jest rekomendowana na krwawienia miesi\u0105czkowe oraz dlaos\u00f3b z problemem nietrzymania moczu.Produkty wielokrotnego u\u017cytku stanowi\u0105 bardzo efektywn\u0105 ekonomicznie i jako\u015bciowo alternatyw\u0119 dlaprodukt\u00f3w jednorazowych. Maj\u0105 r\u00f3\u017cnorodne zastosowanie, a mo\u017cliwo\u015b\u0107 ponownego ich wykorzystaniapo wypraniu to r\u00f3wnie\u017c realna oszcz\u0119dno\u015b\u0107 w domowym bud\u017cecie.\" \/>\n<meta name=\"robots\" content=\"noindex, follow\" \/>\n<meta property=\"og:locale\" content=\"pl_PL\" \/>\n<meta property=\"og:type\" content=\"article\" \/>\n<meta property=\"og:title\" content=\"Bawe\u0142niana podpaska - wk\u0142adka wielorazowa NERO - Femi Side\" \/>\n<meta property=\"og:description\" content=\"Podpaski Femi Side to ekologiczne wk\u0142adki ch\u0142onne wielorazowego u\u017cytku , kt\u00f3re skutecznie chroni\u0105przed wilgoci\u0105. Zapewniaj\u0105 wysokie poczucie komfortu podczas miesi\u0105czki, redukuj\u0105c ryzyko powstaniapodra\u017cnie\u0144. Podpaska Femi Side jest rekomendowana na krwawienia miesi\u0105czkowe oraz dlaos\u00f3b z problemem nietrzymania moczu.Produkty wielokrotnego u\u017cytku stanowi\u0105 bardzo efektywn\u0105 ekonomicznie i jako\u015bciowo alternatyw\u0119 dlaprodukt\u00f3w jednorazowych. Maj\u0105 r\u00f3\u017cnorodne zastosowanie, a mo\u017cliwo\u015b\u0107 ponownego ich wykorzystaniapo wypraniu to r\u00f3wnie\u017c realna oszcz\u0119dno\u015b\u0107 w domowym bud\u017cecie.\" \/>\n<meta property=\"og:url\" content=\"https:\/\/mommymouse.com.pl\/femiside\/p\/bawelniana-podpaska-wkladka-wielorazowa-nero\/\" \/>\n<meta property=\"og:site_name\" content=\"Femi Side\" \/>\n<meta property=\"article:publisher\" content=\"https:\/\/www.facebook.com\/femiside\" \/>\n<meta property=\"article:modified_time\" content=\"2025-04-11T07:29:38+00:00\" \/>\n<meta property=\"og:image\" content=\"https:\/\/mommymouse.com.pl\/femiside\/wp-content\/uploads\/2023\/05\/Pdp-2-scaled.jpg\" \/>\n\t<meta property=\"og:image:width\" content=\"2560\" \/>\n\t<meta property=\"og:image:height\" content=\"1709\" \/>\n\t<meta property=\"og:image:type\" content=\"image\/jpeg\" \/>\n<meta name=\"twitter:card\" content=\"summary_large_image\" \/>\n<meta name=\"twitter:label1\" content=\"Szacowany czas czytania\" \/>\n\t<meta name=\"twitter:data1\" content=\"5 minut\" \/>\n<script type=\"application\/ld+json\" class=\"yoast-schema-graph\">{\"@context\":\"https:\\\/\\\/schema.org\",\"@graph\":[{\"@type\":\"WebPage\",\"@id\":\"https:\\\/\\\/mommymouse.com.pl\\\/femiside\\\/p\\\/bawelniana-podpaska-wkladka-wielorazowa-nero\\\/\",\"url\":\"https:\\\/\\\/mommymouse.com.pl\\\/femiside\\\/p\\\/bawelniana-podpaska-wkladka-wielorazowa-nero\\\/\",\"name\":\"Bawe\u0142niana podpaska - wk\u0142adka wielorazowa NERO - Femi Side\",\"isPartOf\":{\"@id\":\"https:\\\/\\\/mommymouse.com.pl\\\/femiside\\\/#website\"},\"primaryImageOfPage\":{\"@id\":\"https:\\\/\\\/mommymouse.com.pl\\\/femiside\\\/p\\\/bawelniana-podpaska-wkladka-wielorazowa-nero\\\/#primaryimage\"},\"image\":{\"@id\":\"https:\\\/\\\/mommymouse.com.pl\\\/femiside\\\/p\\\/bawelniana-podpaska-wkladka-wielorazowa-nero\\\/#primaryimage\"},\"thumbnailUrl\":\"https:\\\/\\\/mommymouse.com.pl\\\/femiside\\\/wp-content\\\/uploads\\\/2023\\\/05\\\/Pdp-2-scaled.jpg\",\"datePublished\":\"2023-05-04T17:48:56+00:00\",\"dateModified\":\"2025-04-11T07:29:38+00:00\",\"description\":\"Podpaski Femi Side to ekologiczne wk\u0142adki ch\u0142onne wielorazowego u\u017cytku , kt\u00f3re skutecznie chroni\u0105przed wilgoci\u0105. Zapewniaj\u0105 wysokie poczucie komfortu podczas miesi\u0105czki, redukuj\u0105c ryzyko powstaniapodra\u017cnie\u0144. Podpaska Femi Side jest rekomendowana na krwawienia miesi\u0105czkowe oraz dlaos\u00f3b z problemem nietrzymania moczu.Produkty wielokrotnego u\u017cytku stanowi\u0105 bardzo efektywn\u0105 ekonomicznie i jako\u015bciowo alternatyw\u0119 dlaprodukt\u00f3w jednorazowych. Maj\u0105 r\u00f3\u017cnorodne zastosowanie, a mo\u017cliwo\u015b\u0107 ponownego ich wykorzystaniapo wypraniu to r\u00f3wnie\u017c realna oszcz\u0119dno\u015b\u0107 w domowym bud\u017cecie.\",\"breadcrumb\":{\"@id\":\"https:\\\/\\\/mommymouse.com.pl\\\/femiside\\\/p\\\/bawelniana-podpaska-wkladka-wielorazowa-nero\\\/#breadcrumb\"},\"inLanguage\":\"pl-PL\",\"potentialAction\":[{\"@type\":\"ReadAction\",\"target\":[\"https:\\\/\\\/mommymouse.com.pl\\\/femiside\\\/p\\\/bawelniana-podpaska-wkladka-wielorazowa-nero\\\/\"]}]},{\"@type\":\"ImageObject\",\"inLanguage\":\"pl-PL\",\"@id\":\"https:\\\/\\\/mommymouse.com.pl\\\/femiside\\\/p\\\/bawelniana-podpaska-wkladka-wielorazowa-nero\\\/#primaryimage\",\"url\":\"https:\\\/\\\/mommymouse.com.pl\\\/femiside\\\/wp-content\\\/uploads\\\/2023\\\/05\\\/Pdp-2-scaled.jpg\",\"contentUrl\":\"https:\\\/\\\/mommymouse.com.pl\\\/femiside\\\/wp-content\\\/uploads\\\/2023\\\/05\\\/Pdp-2-scaled.jpg\",\"width\":2560,\"height\":1709},{\"@type\":\"BreadcrumbList\",\"@id\":\"https:\\\/\\\/mommymouse.com.pl\\\/femiside\\\/p\\\/bawelniana-podpaska-wkladka-wielorazowa-nero\\\/#breadcrumb\",\"itemListElement\":[{\"@type\":\"ListItem\",\"position\":1,\"name\":\"Strona g\u0142\u00f3wna\",\"item\":\"https:\\\/\\\/mommymouse.com.pl\\\/femiside\\\/\"},{\"@type\":\"ListItem\",\"position\":2,\"name\":\"Sklep\",\"item\":\"https:\\\/\\\/mommymouse.com.pl\\\/femiside\\\/sklep\\\/\"},{\"@type\":\"ListItem\",\"position\":3,\"name\":\"Bawe\u0142niana podpaska &#8211; wk\u0142adka wielorazowa NERO\"}]},{\"@type\":\"WebSite\",\"@id\":\"https:\\\/\\\/mommymouse.com.pl\\\/femiside\\\/#website\",\"url\":\"https:\\\/\\\/mommymouse.com.pl\\\/femiside\\\/\",\"name\":\"Femi Side\",\"description\":\"\",\"publisher\":{\"@id\":\"https:\\\/\\\/mommymouse.com.pl\\\/femiside\\\/#organization\"},\"potentialAction\":[{\"@type\":\"SearchAction\",\"target\":{\"@type\":\"EntryPoint\",\"urlTemplate\":\"https:\\\/\\\/mommymouse.com.pl\\\/femiside\\\/?s={search_term_string}\"},\"query-input\":{\"@type\":\"PropertyValueSpecification\",\"valueRequired\":true,\"valueName\":\"search_term_string\"}}],\"inLanguage\":\"pl-PL\"},{\"@type\":\"Organization\",\"@id\":\"https:\\\/\\\/mommymouse.com.pl\\\/femiside\\\/#organization\",\"name\":\"Femi Side\",\"url\":\"https:\\\/\\\/mommymouse.com.pl\\\/femiside\\\/\",\"logo\":{\"@type\":\"ImageObject\",\"inLanguage\":\"pl-PL\",\"@id\":\"https:\\\/\\\/mommymouse.com.pl\\\/femiside\\\/#\\\/schema\\\/logo\\\/image\\\/\",\"url\":\"https:\\\/\\\/mommymouse.com.pl\\\/femiside\\\/wp-content\\\/uploads\\\/2023\\\/01\\\/femiside-logo.png\",\"contentUrl\":\"https:\\\/\\\/mommymouse.com.pl\\\/femiside\\\/wp-content\\\/uploads\\\/2023\\\/01\\\/femiside-logo.png\",\"width\":278,\"height\":85,\"caption\":\"Femi Side\"},\"image\":{\"@id\":\"https:\\\/\\\/mommymouse.com.pl\\\/femiside\\\/#\\\/schema\\\/logo\\\/image\\\/\"},\"sameAs\":[\"https:\\\/\\\/www.facebook.com\\\/femiside\"]}]}<\/script>\n<!-- \/ Yoast SEO plugin. -->","yoast_head_json":{"title":"Bawe\u0142niana podpaska - wk\u0142adka wielorazowa NERO - Femi Side","description":"Podpaski Femi Side to ekologiczne wk\u0142adki ch\u0142onne wielorazowego u\u017cytku , kt\u00f3re skutecznie chroni\u0105przed wilgoci\u0105. Zapewniaj\u0105 wysokie poczucie komfortu podczas miesi\u0105czki, redukuj\u0105c ryzyko powstaniapodra\u017cnie\u0144. Podpaska Femi Side jest rekomendowana na krwawienia miesi\u0105czkowe oraz dlaos\u00f3b z problemem nietrzymania moczu.Produkty wielokrotnego u\u017cytku stanowi\u0105 bardzo efektywn\u0105 ekonomicznie i jako\u015bciowo alternatyw\u0119 dlaprodukt\u00f3w jednorazowych. Maj\u0105 r\u00f3\u017cnorodne zastosowanie, a mo\u017cliwo\u015b\u0107 ponownego ich wykorzystaniapo wypraniu to r\u00f3wnie\u017c realna oszcz\u0119dno\u015b\u0107 w domowym bud\u017cecie.","robots":{"index":"noindex","follow":"follow"},"og_locale":"pl_PL","og_type":"article","og_title":"Bawe\u0142niana podpaska - wk\u0142adka wielorazowa NERO - Femi Side","og_description":"Podpaski Femi Side to ekologiczne wk\u0142adki ch\u0142onne wielorazowego u\u017cytku , kt\u00f3re skutecznie chroni\u0105przed wilgoci\u0105. Zapewniaj\u0105 wysokie poczucie komfortu podczas miesi\u0105czki, redukuj\u0105c ryzyko powstaniapodra\u017cnie\u0144. Podpaska Femi Side jest rekomendowana na krwawienia miesi\u0105czkowe oraz dlaos\u00f3b z problemem nietrzymania moczu.Produkty wielokrotnego u\u017cytku stanowi\u0105 bardzo efektywn\u0105 ekonomicznie i jako\u015bciowo alternatyw\u0119 dlaprodukt\u00f3w jednorazowych. Maj\u0105 r\u00f3\u017cnorodne zastosowanie, a mo\u017cliwo\u015b\u0107 ponownego ich wykorzystaniapo wypraniu to r\u00f3wnie\u017c realna oszcz\u0119dno\u015b\u0107 w domowym bud\u017cecie.","og_url":"https:\/\/mommymouse.com.pl\/femiside\/p\/bawelniana-podpaska-wkladka-wielorazowa-nero\/","og_site_name":"Femi Side","article_publisher":"https:\/\/www.facebook.com\/femiside","article_modified_time":"2025-04-11T07:29:38+00:00","og_image":[{"width":2560,"height":1709,"url":"https:\/\/mommymouse.com.pl\/femiside\/wp-content\/uploads\/2023\/05\/Pdp-2-scaled.jpg","type":"image\/jpeg"}],"twitter_card":"summary_large_image","twitter_misc":{"Szacowany czas czytania":"5 minut"},"schema":{"@context":"https:\/\/schema.org","@graph":[{"@type":"WebPage","@id":"https:\/\/mommymouse.com.pl\/femiside\/p\/bawelniana-podpaska-wkladka-wielorazowa-nero\/","url":"https:\/\/mommymouse.com.pl\/femiside\/p\/bawelniana-podpaska-wkladka-wielorazowa-nero\/","name":"Bawe\u0142niana podpaska - wk\u0142adka wielorazowa NERO - Femi Side","isPartOf":{"@id":"https:\/\/mommymouse.com.pl\/femiside\/#website"},"primaryImageOfPage":{"@id":"https:\/\/mommymouse.com.pl\/femiside\/p\/bawelniana-podpaska-wkladka-wielorazowa-nero\/#primaryimage"},"image":{"@id":"https:\/\/mommymouse.com.pl\/femiside\/p\/bawelniana-podpaska-wkladka-wielorazowa-nero\/#primaryimage"},"thumbnailUrl":"https:\/\/mommymouse.com.pl\/femiside\/wp-content\/uploads\/2023\/05\/Pdp-2-scaled.jpg","datePublished":"2023-05-04T17:48:56+00:00","dateModified":"2025-04-11T07:29:38+00:00","description":"Podpaski Femi Side to ekologiczne wk\u0142adki ch\u0142onne wielorazowego u\u017cytku , kt\u00f3re skutecznie chroni\u0105przed wilgoci\u0105. Zapewniaj\u0105 wysokie poczucie komfortu podczas miesi\u0105czki, redukuj\u0105c ryzyko powstaniapodra\u017cnie\u0144. Podpaska Femi Side jest rekomendowana na krwawienia miesi\u0105czkowe oraz dlaos\u00f3b z problemem nietrzymania moczu.Produkty wielokrotnego u\u017cytku stanowi\u0105 bardzo efektywn\u0105 ekonomicznie i jako\u015bciowo alternatyw\u0119 dlaprodukt\u00f3w jednorazowych. Maj\u0105 r\u00f3\u017cnorodne zastosowanie, a mo\u017cliwo\u015b\u0107 ponownego ich wykorzystaniapo wypraniu to r\u00f3wnie\u017c realna oszcz\u0119dno\u015b\u0107 w domowym bud\u017cecie.","breadcrumb":{"@id":"https:\/\/mommymouse.com.pl\/femiside\/p\/bawelniana-podpaska-wkladka-wielorazowa-nero\/#breadcrumb"},"inLanguage":"pl-PL","potentialAction":[{"@type":"ReadAction","target":["https:\/\/mommymouse.com.pl\/femiside\/p\/bawelniana-podpaska-wkladka-wielorazowa-nero\/"]}]},{"@type":"ImageObject","inLanguage":"pl-PL","@id":"https:\/\/mommymouse.com.pl\/femiside\/p\/bawelniana-podpaska-wkladka-wielorazowa-nero\/#primaryimage","url":"https:\/\/mommymouse.com.pl\/femiside\/wp-content\/uploads\/2023\/05\/Pdp-2-scaled.jpg","contentUrl":"https:\/\/mommymouse.com.pl\/femiside\/wp-content\/uploads\/2023\/05\/Pdp-2-scaled.jpg","width":2560,"height":1709},{"@type":"BreadcrumbList","@id":"https:\/\/mommymouse.com.pl\/femiside\/p\/bawelniana-podpaska-wkladka-wielorazowa-nero\/#breadcrumb","itemListElement":[{"@type":"ListItem","position":1,"name":"Strona g\u0142\u00f3wna","item":"https:\/\/mommymouse.com.pl\/femiside\/"},{"@type":"ListItem","position":2,"name":"Sklep","item":"https:\/\/mommymouse.com.pl\/femiside\/sklep\/"},{"@type":"ListItem","position":3,"name":"Bawe\u0142niana podpaska &#8211; wk\u0142adka wielorazowa NERO"}]},{"@type":"WebSite","@id":"https:\/\/mommymouse.com.pl\/femiside\/#website","url":"https:\/\/mommymouse.com.pl\/femiside\/","name":"Femi Side","description":"","publisher":{"@id":"https:\/\/mommymouse.com.pl\/femiside\/#organization"},"potentialAction":[{"@type":"SearchAction","target":{"@type":"EntryPoint","urlTemplate":"https:\/\/mommymouse.com.pl\/femiside\/?s={search_term_string}"},"query-input":{"@type":"PropertyValueSpecification","valueRequired":true,"valueName":"search_term_string"}}],"inLanguage":"pl-PL"},{"@type":"Organization","@id":"https:\/\/mommymouse.com.pl\/femiside\/#organization","name":"Femi Side","url":"https:\/\/mommymouse.com.pl\/femiside\/","logo":{"@type":"ImageObject","inLanguage":"pl-PL","@id":"https:\/\/mommymouse.com.pl\/femiside\/#\/schema\/logo\/image\/","url":"https:\/\/mommymouse.com.pl\/femiside\/wp-content\/uploads\/2023\/01\/femiside-logo.png","contentUrl":"https:\/\/mommymouse.com.pl\/femiside\/wp-content\/uploads\/2023\/01\/femiside-logo.png","width":278,"height":85,"caption":"Femi Side"},"image":{"@id":"https:\/\/mommymouse.com.pl\/femiside\/#\/schema\/logo\/image\/"},"sameAs":["https:\/\/www.facebook.com\/femiside"]}]}},"_links":{"self":[{"href":"https:\/\/mommymouse.com.pl\/femiside\/wp-json\/wp\/v2\/product\/1015","targetHints":{"allow":["GET"]}}],"collection":[{"href":"https:\/\/mommymouse.com.pl\/femiside\/wp-json\/wp\/v2\/product"}],"about":[{"href":"https:\/\/mommymouse.com.pl\/femiside\/wp-json\/wp\/v2\/types\/product"}],"replies":[{"embeddable":true,"href":"https:\/\/mommymouse.com.pl\/femiside\/wp-json\/wp\/v2\/comments?post=1015"}],"wp:featuredmedia":[{"embeddable":true,"href":"https:\/\/mommymouse.com.pl\/femiside\/wp-json\/wp\/v2\/media\/1026"}],"wp:attachment":[{"href":"https:\/\/mommymouse.com.pl\/femiside\/wp-json\/wp\/v2\/media?parent=1015"}],"wp:term":[{"taxonomy":"product_brand","embeddable":true,"href":"https:\/\/mommymouse.com.pl\/femiside\/wp-json\/wp\/v2\/product_brand?post=1015"},{"taxonomy":"product_cat","embeddable":true,"href":"https:\/\/mommymouse.com.pl\/femiside\/wp-json\/wp\/v2\/product_cat?post=1015"},{"taxonomy":"product_tag","embeddable":true,"href":"https:\/\/mommymouse.com.pl\/femiside\/wp-json\/wp\/v2\/product_tag?post=1015"}],"curies":[{"name":"wp","href":"https:\/\/api.w.org\/{rel}","templated":true}]}}