{"id":1101,"date":"2023-05-08T17:10:15","date_gmt":"2023-05-08T15:10:15","guid":{"rendered":"https:\/\/mommymouse.com.pl\/femiside\/?post_type=product&#038;p=1101"},"modified":"2025-04-11T09:29:30","modified_gmt":"2025-04-11T07:29:30","slug":"wkladki-laktacyjne-lavenda","status":"publish","type":"product","link":"https:\/\/mommymouse.com.pl\/femiside\/p\/wkladki-laktacyjne-lavenda\/","title":{"rendered":"Wk\u0142adki laktacyjne LAVENDA"},"content":{"rendered":"<p>Dla kobiet preferuj\u0105cych naturalne materia\u0142y bawe\u0142na organiczna doskonale spe\u0142ni swoje zadanie, dla zwolenniczek ch\u0142odz\u0105cych w\u0142a\u015bciwo\u015bci materia\u0142u kontaktowego\u00a0 z umiarkowanym odczuciem\u00a0<strong>\u201dmokro\u201d<\/strong>\u00a0proponujemy\u00a0<strong>Coolmax<\/strong>\u00a0jako warstw\u0119 wewn\u0119trzn\u0105 wk\u0142adki laktacyjnej.<\/p>\n<p>Szeroko\u015b\u0107 wk\u0142adek \u2013 12 cm.<\/p>\n<p><strong>W zestawie woreczek do prania wk\u0142adek laktacyjnych.<\/strong><\/p>\n<p><strong>Sk\u0142ad materia\u0142owy:<\/strong><\/p>\n<ul>\n<li>Wk\u0142adki w wersji bawe\u0142na:<br \/>\n65% PE,<br \/>\n35% COTTON ORGANIC<\/li>\n<li>Wk\u0142adki w wersji coolmax:<br \/>\n100 % PE<\/li>\n<\/ul>\n<p>Pra\u0107 w temp. max 60%, nie prasowa\u0107, nie suszy\u0107 w suszarkach b\u0119bnowych w wysokich temperaturach.<\/p>\n<p>Materia\u0142y u\u017cyte do produkcji posiadaj\u0105 certyfikat bezpiecze\u0144stwa\u00a0 OekoTex Standard 100<\/p>\n<p>Produkt wyprodukowano w Polsce.<\/p>\n","protected":false},"excerpt":{"rendered":"<p>Wk\u0142adki laktacyjne to niezb\u0119dnik kobiety karmi\u0105cej. Profilowanie, umo\u017cliwiaj\u0105ce \u0142atwe dopasowanie do kszta\u0142tu piersi \u2013 pozwala na \u0142adne u\u0142o\u017cenie wk\u0142adki w biustonoszu matki karmi\u0105cej. Komfortowe zabezpieczenie przed niechcianym przemoczeniem odzie\u017cy uzupe\u0142nia wewn\u0119trzna warstwa ch\u0142onna wk\u0142adki oraz nieprzemakalny Pul stanowi\u0105cy warstw\u0119 zewn\u0119trzn\u0105. Bezpo\u015bredni kontakt ze sk\u00f3r\u0105 piersi zapewnia naturalna\u00a0<strong>bawe\u0142na organiczna<\/strong>\u00a0lub\u00a0<strong>Coolmax<\/strong>.<\/p>\n","protected":false},"featured_media":1065,"comment_status":"open","ping_status":"closed","template":"","meta":[],"product_brand":[],"product_cat":[20],"product_tag":[],"class_list":{"0":"post-1101","1":"product","2":"type-product","3":"status-publish","4":"has-post-thumbnail","6":"product_cat-gadzety","7":"pa_rodzaj-warstwy-wewnetrznej-bawelna-organiczna","8":"pa_rodzaj-warstwy-wewnetrznej-coolmax","9":"pa_wzor-lavenda","10":"pa_wzor-violet","12":"first","13":"instock","14":"taxable","15":"shipping-taxable","16":"purchasable","17":"product-type-variable"},"yoast_head":"<!-- This site is optimized with the Yoast SEO plugin v27.3 - https:\/\/yoast.com\/product\/yoast-seo-wordpress\/ -->\n<title>Wk\u0142adki laktacyjne LAVENDA - Femi Side<\/title>\n<meta name=\"description\" content=\"Wielorazowe, ekologiczne i przyjazne dla wra\u017cliwej sk\u00f3ry wk\u0142adki laktacyjne Femi Side doskonale spe\u0142ni\u0105 swoje zadanie dla kobiety karmi\u0105cej.\" \/>\n<meta name=\"robots\" content=\"noindex, follow\" \/>\n<meta property=\"og:locale\" content=\"pl_PL\" \/>\n<meta property=\"og:type\" content=\"article\" \/>\n<meta property=\"og:title\" content=\"Wk\u0142adki laktacyjne LAVENDA - Femi Side\" \/>\n<meta property=\"og:description\" content=\"Wielorazowe, ekologiczne i przyjazne dla wra\u017cliwej sk\u00f3ry wk\u0142adki laktacyjne Femi Side doskonale spe\u0142ni\u0105 swoje zadanie dla kobiety karmi\u0105cej.\" \/>\n<meta property=\"og:url\" content=\"https:\/\/mommymouse.com.pl\/femiside\/p\/wkladki-laktacyjne-lavenda\/\" \/>\n<meta property=\"og:site_name\" content=\"Femi Side\" \/>\n<meta property=\"article:publisher\" content=\"https:\/\/www.facebook.com\/femiside\" \/>\n<meta property=\"article:modified_time\" content=\"2025-04-11T07:29:30+00:00\" \/>\n<meta property=\"og:image\" content=\"https:\/\/mommymouse.com.pl\/femiside\/wp-content\/uploads\/2023\/05\/Pdp-17-scaled.jpg\" \/>\n\t<meta property=\"og:image:width\" content=\"2560\" \/>\n\t<meta property=\"og:image:height\" content=\"1709\" \/>\n\t<meta property=\"og:image:type\" content=\"image\/jpeg\" \/>\n<meta name=\"twitter:card\" content=\"summary_large_image\" \/>\n<meta name=\"twitter:label1\" content=\"Szacowany czas czytania\" \/>\n\t<meta name=\"twitter:data1\" content=\"1 minuta\" \/>\n<script type=\"application\/ld+json\" class=\"yoast-schema-graph\">{\"@context\":\"https:\\\/\\\/schema.org\",\"@graph\":[{\"@type\":\"WebPage\",\"@id\":\"https:\\\/\\\/mommymouse.com.pl\\\/femiside\\\/p\\\/wkladki-laktacyjne-lavenda\\\/\",\"url\":\"https:\\\/\\\/mommymouse.com.pl\\\/femiside\\\/p\\\/wkladki-laktacyjne-lavenda\\\/\",\"name\":\"Wk\u0142adki laktacyjne LAVENDA - Femi Side\",\"isPartOf\":{\"@id\":\"https:\\\/\\\/mommymouse.com.pl\\\/femiside\\\/#website\"},\"primaryImageOfPage\":{\"@id\":\"https:\\\/\\\/mommymouse.com.pl\\\/femiside\\\/p\\\/wkladki-laktacyjne-lavenda\\\/#primaryimage\"},\"image\":{\"@id\":\"https:\\\/\\\/mommymouse.com.pl\\\/femiside\\\/p\\\/wkladki-laktacyjne-lavenda\\\/#primaryimage\"},\"thumbnailUrl\":\"https:\\\/\\\/mommymouse.com.pl\\\/femiside\\\/wp-content\\\/uploads\\\/2023\\\/05\\\/Pdp-17-scaled.jpg\",\"datePublished\":\"2023-05-08T15:10:15+00:00\",\"dateModified\":\"2025-04-11T07:29:30+00:00\",\"description\":\"Wielorazowe, ekologiczne i przyjazne dla wra\u017cliwej sk\u00f3ry wk\u0142adki laktacyjne Femi Side doskonale spe\u0142ni\u0105 swoje zadanie dla kobiety karmi\u0105cej.\",\"breadcrumb\":{\"@id\":\"https:\\\/\\\/mommymouse.com.pl\\\/femiside\\\/p\\\/wkladki-laktacyjne-lavenda\\\/#breadcrumb\"},\"inLanguage\":\"pl-PL\",\"potentialAction\":[{\"@type\":\"ReadAction\",\"target\":[\"https:\\\/\\\/mommymouse.com.pl\\\/femiside\\\/p\\\/wkladki-laktacyjne-lavenda\\\/\"]}]},{\"@type\":\"ImageObject\",\"inLanguage\":\"pl-PL\",\"@id\":\"https:\\\/\\\/mommymouse.com.pl\\\/femiside\\\/p\\\/wkladki-laktacyjne-lavenda\\\/#primaryimage\",\"url\":\"https:\\\/\\\/mommymouse.com.pl\\\/femiside\\\/wp-content\\\/uploads\\\/2023\\\/05\\\/Pdp-17-scaled.jpg\",\"contentUrl\":\"https:\\\/\\\/mommymouse.com.pl\\\/femiside\\\/wp-content\\\/uploads\\\/2023\\\/05\\\/Pdp-17-scaled.jpg\",\"width\":2560,\"height\":1709},{\"@type\":\"BreadcrumbList\",\"@id\":\"https:\\\/\\\/mommymouse.com.pl\\\/femiside\\\/p\\\/wkladki-laktacyjne-lavenda\\\/#breadcrumb\",\"itemListElement\":[{\"@type\":\"ListItem\",\"position\":1,\"name\":\"Strona g\u0142\u00f3wna\",\"item\":\"https:\\\/\\\/mommymouse.com.pl\\\/femiside\\\/\"},{\"@type\":\"ListItem\",\"position\":2,\"name\":\"Sklep\",\"item\":\"https:\\\/\\\/mommymouse.com.pl\\\/femiside\\\/sklep\\\/\"},{\"@type\":\"ListItem\",\"position\":3,\"name\":\"Wk\u0142adki laktacyjne LAVENDA\"}]},{\"@type\":\"WebSite\",\"@id\":\"https:\\\/\\\/mommymouse.com.pl\\\/femiside\\\/#website\",\"url\":\"https:\\\/\\\/mommymouse.com.pl\\\/femiside\\\/\",\"name\":\"Femi Side\",\"description\":\"\",\"publisher\":{\"@id\":\"https:\\\/\\\/mommymouse.com.pl\\\/femiside\\\/#organization\"},\"potentialAction\":[{\"@type\":\"SearchAction\",\"target\":{\"@type\":\"EntryPoint\",\"urlTemplate\":\"https:\\\/\\\/mommymouse.com.pl\\\/femiside\\\/?s={search_term_string}\"},\"query-input\":{\"@type\":\"PropertyValueSpecification\",\"valueRequired\":true,\"valueName\":\"search_term_string\"}}],\"inLanguage\":\"pl-PL\"},{\"@type\":\"Organization\",\"@id\":\"https:\\\/\\\/mommymouse.com.pl\\\/femiside\\\/#organization\",\"name\":\"Femi Side\",\"url\":\"https:\\\/\\\/mommymouse.com.pl\\\/femiside\\\/\",\"logo\":{\"@type\":\"ImageObject\",\"inLanguage\":\"pl-PL\",\"@id\":\"https:\\\/\\\/mommymouse.com.pl\\\/femiside\\\/#\\\/schema\\\/logo\\\/image\\\/\",\"url\":\"https:\\\/\\\/mommymouse.com.pl\\\/femiside\\\/wp-content\\\/uploads\\\/2023\\\/01\\\/femiside-logo.png\",\"contentUrl\":\"https:\\\/\\\/mommymouse.com.pl\\\/femiside\\\/wp-content\\\/uploads\\\/2023\\\/01\\\/femiside-logo.png\",\"width\":278,\"height\":85,\"caption\":\"Femi Side\"},\"image\":{\"@id\":\"https:\\\/\\\/mommymouse.com.pl\\\/femiside\\\/#\\\/schema\\\/logo\\\/image\\\/\"},\"sameAs\":[\"https:\\\/\\\/www.facebook.com\\\/femiside\"]}]}<\/script>\n<!-- \/ Yoast SEO plugin. -->","yoast_head_json":{"title":"Wk\u0142adki laktacyjne LAVENDA - Femi Side","description":"Wielorazowe, ekologiczne i przyjazne dla wra\u017cliwej sk\u00f3ry wk\u0142adki laktacyjne Femi Side doskonale spe\u0142ni\u0105 swoje zadanie dla kobiety karmi\u0105cej.","robots":{"index":"noindex","follow":"follow"},"og_locale":"pl_PL","og_type":"article","og_title":"Wk\u0142adki laktacyjne LAVENDA - Femi Side","og_description":"Wielorazowe, ekologiczne i przyjazne dla wra\u017cliwej sk\u00f3ry wk\u0142adki laktacyjne Femi Side doskonale spe\u0142ni\u0105 swoje zadanie dla kobiety karmi\u0105cej.","og_url":"https:\/\/mommymouse.com.pl\/femiside\/p\/wkladki-laktacyjne-lavenda\/","og_site_name":"Femi Side","article_publisher":"https:\/\/www.facebook.com\/femiside","article_modified_time":"2025-04-11T07:29:30+00:00","og_image":[{"width":2560,"height":1709,"url":"https:\/\/mommymouse.com.pl\/femiside\/wp-content\/uploads\/2023\/05\/Pdp-17-scaled.jpg","type":"image\/jpeg"}],"twitter_card":"summary_large_image","twitter_misc":{"Szacowany czas czytania":"1 minuta"},"schema":{"@context":"https:\/\/schema.org","@graph":[{"@type":"WebPage","@id":"https:\/\/mommymouse.com.pl\/femiside\/p\/wkladki-laktacyjne-lavenda\/","url":"https:\/\/mommymouse.com.pl\/femiside\/p\/wkladki-laktacyjne-lavenda\/","name":"Wk\u0142adki laktacyjne LAVENDA - Femi Side","isPartOf":{"@id":"https:\/\/mommymouse.com.pl\/femiside\/#website"},"primaryImageOfPage":{"@id":"https:\/\/mommymouse.com.pl\/femiside\/p\/wkladki-laktacyjne-lavenda\/#primaryimage"},"image":{"@id":"https:\/\/mommymouse.com.pl\/femiside\/p\/wkladki-laktacyjne-lavenda\/#primaryimage"},"thumbnailUrl":"https:\/\/mommymouse.com.pl\/femiside\/wp-content\/uploads\/2023\/05\/Pdp-17-scaled.jpg","datePublished":"2023-05-08T15:10:15+00:00","dateModified":"2025-04-11T07:29:30+00:00","description":"Wielorazowe, ekologiczne i przyjazne dla wra\u017cliwej sk\u00f3ry wk\u0142adki laktacyjne Femi Side doskonale spe\u0142ni\u0105 swoje zadanie dla kobiety karmi\u0105cej.","breadcrumb":{"@id":"https:\/\/mommymouse.com.pl\/femiside\/p\/wkladki-laktacyjne-lavenda\/#breadcrumb"},"inLanguage":"pl-PL","potentialAction":[{"@type":"ReadAction","target":["https:\/\/mommymouse.com.pl\/femiside\/p\/wkladki-laktacyjne-lavenda\/"]}]},{"@type":"ImageObject","inLanguage":"pl-PL","@id":"https:\/\/mommymouse.com.pl\/femiside\/p\/wkladki-laktacyjne-lavenda\/#primaryimage","url":"https:\/\/mommymouse.com.pl\/femiside\/wp-content\/uploads\/2023\/05\/Pdp-17-scaled.jpg","contentUrl":"https:\/\/mommymouse.com.pl\/femiside\/wp-content\/uploads\/2023\/05\/Pdp-17-scaled.jpg","width":2560,"height":1709},{"@type":"BreadcrumbList","@id":"https:\/\/mommymouse.com.pl\/femiside\/p\/wkladki-laktacyjne-lavenda\/#breadcrumb","itemListElement":[{"@type":"ListItem","position":1,"name":"Strona g\u0142\u00f3wna","item":"https:\/\/mommymouse.com.pl\/femiside\/"},{"@type":"ListItem","position":2,"name":"Sklep","item":"https:\/\/mommymouse.com.pl\/femiside\/sklep\/"},{"@type":"ListItem","position":3,"name":"Wk\u0142adki laktacyjne LAVENDA"}]},{"@type":"WebSite","@id":"https:\/\/mommymouse.com.pl\/femiside\/#website","url":"https:\/\/mommymouse.com.pl\/femiside\/","name":"Femi Side","description":"","publisher":{"@id":"https:\/\/mommymouse.com.pl\/femiside\/#organization"},"potentialAction":[{"@type":"SearchAction","target":{"@type":"EntryPoint","urlTemplate":"https:\/\/mommymouse.com.pl\/femiside\/?s={search_term_string}"},"query-input":{"@type":"PropertyValueSpecification","valueRequired":true,"valueName":"search_term_string"}}],"inLanguage":"pl-PL"},{"@type":"Organization","@id":"https:\/\/mommymouse.com.pl\/femiside\/#organization","name":"Femi Side","url":"https:\/\/mommymouse.com.pl\/femiside\/","logo":{"@type":"ImageObject","inLanguage":"pl-PL","@id":"https:\/\/mommymouse.com.pl\/femiside\/#\/schema\/logo\/image\/","url":"https:\/\/mommymouse.com.pl\/femiside\/wp-content\/uploads\/2023\/01\/femiside-logo.png","contentUrl":"https:\/\/mommymouse.com.pl\/femiside\/wp-content\/uploads\/2023\/01\/femiside-logo.png","width":278,"height":85,"caption":"Femi Side"},"image":{"@id":"https:\/\/mommymouse.com.pl\/femiside\/#\/schema\/logo\/image\/"},"sameAs":["https:\/\/www.facebook.com\/femiside"]}]}},"_links":{"self":[{"href":"https:\/\/mommymouse.com.pl\/femiside\/wp-json\/wp\/v2\/product\/1101","targetHints":{"allow":["GET"]}}],"collection":[{"href":"https:\/\/mommymouse.com.pl\/femiside\/wp-json\/wp\/v2\/product"}],"about":[{"href":"https:\/\/mommymouse.com.pl\/femiside\/wp-json\/wp\/v2\/types\/product"}],"replies":[{"embeddable":true,"href":"https:\/\/mommymouse.com.pl\/femiside\/wp-json\/wp\/v2\/comments?post=1101"}],"wp:featuredmedia":[{"embeddable":true,"href":"https:\/\/mommymouse.com.pl\/femiside\/wp-json\/wp\/v2\/media\/1065"}],"wp:attachment":[{"href":"https:\/\/mommymouse.com.pl\/femiside\/wp-json\/wp\/v2\/media?parent=1101"}],"wp:term":[{"taxonomy":"product_brand","embeddable":true,"href":"https:\/\/mommymouse.com.pl\/femiside\/wp-json\/wp\/v2\/product_brand?post=1101"},{"taxonomy":"product_cat","embeddable":true,"href":"https:\/\/mommymouse.com.pl\/femiside\/wp-json\/wp\/v2\/product_cat?post=1101"},{"taxonomy":"product_tag","embeddable":true,"href":"https:\/\/mommymouse.com.pl\/femiside\/wp-json\/wp\/v2\/product_tag?post=1101"}],"curies":[{"name":"wp","href":"https:\/\/api.w.org\/{rel}","templated":true}]}}