{"id":1348,"date":"2023-06-07T16:13:51","date_gmt":"2023-06-07T14:13:51","guid":{"rendered":"https:\/\/mommymouse.com.pl\/femiside\/?post_type=product&#038;p=1348"},"modified":"2025-04-11T09:29:28","modified_gmt":"2025-04-11T07:29:28","slug":"femicotton-harmony","status":"publish","type":"product","link":"https:\/\/mommymouse.com.pl\/femiside\/p\/femicotton-harmony\/","title":{"rendered":"FemiCotton Harmony- bawe\u0142niana wk\u0142adka higieniczna"},"content":{"rendered":"<p><strong>FemiCotton Harmony\u2026<\/strong><\/p>\n<p><strong>Czysto\u015b\u0107 i naturalno\u015b\u0107 dla Twojej wygody<\/strong><\/p>\n<p>Wielorazowa <strong>wk\u0142adka higieniczna Harmony<\/strong> wykonana jest z wysokiej jako\u015bci ,<strong> certyfikowanej , naturalnej bawe\u0142ny<\/strong>-przyjaznej dla sk\u00f3ry, ch\u0142onnej i jednocze\u015bnie \u0142atwej do czyszczenia. G\u0142\u00f3wn\u0105 zalet\u0105 bawe\u0142nianych wk\u0142adek higienicznych jest to, \u017ce s\u0105 one przyjazne dla sk\u00f3ry. Bawe\u0142na jest naturalnym materia\u0142em, kt\u00f3ry jest delikatny i nie powoduje podra\u017cnie\u0144. Dlatego wk\u0142adki te s\u0105 szczeg\u00f3lnie polecane dla os\u00f3b o wra\u017cliwej sk\u00f3rze lub sk\u0142onno\u015bciach alergicznych.<\/p>\n<p>Bawe\u0142niana wk\u0142adka higieniczna wielorazowa sk\u0142ada si\u0119 z kilku warstw bawe\u0142ny po\u0142\u0105czonych w ca\u0142o\u015b\u0107 , kt\u00f3re zapewniaj\u0105 intymn\u0105 ochron\u0119. Wewn\u0119trzne warstwy absorbuj\u0105 wilgo\u0107 i utrzymuj\u0105 uczucie sucho\u015bci. Napy mocuj\u0105ce wk\u0142adk\u0119 higieniczna do bielizny znajduj\u0105 si\u0119 na skrzyde\u0142kach ochronnych.<\/p>\n<p>G\u0142\u00f3wn\u0105 zalet\u0105 wielorazowej wk\u0142adki higienicznej jest mo\u017cliwo\u015b\u0107 jej ponownego u\u017cycia po wypraniu dzi\u0119ki czemu s\u0105 ekonomiczne i przyjazne dla \u015brodowiska. Wk\u0142adki higieniczne wymagaj\u0105 regularnego czyszczenia, aby zachowa\u0107 higien\u0119 i zapobiec rozwojowi bakterii. Zaleca si\u0119 pranie r\u0119czne lub stosowanie delikatnego cyklu prania w pralce. Dzi\u0119ki ich wielokrotnemu u\u017cyciu mo\u017cna zaoszcz\u0119dzi\u0107 pieni\u0105dze, kt\u00f3re zwykle wydawane s\u0105 na tradycyjne wk\u0142adki jednorazowe. Ponadto, korzystanie z wielorazowych wk\u0142adek ogranicza ilo\u015b\u0107 odpad\u00f3w i zmniejsza negatywny wp\u0142yw na \u015brodowisko.<\/p>\n<p>Aby zapewni\u0107 odpowiedni\u0105 rotacj\u0119 i zawsze mie\u0107 \u015bwie\u017ce wk\u0142adki pod r\u0119k\u0105 warto zaopatrzy\u0107 si\u0119 w zestaw.<\/p>\n<p>&nbsp;<\/p>\n<p><strong>Wielorazowe wk\u0142adki higieniczne wykonane z bawe\u0142ny, zar\u00f3wno bia\u0142ej jak i niebielonej, maj\u0105 wiele zalet zdrowotnych takich jak:<\/strong><\/p>\n<p><strong>*Hipoalergiczno\u015b\u0107<\/strong><\/p>\n<p>Bawe\u0142na jest znana z tego, \u017ce jest \u0142agodna dla sk\u00f3ry i ma minimalne ryzyko powodowania reakcji alergicznych. Wk\u0142adki higieniczne z bawe\u0142ny s\u0105 zwykle hipoalergiczne, co oznacza, \u017ce s\u0105 dobrze tolerowane przez osoby o wra\u017cliwej sk\u00f3rze.<\/p>\n<p><strong>*Oddychalno\u015b\u0107<\/strong><\/p>\n<p>Bawe\u0142na jest naturalnie przepuszczalna dla powietrza, co oznacza, \u017ce umo\u017cliwia swobodn\u0105 cyrkulacj\u0119 powietrza w okolicy intymnej. To mo\u017ce pom\u00f3c w zmniejszeniu ryzyka podra\u017cnie\u0144 sk\u00f3ry i infekcji.<\/p>\n<p><strong>*Absorpcja wilgoci<\/strong><\/p>\n<p>Bawe\u0142na ma wysok\u0105 zdolno\u015b\u0107 poch\u0142aniania wilgoci. Wk\u0142adki higieniczne z bawe\u0142ny maj\u0105 tendencj\u0119 do efektywnego wch\u0142aniania p\u0142yn\u00f3w, co pomaga utrzyma\u0107 uczucie sucho\u015bci i komfortu.<\/p>\n<p><strong>*Brak toksycznych substancji<\/strong><\/p>\n<p>Wk\u0142adki higieniczne z bawe\u0142ny, zw\u0142aszcza te z niebielonej bawe\u0142ny, nie zawieraj\u0105 substancji chemicznych, takich jak np.chlor, kt\u00f3ry jest u\u017cywany w procesie bielenia. Dzi\u0119ki temu minimalizuje si\u0119 ryzyko kontaktu z potencjalnie toksycznymi substancjami.<\/p>\n<p><strong>*Ekologiczne<\/strong><\/p>\n<p>Wybieraj\u0105c wk\u0142adki higieniczne z bawe\u0142ny, zw\u0142aszcza te wielorazowe, mo\u017cesz zmniejszy\u0107 negatywny wp\u0142yw na \u015brodowisko. Produkty wykonane z bawe\u0142ny s\u0105 biodegradowalne i nie generuj\u0105 takiej ilo\u015bci odpad\u00f3w jak tradycyjne jednorazowe wk\u0142adki. Warto zaznaczy\u0107, \u017ce wk\u0142adki higieniczne bawe\u0142niane s\u0105 bardziej przyjazne dla \u015brodowiska ni\u017c tradycyjne wk\u0142adki jednorazowe, kt\u00f3re cz\u0119sto s\u0105 wykonane z tworzyw sztucznych. Bawe\u0142niana wk\u0142adka jest biodegradowalna i mo\u017ce by\u0107 cz\u0119sto stosowana jako alternatywa dla bardziej ekologicznej higieny intymnej.<\/p>\n<p>&nbsp;<\/p>\n<blockquote><p>Wielorazowa -bawe\u0142niana wk\u0142adka higieniczna to ekologiczna i ekonomiczna alternatywa dla tradycyjnych jednorazowych wk\u0142adek. Wykonana z mi\u0119kkich i ch\u0142onnych materia\u0142\u00f3w, zapewnia ochron\u0119 i intymny komfort . Jej ponowne u\u017cytkowanie pomaga zmniejszy\u0107 ilo\u015b\u0107 generowanych odpad\u00f3w i wp\u0142yw na \u015brodowisko.<\/p><\/blockquote>\n<p>&nbsp;<\/p>\n<p><strong>Sk\u0142ad:<\/strong><\/p>\n<p><strong>Bawe\u0142na organiczna 100 %<\/strong><\/p>\n<p>&nbsp;<\/p>\n<h3>Wymiary wk\u0142adek bawe\u0142nianych Harmony :<\/h3>\n<ol>\n<li><strong>Rozmiar<\/strong>\u00a0<strong>MINI:<br \/>\n<\/strong>d\u0142ugo\u015b\u0107 wk\u0142adki \u2013 ok.20,5 cm<br \/>\nszeroko\u015b\u0107 wewn\u0119trzna po zapi\u0119ciu\u00a0 \u2013ok.4-5 cm<br \/>\ngrubo\u015b\u0107 wk\u0142adki \u2013 ok. 3 mm<\/li>\n<\/ol>\n<ol start=\"2\">\n<li><strong>Rozmiar MAXI:<br \/>\n<\/strong>d\u0142ugo\u015b\u0107 wk\u0142adki \u2013ok. 23,5 cm<br \/>\nszeroko\u015b\u0107 wewn\u0119trzna po zapi\u0119ciu\u00a0 \u2013ok.4- 5,5 cm<br \/>\ngrubo\u015b\u0107 wk\u0142adki \u2013ok. 3 mm<\/li>\n<\/ol>\n<p>&nbsp;<\/p>\n<h3><strong>Jak u\u017cytkowa\u0107 wielorazow\u0105 wk\u0142adk\u0119 higieniczn\u0105 Harmony ?<\/strong><\/h3>\n<p>Ze wzgl\u0119d\u00f3w higienicznych, produkty wielokrotnego u\u017cytku nale\u017cy wypra\u0107 przed pierwszym u\u017cyciem.<br \/>\nZe wzgl\u0119d\u00f3w ekologicznych i ekonomicznych odpowiednia i wskazana temperatura prania nie powinna przekracza\u0107 60 \u00b0C.<\/p>\n<ol>\n<li>\u00a0Pranie bawe\u0142ny w ni\u017cszej temperaturze mo\u017ce pom\u00f3c w zachowaniu jej naturalnej ch\u0142onno\u015bci. Woda o ni\u017cszej temperaturze mo\u017ce r\u00f3wnie\u017c zmniejszy\u0107 ryzyko skurczenia si\u0119 materia\u0142u.<\/li>\n<li>Wybierz delikatny cykl prania na pralce. Ten tryb jest bardziej \u0142agodny dla tkanin i pomaga w utrzymaniu ich jako\u015bci.<\/li>\n<li>Wybierz \u0142agodny detergent przeznaczony do prania delikatnych tkanin. Unikaj silnych \u015brodk\u00f3w chemicznych, kt\u00f3re mog\u0105 uszkodzi\u0107 w\u0142\u00f3kna bawe\u0142ny i wp\u0142yn\u0105\u0107 na jej ch\u0142onno\u015b\u0107.<\/li>\n<li>Nie stosowa\u0107 p\u0142yn\u00f3w do zmi\u0119kczania tkanin, gdy\u017c mog\u0105 one ograniczy\u0107 ch\u0142onno\u015b\u0107 produktu.<\/li>\n<li>\u00a0Po zako\u0144czeniu cyklu prania unikaj nadmiernego wirowania, kt\u00f3re mo\u017ce spowodowa\u0107 skurczenie si\u0119 tkanin. Je\u015bli masz tak\u0105 mo\u017cliwo\u015b\u0107, wybierz tryb prasowania lub delikatnego wirowania.<\/li>\n<li>\u00a0Zamiast suszenia w suszarce bawe\u0142n\u0119 niebielon\u0105 najlepiej suszy\u0107 na powietrzu. Powieszenie ubra\u0144 na suszarce lub roz\u0142o\u017cenie ich na p\u0142askiej powierzchni pomo\u017ce zachowa\u0107 ich ch\u0142onno\u015b\u0107 i zapobiegnie skurczeniu si\u0119.<\/li>\n<li>\u00a0Unikaj u\u017cywania wybielaczy chemicznych, kt\u00f3re mog\u0105 uszkodzi\u0107 struktur\u0119 w\u0142\u00f3kien bawe\u0142ny. Wybielacze zawieraj\u0105ce chlor mog\u0105 r\u00f3wnie\u017c spowodowa\u0107 \u017c\u00f3\u0142kni\u0119cie bawe\u0142ny niebielonej.<\/li>\n<\/ol>\n<p>&nbsp;<\/p>\n<h3>Bezpiecze\u0144stwo i ergonomia\u00a0 \u00a0 \u00a0 \u00a0 \u00a0 \u00a0 \u00a0 \u00a0 \u00a0 \u00a0 \u00a0 \u00a0 \u00a0 \u00a0\u00a0<img loading=\"lazy\" decoding=\"async\" class=\"alignnone size-medium wp-image-408\" src=\"https:\/\/mommymouse.com.pl\/femiside\/wp-content\/uploads\/2022\/08\/Oeko-tex-100-1200x400-1-300x100.jpg\" sizes=\"auto, (max-width: 300px) 100vw, 300px\" srcset=\"https:\/\/mommymouse.com.pl\/femiside\/wp-content\/uploads\/2022\/08\/Oeko-tex-100-1200x400-1-300x100.jpg 300w, https:\/\/mommymouse.com.pl\/femiside\/wp-content\/uploads\/2022\/08\/Oeko-tex-100-1200x400-1-150x50.jpg 150w, https:\/\/mommymouse.com.pl\/femiside\/wp-content\/uploads\/2022\/08\/Oeko-tex-100-1200x400-1-600x200.jpg 600w, https:\/\/mommymouse.com.pl\/femiside\/wp-content\/uploads\/2022\/08\/Oeko-tex-100-1200x400-1-1024x341.jpg 1024w, https:\/\/mommymouse.com.pl\/femiside\/wp-content\/uploads\/2022\/08\/Oeko-tex-100-1200x400-1-768x256.jpg 768w, https:\/\/mommymouse.com.pl\/femiside\/wp-content\/uploads\/2022\/08\/Oeko-tex-100-1200x400-1.jpg 1200w\" alt=\"\" width=\"300\" height=\"100\" \/><\/h3>\n<p>Materia\u0142y u\u017cyte do produkcji wk\u0142adek posiadaj\u0105\u00a0<strong>atest bezpiecze\u0144stwa Oeko-Tex Standard 100<\/strong>. Oznaczone nim produkty s\u0105 wolne od substancji chemicznych, szkodliwych barwnik\u00f3w i alergen\u00f3w.<\/p>\n<p>Produkt cechuje si\u0119 wysok\u0105 ch\u0142onno\u015bci\u0105 przy zachowaniu optymslnej termowentylacji oraz wodoszczelno\u015bci. Z kolei anatomiczna budowa wk\u0142adki gwarantuje doskona\u0142\u0105 symbioz\u0119 z cia\u0142em.<\/p>\n<p>Cienkie i superdyskretne , bawe\u0142niane wk\u0142adki wielorazowego u\u017cytku gwarantuj\u0105 wysoki komfort w wielu codziennych zastosowaniach.<\/p>\n<p>&nbsp;<\/p>\n<p>&nbsp;<\/p>\n<p>Wk\u0142adki higieniczne\u00a0 pakujemy w specjalne worki z siateczki- pos\u0142u\u017c\u0105 do ochrony wk\u0142adek<br \/>\nlub innych drobnych element\u00f3w podczas\u00a0 prania w pralce.<br \/>\nDla komfortu przechowywania i wygodnego\u00a0 transportu proponujemy <strong>wodoodporne etui\u00a0 z<\/strong><br \/>\n<strong>dodatkow\u0105 kieszonk\u0105<\/strong> zaprojektowane z przeznaczeniem na zapas lub zu\u017cyte sztuki wk\u0142adek.<\/p>\n<p lang=\"en-US\"><strong>Znajdziesz je tutaj https:\/\/mommymouse.com.pl\/femiside\/p\/etui-organizer-na-artykuly-sanitarno-higieniczne\/<\/strong><\/p>\n<p>&nbsp;<\/p>\n<p>&nbsp;<\/p>\n<p>&nbsp;<\/p>\n<p>&nbsp;<\/p>\n<p>&nbsp;<\/p>\n<p>&nbsp;<\/p>\n<p>&nbsp;<\/p>\n<p>&nbsp;<\/p>\n<p>&nbsp;<\/p>\n<p>&nbsp;<\/p>\n<p>&nbsp;<\/p>\n<p>&nbsp;<\/p>\n","protected":false},"excerpt":{"rendered":"<p>Wielorazowa wk\u0142adka higieniczna to innowacyjny produkt zaprojektowany z my\u015bl\u0105 o \u015brodowisku i wygodzie u\u017cytkownika. Jest to alternatywa dla tradycyjnych jednorazowych wk\u0142adek, kt\u00f3ra pozwala zmniejszy\u0107 ilo\u015b\u0107 odpad\u00f3w generowanych ka\u017cdego dnia.<\/p>\n<p>Wk\u0142adka higieniczna wielorazowa bawe\u0142niana to produkt, kt\u00f3ry zosta\u0142 stworzony w celu zapewnienia wygody i higieny intymnej. Wykonana jest z wysokiej jako\u015bci bawe\u0142ny, kt\u00f3ra jest mi\u0119kka i delikatna dla sk\u00f3ry a jednocze\u015bnie posiada w\u0142a\u015bciwo\u015bci ch\u0142onne..<\/p>\n<p>Wk\u0142adki higieniczne bawe\u0142niane s\u0105 cienkie i dyskretne, co pozwala na swobodne noszenie ich wewn\u0105trz bielizny. Maj\u0105 anatomiczny kszta\u0142t, kt\u00f3ry dobrze dopasowuje si\u0119 do cia\u0142a, zapewniaj\u0105c komfort i ochron\u0119 stref intymnych.<\/p>\n","protected":false},"featured_media":1330,"comment_status":"open","ping_status":"closed","template":"","meta":[],"product_brand":[],"product_cat":[18],"product_tag":[],"class_list":{"0":"post-1348","1":"product","2":"type-product","3":"status-publish","4":"has-post-thumbnail","6":"product_cat-wkladki","7":"pa_ilosc-1-szt","8":"pa_ilosc-3-szt","9":"pa_ilosc-5-szt","10":"pa_rozmiar-maxi","11":"pa_rozmiar-mini","13":"first","14":"instock","15":"taxable","16":"shipping-taxable","17":"purchasable","18":"product-type-variable"},"yoast_head":"<!-- This site is optimized with the Yoast SEO plugin v27.3 - https:\/\/yoast.com\/product\/yoast-seo-wordpress\/ -->\n<title>FemiCotton Harmony- bawe\u0142niana wk\u0142adka higieniczna - Femi Side<\/title>\n<meta name=\"description\" content=\"Wielorazowa wk\u0142adka higieniczna to innowacyjny produkt zaprojektowany z my\u015bl\u0105 o \u015brodowisku i wygodzie u\u017cytkownika. Jest to alternatywa dla tradycyjnych jednorazowych wk\u0142adek, kt\u00f3ra pozwala zmniejszy\u0107 ilo\u015b\u0107 odpad\u00f3w generowanych ka\u017cdego dnia.Wk\u0142adka higieniczna wielorazowa bawe\u0142niana to produkt, kt\u00f3ry zosta\u0142 stworzony w celu zapewnienia wygody i higieny intymnej. Wykonana jest z wysokiej jako\u015bci bawe\u0142ny, kt\u00f3ra jest mi\u0119kka i delikatna dla sk\u00f3ry a jednocze\u015bnie posiada w\u0142a\u015bciwo\u015bci ch\u0142onne..Wk\u0142adki higieniczne bawe\u0142niane s\u0105 cienkie i dyskretne, co pozwala na swobodne noszenie ich wewn\u0105trz bielizny. Maj\u0105 anatomiczny kszta\u0142t, kt\u00f3ry dobrze dopasowuje si\u0119 do cia\u0142a, zapewniaj\u0105c komfort i ochron\u0119 stref intymnych.\" \/>\n<meta name=\"robots\" content=\"noindex, follow\" \/>\n<meta property=\"og:locale\" content=\"pl_PL\" \/>\n<meta property=\"og:type\" content=\"article\" \/>\n<meta property=\"og:title\" content=\"FemiCotton Harmony- bawe\u0142niana wk\u0142adka higieniczna - Femi Side\" \/>\n<meta property=\"og:description\" content=\"Wielorazowa wk\u0142adka higieniczna to innowacyjny produkt zaprojektowany z my\u015bl\u0105 o \u015brodowisku i wygodzie u\u017cytkownika. Jest to alternatywa dla tradycyjnych jednorazowych wk\u0142adek, kt\u00f3ra pozwala zmniejszy\u0107 ilo\u015b\u0107 odpad\u00f3w generowanych ka\u017cdego dnia.Wk\u0142adka higieniczna wielorazowa bawe\u0142niana to produkt, kt\u00f3ry zosta\u0142 stworzony w celu zapewnienia wygody i higieny intymnej. Wykonana jest z wysokiej jako\u015bci bawe\u0142ny, kt\u00f3ra jest mi\u0119kka i delikatna dla sk\u00f3ry a jednocze\u015bnie posiada w\u0142a\u015bciwo\u015bci ch\u0142onne..Wk\u0142adki higieniczne bawe\u0142niane s\u0105 cienkie i dyskretne, co pozwala na swobodne noszenie ich wewn\u0105trz bielizny. Maj\u0105 anatomiczny kszta\u0142t, kt\u00f3ry dobrze dopasowuje si\u0119 do cia\u0142a, zapewniaj\u0105c komfort i ochron\u0119 stref intymnych.\" \/>\n<meta property=\"og:url\" content=\"https:\/\/mommymouse.com.pl\/femiside\/p\/femicotton-harmony\/\" \/>\n<meta property=\"og:site_name\" content=\"Femi Side\" \/>\n<meta property=\"article:publisher\" content=\"https:\/\/www.facebook.com\/femiside\" \/>\n<meta property=\"article:modified_time\" content=\"2025-04-11T07:29:28+00:00\" \/>\n<meta property=\"og:image\" content=\"https:\/\/mommymouse.com.pl\/femiside\/wp-content\/uploads\/2023\/06\/8.png\" \/>\n\t<meta property=\"og:image:width\" content=\"2048\" \/>\n\t<meta property=\"og:image:height\" content=\"1365\" \/>\n\t<meta property=\"og:image:type\" content=\"image\/png\" \/>\n<meta name=\"twitter:card\" content=\"summary_large_image\" \/>\n<meta name=\"twitter:label1\" content=\"Szacowany czas czytania\" \/>\n\t<meta name=\"twitter:data1\" content=\"5 minut\" \/>\n<script type=\"application\/ld+json\" class=\"yoast-schema-graph\">{\"@context\":\"https:\\\/\\\/schema.org\",\"@graph\":[{\"@type\":\"WebPage\",\"@id\":\"https:\\\/\\\/mommymouse.com.pl\\\/femiside\\\/p\\\/femicotton-harmony\\\/\",\"url\":\"https:\\\/\\\/mommymouse.com.pl\\\/femiside\\\/p\\\/femicotton-harmony\\\/\",\"name\":\"FemiCotton Harmony- bawe\u0142niana wk\u0142adka higieniczna - Femi Side\",\"isPartOf\":{\"@id\":\"https:\\\/\\\/mommymouse.com.pl\\\/femiside\\\/#website\"},\"primaryImageOfPage\":{\"@id\":\"https:\\\/\\\/mommymouse.com.pl\\\/femiside\\\/p\\\/femicotton-harmony\\\/#primaryimage\"},\"image\":{\"@id\":\"https:\\\/\\\/mommymouse.com.pl\\\/femiside\\\/p\\\/femicotton-harmony\\\/#primaryimage\"},\"thumbnailUrl\":\"https:\\\/\\\/mommymouse.com.pl\\\/femiside\\\/wp-content\\\/uploads\\\/2023\\\/06\\\/8.png\",\"datePublished\":\"2023-06-07T14:13:51+00:00\",\"dateModified\":\"2025-04-11T07:29:28+00:00\",\"description\":\"Wielorazowa wk\u0142adka higieniczna to innowacyjny produkt zaprojektowany z my\u015bl\u0105 o \u015brodowisku i wygodzie u\u017cytkownika. Jest to alternatywa dla tradycyjnych jednorazowych wk\u0142adek, kt\u00f3ra pozwala zmniejszy\u0107 ilo\u015b\u0107 odpad\u00f3w generowanych ka\u017cdego dnia.Wk\u0142adka higieniczna wielorazowa bawe\u0142niana to produkt, kt\u00f3ry zosta\u0142 stworzony w celu zapewnienia wygody i higieny intymnej. Wykonana jest z wysokiej jako\u015bci bawe\u0142ny, kt\u00f3ra jest mi\u0119kka i delikatna dla sk\u00f3ry a jednocze\u015bnie posiada w\u0142a\u015bciwo\u015bci ch\u0142onne..Wk\u0142adki higieniczne bawe\u0142niane s\u0105 cienkie i dyskretne, co pozwala na swobodne noszenie ich wewn\u0105trz bielizny. Maj\u0105 anatomiczny kszta\u0142t, kt\u00f3ry dobrze dopasowuje si\u0119 do cia\u0142a, zapewniaj\u0105c komfort i ochron\u0119 stref intymnych.\",\"breadcrumb\":{\"@id\":\"https:\\\/\\\/mommymouse.com.pl\\\/femiside\\\/p\\\/femicotton-harmony\\\/#breadcrumb\"},\"inLanguage\":\"pl-PL\",\"potentialAction\":[{\"@type\":\"ReadAction\",\"target\":[\"https:\\\/\\\/mommymouse.com.pl\\\/femiside\\\/p\\\/femicotton-harmony\\\/\"]}]},{\"@type\":\"ImageObject\",\"inLanguage\":\"pl-PL\",\"@id\":\"https:\\\/\\\/mommymouse.com.pl\\\/femiside\\\/p\\\/femicotton-harmony\\\/#primaryimage\",\"url\":\"https:\\\/\\\/mommymouse.com.pl\\\/femiside\\\/wp-content\\\/uploads\\\/2023\\\/06\\\/8.png\",\"contentUrl\":\"https:\\\/\\\/mommymouse.com.pl\\\/femiside\\\/wp-content\\\/uploads\\\/2023\\\/06\\\/8.png\",\"width\":2048,\"height\":1365},{\"@type\":\"BreadcrumbList\",\"@id\":\"https:\\\/\\\/mommymouse.com.pl\\\/femiside\\\/p\\\/femicotton-harmony\\\/#breadcrumb\",\"itemListElement\":[{\"@type\":\"ListItem\",\"position\":1,\"name\":\"Strona g\u0142\u00f3wna\",\"item\":\"https:\\\/\\\/mommymouse.com.pl\\\/femiside\\\/\"},{\"@type\":\"ListItem\",\"position\":2,\"name\":\"Sklep\",\"item\":\"https:\\\/\\\/mommymouse.com.pl\\\/femiside\\\/sklep\\\/\"},{\"@type\":\"ListItem\",\"position\":3,\"name\":\"FemiCotton Harmony- bawe\u0142niana wk\u0142adka higieniczna\"}]},{\"@type\":\"WebSite\",\"@id\":\"https:\\\/\\\/mommymouse.com.pl\\\/femiside\\\/#website\",\"url\":\"https:\\\/\\\/mommymouse.com.pl\\\/femiside\\\/\",\"name\":\"Femi Side\",\"description\":\"\",\"publisher\":{\"@id\":\"https:\\\/\\\/mommymouse.com.pl\\\/femiside\\\/#organization\"},\"potentialAction\":[{\"@type\":\"SearchAction\",\"target\":{\"@type\":\"EntryPoint\",\"urlTemplate\":\"https:\\\/\\\/mommymouse.com.pl\\\/femiside\\\/?s={search_term_string}\"},\"query-input\":{\"@type\":\"PropertyValueSpecification\",\"valueRequired\":true,\"valueName\":\"search_term_string\"}}],\"inLanguage\":\"pl-PL\"},{\"@type\":\"Organization\",\"@id\":\"https:\\\/\\\/mommymouse.com.pl\\\/femiside\\\/#organization\",\"name\":\"Femi Side\",\"url\":\"https:\\\/\\\/mommymouse.com.pl\\\/femiside\\\/\",\"logo\":{\"@type\":\"ImageObject\",\"inLanguage\":\"pl-PL\",\"@id\":\"https:\\\/\\\/mommymouse.com.pl\\\/femiside\\\/#\\\/schema\\\/logo\\\/image\\\/\",\"url\":\"https:\\\/\\\/mommymouse.com.pl\\\/femiside\\\/wp-content\\\/uploads\\\/2023\\\/01\\\/femiside-logo.png\",\"contentUrl\":\"https:\\\/\\\/mommymouse.com.pl\\\/femiside\\\/wp-content\\\/uploads\\\/2023\\\/01\\\/femiside-logo.png\",\"width\":278,\"height\":85,\"caption\":\"Femi Side\"},\"image\":{\"@id\":\"https:\\\/\\\/mommymouse.com.pl\\\/femiside\\\/#\\\/schema\\\/logo\\\/image\\\/\"},\"sameAs\":[\"https:\\\/\\\/www.facebook.com\\\/femiside\"]}]}<\/script>\n<!-- \/ Yoast SEO plugin. -->","yoast_head_json":{"title":"FemiCotton Harmony- bawe\u0142niana wk\u0142adka higieniczna - Femi Side","description":"Wielorazowa wk\u0142adka higieniczna to innowacyjny produkt zaprojektowany z my\u015bl\u0105 o \u015brodowisku i wygodzie u\u017cytkownika. Jest to alternatywa dla tradycyjnych jednorazowych wk\u0142adek, kt\u00f3ra pozwala zmniejszy\u0107 ilo\u015b\u0107 odpad\u00f3w generowanych ka\u017cdego dnia.Wk\u0142adka higieniczna wielorazowa bawe\u0142niana to produkt, kt\u00f3ry zosta\u0142 stworzony w celu zapewnienia wygody i higieny intymnej. Wykonana jest z wysokiej jako\u015bci bawe\u0142ny, kt\u00f3ra jest mi\u0119kka i delikatna dla sk\u00f3ry a jednocze\u015bnie posiada w\u0142a\u015bciwo\u015bci ch\u0142onne..Wk\u0142adki higieniczne bawe\u0142niane s\u0105 cienkie i dyskretne, co pozwala na swobodne noszenie ich wewn\u0105trz bielizny. Maj\u0105 anatomiczny kszta\u0142t, kt\u00f3ry dobrze dopasowuje si\u0119 do cia\u0142a, zapewniaj\u0105c komfort i ochron\u0119 stref intymnych.","robots":{"index":"noindex","follow":"follow"},"og_locale":"pl_PL","og_type":"article","og_title":"FemiCotton Harmony- bawe\u0142niana wk\u0142adka higieniczna - Femi Side","og_description":"Wielorazowa wk\u0142adka higieniczna to innowacyjny produkt zaprojektowany z my\u015bl\u0105 o \u015brodowisku i wygodzie u\u017cytkownika. Jest to alternatywa dla tradycyjnych jednorazowych wk\u0142adek, kt\u00f3ra pozwala zmniejszy\u0107 ilo\u015b\u0107 odpad\u00f3w generowanych ka\u017cdego dnia.Wk\u0142adka higieniczna wielorazowa bawe\u0142niana to produkt, kt\u00f3ry zosta\u0142 stworzony w celu zapewnienia wygody i higieny intymnej. Wykonana jest z wysokiej jako\u015bci bawe\u0142ny, kt\u00f3ra jest mi\u0119kka i delikatna dla sk\u00f3ry a jednocze\u015bnie posiada w\u0142a\u015bciwo\u015bci ch\u0142onne..Wk\u0142adki higieniczne bawe\u0142niane s\u0105 cienkie i dyskretne, co pozwala na swobodne noszenie ich wewn\u0105trz bielizny. Maj\u0105 anatomiczny kszta\u0142t, kt\u00f3ry dobrze dopasowuje si\u0119 do cia\u0142a, zapewniaj\u0105c komfort i ochron\u0119 stref intymnych.","og_url":"https:\/\/mommymouse.com.pl\/femiside\/p\/femicotton-harmony\/","og_site_name":"Femi Side","article_publisher":"https:\/\/www.facebook.com\/femiside","article_modified_time":"2025-04-11T07:29:28+00:00","og_image":[{"width":2048,"height":1365,"url":"https:\/\/mommymouse.com.pl\/femiside\/wp-content\/uploads\/2023\/06\/8.png","type":"image\/png"}],"twitter_card":"summary_large_image","twitter_misc":{"Szacowany czas czytania":"5 minut"},"schema":{"@context":"https:\/\/schema.org","@graph":[{"@type":"WebPage","@id":"https:\/\/mommymouse.com.pl\/femiside\/p\/femicotton-harmony\/","url":"https:\/\/mommymouse.com.pl\/femiside\/p\/femicotton-harmony\/","name":"FemiCotton Harmony- bawe\u0142niana wk\u0142adka higieniczna - Femi Side","isPartOf":{"@id":"https:\/\/mommymouse.com.pl\/femiside\/#website"},"primaryImageOfPage":{"@id":"https:\/\/mommymouse.com.pl\/femiside\/p\/femicotton-harmony\/#primaryimage"},"image":{"@id":"https:\/\/mommymouse.com.pl\/femiside\/p\/femicotton-harmony\/#primaryimage"},"thumbnailUrl":"https:\/\/mommymouse.com.pl\/femiside\/wp-content\/uploads\/2023\/06\/8.png","datePublished":"2023-06-07T14:13:51+00:00","dateModified":"2025-04-11T07:29:28+00:00","description":"Wielorazowa wk\u0142adka higieniczna to innowacyjny produkt zaprojektowany z my\u015bl\u0105 o \u015brodowisku i wygodzie u\u017cytkownika. Jest to alternatywa dla tradycyjnych jednorazowych wk\u0142adek, kt\u00f3ra pozwala zmniejszy\u0107 ilo\u015b\u0107 odpad\u00f3w generowanych ka\u017cdego dnia.Wk\u0142adka higieniczna wielorazowa bawe\u0142niana to produkt, kt\u00f3ry zosta\u0142 stworzony w celu zapewnienia wygody i higieny intymnej. Wykonana jest z wysokiej jako\u015bci bawe\u0142ny, kt\u00f3ra jest mi\u0119kka i delikatna dla sk\u00f3ry a jednocze\u015bnie posiada w\u0142a\u015bciwo\u015bci ch\u0142onne..Wk\u0142adki higieniczne bawe\u0142niane s\u0105 cienkie i dyskretne, co pozwala na swobodne noszenie ich wewn\u0105trz bielizny. Maj\u0105 anatomiczny kszta\u0142t, kt\u00f3ry dobrze dopasowuje si\u0119 do cia\u0142a, zapewniaj\u0105c komfort i ochron\u0119 stref intymnych.","breadcrumb":{"@id":"https:\/\/mommymouse.com.pl\/femiside\/p\/femicotton-harmony\/#breadcrumb"},"inLanguage":"pl-PL","potentialAction":[{"@type":"ReadAction","target":["https:\/\/mommymouse.com.pl\/femiside\/p\/femicotton-harmony\/"]}]},{"@type":"ImageObject","inLanguage":"pl-PL","@id":"https:\/\/mommymouse.com.pl\/femiside\/p\/femicotton-harmony\/#primaryimage","url":"https:\/\/mommymouse.com.pl\/femiside\/wp-content\/uploads\/2023\/06\/8.png","contentUrl":"https:\/\/mommymouse.com.pl\/femiside\/wp-content\/uploads\/2023\/06\/8.png","width":2048,"height":1365},{"@type":"BreadcrumbList","@id":"https:\/\/mommymouse.com.pl\/femiside\/p\/femicotton-harmony\/#breadcrumb","itemListElement":[{"@type":"ListItem","position":1,"name":"Strona g\u0142\u00f3wna","item":"https:\/\/mommymouse.com.pl\/femiside\/"},{"@type":"ListItem","position":2,"name":"Sklep","item":"https:\/\/mommymouse.com.pl\/femiside\/sklep\/"},{"@type":"ListItem","position":3,"name":"FemiCotton Harmony- bawe\u0142niana wk\u0142adka higieniczna"}]},{"@type":"WebSite","@id":"https:\/\/mommymouse.com.pl\/femiside\/#website","url":"https:\/\/mommymouse.com.pl\/femiside\/","name":"Femi Side","description":"","publisher":{"@id":"https:\/\/mommymouse.com.pl\/femiside\/#organization"},"potentialAction":[{"@type":"SearchAction","target":{"@type":"EntryPoint","urlTemplate":"https:\/\/mommymouse.com.pl\/femiside\/?s={search_term_string}"},"query-input":{"@type":"PropertyValueSpecification","valueRequired":true,"valueName":"search_term_string"}}],"inLanguage":"pl-PL"},{"@type":"Organization","@id":"https:\/\/mommymouse.com.pl\/femiside\/#organization","name":"Femi Side","url":"https:\/\/mommymouse.com.pl\/femiside\/","logo":{"@type":"ImageObject","inLanguage":"pl-PL","@id":"https:\/\/mommymouse.com.pl\/femiside\/#\/schema\/logo\/image\/","url":"https:\/\/mommymouse.com.pl\/femiside\/wp-content\/uploads\/2023\/01\/femiside-logo.png","contentUrl":"https:\/\/mommymouse.com.pl\/femiside\/wp-content\/uploads\/2023\/01\/femiside-logo.png","width":278,"height":85,"caption":"Femi Side"},"image":{"@id":"https:\/\/mommymouse.com.pl\/femiside\/#\/schema\/logo\/image\/"},"sameAs":["https:\/\/www.facebook.com\/femiside"]}]}},"_links":{"self":[{"href":"https:\/\/mommymouse.com.pl\/femiside\/wp-json\/wp\/v2\/product\/1348","targetHints":{"allow":["GET"]}}],"collection":[{"href":"https:\/\/mommymouse.com.pl\/femiside\/wp-json\/wp\/v2\/product"}],"about":[{"href":"https:\/\/mommymouse.com.pl\/femiside\/wp-json\/wp\/v2\/types\/product"}],"replies":[{"embeddable":true,"href":"https:\/\/mommymouse.com.pl\/femiside\/wp-json\/wp\/v2\/comments?post=1348"}],"wp:featuredmedia":[{"embeddable":true,"href":"https:\/\/mommymouse.com.pl\/femiside\/wp-json\/wp\/v2\/media\/1330"}],"wp:attachment":[{"href":"https:\/\/mommymouse.com.pl\/femiside\/wp-json\/wp\/v2\/media?parent=1348"}],"wp:term":[{"taxonomy":"product_brand","embeddable":true,"href":"https:\/\/mommymouse.com.pl\/femiside\/wp-json\/wp\/v2\/product_brand?post=1348"},{"taxonomy":"product_cat","embeddable":true,"href":"https:\/\/mommymouse.com.pl\/femiside\/wp-json\/wp\/v2\/product_cat?post=1348"},{"taxonomy":"product_tag","embeddable":true,"href":"https:\/\/mommymouse.com.pl\/femiside\/wp-json\/wp\/v2\/product_tag?post=1348"}],"curies":[{"name":"wp","href":"https:\/\/api.w.org\/{rel}","templated":true}]}}