{"id":158,"date":"2022-05-25T19:18:49","date_gmt":"2022-05-25T17:18:49","guid":{"rendered":"https:\/\/mommymouse.com.pl\/femiside\/p\/mata-podklad-pologowy-protection\/"},"modified":"2025-04-11T09:30:41","modified_gmt":"2025-04-11T07:30:41","slug":"mata-podklad-pologowy-protection","status":"publish","type":"product","link":"https:\/\/mommymouse.com.pl\/femiside\/p\/mata-podklad-pologowy-protection\/","title":{"rendered":"Mata &#8211; podk\u0142ad po\u0142ogowy PROTECTION"},"content":{"rendered":"<h3>Gdzie najlepiej sprawdzi si\u0119 MATA <strong>\u2013 P<\/strong><strong>ODK\u0141AD PO\u0141OGOWY<\/strong>?<\/h3>\n<p><strong>PODK\u0141AD PO\u0141OGOWY <\/strong><strong>\u00a0<\/strong>powsta\u0142 z my\u015bl\u0105 o kobiecych potrzebach. Wielofunkcyjno\u015b\u0107, wielozadaniowo\u015b\u0107, uniwersalno\u015b\u0107\u00a0 i jej podr\u0119czny charakter stanowi\u0105 wielki atut produktu.<\/p>\n<p><strong>Przyk\u0142ady zastosowania:<\/strong><\/p>\n<ul>\n<li>podczas po\u0142ogu \u2013 ochrona materaca-\u0142\u00f3\u017cka, miejsca wypoczynku matki<\/li>\n<li>podczas menstruacji \u2013 komfort ochrony materaca zw\u0142aszcza w porze nocnej<\/li>\n<li>nietrzymanie moczu \u2013 problemy urologiczne<\/li>\n<li>przewijanie i piel\u0119gnacja dziecka<\/li>\n<li>na wsz\u0119dobylskim piasku,<\/li>\n<li>na trawie,<\/li>\n<li>na pod\u0142odze w k\u0105ciku zabaw,<\/li>\n<li>w publicznej toalecie jako przewijak\u2026<\/li>\n<li>\u2026i wsz\u0119dzie tam, gdzie zachodzi potrzeba ochrony mamy lub dziecka, gdzie k\u0142adziemy dziecko w celu karmienia czy zmiany pieluszki, zabawy, a nawet drzemki czy odpoczynku.<\/li>\n<\/ul>\n<h3>Jak zbudowana jest <strong>mata-podk\u0142ad\u00a0 po\u0142ogowy<\/strong>?<\/h3>\n<p>Dwucz\u0142onowa budowa pozwala na uniwersalne wykorzystanie podk\u0142adu zar\u00f3wno w wydaniu kompletnym jak i po roz\u0142aczeniu z warstw\u0105 wewn\u0119trzn\u0105.<\/p>\n<p><strong>Pierwsza warstwa \u2013 zewn\u0119trzna<\/strong><\/p>\n<p>Bawe\u0142niana, pokryta nieprzemakaln\u0105 membran\u0105 wodoszczeln\u0105 warstwa zewn\u0119trzna stanowi delikatn\u0105 os\u0142on\u0119 przed przemoczeniem. Do warstwy zewn\u0119trznej dopinamy warstw\u0119 wewn\u0119trzn\u0105.\u00a0 Mo\u017cna jej u\u017cywa\u0107 r\u00f3wnie\u017c bez po\u0142\u0105czenia z bambusowym \u015brodkiem lub po uzupe\u0142nieniu innym podk\u0142adem typu recznik, prze\u015bcierad\u0142o czy kocyk-pieluszka&#8230;<\/p>\n<p>W zale\u017cno\u015bci od przeznaczenia mata mo\u017ce by\u0107 uzupe\u0142niona warstw\u0105 ch\u0142onn\u0105 w \u015brodku lub wykorzystana solo jaki oslona na materac bez dodatkowych warstw ch\u0142onnych.<\/p>\n<p><strong>Druga warstwa \u2013 wewn\u0119trzna<\/strong><\/p>\n<p>Frotta bambusowa, wpinana na napki w czterech rogach podk\u0142adu dla zabezpieczenia przed ewentualn\u0105 deformacj\u0105 czy przesuni\u0119ciem.<\/p>\n<p>Mi\u0119sista frotta z w\u0142\u00f3kien bambusowych w kobiecym, r\u00f3\u017cowym kolorze charakteryzuje si\u0119 mi\u0119kko\u015bci\u0105 oraz doskona\u0142\u0105 ch\u0142onno\u015bci\u0105 przy jednocze\u015bnie szybkim czasie wysychania. Jest to niezwykle istotna cecha w okresie np. po\u0142ogu kiedy warstw\u0119 wewn\u0119trzn\u0105 cz\u0119sto pierzemy i zale\u017cy nam na jej szybkim wysychaniu&#8230;<\/p>\n<p>Sama warstwa bambusowej frotty \u015bwietnie sprawdzi si\u0119 jako otulacz dla dziecka czy du\u017cy r\u0119cznik k\u0105pielowy zar\u00f3wno dla mamy jak i male\u0144stwa&#8230;<\/p>\n<p>Uniwersalno\u015b\u0107 produktu pozwala na wszechstronne u\u017cycie podkladu na wielu etapach \u017cycia kobiety i dziecka, mo\u017cliwo\u015b\u0107 wielokrotnego u\u017cycia po procesie prania i suszenia pozwala na jej d\u0142ugie wykorzystywanie i jednoczesnie cz\u0119st\u0105\u00a0 zmian\u0119 jej przeznaczenia.<\/p>\n<p><strong>MAT\u0118 \u2013 P<\/strong><strong>ODK\u0141AD PO\u0141OGOWY <\/strong>mo\u017cna u\u017cy\u0107 na wiele sposob\u00f3w w zale\u017cno\u015bci od potrzeb i okoliczno\u015bci.<\/p>\n<p>Zaprojektowana tak, by nie stanowi\u0107 dodatkowego balastu \u2013 bez problemu schowasz j\u0105 do w\u00f3zka, torebki czy podr\u0119cznego baga\u017cu.<\/p>\n<p><strong>Wymiary produktu:<\/strong><\/p>\n<ul>\n<li>Warstwa BAWE\u0141NIANA PUL \u2013\u00a086,5 cm x 75 cm<\/li>\n<li>Warstwa frotta bambus r\u00f3\u017cowa \u2013 85,5 cm x 74 cm<\/li>\n<\/ul>\n<p><strong>PO\u0141OGOWY PODK\u0141AD, MATA<\/strong> \u2013 dost\u0119pna w KOLORZE BIA\u0141YM LUB CZARNYM w po\u0142\u0105czeniu z r\u00f3\u017cow\u0105 frott\u0105 bambusow\u0105.<\/p>\n<p>Wysoka jako\u015b\u0107 wykonania oraz certyfikowane materia\u0142y u\u017cyte do produkcji daj\u0105 gwarancj\u0119 zadowolenia oraz bezpiecze\u0144stwa u\u017cytkownika.<\/p>\n<p><strong>Sk\u0142ad:<\/strong><\/p>\n<ul>\n<li>Bambus 100%<\/li>\n<li>Cotton organic 50%<\/li>\n<li>PE 50%,<\/li>\n<\/ul>\n<h3>Sprawd\u017a, jak prawid\u0142owo u\u017cywa\u0107:<\/h3>\n<p><strong>Warstwa zewn\u0119trzna PUL<\/strong><\/p>\n<ul>\n<li>Pierz max w 40\u00b0C.<\/li>\n<li>Nie u\u017cywaj wybielacza z chlorem!<\/li>\n<li>Nie u\u017cywaj p\u0142ynu zmi\u0119kczaj\u0105cego!<\/li>\n<li>Nie prasuj!<\/li>\n<li>Nie czy\u015b\u0107 chemicznie!<\/li>\n<li>Mo\u017cesz suszy\u0107 w suszarce b\u0119bnowej w niskiej temperaturze.<\/li>\n<\/ul>\n<p><strong>Warstwa wewn\u0119trzna-bambusowa<\/strong><\/p>\n<ul>\n<li>Pierz w pralce w temp. do 60\u00b0C.<\/li>\n<li>Nie u\u017cywaj wybielacza z chlorem!<\/li>\n<li>Nie u\u017cywaj p\u0142ynu zmi\u0119kczaj\u0105cego!<\/li>\n<li>Nie prasuj!<\/li>\n<li>Nie czy\u015b\u0107 chemicznie!<\/li>\n<li>Mo\u017cesz suszy\u0107 w suszarce b\u0119bnowej.<\/li>\n<\/ul>\n","protected":false},"excerpt":{"rendered":"<p>Mata, podk\u0142ad po\u0142ogowy\u00a0 \u2013 niezale\u017cnie od tego, jak j\u0105 nazwiemy, stanowi praktyczny i uniwersalny gad\u017cet, niezast\u0105piony w wielu sytuacjach dnia codziennego.<\/p>\n<p>Doskonale pe\u0142ni funkcj\u0119 podr\u0119cznej ochrony, czyli bezpiecznej alternatywy dla Mamy i Dziecka \u2013 gotowa do u\u017cycia w ka\u017cdej chwili w zale\u017cno\u015bci od potrzeby.<\/p>\n<p>Minimalny gabaryt dla maksymalnego i wielofunkcyjnego wykorzystania w opiece nad dzieckiem, piel\u0119gnacji, ochronie po\u0142ogowej i wypoczynku.<\/p>\n<p>Niezb\u0119dnik ka\u017cdej mamy \u2013 dzieci\u0119cy \u201eMUST HAVE\u201d, nieodzowna w po\u0142ogu i podczas &#8222;tych dni&#8221;.<\/p>\n","protected":false},"featured_media":159,"comment_status":"open","ping_status":"closed","template":"","meta":[],"product_brand":[],"product_cat":[20],"product_tag":[],"class_list":{"0":"post-158","1":"product","2":"type-product","3":"status-publish","4":"has-post-thumbnail","6":"product_cat-gadzety","7":"pa_kolor-warstwy-zewnetrznej-bialy","8":"pa_kolor-warstwy-zewnetrznej-czarny","10":"first","11":"instock","12":"taxable","13":"shipping-taxable","14":"purchasable","15":"product-type-variable"},"yoast_head":"<!-- This site is optimized with the Yoast SEO plugin v27.3 - https:\/\/yoast.com\/product\/yoast-seo-wordpress\/ -->\n<title>Mata - podk\u0142ad po\u0142ogowy PROTECTION - Femi Side<\/title>\n<meta name=\"robots\" content=\"noindex, follow\" \/>\n<meta property=\"og:locale\" content=\"pl_PL\" \/>\n<meta property=\"og:type\" content=\"article\" \/>\n<meta property=\"og:title\" content=\"Mata - podk\u0142ad po\u0142ogowy PROTECTION - Femi Side\" \/>\n<meta property=\"og:description\" content=\"Mata, podk\u0142ad po\u0142ogowy\u00a0 \u2013 niezale\u017cnie od tego, jak j\u0105 nazwiemy, stanowi praktyczny i uniwersalny gad\u017cet, niezast\u0105piony w wielu sytuacjach dnia codziennego.  Doskonale pe\u0142ni funkcj\u0119 podr\u0119cznej ochrony, czyli bezpiecznej alternatywy dla Mamy i Dziecka \u2013 gotowa do u\u017cycia w ka\u017cdej chwili w zale\u017cno\u015bci od potrzeby.  Minimalny gabaryt dla maksymalnego i wielofunkcyjnego wykorzystania w opiece nad dzieckiem, piel\u0119gnacji, ochronie po\u0142ogowej i wypoczynku.  Niezb\u0119dnik ka\u017cdej mamy \u2013 dzieci\u0119cy \u201eMUST HAVE\u201d, nieodzowna w po\u0142ogu i podczas &quot;tych dni&quot;.\" \/>\n<meta property=\"og:url\" content=\"https:\/\/mommymouse.com.pl\/femiside\/p\/mata-podklad-pologowy-protection\/\" \/>\n<meta property=\"og:site_name\" content=\"Femi Side\" \/>\n<meta property=\"article:publisher\" content=\"https:\/\/www.facebook.com\/femiside\" \/>\n<meta property=\"article:modified_time\" content=\"2025-04-11T07:30:41+00:00\" \/>\n<meta property=\"og:image\" content=\"https:\/\/mommymouse.com.pl\/femiside\/wp-content\/uploads\/2023\/01\/DSC_5296-scaled-1.jpg\" \/>\n\t<meta property=\"og:image:width\" content=\"2560\" \/>\n\t<meta property=\"og:image:height\" content=\"1709\" \/>\n\t<meta property=\"og:image:type\" content=\"image\/jpeg\" \/>\n<meta name=\"twitter:card\" content=\"summary_large_image\" \/>\n<meta name=\"twitter:label1\" content=\"Szacowany czas czytania\" \/>\n\t<meta name=\"twitter:data1\" content=\"3 minuty\" \/>\n<script type=\"application\/ld+json\" class=\"yoast-schema-graph\">{\"@context\":\"https:\\\/\\\/schema.org\",\"@graph\":[{\"@type\":\"WebPage\",\"@id\":\"https:\\\/\\\/mommymouse.com.pl\\\/femiside\\\/p\\\/mata-podklad-pologowy-protection\\\/\",\"url\":\"https:\\\/\\\/mommymouse.com.pl\\\/femiside\\\/p\\\/mata-podklad-pologowy-protection\\\/\",\"name\":\"Mata - podk\u0142ad po\u0142ogowy PROTECTION - Femi Side\",\"isPartOf\":{\"@id\":\"https:\\\/\\\/mommymouse.com.pl\\\/femiside\\\/#website\"},\"primaryImageOfPage\":{\"@id\":\"https:\\\/\\\/mommymouse.com.pl\\\/femiside\\\/p\\\/mata-podklad-pologowy-protection\\\/#primaryimage\"},\"image\":{\"@id\":\"https:\\\/\\\/mommymouse.com.pl\\\/femiside\\\/p\\\/mata-podklad-pologowy-protection\\\/#primaryimage\"},\"thumbnailUrl\":\"https:\\\/\\\/mommymouse.com.pl\\\/femiside\\\/wp-content\\\/uploads\\\/2023\\\/01\\\/DSC_5296-scaled-1.jpg\",\"datePublished\":\"2022-05-25T17:18:49+00:00\",\"dateModified\":\"2025-04-11T07:30:41+00:00\",\"breadcrumb\":{\"@id\":\"https:\\\/\\\/mommymouse.com.pl\\\/femiside\\\/p\\\/mata-podklad-pologowy-protection\\\/#breadcrumb\"},\"inLanguage\":\"pl-PL\",\"potentialAction\":[{\"@type\":\"ReadAction\",\"target\":[\"https:\\\/\\\/mommymouse.com.pl\\\/femiside\\\/p\\\/mata-podklad-pologowy-protection\\\/\"]}]},{\"@type\":\"ImageObject\",\"inLanguage\":\"pl-PL\",\"@id\":\"https:\\\/\\\/mommymouse.com.pl\\\/femiside\\\/p\\\/mata-podklad-pologowy-protection\\\/#primaryimage\",\"url\":\"https:\\\/\\\/mommymouse.com.pl\\\/femiside\\\/wp-content\\\/uploads\\\/2023\\\/01\\\/DSC_5296-scaled-1.jpg\",\"contentUrl\":\"https:\\\/\\\/mommymouse.com.pl\\\/femiside\\\/wp-content\\\/uploads\\\/2023\\\/01\\\/DSC_5296-scaled-1.jpg\",\"width\":2560,\"height\":1709},{\"@type\":\"BreadcrumbList\",\"@id\":\"https:\\\/\\\/mommymouse.com.pl\\\/femiside\\\/p\\\/mata-podklad-pologowy-protection\\\/#breadcrumb\",\"itemListElement\":[{\"@type\":\"ListItem\",\"position\":1,\"name\":\"Strona g\u0142\u00f3wna\",\"item\":\"https:\\\/\\\/mommymouse.com.pl\\\/femiside\\\/\"},{\"@type\":\"ListItem\",\"position\":2,\"name\":\"Sklep\",\"item\":\"https:\\\/\\\/mommymouse.com.pl\\\/femiside\\\/sklep\\\/\"},{\"@type\":\"ListItem\",\"position\":3,\"name\":\"Mata &#8211; podk\u0142ad po\u0142ogowy PROTECTION\"}]},{\"@type\":\"WebSite\",\"@id\":\"https:\\\/\\\/mommymouse.com.pl\\\/femiside\\\/#website\",\"url\":\"https:\\\/\\\/mommymouse.com.pl\\\/femiside\\\/\",\"name\":\"Femi Side\",\"description\":\"\",\"publisher\":{\"@id\":\"https:\\\/\\\/mommymouse.com.pl\\\/femiside\\\/#organization\"},\"potentialAction\":[{\"@type\":\"SearchAction\",\"target\":{\"@type\":\"EntryPoint\",\"urlTemplate\":\"https:\\\/\\\/mommymouse.com.pl\\\/femiside\\\/?s={search_term_string}\"},\"query-input\":{\"@type\":\"PropertyValueSpecification\",\"valueRequired\":true,\"valueName\":\"search_term_string\"}}],\"inLanguage\":\"pl-PL\"},{\"@type\":\"Organization\",\"@id\":\"https:\\\/\\\/mommymouse.com.pl\\\/femiside\\\/#organization\",\"name\":\"Femi Side\",\"url\":\"https:\\\/\\\/mommymouse.com.pl\\\/femiside\\\/\",\"logo\":{\"@type\":\"ImageObject\",\"inLanguage\":\"pl-PL\",\"@id\":\"https:\\\/\\\/mommymouse.com.pl\\\/femiside\\\/#\\\/schema\\\/logo\\\/image\\\/\",\"url\":\"https:\\\/\\\/mommymouse.com.pl\\\/femiside\\\/wp-content\\\/uploads\\\/2023\\\/01\\\/femiside-logo.png\",\"contentUrl\":\"https:\\\/\\\/mommymouse.com.pl\\\/femiside\\\/wp-content\\\/uploads\\\/2023\\\/01\\\/femiside-logo.png\",\"width\":278,\"height\":85,\"caption\":\"Femi Side\"},\"image\":{\"@id\":\"https:\\\/\\\/mommymouse.com.pl\\\/femiside\\\/#\\\/schema\\\/logo\\\/image\\\/\"},\"sameAs\":[\"https:\\\/\\\/www.facebook.com\\\/femiside\"]}]}<\/script>\n<!-- \/ Yoast SEO plugin. -->","yoast_head_json":{"title":"Mata - podk\u0142ad po\u0142ogowy PROTECTION - Femi Side","robots":{"index":"noindex","follow":"follow"},"og_locale":"pl_PL","og_type":"article","og_title":"Mata - podk\u0142ad po\u0142ogowy PROTECTION - Femi Side","og_description":"Mata, podk\u0142ad po\u0142ogowy\u00a0 \u2013 niezale\u017cnie od tego, jak j\u0105 nazwiemy, stanowi praktyczny i uniwersalny gad\u017cet, niezast\u0105piony w wielu sytuacjach dnia codziennego.  Doskonale pe\u0142ni funkcj\u0119 podr\u0119cznej ochrony, czyli bezpiecznej alternatywy dla Mamy i Dziecka \u2013 gotowa do u\u017cycia w ka\u017cdej chwili w zale\u017cno\u015bci od potrzeby.  Minimalny gabaryt dla maksymalnego i wielofunkcyjnego wykorzystania w opiece nad dzieckiem, piel\u0119gnacji, ochronie po\u0142ogowej i wypoczynku.  Niezb\u0119dnik ka\u017cdej mamy \u2013 dzieci\u0119cy \u201eMUST HAVE\u201d, nieodzowna w po\u0142ogu i podczas \"tych dni\".","og_url":"https:\/\/mommymouse.com.pl\/femiside\/p\/mata-podklad-pologowy-protection\/","og_site_name":"Femi Side","article_publisher":"https:\/\/www.facebook.com\/femiside","article_modified_time":"2025-04-11T07:30:41+00:00","og_image":[{"width":2560,"height":1709,"url":"https:\/\/mommymouse.com.pl\/femiside\/wp-content\/uploads\/2023\/01\/DSC_5296-scaled-1.jpg","type":"image\/jpeg"}],"twitter_card":"summary_large_image","twitter_misc":{"Szacowany czas czytania":"3 minuty"},"schema":{"@context":"https:\/\/schema.org","@graph":[{"@type":"WebPage","@id":"https:\/\/mommymouse.com.pl\/femiside\/p\/mata-podklad-pologowy-protection\/","url":"https:\/\/mommymouse.com.pl\/femiside\/p\/mata-podklad-pologowy-protection\/","name":"Mata - podk\u0142ad po\u0142ogowy PROTECTION - Femi Side","isPartOf":{"@id":"https:\/\/mommymouse.com.pl\/femiside\/#website"},"primaryImageOfPage":{"@id":"https:\/\/mommymouse.com.pl\/femiside\/p\/mata-podklad-pologowy-protection\/#primaryimage"},"image":{"@id":"https:\/\/mommymouse.com.pl\/femiside\/p\/mata-podklad-pologowy-protection\/#primaryimage"},"thumbnailUrl":"https:\/\/mommymouse.com.pl\/femiside\/wp-content\/uploads\/2023\/01\/DSC_5296-scaled-1.jpg","datePublished":"2022-05-25T17:18:49+00:00","dateModified":"2025-04-11T07:30:41+00:00","breadcrumb":{"@id":"https:\/\/mommymouse.com.pl\/femiside\/p\/mata-podklad-pologowy-protection\/#breadcrumb"},"inLanguage":"pl-PL","potentialAction":[{"@type":"ReadAction","target":["https:\/\/mommymouse.com.pl\/femiside\/p\/mata-podklad-pologowy-protection\/"]}]},{"@type":"ImageObject","inLanguage":"pl-PL","@id":"https:\/\/mommymouse.com.pl\/femiside\/p\/mata-podklad-pologowy-protection\/#primaryimage","url":"https:\/\/mommymouse.com.pl\/femiside\/wp-content\/uploads\/2023\/01\/DSC_5296-scaled-1.jpg","contentUrl":"https:\/\/mommymouse.com.pl\/femiside\/wp-content\/uploads\/2023\/01\/DSC_5296-scaled-1.jpg","width":2560,"height":1709},{"@type":"BreadcrumbList","@id":"https:\/\/mommymouse.com.pl\/femiside\/p\/mata-podklad-pologowy-protection\/#breadcrumb","itemListElement":[{"@type":"ListItem","position":1,"name":"Strona g\u0142\u00f3wna","item":"https:\/\/mommymouse.com.pl\/femiside\/"},{"@type":"ListItem","position":2,"name":"Sklep","item":"https:\/\/mommymouse.com.pl\/femiside\/sklep\/"},{"@type":"ListItem","position":3,"name":"Mata &#8211; podk\u0142ad po\u0142ogowy PROTECTION"}]},{"@type":"WebSite","@id":"https:\/\/mommymouse.com.pl\/femiside\/#website","url":"https:\/\/mommymouse.com.pl\/femiside\/","name":"Femi Side","description":"","publisher":{"@id":"https:\/\/mommymouse.com.pl\/femiside\/#organization"},"potentialAction":[{"@type":"SearchAction","target":{"@type":"EntryPoint","urlTemplate":"https:\/\/mommymouse.com.pl\/femiside\/?s={search_term_string}"},"query-input":{"@type":"PropertyValueSpecification","valueRequired":true,"valueName":"search_term_string"}}],"inLanguage":"pl-PL"},{"@type":"Organization","@id":"https:\/\/mommymouse.com.pl\/femiside\/#organization","name":"Femi Side","url":"https:\/\/mommymouse.com.pl\/femiside\/","logo":{"@type":"ImageObject","inLanguage":"pl-PL","@id":"https:\/\/mommymouse.com.pl\/femiside\/#\/schema\/logo\/image\/","url":"https:\/\/mommymouse.com.pl\/femiside\/wp-content\/uploads\/2023\/01\/femiside-logo.png","contentUrl":"https:\/\/mommymouse.com.pl\/femiside\/wp-content\/uploads\/2023\/01\/femiside-logo.png","width":278,"height":85,"caption":"Femi Side"},"image":{"@id":"https:\/\/mommymouse.com.pl\/femiside\/#\/schema\/logo\/image\/"},"sameAs":["https:\/\/www.facebook.com\/femiside"]}]}},"_links":{"self":[{"href":"https:\/\/mommymouse.com.pl\/femiside\/wp-json\/wp\/v2\/product\/158","targetHints":{"allow":["GET"]}}],"collection":[{"href":"https:\/\/mommymouse.com.pl\/femiside\/wp-json\/wp\/v2\/product"}],"about":[{"href":"https:\/\/mommymouse.com.pl\/femiside\/wp-json\/wp\/v2\/types\/product"}],"replies":[{"embeddable":true,"href":"https:\/\/mommymouse.com.pl\/femiside\/wp-json\/wp\/v2\/comments?post=158"}],"wp:featuredmedia":[{"embeddable":true,"href":"https:\/\/mommymouse.com.pl\/femiside\/wp-json\/wp\/v2\/media\/159"}],"wp:attachment":[{"href":"https:\/\/mommymouse.com.pl\/femiside\/wp-json\/wp\/v2\/media?parent=158"}],"wp:term":[{"taxonomy":"product_brand","embeddable":true,"href":"https:\/\/mommymouse.com.pl\/femiside\/wp-json\/wp\/v2\/product_brand?post=158"},{"taxonomy":"product_cat","embeddable":true,"href":"https:\/\/mommymouse.com.pl\/femiside\/wp-json\/wp\/v2\/product_cat?post=158"},{"taxonomy":"product_tag","embeddable":true,"href":"https:\/\/mommymouse.com.pl\/femiside\/wp-json\/wp\/v2\/product_tag?post=158"}],"curies":[{"name":"wp","href":"https:\/\/api.w.org\/{rel}","templated":true}]}}