{"id":275,"date":"2023-02-26T20:00:21","date_gmt":"2023-02-26T19:00:21","guid":{"rendered":"https:\/\/mommymouse.com.pl\/femiside\/?post_type=product&#038;p=275"},"modified":"2025-04-11T09:30:34","modified_gmt":"2025-04-11T07:30:34","slug":"pologowy-pakiet-ochronny","status":"publish","type":"product","link":"https:\/\/mommymouse.com.pl\/femiside\/p\/pologowy-pakiet-ochronny\/","title":{"rendered":"Po\u0142ogowy pakiet ochronny"},"content":{"rendered":"<h3><strong><img loading=\"lazy\" decoding=\"async\" class=\"size-full wp-image-30804 alignnone\" src=\"https:\/\/mommymouse.com.pl\/femiside\/wp-content\/uploads\/2023\/01\/eko-icon.png\" alt=\"\" width=\"94\" height=\"77\" \/>Jestem Eko\u00a0 \u00a0 \u00a0 \u00a0 \u00a0<\/strong><strong><img loading=\"lazy\" decoding=\"async\" class=\" wp-image-30806 alignnone\" src=\"https:\/\/mommymouse.com.pl\/femiside\/wp-content\/uploads\/2023\/01\/no-chemicals.png\" alt=\"\" width=\"80\" height=\"77\" \/><\/strong><strong>Be<\/strong><strong>z chemicznych dodatk\u00f3w\u00a0 \u00a0 \u00a0 \u00a0 \u00a0 \u00a0 <\/strong><strong><img loading=\"lazy\" decoding=\"async\" class=\" wp-image-30808 alignnone\" src=\"https:\/\/mommymouse.com.pl\/femiside\/wp-content\/uploads\/2023\/01\/prozdrowo.png\" alt=\"\" width=\"77\" height=\"77\" \/><\/strong><strong>Prozdrowotnie<\/strong><\/h3>\n<p>&nbsp;<\/p>\n<h3><strong>Ochrona w po\u0142ogu<\/strong><\/h3>\n<p><strong>Po\u0142ogowy pakiet ochronny<\/strong> wielokrotnego u\u017cytku to doskona\u0142a\u00a0 propozycja naturalnej\u00a0 ochrony higienicznej dla kobiet daj\u0105ca poczucie bezpiecze\u0144stwa i komfortu bez ryzyka podra\u017cnie\u0144 delikatnych stref intymnych\u00a0 .<br \/>\nNaturalna bawe\u0142na, coolmax lub izoluj\u0105cy wilgo\u0107 micropolar w kontakcie ze sk\u00f3r\u0105 nie podra\u017cniaj\u0105, nie<br \/>\nwywo\u0142uj\u0105 uczule\u0144 czy\u00a0 odparze\u0144 .Komfort stosowania oraz naturalna termoregulacja w okresie po\u0142ogu\u00a0 to nieocenione atuty ekologicznych produkt\u00f3w sanitarno-\u00a0 higienicznych . Mo\u017cliwo\u015b\u0107 wielokrotnego prania i ponownego u\u017cywania daje ekonomiczn\u0105 i ekologiczn\u0105 przewag\u0119 nad wariantami jednorazowego u\u017cytku. Brak jakichkolwiek chemicznych absorbent\u00f3w wilgoci ,substancji zapachowych i innych dodatk\u00f3w chemicznych ma pozytywny wp\u0142yw na zdrowie i kondycj\u0119 kobiecej sk\u00f3ry oraz dr\u00f3g rodnych. Nie zawieraj\u0105 \u017cadnych<br \/>\nsubstancji alergizuj\u0105cych .<\/p>\n<p>Ekologiczny wariant podpasek <strong>NIGHT<\/strong> dla kobiet w r\u00f3\u017cnym wieku \u2013 doskona\u0142e jako zabezpieczenie w<br \/>\npo\u0142ogu, pos\u0142u\u017c\u0105 podczas miesi\u0105czkowania jak i u os\u00f3b z problemem nietrzymania moczu. Doskonale<br \/>\nzabezpiecz\u0105 bielizn\u0119 przed przemoczeniem i zabrudzeniem \u2013 jednocze\u015bnie zapobiegaj\u0105c przegrzaniu,<br \/>\nuczuleniom, odparzeniom sk\u00f3ry czy dyskomfortowi okolic intymnych dzi\u0119ki zastosowaniu wodoodpornej i<br \/>\nparoprzepuszczalnej membrany, kt\u00f3rej budowa zapewnia odpowiedni\u0105 termoregulacj\u0119 oraz<br \/>\noddychalno\u015b\u0107 sk\u00f3ry.<\/p>\n<p>Specjalistyczne podpaski higieniczne wielokrotnego u\u017cytku zosta\u0142y stworzone z my\u015bl\u0105 o ochronie<br \/>\npodczas po\u0142ogu, menstruacji czy kropelkowym, lekkim oraz \u015brednim stopniu nietrzymania moczu.<br \/>\nProdukt powsta\u0142 z my\u015bl\u0105 o kobietach prowadz\u0105cych aktywny tryb \u017cycia, kt\u00f3re ceni\u0105 sobie komfort i<br \/>\nbezpiecze\u0144stwo po\u0142\u0105czone z dyskrecj\u0105.<\/p>\n<h4><strong>Dlaczego warto wybra\u0107 ekologiczne podpaski higieniczne wielokrotnego u\u017cytku?<\/strong><\/h4>\n<p>Oddychaj\u0105ce, o anatomicznej budowie podpaski higieniczne stanowi\u0105 doskona\u0142e zabezpieczenie w<br \/>\nsytuacjach wymagaj\u0105cych szczeg\u00f3lnej ochrony oraz zapewniaj\u0105:<\/p>\n<ul>\n<li>idealne dopasowanie do cia\u0142a poprzez wyd\u0142u\u017cony, anatomiczny kszta\u0142t i odpowiedni\u0105 grubo\u015b\u0107<\/li>\n<li>ochron\u0119 przed wyciekami-boczne os\u0142onki<\/li>\n<li>szybk\u0105 i dok\u0142adn\u0105 dystrybucj\u0119 wilgoci,<\/li>\n<li>izolacj\u0119 wilgoci , komfort suchej sk\u00f3ry<\/li>\n<li>swobodne oddychanie sk\u00f3ry, termoregulacja<\/li>\n<li>zminimalizowane ryzyko wyst\u0105pienia reakcji alergicznych, nie zawieraj\u0105 chemicznych absorbent\u00f3w<br \/>\nwilgoci<\/li>\n<li>\u0142atwe i pewne mocowanie do bielizny,<\/li>\n<li>gwarancj\u0119 dyskrecji<\/li>\n<li>wysoka ch\u0142onno\u015b\u0107<\/li>\n<li>bezpieczna i ekologiczna warstwa kontaktowa ze sk\u00f3r\u0105<\/li>\n<li>certyfikat jako\u015bci materia\u0142\u00f3w<\/li>\n<\/ul>\n<p><strong>Ekologiczne podpaski higieniczne to mi\u0119kkie, oddychaj\u0105ce oraz nieprzemakalne wk\u0142adki ch\u0142onne<\/strong><br \/>\n<strong>zapewniaj\u0105ce kobietom dyskretn\u0105 ochron\u0119 w wielu sytuacjach \u2013 po\u0142ogu, menstruacji czy w przypadku<\/strong><br \/>\n<strong>problem\u00f3w z kropelkowym -wysi\u0142kowym nietrzymaniem moczu.<\/strong><\/p>\n<p>Wizualnie wygl\u0105daj\u0105 jak klasyczne podpaski higieniczne, jednak cechuj\u0105 si\u0119 znacznie wy\u017csz\u0105<br \/>\nch\u0142onno\u015bci\u0105 oraz posiadaj\u0105 bezpieczn\u0105 warstw\u0119 wodoszczeln\u0105 jak r\u00f3wnie\u017c, co bardzo wa\u017cne dla<br \/>\nzdrowia i komfortu dr\u00f3g rodnych kobiety \u2013 nie zawieraj\u0105 \u017cadnych sztucznych \u015brodk\u00f3w zapachowych oraz<br \/>\nchemicznych absorbent\u00f3w wilgoci, delikatne i przyjazne dla sk\u00f3ry.<\/p>\n<h4><strong>Bezpiecze\u0144stwo i ergonomia\u00a0 \u00a0 \u00a0 \u00a0 \u00a0 \u00a0 \u00a0 \u00a0 \u00a0 \u00a0 \u00a0 \u00a0 \u00a0 <img loading=\"lazy\" decoding=\"async\" class=\"alignnone size-medium wp-image-408\" src=\"https:\/\/mommymouse.com.pl\/femiside\/wp-content\/uploads\/2022\/08\/Oeko-tex-100-1200x400-1-300x100.jpg\" alt=\"\" width=\"300\" height=\"100\" srcset=\"https:\/\/mommymouse.com.pl\/femiside\/wp-content\/uploads\/2022\/08\/Oeko-tex-100-1200x400-1-300x100.jpg 300w, https:\/\/mommymouse.com.pl\/femiside\/wp-content\/uploads\/2022\/08\/Oeko-tex-100-1200x400-1-150x50.jpg 150w, https:\/\/mommymouse.com.pl\/femiside\/wp-content\/uploads\/2022\/08\/Oeko-tex-100-1200x400-1-600x200.jpg 600w, https:\/\/mommymouse.com.pl\/femiside\/wp-content\/uploads\/2022\/08\/Oeko-tex-100-1200x400-1-1024x341.jpg 1024w, https:\/\/mommymouse.com.pl\/femiside\/wp-content\/uploads\/2022\/08\/Oeko-tex-100-1200x400-1-768x256.jpg 768w, https:\/\/mommymouse.com.pl\/femiside\/wp-content\/uploads\/2022\/08\/Oeko-tex-100-1200x400-1.jpg 1200w\" sizes=\"auto, (max-width: 300px) 100vw, 300px\" \/><\/strong><\/h4>\n<p>Materia\u0142y u\u017cyte do produkcji zestawu podpasek higienicznych posiadaj\u0105 atest bezpiecze\u0144stwa Oeko-Tex<br \/>\nStandard 100. Oznaczone nim produkty s\u0105 wolne od substancji chemicznych, szkodliwych barwnik\u00f3w i<br \/>\nalergen\u00f3w.<\/p>\n<p>Produkt cechuje si\u0119 wysok\u0105 ch\u0142onno\u015bci\u0105 przy zachowaniu optymalnej termowentylacji oraz<br \/>\nwodoszczelno\u015bci. Z kolei anatomiczna budowa podpasek gwarantuje doskona\u0142\u0105 symbioz\u0119 z cia\u0142em.<\/p>\n<p>Ch\u0142onne i dyskretne podpaski higieniczne wielorazowego u\u017cytku gwarantuj\u0105 wysoki komfort w wielu<br \/>\ncodziennych zastosowaniach.<\/p>\n<h4><strong>Jak zbudowane s\u0105 podpaski higieniczne wielokrotnego u\u017cytku ?<\/strong><\/h4>\n<p><strong>WARSTWA KONTAKTOWA<\/strong> (dotykaj\u0105ca sk\u00f3ry -opcjonalnie do wyboru wg w\u0142asnych preferencji)<\/p>\n<ul>\n<li>naturalna biobawe\u0142na<\/li>\n<li>ch\u0142odz\u0105cy coolmax<\/li>\n<li>izoluj\u0105cy wilgo\u0107 mikropolar<br \/>\nprzekazuj\u0105 wilgo\u0107 do ni\u017cszych warstw ch\u0142onnych. Dzi\u0119ki temu zachowane jest wra\u017cenie umiarkowanej<br \/>\nsucho\u015bci, jednocze\u015bnie zapobiegaj\u0105c podra\u017cnieniom sk\u00f3ry.<\/li>\n<\/ul>\n<p><strong>WEWN\u0118TRZNA WARSTWA CH\u0141ONNA<\/strong><\/p>\n<p>Dzi\u0119ki zastosowaniu kompletu materia\u0142\u00f3w hydrofilowych, ciecz zostaje zatrzymana wewn\u0105trz.<\/p>\n<h5><strong>ZEWN\u0118TRZNA WARSTWA<\/strong><\/h5>\n<p>Zewn\u0119trzna pow\u0142oka wykonana jest z dzianiny powleczonej wodoszczeln\u0105 membran\u0105, kt\u00f3ra posiada<br \/>\nkom\u00f3rkow\u0105 struktur\u0119 w skutek czego stanowi barier\u0119 wodoszczeln\u0105 dla cieczy.<\/p>\n<p>&nbsp;<\/p>\n<p><strong>Po\u0142ogowy pakiet ochronny<\/strong> to zestaw 3 sztuk podpasek higienicznych w rozmiarze <strong>NIGHT plus Etui<\/strong><br \/>\n<strong>podpaskowe i woreczek do prania wk\u0142adek.<\/strong><br \/>\nPo\u0142ogowy pakiet ochronny pakujemy specjalnie zaprojektowane wodoodporne etui podpaskowe z<br \/>\ndodatkow\u0105 kieszonk\u0105 z przeznaczeniem na zapas lub zuzyte sztuki wk\u0142adek. Specjalne worki z<br \/>\nsiateczki- pos\u0142u\u017c\u0105 do ochrony podczas prania podpasek lub innych drobnych element\u00f3w w pralce.<\/p>\n<p><strong>Wymiary podpaski Night<\/strong>:<br \/>\nd\u0142ugo\u015b\u0107 wk\u0142adki \u2013 31-31,5\u00a0 cm<br \/>\nszeroko\u015b\u0107 wewn\u0119trzna po\u00a0 zapi\u0119ciu-(krok)\u2013 7-7,5 cm<\/p>\n<p>szeroko\u015b\u0107 g\u00f3rnej cz\u0119\u015bci -10,5 cm<\/p>\n<p>szeroko\u015b\u0107 dolnej cz\u0119\u015bci-11,5 cm<\/p>\n<p>grubo\u015b\u0107 wk\u0142adki \u2013 5 mm<\/p>\n<h4>Jak u\u017cytkowa\u0107 EKOLOGICZNE PODPASKI HIGIENICZNE ?<\/h4>\n<p>Ze wzgl\u0119d\u00f3w higienicznych, produkty wielokrotnego u\u017cytku nale\u017cy wypra\u0107 przed pierwszym u\u017cyciem.<br \/>\nZe wzgl\u0119d\u00f3w ekologicznych i ekonomicznych odpowiednia i wskazana temperatura prania nie powinna<br \/>\nprzekracza\u0107 60 \u00b0C. Przed praniem podpaski mo\u017cna wymoczy\u0107 w zimnej wodzie.<br \/>\nNie nale\u017cy stosowa\u0107 wybielaczy na bazie chloru, poniewa\u017c wodoodporne pokrycie poliestrowe mo\u017ce<br \/>\nulec uszkodzeniu, a produkt straci swoje w\u0142a\u015bciwo\u015bci (tzn. przestanie by\u0107 nieprzemakalny).<br \/>\nNale\u017cy pra\u0107 w pralce z u\u017cyciem zwyk\u0142ych detergent\u00f3w. Nie stosowa\u0107 p\u0142yn\u00f3w do zmi\u0119kczania tkanin,<br \/>\ngdy\u017c mog\u0105 one ograniczy\u0107 ch\u0142onno\u015b\u0107 produktu.<br \/>\nSuszenie automatyczne dopuszczalne w niskich temperaturach.<br \/>\nNie prasowa\u0107! Delikatna powierzchnia zostanie uszkodzona przez bezpo\u015brednie przy\u0142o\u017cenie \u017ar\u00f3d\u0142a<br \/>\nciep\u0142a.<\/p>\n<p>&nbsp;<\/p>\n","protected":false},"excerpt":{"rendered":"<p><strong>Po\u0142ogowy pakiet ochronny<\/strong> czyli zestaw podpasek wielokrotnego u\u017cytku w rozmiarze Night powsta\u0142<br \/>\njako alternatywne, ekologiczne rozwi\u0105zanie dla kobiet \u015bwiadomych swojej kobieco\u015bci-zaprojektowany by<br \/>\nidealnie dopasowa\u0107 si\u0119 do Twojego cia\u0142a.<\/p>\n<p>Produkty wielokrotnego u\u017cytku stanowi\u0105 bardzo efektywn\u0105 ekonomicznie i jako\u015bciowo alternatyw\u0119 dla<br \/>\nprodukt\u00f3w jednorazowych. Maj\u0105 r\u00f3\u017cnorodne zastosowanie, a mo\u017cliwo\u015b\u0107 ponownego ich wykorzystania<br \/>\npo wypraniu to r\u00f3wnie\u017c realna oszcz\u0119dno\u015b\u0107 w domowym bud\u017cecie.<\/p>\n<p><strong>Podpaski Femi Side<\/strong> to ekologiczne wk\u0142adki ch\u0142onne wielorazowego u\u017cytku , kt\u00f3re skutecznie chroni\u0105<br \/>\nprzed wilgoci\u0105. Zapewniaj\u0105 wysokie poczucie komfortu podczas miesi\u0105czki, redukuj\u0105c ryzyko powstania<br \/>\npodra\u017cnie\u0144. Podpaski <strong>Night- Femi Side<\/strong> s\u0105 rekomendowane na bardzo obfite krwawienie r\u00f3wnie\u017c<br \/>\npo\u0142ogowe.<\/p>\n","protected":false},"featured_media":1200,"comment_status":"open","ping_status":"closed","template":"","meta":[],"product_brand":[],"product_cat":[17],"product_tag":[],"class_list":{"0":"post-275","1":"product","2":"type-product","3":"status-publish","4":"has-post-thumbnail","6":"product_cat-podpaski","7":"pa_rodzaj-warstwy-wewnetrznej-biobawelna-biala","8":"pa_rodzaj-warstwy-wewnetrznej-coolmax","9":"pa_rodzaj-warstwy-wewnetrznej-polar","11":"first","12":"instock","13":"taxable","14":"shipping-taxable","15":"purchasable","16":"product-type-variable"},"yoast_head":"<!-- This site is optimized with the Yoast SEO plugin v27.3 - https:\/\/yoast.com\/product\/yoast-seo-wordpress\/ -->\n<title>Po\u0142ogowy pakiet ochronny - Femi Side<\/title>\n<meta name=\"description\" content=\"zestaw podpasek wielokrotnego u\u017cytku w rozmiarze Night powsta\u0142 jako alternatywne, ekologiczne rozwi\u0105zanie dla kobiet \u015bwiadomych swojej kobieco\u015bci-zaprojektowany by idealnie dopasowa\u0107 si\u0119 do Twojego cia\u0142a.\" \/>\n<meta name=\"robots\" content=\"noindex, follow\" \/>\n<meta property=\"og:locale\" content=\"pl_PL\" \/>\n<meta property=\"og:type\" content=\"article\" \/>\n<meta property=\"og:title\" content=\"Po\u0142ogowy pakiet ochronny - Femi Side\" \/>\n<meta property=\"og:description\" content=\"zestaw podpasek wielokrotnego u\u017cytku w rozmiarze Night powsta\u0142 jako alternatywne, ekologiczne rozwi\u0105zanie dla kobiet \u015bwiadomych swojej kobieco\u015bci-zaprojektowany by idealnie dopasowa\u0107 si\u0119 do Twojego cia\u0142a.\" \/>\n<meta property=\"og:url\" content=\"https:\/\/mommymouse.com.pl\/femiside\/p\/pologowy-pakiet-ochronny\/\" \/>\n<meta property=\"og:site_name\" content=\"Femi Side\" \/>\n<meta property=\"article:publisher\" content=\"https:\/\/www.facebook.com\/femiside\" \/>\n<meta property=\"article:modified_time\" content=\"2025-04-11T07:30:34+00:00\" \/>\n<meta property=\"og:image\" content=\"https:\/\/mommymouse.com.pl\/femiside\/wp-content\/uploads\/2023\/02\/68-1024x682.png\" \/>\n\t<meta property=\"og:image:width\" content=\"1024\" \/>\n\t<meta property=\"og:image:height\" content=\"682\" \/>\n\t<meta property=\"og:image:type\" content=\"image\/png\" \/>\n<meta name=\"twitter:card\" content=\"summary_large_image\" \/>\n<meta name=\"twitter:label1\" content=\"Szacowany czas czytania\" \/>\n\t<meta name=\"twitter:data1\" content=\"5 minut\" \/>\n<script type=\"application\/ld+json\" class=\"yoast-schema-graph\">{\"@context\":\"https:\\\/\\\/schema.org\",\"@graph\":[{\"@type\":\"WebPage\",\"@id\":\"https:\\\/\\\/mommymouse.com.pl\\\/femiside\\\/p\\\/pologowy-pakiet-ochronny\\\/\",\"url\":\"https:\\\/\\\/mommymouse.com.pl\\\/femiside\\\/p\\\/pologowy-pakiet-ochronny\\\/\",\"name\":\"Po\u0142ogowy pakiet ochronny - Femi Side\",\"isPartOf\":{\"@id\":\"https:\\\/\\\/mommymouse.com.pl\\\/femiside\\\/#website\"},\"primaryImageOfPage\":{\"@id\":\"https:\\\/\\\/mommymouse.com.pl\\\/femiside\\\/p\\\/pologowy-pakiet-ochronny\\\/#primaryimage\"},\"image\":{\"@id\":\"https:\\\/\\\/mommymouse.com.pl\\\/femiside\\\/p\\\/pologowy-pakiet-ochronny\\\/#primaryimage\"},\"thumbnailUrl\":\"https:\\\/\\\/mommymouse.com.pl\\\/femiside\\\/wp-content\\\/uploads\\\/2023\\\/02\\\/68.png\",\"datePublished\":\"2023-02-26T19:00:21+00:00\",\"dateModified\":\"2025-04-11T07:30:34+00:00\",\"description\":\"zestaw podpasek wielokrotnego u\u017cytku w rozmiarze Night powsta\u0142 jako alternatywne, ekologiczne rozwi\u0105zanie dla kobiet \u015bwiadomych swojej kobieco\u015bci-zaprojektowany by idealnie dopasowa\u0107 si\u0119 do Twojego cia\u0142a.\",\"breadcrumb\":{\"@id\":\"https:\\\/\\\/mommymouse.com.pl\\\/femiside\\\/p\\\/pologowy-pakiet-ochronny\\\/#breadcrumb\"},\"inLanguage\":\"pl-PL\",\"potentialAction\":[{\"@type\":\"ReadAction\",\"target\":[\"https:\\\/\\\/mommymouse.com.pl\\\/femiside\\\/p\\\/pologowy-pakiet-ochronny\\\/\"]}]},{\"@type\":\"ImageObject\",\"inLanguage\":\"pl-PL\",\"@id\":\"https:\\\/\\\/mommymouse.com.pl\\\/femiside\\\/p\\\/pologowy-pakiet-ochronny\\\/#primaryimage\",\"url\":\"https:\\\/\\\/mommymouse.com.pl\\\/femiside\\\/wp-content\\\/uploads\\\/2023\\\/02\\\/68.png\",\"contentUrl\":\"https:\\\/\\\/mommymouse.com.pl\\\/femiside\\\/wp-content\\\/uploads\\\/2023\\\/02\\\/68.png\",\"width\":2000,\"height\":1333},{\"@type\":\"BreadcrumbList\",\"@id\":\"https:\\\/\\\/mommymouse.com.pl\\\/femiside\\\/p\\\/pologowy-pakiet-ochronny\\\/#breadcrumb\",\"itemListElement\":[{\"@type\":\"ListItem\",\"position\":1,\"name\":\"Strona g\u0142\u00f3wna\",\"item\":\"https:\\\/\\\/mommymouse.com.pl\\\/femiside\\\/\"},{\"@type\":\"ListItem\",\"position\":2,\"name\":\"Sklep\",\"item\":\"https:\\\/\\\/mommymouse.com.pl\\\/femiside\\\/sklep\\\/\"},{\"@type\":\"ListItem\",\"position\":3,\"name\":\"Po\u0142ogowy pakiet ochronny\"}]},{\"@type\":\"WebSite\",\"@id\":\"https:\\\/\\\/mommymouse.com.pl\\\/femiside\\\/#website\",\"url\":\"https:\\\/\\\/mommymouse.com.pl\\\/femiside\\\/\",\"name\":\"Femi Side\",\"description\":\"\",\"publisher\":{\"@id\":\"https:\\\/\\\/mommymouse.com.pl\\\/femiside\\\/#organization\"},\"potentialAction\":[{\"@type\":\"SearchAction\",\"target\":{\"@type\":\"EntryPoint\",\"urlTemplate\":\"https:\\\/\\\/mommymouse.com.pl\\\/femiside\\\/?s={search_term_string}\"},\"query-input\":{\"@type\":\"PropertyValueSpecification\",\"valueRequired\":true,\"valueName\":\"search_term_string\"}}],\"inLanguage\":\"pl-PL\"},{\"@type\":\"Organization\",\"@id\":\"https:\\\/\\\/mommymouse.com.pl\\\/femiside\\\/#organization\",\"name\":\"Femi Side\",\"url\":\"https:\\\/\\\/mommymouse.com.pl\\\/femiside\\\/\",\"logo\":{\"@type\":\"ImageObject\",\"inLanguage\":\"pl-PL\",\"@id\":\"https:\\\/\\\/mommymouse.com.pl\\\/femiside\\\/#\\\/schema\\\/logo\\\/image\\\/\",\"url\":\"https:\\\/\\\/mommymouse.com.pl\\\/femiside\\\/wp-content\\\/uploads\\\/2023\\\/01\\\/femiside-logo.png\",\"contentUrl\":\"https:\\\/\\\/mommymouse.com.pl\\\/femiside\\\/wp-content\\\/uploads\\\/2023\\\/01\\\/femiside-logo.png\",\"width\":278,\"height\":85,\"caption\":\"Femi Side\"},\"image\":{\"@id\":\"https:\\\/\\\/mommymouse.com.pl\\\/femiside\\\/#\\\/schema\\\/logo\\\/image\\\/\"},\"sameAs\":[\"https:\\\/\\\/www.facebook.com\\\/femiside\"]}]}<\/script>\n<!-- \/ Yoast SEO plugin. -->","yoast_head_json":{"title":"Po\u0142ogowy pakiet ochronny - Femi Side","description":"zestaw podpasek wielokrotnego u\u017cytku w rozmiarze Night powsta\u0142 jako alternatywne, ekologiczne rozwi\u0105zanie dla kobiet \u015bwiadomych swojej kobieco\u015bci-zaprojektowany by idealnie dopasowa\u0107 si\u0119 do Twojego cia\u0142a.","robots":{"index":"noindex","follow":"follow"},"og_locale":"pl_PL","og_type":"article","og_title":"Po\u0142ogowy pakiet ochronny - Femi Side","og_description":"zestaw podpasek wielokrotnego u\u017cytku w rozmiarze Night powsta\u0142 jako alternatywne, ekologiczne rozwi\u0105zanie dla kobiet \u015bwiadomych swojej kobieco\u015bci-zaprojektowany by idealnie dopasowa\u0107 si\u0119 do Twojego cia\u0142a.","og_url":"https:\/\/mommymouse.com.pl\/femiside\/p\/pologowy-pakiet-ochronny\/","og_site_name":"Femi Side","article_publisher":"https:\/\/www.facebook.com\/femiside","article_modified_time":"2025-04-11T07:30:34+00:00","og_image":[{"width":1024,"height":682,"url":"https:\/\/mommymouse.com.pl\/femiside\/wp-content\/uploads\/2023\/02\/68-1024x682.png","type":"image\/png"}],"twitter_card":"summary_large_image","twitter_misc":{"Szacowany czas czytania":"5 minut"},"schema":{"@context":"https:\/\/schema.org","@graph":[{"@type":"WebPage","@id":"https:\/\/mommymouse.com.pl\/femiside\/p\/pologowy-pakiet-ochronny\/","url":"https:\/\/mommymouse.com.pl\/femiside\/p\/pologowy-pakiet-ochronny\/","name":"Po\u0142ogowy pakiet ochronny - Femi Side","isPartOf":{"@id":"https:\/\/mommymouse.com.pl\/femiside\/#website"},"primaryImageOfPage":{"@id":"https:\/\/mommymouse.com.pl\/femiside\/p\/pologowy-pakiet-ochronny\/#primaryimage"},"image":{"@id":"https:\/\/mommymouse.com.pl\/femiside\/p\/pologowy-pakiet-ochronny\/#primaryimage"},"thumbnailUrl":"https:\/\/mommymouse.com.pl\/femiside\/wp-content\/uploads\/2023\/02\/68.png","datePublished":"2023-02-26T19:00:21+00:00","dateModified":"2025-04-11T07:30:34+00:00","description":"zestaw podpasek wielokrotnego u\u017cytku w rozmiarze Night powsta\u0142 jako alternatywne, ekologiczne rozwi\u0105zanie dla kobiet \u015bwiadomych swojej kobieco\u015bci-zaprojektowany by idealnie dopasowa\u0107 si\u0119 do Twojego cia\u0142a.","breadcrumb":{"@id":"https:\/\/mommymouse.com.pl\/femiside\/p\/pologowy-pakiet-ochronny\/#breadcrumb"},"inLanguage":"pl-PL","potentialAction":[{"@type":"ReadAction","target":["https:\/\/mommymouse.com.pl\/femiside\/p\/pologowy-pakiet-ochronny\/"]}]},{"@type":"ImageObject","inLanguage":"pl-PL","@id":"https:\/\/mommymouse.com.pl\/femiside\/p\/pologowy-pakiet-ochronny\/#primaryimage","url":"https:\/\/mommymouse.com.pl\/femiside\/wp-content\/uploads\/2023\/02\/68.png","contentUrl":"https:\/\/mommymouse.com.pl\/femiside\/wp-content\/uploads\/2023\/02\/68.png","width":2000,"height":1333},{"@type":"BreadcrumbList","@id":"https:\/\/mommymouse.com.pl\/femiside\/p\/pologowy-pakiet-ochronny\/#breadcrumb","itemListElement":[{"@type":"ListItem","position":1,"name":"Strona g\u0142\u00f3wna","item":"https:\/\/mommymouse.com.pl\/femiside\/"},{"@type":"ListItem","position":2,"name":"Sklep","item":"https:\/\/mommymouse.com.pl\/femiside\/sklep\/"},{"@type":"ListItem","position":3,"name":"Po\u0142ogowy pakiet ochronny"}]},{"@type":"WebSite","@id":"https:\/\/mommymouse.com.pl\/femiside\/#website","url":"https:\/\/mommymouse.com.pl\/femiside\/","name":"Femi Side","description":"","publisher":{"@id":"https:\/\/mommymouse.com.pl\/femiside\/#organization"},"potentialAction":[{"@type":"SearchAction","target":{"@type":"EntryPoint","urlTemplate":"https:\/\/mommymouse.com.pl\/femiside\/?s={search_term_string}"},"query-input":{"@type":"PropertyValueSpecification","valueRequired":true,"valueName":"search_term_string"}}],"inLanguage":"pl-PL"},{"@type":"Organization","@id":"https:\/\/mommymouse.com.pl\/femiside\/#organization","name":"Femi Side","url":"https:\/\/mommymouse.com.pl\/femiside\/","logo":{"@type":"ImageObject","inLanguage":"pl-PL","@id":"https:\/\/mommymouse.com.pl\/femiside\/#\/schema\/logo\/image\/","url":"https:\/\/mommymouse.com.pl\/femiside\/wp-content\/uploads\/2023\/01\/femiside-logo.png","contentUrl":"https:\/\/mommymouse.com.pl\/femiside\/wp-content\/uploads\/2023\/01\/femiside-logo.png","width":278,"height":85,"caption":"Femi Side"},"image":{"@id":"https:\/\/mommymouse.com.pl\/femiside\/#\/schema\/logo\/image\/"},"sameAs":["https:\/\/www.facebook.com\/femiside"]}]}},"_links":{"self":[{"href":"https:\/\/mommymouse.com.pl\/femiside\/wp-json\/wp\/v2\/product\/275","targetHints":{"allow":["GET"]}}],"collection":[{"href":"https:\/\/mommymouse.com.pl\/femiside\/wp-json\/wp\/v2\/product"}],"about":[{"href":"https:\/\/mommymouse.com.pl\/femiside\/wp-json\/wp\/v2\/types\/product"}],"replies":[{"embeddable":true,"href":"https:\/\/mommymouse.com.pl\/femiside\/wp-json\/wp\/v2\/comments?post=275"}],"wp:featuredmedia":[{"embeddable":true,"href":"https:\/\/mommymouse.com.pl\/femiside\/wp-json\/wp\/v2\/media\/1200"}],"wp:attachment":[{"href":"https:\/\/mommymouse.com.pl\/femiside\/wp-json\/wp\/v2\/media?parent=275"}],"wp:term":[{"taxonomy":"product_brand","embeddable":true,"href":"https:\/\/mommymouse.com.pl\/femiside\/wp-json\/wp\/v2\/product_brand?post=275"},{"taxonomy":"product_cat","embeddable":true,"href":"https:\/\/mommymouse.com.pl\/femiside\/wp-json\/wp\/v2\/product_cat?post=275"},{"taxonomy":"product_tag","embeddable":true,"href":"https:\/\/mommymouse.com.pl\/femiside\/wp-json\/wp\/v2\/product_tag?post=275"}],"curies":[{"name":"wp","href":"https:\/\/api.w.org\/{rel}","templated":true}]}}