{"id":378,"date":"2023-03-01T16:29:02","date_gmt":"2023-03-01T15:29:02","guid":{"rendered":"https:\/\/mommymouse.com.pl\/femiside\/?post_type=product&#038;p=378"},"modified":"2025-04-11T09:30:26","modified_gmt":"2025-04-11T07:30:26","slug":"fit-wkladka-higieniczno-urologiczna-moon","status":"publish","type":"product","link":"https:\/\/mommymouse.com.pl\/femiside\/p\/fit-wkladka-higieniczno-urologiczna-moon\/","title":{"rendered":"Fit wk\u0142adka higieniczno-urologiczna MOON"},"content":{"rendered":"<h3>Komfort w ka\u017cdej sytuacji<\/h3>\n<p><strong>Wk\u0142adki higieniczno-urologiczne (na nietrzymanie moczu) \u2013 wielorazowego u\u017cytku<\/strong> nie zawieraj\u0105 \u017cadnych chemicznych dodatk\u00f3w. <strong>Naturalna bawe\u0142na<\/strong> ma kontakt ze sk\u00f3r\u0105, nie podra\u017cnia, nie wywo\u0142uje uczule\u0144 ani odparze\u0144 oraz zapewnia naturaln\u0105 wymian\u0119 termiczn\u0105. Mo\u017cliwo\u015b\u0107 wielokrotnego prania i ponownego u\u017cywania daje ekonomiczn\u0105 i ekologiczn\u0105 przewag\u0119 nad wariantami jednorazowego u\u017cytku. Brak jakichkolwiek chemicznych absorbent\u00f3w wilgoci ma pozytywny wp\u0142yw na zdrowie i kondycj\u0119 kobiecej sk\u00f3ry.<\/p>\n<p>Ekologiczny wariant <strong>wk\u0142adek higienicznych<\/strong> dla os\u00f3b z problemem nietrzymania moczu doskonale zabezpiecza bielizn\u0119 przed przemakaniem. Wszystko dzi\u0119ki zastosowaniu wodoodpornej i paroprzepuszczalnej membrany, kt\u00f3rej budowa zapewnia odpowiedni\u0105 termoregulacj\u0119 oraz oddychalno\u015b\u0107 sk\u00f3ry.<\/p>\n<p>Specjalistyczne <span style=\"text-decoration: underline;\"><strong>Fit wk\u0142adki higieniczno-urologiczne wielokrotnego u\u017cytku<\/strong><\/span> zosta\u0142y stworzone z my\u015bl\u0105 o ochronie w kropelkowym, lekkim oraz \u015brednim stopniu nietrzymaniu moczu. Produkt powsta\u0142 z my\u015bl\u0105 o kobietach prowadz\u0105cych aktywny tryb \u017cycia, kt\u00f3re ceni\u0105 sobie komfort i bezpiecze\u0144stwo po\u0142\u0105czone z dyskrecj\u0105.<\/p>\n<h3>Dlaczego warto wybra\u0107 Fit\u00a0 wk\u0142adki urologiczne wielokrotnego u\u017cytku?<\/h3>\n<p>Oddychaj\u0105ce, anatomiczne wk\u0142adki urologiczne dla kobiet stanowi\u0105 doskona\u0142e zabezpieczenie przy lekkim nietrzymaniu moczu oraz zapewniaj\u0105:<\/p>\n<ul>\n<li>idealne dopasowanie do cia\u0142a,<\/li>\n<li>indywidualne dopasowanie warstwy ch\u0142onnej<\/li>\n<li>ochron\u0119 przed wyciekami,<\/li>\n<li>szybk\u0105 i dok\u0142adn\u0105 dystrybucj\u0119 wilgoci,<\/li>\n<li>swobodne oddychanie sk\u00f3ry,<\/li>\n<li>zminimalizowane ryzyko wyst\u0105pienia reakcji alergicznych,<\/li>\n<li>\u0142atwe i pewne mocowanie do bielizny,<\/li>\n<li>gwarancj\u0119 dyskrecji i komfortu.<\/li>\n<\/ul>\n<p>Wk\u0142adki urologiczne na nietrzymanie moczu to dwucz\u0142onowe-mi\u0119kkie, nieprzemakalne wk\u0142adki higieniczne zapewniaj\u0105ce dyskretn\u0105 ochron\u0119 w przypadku kropelkowego czy wysi\u0142kowego nietrzymania moczu. Wizualnie wygl\u0105daj\u0105 jak klasyczne wk\u0142adki higieniczne, jednak cechuj\u0105 si\u0119 znacznie wy\u017csz\u0105 ch\u0142onno\u015bci\u0105 oraz posiadaj\u0105 bezpieczn\u0105 warstw\u0119 wodoszczeln\u0105. Integralna cz\u0119\u015b\u0107 ch\u0142on\u0105ca mo\u017ce by\u0107 indywidualnie dopasowywana\u00a0 do potrzeb. Trzy rodzaje wk\u0142adu ch\u0142on\u0105cego r\u00f3\u017cni\u0105 si\u0119 grubo\u015bci\u0105 oraz rodzajem materia\u0142u zewn\u0119trznego majacego kontakt ze sk\u00f3r\u0105. Dzi\u0119ki mozliwo\u015bci swobodnego zak\u0142adania boostera ch\u0142on\u0105cego-wybieramy stosown\u0105 dla siebie opcj\u0119 wk\u0142adki.<\/p>\n<p><strong>Zestaw Fit<\/strong> sk\u0142ada si\u0119 z wk\u0142adki zewn\u0119trznej nieprzemakaj\u0105cej oraz trzech wk\u0142adek wewn\u0119trznych: bawe\u0142nianych i\u00a0 coolmax r\u00f3\u017cni\u0105cych si\u0119 grubo\u015bci\u0105 wewn\u0119trznych warstw hydrofilowych czyli stopniem ch\u0142onno\u015bci.<\/p>\n<p>S\u0105 delikatne i przyjazne dla sk\u00f3ry oraz nie zawieraj\u0105 \u017cadnych sztucznych \u015brodk\u00f3w zapachowych oraz chemicznych absorbent\u00f3w wilgoci.<\/p>\n<h3>Bezpiecze\u0144stwo i ergonomia\u00a0 \u00a0 \u00a0 \u00a0 \u00a0 \u00a0 \u00a0 \u00a0 \u00a0 \u00a0 \u00a0 \u00a0 \u00a0 \u00a0 <img loading=\"lazy\" decoding=\"async\" class=\"alignnone size-medium wp-image-408\" src=\"https:\/\/mommymouse.com.pl\/femiside\/wp-content\/uploads\/2022\/08\/Oeko-tex-100-1200x400-1-300x100.jpg\" alt=\"\" width=\"300\" height=\"100\" srcset=\"https:\/\/mommymouse.com.pl\/femiside\/wp-content\/uploads\/2022\/08\/Oeko-tex-100-1200x400-1-300x100.jpg 300w, https:\/\/mommymouse.com.pl\/femiside\/wp-content\/uploads\/2022\/08\/Oeko-tex-100-1200x400-1-150x50.jpg 150w, https:\/\/mommymouse.com.pl\/femiside\/wp-content\/uploads\/2022\/08\/Oeko-tex-100-1200x400-1-600x200.jpg 600w, https:\/\/mommymouse.com.pl\/femiside\/wp-content\/uploads\/2022\/08\/Oeko-tex-100-1200x400-1-1024x341.jpg 1024w, https:\/\/mommymouse.com.pl\/femiside\/wp-content\/uploads\/2022\/08\/Oeko-tex-100-1200x400-1-768x256.jpg 768w, https:\/\/mommymouse.com.pl\/femiside\/wp-content\/uploads\/2022\/08\/Oeko-tex-100-1200x400-1.jpg 1200w\" sizes=\"auto, (max-width: 300px) 100vw, 300px\" \/><\/h3>\n<p>Materia\u0142y u\u017cyte do produkcji wk\u0142adek posiadaj\u0105 <strong>atest bezpiecze\u0144stwa Oeko-Tex Standard 100<\/strong>. Oznaczone nim produkty s\u0105 wolne od substancji chemicznych, szkodliwych barwnik\u00f3w i alergen\u00f3w.<\/p>\n<p>Produkt cechuje si\u0119 wysok\u0105 ch\u0142onno\u015bci\u0105 przy zachowaniu optymslnej termowentylacji oraz wodoszczelno\u015bci. Z kolei anatomiczna budowa wk\u0142adki gwarantuje doskona\u0142\u0105 symbioz\u0119 z cia\u0142em.<\/p>\n<p>Cienkie i superdyskretne wk\u0142adki wielorazowego u\u017cytku gwarantuj\u0105 wysoki komfort w wielu codziennych zastosowaniach.<\/p>\n<h3>Jak zbudowane s\u0105 Fit wk\u0142adki urologiczne?<\/h3>\n<ol>\n<li><strong>WEWN\u0118TRZNA WARSTWA (dotykaj\u0105ca sk\u00f3ry)<\/strong><br \/>\nMateria\u0142 maj\u0105cy styczno\u015b\u0107 ze sk\u00f3r\u0105 to naturalna biobawe\u0142na, bawe\u0142na niebielona lub ch\u0142odz\u0105cy coolmax, kt\u00f3ry przekazuje wilgo\u0107 do ni\u017cszych warstw ch\u0142onnych. Dzi\u0119ki temu zachowane jest wra\u017cenie umiarkowanej sucho\u015bci, jednocze\u015bnie zapobiegaj\u0105c podra\u017cnieniom sk\u00f3ry.<\/li>\n<li><strong>WARSTWY CH\u0141ONNE<br \/>\n<\/strong>Dzi\u0119ki zastosowaniu materia\u0142\u00f3w hydrofilowych, ciecz zostaje zatrzymana wewn\u0105trz.<\/li>\n<li><strong>WARSTWA ZEWN\u0118TRZNA<br \/>\n<\/strong>Zewn\u0119trzna powierzchnia wykonana jest z dzianiny powleczonej wodoszczeln\u0105 membran\u0105, kt\u00f3ra jest nieprzepuszczalna dla cieczy i posiada kom\u00f3rkow\u0105 struktur\u0119.<\/li>\n<\/ol>\n<h3>Wymiary cz\u0119\u015bci zewn\u0119trznej Fit wk\u0142adki:<\/h3>\n<ul>\n<li>d\u0142ugo\u015b\u0107 wk\u0142adki \u2013 24,5 cm<\/li>\n<li>szeroko\u015b\u0107 wewn\u0119trzna bez zapi\u0119cia \u2013 9,5 cm<\/li>\n<li>szeroko\u015b\u0107\u00a0 wk\u0142adki zapi\u0119tej-6,7 cm-7,5 cm<\/li>\n<li>grubo\u015b\u0107 wk\u0142adki \u2013 2 mm<\/li>\n<\/ul>\n<h3>Wymiary cz\u0119\u015bci wewnetrznej (ch\u0142onnej) wk\u0142adki:<\/h3>\n<ul>\n<li>d\u0142ugo\u015b\u0107 wk\u0142adki\u00a0 -22,5 cm<\/li>\n<li>szeroko\u015b\u0107 wk\u0142adki &#8211; 6,5 cm<\/li>\n<li>grubo\u015b\u0107 wk\u0142adki -2mm-4mm<\/li>\n<\/ul>\n<p><strong>Zestaw Fit zawiera trzy wymienne wk\u0142adki wewn\u0119trzne oraz jedn\u0105\u00a0 pow\u0142ok\u0119 zewn\u0119trzn\u0105-nieprzemakaln\u0105.<\/strong><\/p>\n<h3>Jak u\u017cytkowa\u0107 Fit\u00a0 wk\u0142adki urologiczne?<\/h3>\n<ul>\n<li>Ze wzgl\u0119d\u00f3w higienicznych, produkty wielokrotnego u\u017cytku nale\u017cy wypra\u0107 przed pierwszym u\u017cyciem.<\/li>\n<li>Ze wzgl\u0119d\u00f3w ekologicznych i ekonomicznych odpowiednia i wskazana temperatura prania nie powinna przekracza\u0107 60 \u00b0C.<\/li>\n<li>Nie nale\u017cy stosowa\u0107 wybielaczy na bazie chloru, poniewa\u017c wodoodporne pokrycie poliestrowe mo\u017ce ulec uszkodzeniu, a produkt straci swoje w\u0142a\u015bciwo\u015bci (tzn. przestanie by\u0107 nieprzemakalny).<\/li>\n<li>Nale\u017cy pra\u0107 w pralce z u\u017cyciem zwyk\u0142ych detergent\u00f3w. Nie stosowa\u0107 p\u0142yn\u00f3w do zmi\u0119kczania tkanin, gdy\u017c mog\u0105 one ograniczy\u0107 ch\u0142onno\u015b\u0107 produktu.<\/li>\n<li>Suszenie automatyczne dopuszczalne w niskich temperaturach.<\/li>\n<li>Nie prasowa\u0107! Delikatna powierzchnia zostanie uszkodzona przez bezpo\u015brednie przy\u0142o\u017cenie \u017ar\u00f3d\u0142a ciep\u0142a.<\/li>\n<li><span style=\"text-decoration: underline;\"><strong>Fit wk\u0142adki urologiczne<\/strong><\/span> nale\u017cy z przyczyn higienicznych wymienia\u0107 po ka\u017cdorazowym zu\u017cyciu.<\/li>\n<\/ul>\n","protected":false},"excerpt":{"rendered":"<p><strong>Fit\u00a0 wk\u0142adki urologiczne wielokrotnego u\u017cytku powsta\u0142y jako alternatywne rozwi\u0105zanie dla kobiet \u015bwiadomych swojej kobieco\u015bci.<\/strong><\/p>\n<p>Produkty wielokrotnego u\u017cytku stanowi\u0105 bardzo efektywn\u0105 ekonomicznie i jako\u015bciowo alternatyw\u0119 dla produkt\u00f3w jednorazowych. Maj\u0105 r\u00f3\u017cnorodne zastosowanie, a mo\u017cliwo\u015b\u0107 ponownego ich wykorzystania po wypraniu to r\u00f3wnie\u017c realna oszcz\u0119dno\u015b\u0107 w domowym bud\u017cecie.<\/p>\n","protected":false},"featured_media":1163,"comment_status":"open","ping_status":"closed","template":"","meta":[],"product_brand":[],"product_cat":[18],"product_tag":[],"class_list":{"0":"post-378","1":"product","2":"type-product","3":"status-publish","4":"has-post-thumbnail","6":"product_cat-wkladki","8":"first","9":"instock","10":"taxable","11":"shipping-taxable","12":"purchasable","13":"product-type-simple"},"yoast_head":"<!-- This site is optimized with the Yoast SEO plugin v27.4 - https:\/\/yoast.com\/product\/yoast-seo-wordpress\/ -->\n<title>Fit wk\u0142adka higieniczno-urologiczna MOON - Femi Side<\/title>\n<meta name=\"robots\" content=\"noindex, follow\" \/>\n<meta property=\"og:locale\" content=\"pl_PL\" \/>\n<meta property=\"og:type\" content=\"article\" \/>\n<meta property=\"og:title\" content=\"Fit wk\u0142adka higieniczno-urologiczna MOON - Femi Side\" \/>\n<meta property=\"og:description\" content=\"Fit\u00a0 wk\u0142adki urologiczne wielokrotnego u\u017cytku powsta\u0142y jako alternatywne rozwi\u0105zanie dla kobiet \u015bwiadomych swojej kobieco\u015bci.  Produkty wielokrotnego u\u017cytku stanowi\u0105 bardzo efektywn\u0105 ekonomicznie i jako\u015bciowo alternatyw\u0119 dla produkt\u00f3w jednorazowych. Maj\u0105 r\u00f3\u017cnorodne zastosowanie, a mo\u017cliwo\u015b\u0107 ponownego ich wykorzystania po wypraniu to r\u00f3wnie\u017c realna oszcz\u0119dno\u015b\u0107 w domowym bud\u017cecie.\" \/>\n<meta property=\"og:url\" content=\"https:\/\/mommymouse.com.pl\/femiside\/p\/fit-wkladka-higieniczno-urologiczna-moon\/\" \/>\n<meta property=\"og:site_name\" content=\"Femi Side\" \/>\n<meta property=\"article:publisher\" content=\"https:\/\/www.facebook.com\/femiside\" \/>\n<meta property=\"article:modified_time\" content=\"2025-04-11T07:30:26+00:00\" \/>\n<meta property=\"og:image\" content=\"https:\/\/mommymouse.com.pl\/femiside\/wp-content\/uploads\/2023\/03\/44.png\" \/>\n\t<meta property=\"og:image:width\" content=\"2000\" \/>\n\t<meta property=\"og:image:height\" content=\"1333\" \/>\n\t<meta property=\"og:image:type\" content=\"image\/png\" \/>\n<meta name=\"twitter:card\" content=\"summary_large_image\" \/>\n<meta name=\"twitter:label1\" content=\"Szacowany czas czytania\" \/>\n\t<meta name=\"twitter:data1\" content=\"4 minuty\" \/>\n<script type=\"application\/ld+json\" class=\"yoast-schema-graph\">{\"@context\":\"https:\\\/\\\/schema.org\",\"@graph\":[{\"@type\":\"WebPage\",\"@id\":\"https:\\\/\\\/mommymouse.com.pl\\\/femiside\\\/p\\\/fit-wkladka-higieniczno-urologiczna-moon\\\/\",\"url\":\"https:\\\/\\\/mommymouse.com.pl\\\/femiside\\\/p\\\/fit-wkladka-higieniczno-urologiczna-moon\\\/\",\"name\":\"Fit wk\u0142adka higieniczno-urologiczna MOON - Femi Side\",\"isPartOf\":{\"@id\":\"https:\\\/\\\/mommymouse.com.pl\\\/femiside\\\/#website\"},\"primaryImageOfPage\":{\"@id\":\"https:\\\/\\\/mommymouse.com.pl\\\/femiside\\\/p\\\/fit-wkladka-higieniczno-urologiczna-moon\\\/#primaryimage\"},\"image\":{\"@id\":\"https:\\\/\\\/mommymouse.com.pl\\\/femiside\\\/p\\\/fit-wkladka-higieniczno-urologiczna-moon\\\/#primaryimage\"},\"thumbnailUrl\":\"https:\\\/\\\/mommymouse.com.pl\\\/femiside\\\/wp-content\\\/uploads\\\/2023\\\/03\\\/44.png\",\"datePublished\":\"2023-03-01T15:29:02+00:00\",\"dateModified\":\"2025-04-11T07:30:26+00:00\",\"breadcrumb\":{\"@id\":\"https:\\\/\\\/mommymouse.com.pl\\\/femiside\\\/p\\\/fit-wkladka-higieniczno-urologiczna-moon\\\/#breadcrumb\"},\"inLanguage\":\"pl-PL\",\"potentialAction\":[{\"@type\":\"ReadAction\",\"target\":[\"https:\\\/\\\/mommymouse.com.pl\\\/femiside\\\/p\\\/fit-wkladka-higieniczno-urologiczna-moon\\\/\"]}]},{\"@type\":\"ImageObject\",\"inLanguage\":\"pl-PL\",\"@id\":\"https:\\\/\\\/mommymouse.com.pl\\\/femiside\\\/p\\\/fit-wkladka-higieniczno-urologiczna-moon\\\/#primaryimage\",\"url\":\"https:\\\/\\\/mommymouse.com.pl\\\/femiside\\\/wp-content\\\/uploads\\\/2023\\\/03\\\/44.png\",\"contentUrl\":\"https:\\\/\\\/mommymouse.com.pl\\\/femiside\\\/wp-content\\\/uploads\\\/2023\\\/03\\\/44.png\",\"width\":2000,\"height\":1333},{\"@type\":\"BreadcrumbList\",\"@id\":\"https:\\\/\\\/mommymouse.com.pl\\\/femiside\\\/p\\\/fit-wkladka-higieniczno-urologiczna-moon\\\/#breadcrumb\",\"itemListElement\":[{\"@type\":\"ListItem\",\"position\":1,\"name\":\"Strona g\u0142\u00f3wna\",\"item\":\"https:\\\/\\\/mommymouse.com.pl\\\/femiside\\\/\"},{\"@type\":\"ListItem\",\"position\":2,\"name\":\"Sklep\",\"item\":\"https:\\\/\\\/mommymouse.com.pl\\\/femiside\\\/sklep\\\/\"},{\"@type\":\"ListItem\",\"position\":3,\"name\":\"Fit wk\u0142adka higieniczno-urologiczna MOON\"}]},{\"@type\":\"WebSite\",\"@id\":\"https:\\\/\\\/mommymouse.com.pl\\\/femiside\\\/#website\",\"url\":\"https:\\\/\\\/mommymouse.com.pl\\\/femiside\\\/\",\"name\":\"Femi Side\",\"description\":\"\",\"publisher\":{\"@id\":\"https:\\\/\\\/mommymouse.com.pl\\\/femiside\\\/#organization\"},\"potentialAction\":[{\"@type\":\"SearchAction\",\"target\":{\"@type\":\"EntryPoint\",\"urlTemplate\":\"https:\\\/\\\/mommymouse.com.pl\\\/femiside\\\/?s={search_term_string}\"},\"query-input\":{\"@type\":\"PropertyValueSpecification\",\"valueRequired\":true,\"valueName\":\"search_term_string\"}}],\"inLanguage\":\"pl-PL\"},{\"@type\":\"Organization\",\"@id\":\"https:\\\/\\\/mommymouse.com.pl\\\/femiside\\\/#organization\",\"name\":\"Femi Side\",\"url\":\"https:\\\/\\\/mommymouse.com.pl\\\/femiside\\\/\",\"logo\":{\"@type\":\"ImageObject\",\"inLanguage\":\"pl-PL\",\"@id\":\"https:\\\/\\\/mommymouse.com.pl\\\/femiside\\\/#\\\/schema\\\/logo\\\/image\\\/\",\"url\":\"https:\\\/\\\/mommymouse.com.pl\\\/femiside\\\/wp-content\\\/uploads\\\/2023\\\/01\\\/femiside-logo.png\",\"contentUrl\":\"https:\\\/\\\/mommymouse.com.pl\\\/femiside\\\/wp-content\\\/uploads\\\/2023\\\/01\\\/femiside-logo.png\",\"width\":278,\"height\":85,\"caption\":\"Femi Side\"},\"image\":{\"@id\":\"https:\\\/\\\/mommymouse.com.pl\\\/femiside\\\/#\\\/schema\\\/logo\\\/image\\\/\"},\"sameAs\":[\"https:\\\/\\\/www.facebook.com\\\/femiside\"]}]}<\/script>\n<!-- \/ Yoast SEO plugin. -->","yoast_head_json":{"title":"Fit wk\u0142adka higieniczno-urologiczna MOON - Femi Side","robots":{"index":"noindex","follow":"follow"},"og_locale":"pl_PL","og_type":"article","og_title":"Fit wk\u0142adka higieniczno-urologiczna MOON - Femi Side","og_description":"Fit\u00a0 wk\u0142adki urologiczne wielokrotnego u\u017cytku powsta\u0142y jako alternatywne rozwi\u0105zanie dla kobiet \u015bwiadomych swojej kobieco\u015bci.  Produkty wielokrotnego u\u017cytku stanowi\u0105 bardzo efektywn\u0105 ekonomicznie i jako\u015bciowo alternatyw\u0119 dla produkt\u00f3w jednorazowych. Maj\u0105 r\u00f3\u017cnorodne zastosowanie, a mo\u017cliwo\u015b\u0107 ponownego ich wykorzystania po wypraniu to r\u00f3wnie\u017c realna oszcz\u0119dno\u015b\u0107 w domowym bud\u017cecie.","og_url":"https:\/\/mommymouse.com.pl\/femiside\/p\/fit-wkladka-higieniczno-urologiczna-moon\/","og_site_name":"Femi Side","article_publisher":"https:\/\/www.facebook.com\/femiside","article_modified_time":"2025-04-11T07:30:26+00:00","og_image":[{"width":2000,"height":1333,"url":"https:\/\/mommymouse.com.pl\/femiside\/wp-content\/uploads\/2023\/03\/44.png","type":"image\/png"}],"twitter_card":"summary_large_image","twitter_misc":{"Szacowany czas czytania":"4 minuty"},"schema":{"@context":"https:\/\/schema.org","@graph":[{"@type":"WebPage","@id":"https:\/\/mommymouse.com.pl\/femiside\/p\/fit-wkladka-higieniczno-urologiczna-moon\/","url":"https:\/\/mommymouse.com.pl\/femiside\/p\/fit-wkladka-higieniczno-urologiczna-moon\/","name":"Fit wk\u0142adka higieniczno-urologiczna MOON - Femi Side","isPartOf":{"@id":"https:\/\/mommymouse.com.pl\/femiside\/#website"},"primaryImageOfPage":{"@id":"https:\/\/mommymouse.com.pl\/femiside\/p\/fit-wkladka-higieniczno-urologiczna-moon\/#primaryimage"},"image":{"@id":"https:\/\/mommymouse.com.pl\/femiside\/p\/fit-wkladka-higieniczno-urologiczna-moon\/#primaryimage"},"thumbnailUrl":"https:\/\/mommymouse.com.pl\/femiside\/wp-content\/uploads\/2023\/03\/44.png","datePublished":"2023-03-01T15:29:02+00:00","dateModified":"2025-04-11T07:30:26+00:00","breadcrumb":{"@id":"https:\/\/mommymouse.com.pl\/femiside\/p\/fit-wkladka-higieniczno-urologiczna-moon\/#breadcrumb"},"inLanguage":"pl-PL","potentialAction":[{"@type":"ReadAction","target":["https:\/\/mommymouse.com.pl\/femiside\/p\/fit-wkladka-higieniczno-urologiczna-moon\/"]}]},{"@type":"ImageObject","inLanguage":"pl-PL","@id":"https:\/\/mommymouse.com.pl\/femiside\/p\/fit-wkladka-higieniczno-urologiczna-moon\/#primaryimage","url":"https:\/\/mommymouse.com.pl\/femiside\/wp-content\/uploads\/2023\/03\/44.png","contentUrl":"https:\/\/mommymouse.com.pl\/femiside\/wp-content\/uploads\/2023\/03\/44.png","width":2000,"height":1333},{"@type":"BreadcrumbList","@id":"https:\/\/mommymouse.com.pl\/femiside\/p\/fit-wkladka-higieniczno-urologiczna-moon\/#breadcrumb","itemListElement":[{"@type":"ListItem","position":1,"name":"Strona g\u0142\u00f3wna","item":"https:\/\/mommymouse.com.pl\/femiside\/"},{"@type":"ListItem","position":2,"name":"Sklep","item":"https:\/\/mommymouse.com.pl\/femiside\/sklep\/"},{"@type":"ListItem","position":3,"name":"Fit wk\u0142adka higieniczno-urologiczna MOON"}]},{"@type":"WebSite","@id":"https:\/\/mommymouse.com.pl\/femiside\/#website","url":"https:\/\/mommymouse.com.pl\/femiside\/","name":"Femi Side","description":"","publisher":{"@id":"https:\/\/mommymouse.com.pl\/femiside\/#organization"},"potentialAction":[{"@type":"SearchAction","target":{"@type":"EntryPoint","urlTemplate":"https:\/\/mommymouse.com.pl\/femiside\/?s={search_term_string}"},"query-input":{"@type":"PropertyValueSpecification","valueRequired":true,"valueName":"search_term_string"}}],"inLanguage":"pl-PL"},{"@type":"Organization","@id":"https:\/\/mommymouse.com.pl\/femiside\/#organization","name":"Femi Side","url":"https:\/\/mommymouse.com.pl\/femiside\/","logo":{"@type":"ImageObject","inLanguage":"pl-PL","@id":"https:\/\/mommymouse.com.pl\/femiside\/#\/schema\/logo\/image\/","url":"https:\/\/mommymouse.com.pl\/femiside\/wp-content\/uploads\/2023\/01\/femiside-logo.png","contentUrl":"https:\/\/mommymouse.com.pl\/femiside\/wp-content\/uploads\/2023\/01\/femiside-logo.png","width":278,"height":85,"caption":"Femi Side"},"image":{"@id":"https:\/\/mommymouse.com.pl\/femiside\/#\/schema\/logo\/image\/"},"sameAs":["https:\/\/www.facebook.com\/femiside"]}]}},"_links":{"self":[{"href":"https:\/\/mommymouse.com.pl\/femiside\/wp-json\/wp\/v2\/product\/378","targetHints":{"allow":["GET"]}}],"collection":[{"href":"https:\/\/mommymouse.com.pl\/femiside\/wp-json\/wp\/v2\/product"}],"about":[{"href":"https:\/\/mommymouse.com.pl\/femiside\/wp-json\/wp\/v2\/types\/product"}],"replies":[{"embeddable":true,"href":"https:\/\/mommymouse.com.pl\/femiside\/wp-json\/wp\/v2\/comments?post=378"}],"wp:featuredmedia":[{"embeddable":true,"href":"https:\/\/mommymouse.com.pl\/femiside\/wp-json\/wp\/v2\/media\/1163"}],"wp:attachment":[{"href":"https:\/\/mommymouse.com.pl\/femiside\/wp-json\/wp\/v2\/media?parent=378"}],"wp:term":[{"taxonomy":"product_brand","embeddable":true,"href":"https:\/\/mommymouse.com.pl\/femiside\/wp-json\/wp\/v2\/product_brand?post=378"},{"taxonomy":"product_cat","embeddable":true,"href":"https:\/\/mommymouse.com.pl\/femiside\/wp-json\/wp\/v2\/product_cat?post=378"},{"taxonomy":"product_tag","embeddable":true,"href":"https:\/\/mommymouse.com.pl\/femiside\/wp-json\/wp\/v2\/product_tag?post=378"}],"curies":[{"name":"wp","href":"https:\/\/api.w.org\/{rel}","templated":true}]}}