{"id":509,"date":"2023-03-22T11:50:42","date_gmt":"2023-03-22T10:50:42","guid":{"rendered":"https:\/\/mommymouse.com.pl\/femiside\/?post_type=product&#038;p=509"},"modified":"2025-04-11T09:29:43","modified_gmt":"2025-04-11T07:29:43","slug":"bielizna-menstruacyjno-urologiczna-2","status":"publish","type":"product","link":"https:\/\/mommymouse.com.pl\/femiside\/p\/bielizna-menstruacyjno-urologiczna-2\/","title":{"rendered":"Bielizna menstruacyjno-urologiczna  PROTECT"},"content":{"rendered":"<table width=\"100%\">\n<tbody>\n<tr>\n<td style=\"text-align: center;\" width=\"113\"><strong><img loading=\"lazy\" decoding=\"async\" class=\"aligncenter size-full wp-image-30804\" src=\"https:\/\/mommymouse.com.pl\/femiside\/wp-content\/uploads\/2023\/01\/eko-icon.png\" alt=\"\" width=\"94\" height=\"77\" \/>Jestem Eko<\/strong><\/td>\n<td style=\"text-align: center;\" width=\"113\"><img loading=\"lazy\" decoding=\"async\" class=\"size-full wp-image-30806 aligncenter\" src=\"https:\/\/mommymouse.com.pl\/femiside\/wp-content\/uploads\/2023\/01\/no-chemicals.png\" alt=\"\" width=\"80\" height=\"77\" \/><strong>Bez chemicznych dodatk\u00f3w<\/strong><\/td>\n<td style=\"text-align: center;\" width=\"113\"><img loading=\"lazy\" decoding=\"async\" class=\"size-full wp-image-30808 aligncenter\" src=\"https:\/\/mommymouse.com.pl\/femiside\/wp-content\/uploads\/2023\/01\/prozdrowo.png\" alt=\"\" width=\"77\" height=\"77\" \/><strong>Prozdrowotnie<\/strong><\/td>\n<\/tr>\n<\/tbody>\n<\/table>\n<h3><strong>Z my\u015bl\u0105 o wszystkich kobietach \u2026<\/strong><\/h3>\n<p>Stworzone po to, aby bez wzgl\u0119du na obfito\u015b\u0107 menstruacyjn\u0105, po\u0142ogow\u0105 czy stopie\u0144 nietrzymania moczu mog\u0142a czu\u0107 si\u0119 komfortowo i bezpiecznie<\/p>\n<p>Dzi\u0119ki du\u017cej powierzchni ch\u0142onnej oraz dok\u0142adnemu dopasowaniu i wyprofilowaniu nie przesuwaj\u0105 si\u0119 podczas chodzenia i zapewniaj\u0105 perfekcyjn\u0105 ochron\u0119.<\/p>\n<p>S\u0105 cie\u0144sze od zwyk\u0142ych podpasek co r\u00f3wnie\u017c wp\u0142ywa na komfort noszenia.<\/p>\n<p>Wysoki stan warstwy ch\u0142onnej w cz\u0119\u015bci tylnej zapewnia wi\u0119ksz\u0105 ochron\u0119 i\u00a0 daje pewno\u015b\u0107 pe\u0142nego zabezpieczenia.<\/p>\n<p>Zosta\u0142y \u00a0wykonane z kilku warstw ch\u0142onnych st\u0105d daj\u0105 wielogodzinn\u0105 ochron\u0119.<\/p>\n<h3>Ekologicznie i \u015bwiadomie\u2026<\/h3>\n<p>W dobie proekologicznych nurt\u00f3w r\u00f3wnie\u017c bielizna\u00a0 do zada\u0144 specjalnych wpisuje si\u0119 w zasad\u0119 Zero Waste, dzi\u0119ki produktom wielorazowego u\u017cytku eliminujemy ogromne ilo\u015bci \u015brodk\u00f3w sanitarno-higienicznych. Przy w\u0142a\u015bciwym stosowaniu zapewni\u0105 ochron\u0119 na wiele lat w te \u201etrudne dni\u201d.<\/p>\n<p>Niew\u0105tpliw\u0105 zalet\u0105 jest ogromna oszcz\u0119dno\u015b\u0107 zasob\u00f3w \u015brodowiska oraz Twojego portfela &#8211; to szybko zwracaj\u0105ca si\u0119 inwestycja.<\/p>\n<h3>Prostota stosowania\u2026<\/h3>\n<p>Bielizn\u0119 menstruacyjno-urologiczna stosujemy jak tradycyjn\u0105 bielizn\u0119, nie ogranicza normalnego funkcjonowania, czy aktywno\u015bci fizycznej. Nie wymaga specjalnego traktowania.<\/p>\n<p>Nie powoduje dyskomfortu, uczule\u0144, podra\u017cnie\u0144 ze wzgl\u0119du na to, i\u017c nie zawiera \u017cadnych \u015brodk\u00f3w chemicznych, absorbent\u00f3w wilgoci, \u015brodk\u00f3w zapachowych czy wybielaj\u0105cych jak w powszechnie stosowanych \u015brodkach higienicznych jednorazowego u\u017cytku.<\/p>\n<p>Wystarczy proste czyszczenie poprzez namoczenie w zimnej wodzie a nast\u0119pnie wypranie z dodatkiem \u015brodka pior\u0105cego i wysuszenie.<\/p>\n<p>Nie ma konieczno\u015bci dodawania p\u0142yn\u00f3w zmi\u0119kczaj\u0105cych, do p\u0142ukania czy wybielaj\u0105cych. Chronimy w ten spos\u00f3b nasz organizm przed kontaktem z\u00a0 chemicznymi dodatkami.<\/p>\n<p>Majtki menstruacyjno-urologiczne to intymny produkt o wysokiej ch\u0142onno\u015bci, zapewniaj\u0105ce ochron\u0119 kobietom, wtedy kiedy jej potrzebuj\u0105. Znajduj\u0105 zastosowanie w wielu sytuacjach \u2013 nie tylko w czasie miesi\u0105czki.<\/p>\n<p>Super ch\u0142onna bielizna zapewniaj\u0105ca komfort i wygod\u0119, zapobiegaj\u0105 przeciekaniu nie pozostawiaj\u0105c wilgoci na sk\u00f3rze.<\/p>\n<p>Wariant PROTECT\u00a0 odznacza si\u0119 wysokim stanem warstwy ch\u0142onnej w cz\u0119\u015bci tylnej (wi\u0119ksza powierzchnia absorpcyjna)\u00a0 co daje\u00a0 wi\u0119ksz\u0105 ochron\u0119 i\u00a0 pewno\u015b\u0107 pe\u0142nego zabezpieczenia.<\/p>\n<p>Majtki powsta\u0142y z bezpiecznych, certyfikowanych materia\u0142\u00f3w zapewniaj\u0105cych cyrkulacj\u0119\u00a0 powietrza.<\/p>\n<p>Dzi\u0119ki elastyczno\u015bci doskonale dopasowuj\u0105 si\u0119 do cia\u0142a zapewniaj\u0105c ochron\u0119 oraz komfort noszenia.<\/p>\n<p>Opr\u00f3cz tego, \u017ce ochroni\u0105 podczas miesi\u0105czki bardzo przydatne b\u0119d\u0105 podczas po\u0142ogu czy w problemach urologicznych.<\/p>\n<h3>Jak zosta\u0142y skonstruowane?<\/h3>\n<ul>\n<li>Wysoki stan zapewnia komfortowe noszenie i zapobiega zsuwaniu, czy deformowaniu bielizny podczas chodzenia, le\u017cenia.<\/li>\n<li>Elastyczny, szeroki pasek zamiast gumki &#8211; dopasowuje si\u0119 do kobiecych kszta\u0142t\u00f3w.<\/li>\n<li>Mi\u0119kkie otoczki w pachwinach \u0142agodnie doszczelniaj\u0105 bielizn\u0119 wok\u00f3\u0142 ud.<\/li>\n<li>Drobna siateczka w g\u00f3rnej cz\u0119\u015bci bielizny zapewnia maksymaln\u0105 cyrkulacj\u0119 powietrza, co jest istotnym elementem w przypadku gojenia ran np. po ci\u0119ciu cesarskim.<\/li>\n<li>Bawe\u0142niana, wodoszczelna warstwa zabezpiecza newralgiczne miejsca przed przemakaniem, chroni warstw\u0119 ch\u0142onn\u0105 przed niechcianymi wyciekami.<\/li>\n<li>Wewn\u0119trzna warstwa ch\u0142onna to wysoce higroskopijny materia\u0142 zapewniaj\u0105cy wysok\u0105 ch\u0142onno\u015b\u0107 oraz zatrzymanie cieczy wewn\u0105trz wk\u0142adu ch\u0142onnego.<\/li>\n<li>Wysoki stan w cz\u0119\u015bci tylnej daje dodatkow\u0105 powierzchni\u0119 absorpcji<\/li>\n<li>dodatkowa ochrona przed wyciekami w cz\u0119\u015bci tylnej bardzo istotna w pozycji le\u017c\u0105cej<\/li>\n<li>Wewn\u0119trzna warstwa ch\u0142onna daj\u0105ca poczucie sucho\u015bci sk\u00f3ry, ch\u0142odz\u0105ca.<\/li>\n<\/ul>\n<p><strong>Sk\u0142ad :<\/strong><\/p>\n<p>Cotton Organic -30 %<\/p>\n<p>Pe &#8211; 50 %<\/p>\n<p>Coolmax -20%<\/p>\n<p><strong>Materia\u0142y u\u017cyte do produkcji posiadaj\u0105 certyfikat Oeko Tex Standard 100 \u00a0\u00a0\u00a0 \u00a0 <img loading=\"lazy\" decoding=\"async\" class=\"alignnone size-medium wp-image-408\" src=\"https:\/\/mommymouse.com.pl\/femiside\/wp-content\/uploads\/2022\/08\/Oeko-tex-100-1200x400-1-300x100.jpg\" alt=\"\" width=\"300\" height=\"100\" srcset=\"https:\/\/mommymouse.com.pl\/femiside\/wp-content\/uploads\/2022\/08\/Oeko-tex-100-1200x400-1-300x100.jpg 300w, https:\/\/mommymouse.com.pl\/femiside\/wp-content\/uploads\/2022\/08\/Oeko-tex-100-1200x400-1-150x50.jpg 150w, https:\/\/mommymouse.com.pl\/femiside\/wp-content\/uploads\/2022\/08\/Oeko-tex-100-1200x400-1-600x200.jpg 600w, https:\/\/mommymouse.com.pl\/femiside\/wp-content\/uploads\/2022\/08\/Oeko-tex-100-1200x400-1-1024x341.jpg 1024w, https:\/\/mommymouse.com.pl\/femiside\/wp-content\/uploads\/2022\/08\/Oeko-tex-100-1200x400-1-768x256.jpg 768w, https:\/\/mommymouse.com.pl\/femiside\/wp-content\/uploads\/2022\/08\/Oeko-tex-100-1200x400-1.jpg 1200w\" sizes=\"auto, (max-width: 300px) 100vw, 300px\" \/>\u00a0\u00a0<\/strong><\/p>\n<h3>Jak dba\u0107 o bielizn\u0119 \u201e na specjalne okazje\u2019\u2019?<\/h3>\n<ul>\n<li><img decoding=\"async\" class=\"wp-image-30810 alignleft\" style=\"margin-right: 10px; margin-bottom: 0;\" src=\"https:\/\/mommymouse.com.pl\/femiside\/wp-content\/uploads\/2023\/01\/moczyc.png\" alt=\"\" width=\"40\" \/>\u00a0MOCZY\u0106 PRZED PRANIEM &#8211; Przed czyszczeniem rekomendujemy namoczy\u0107 bielizn\u0119 w zimnej wodzie, wst\u0119pnie wyp\u0142ukane w\u0142\u00f3kna b\u0119d\u0105 bardziej podatne w procesie prania na czyszczenie daj\u0105c lepsze efekty.<\/li>\n<li><img decoding=\"async\" class=\"wp-image-30810 alignleft\" style=\"margin-right: 10px; margin-bottom: 0;\" src=\"https:\/\/mommymouse.com.pl\/femiside\/wp-content\/uploads\/2023\/01\/prac.png\" alt=\"\" width=\"40\" \/>\u00a0PRA\u0106 W TEMPERATURZE DO 40 STOPNI &#8211; Rekomendujemy stosowanie ni\u017cszej\u00a0 temperatury prania dla ochrony jako\u015bci i utrzymania prawid\u0142owego stanu bielizny przez d\u0142ugi czas u\u017cytkowania.<\/li>\n<li>\u00a0 \u00a0 \u00a0 \u00a0 \u00a0 \u00a0 NIE STOSOWA\u0106 P\u0141YN\u00d3W ZMI\u0118KCZAJ\u0104CYCH ORAZ WYBIELACZY CHEMICZNYCH.<\/li>\n<li><img decoding=\"async\" class=\"wp-image-30810 alignleft\" style=\"margin-right: 10px; margin-bottom: 0; margin-top: -5px;\" src=\"https:\/\/mommymouse.com.pl\/femiside\/wp-content\/uploads\/2023\/01\/nieprasowac.png\" alt=\"\" width=\"40\" \/>NIE PRASOWA\u0106.<\/li>\n<\/ul>\n<p>&nbsp;<\/p>\n<table width=\"100%\">\n<tbody>\n<tr>\n<td colspan=\"2\" width=\"143\"><strong>Tabela rozmiar\u00f3w<\/strong><\/td>\n<td width=\"113\"><strong>\u00a0<\/strong><\/td>\n<\/tr>\n<tr>\n<td width=\"77\">Rozmiar<\/td>\n<td width=\"66\">Talia<\/td>\n<td width=\"113\">Biodra<\/td>\n<\/tr>\n<tr>\n<td width=\"77\">XS<\/td>\n<td width=\"66\">64-74<\/td>\n<td width=\"113\">85-89<\/td>\n<\/tr>\n<tr>\n<td width=\"77\">S\/M<\/td>\n<td width=\"66\">75-90<\/td>\n<td width=\"113\">90-100<\/td>\n<\/tr>\n<tr>\n<td width=\"77\">L\/XL<\/td>\n<td width=\"66\">91-106<\/td>\n<td width=\"113\">101-110<\/td>\n<\/tr>\n<\/tbody>\n<\/table>\n<h3>W zestawie taniej &#8211; dost\u0119pne zestawy:<\/h3>\n<ul>\n<li>1 para majtek menstruacyjnych plus woreczek do prania<\/li>\n<li>zestaw 2 par majtek menstruacyjnych plus wodoodporne etui z bawe\u0142nianego pulu<\/li>\n<li>zestaw 3 par majtek menstruacyjnych plus bawe\u0142niana, wodoodporna kosmetyczka zapinana na zamek z dodatkow\u0105 kieszonk\u0105 mog\u0105ca pomie\u015bci\u0107 dodatkowo kilka drobiazg\u00f3w niezb\u0119dnych w torebce kobiety. Klasyczny design, du\u017ca dowolno\u015b\u0107 stosowania oraz uniwersalna kolorystyka, jak r\u00f3wnie\u017c zastosowanie naturalnego materia\u0142u do jej produkcji to atuty kosmetyczki wchodz\u0105cej w sk\u0142ad zestawu.<\/li>\n<\/ul>\n","protected":false},"excerpt":{"rendered":"<p>Bielizna\u00a0 \u201edo zada\u0144 specjalnych\u201d dla kobiet w czasie menstruacji, po\u0142ogu czy z\u00a0 problemami urologicznymi to innowacyjna bielizna odpowiadaj\u0105ca potrzebom \u015bwiadomych kobiet.<\/p>\n<p>Zosta\u0142a stworzona jako komfortowy zamiennik\u00a0 \u015brodk\u00f3w higienicznych typu podpaski, wk\u0142adki, tampony kubeczki lub wzmocnienie i zabezpieczenie w trakcie menstruacji, po\u0142ogu czy przy problemach nietrzymania moczu.<\/p>\n","protected":false},"featured_media":519,"comment_status":"open","ping_status":"closed","template":"","meta":[],"product_brand":[],"product_cat":[16],"product_tag":[],"class_list":{"0":"post-509","1":"product","2":"type-product","3":"status-publish","4":"has-post-thumbnail","6":"product_cat-bielizna-majtki-menstruacyjne-urologiczna","7":"pa_ilosc-1-szt","8":"pa_ilosc-2-szt","9":"pa_ilosc-3-szt","10":"pa_rozmiar-l-xl","11":"pa_rozmiar-s-m","12":"pa_rozmiar-xs","14":"first","15":"instock","16":"taxable","17":"shipping-taxable","18":"purchasable","19":"product-type-variable"},"yoast_head":"<!-- This site is optimized with the Yoast SEO plugin v27.3 - https:\/\/yoast.com\/product\/yoast-seo-wordpress\/ -->\n<title>Bielizna menstruacyjno-urologiczna PROTECT - Femi Side<\/title>\n<meta name=\"robots\" content=\"noindex, follow\" \/>\n<meta property=\"og:locale\" content=\"pl_PL\" \/>\n<meta property=\"og:type\" content=\"article\" \/>\n<meta property=\"og:title\" content=\"Bielizna menstruacyjno-urologiczna PROTECT - Femi Side\" \/>\n<meta property=\"og:description\" content=\"Bielizna\u00a0 \u201edo zada\u0144 specjalnych\u201d dla kobiet w czasie menstruacji, po\u0142ogu czy z\u00a0 problemami urologicznymi to innowacyjna bielizna odpowiadaj\u0105ca potrzebom \u015bwiadomych kobiet.  Zosta\u0142a stworzona jako komfortowy zamiennik\u00a0 \u015brodk\u00f3w higienicznych typu podpaski, wk\u0142adki, tampony kubeczki lub wzmocnienie i zabezpieczenie w trakcie menstruacji, po\u0142ogu czy przy problemach nietrzymania moczu.\" \/>\n<meta property=\"og:url\" content=\"https:\/\/mommymouse.com.pl\/femiside\/p\/bielizna-menstruacyjno-urologiczna-2\/\" \/>\n<meta property=\"og:site_name\" content=\"Femi Side\" \/>\n<meta property=\"article:publisher\" content=\"https:\/\/www.facebook.com\/femiside\" \/>\n<meta property=\"article:modified_time\" content=\"2025-04-11T07:29:43+00:00\" \/>\n<meta property=\"og:image\" content=\"https:\/\/mommymouse.com.pl\/femiside\/wp-content\/uploads\/2023\/03\/DSC_2019-kopia2-scaled.jpg\" \/>\n\t<meta property=\"og:image:width\" content=\"2560\" \/>\n\t<meta property=\"og:image:height\" content=\"1707\" \/>\n\t<meta property=\"og:image:type\" content=\"image\/jpeg\" \/>\n<meta name=\"twitter:card\" content=\"summary_large_image\" \/>\n<meta name=\"twitter:label1\" content=\"Szacowany czas czytania\" \/>\n\t<meta name=\"twitter:data1\" content=\"6 minut\" \/>\n<script type=\"application\/ld+json\" class=\"yoast-schema-graph\">{\"@context\":\"https:\\\/\\\/schema.org\",\"@graph\":[{\"@type\":\"WebPage\",\"@id\":\"https:\\\/\\\/mommymouse.com.pl\\\/femiside\\\/p\\\/bielizna-menstruacyjno-urologiczna-2\\\/\",\"url\":\"https:\\\/\\\/mommymouse.com.pl\\\/femiside\\\/p\\\/bielizna-menstruacyjno-urologiczna-2\\\/\",\"name\":\"Bielizna menstruacyjno-urologiczna PROTECT - Femi Side\",\"isPartOf\":{\"@id\":\"https:\\\/\\\/mommymouse.com.pl\\\/femiside\\\/#website\"},\"primaryImageOfPage\":{\"@id\":\"https:\\\/\\\/mommymouse.com.pl\\\/femiside\\\/p\\\/bielizna-menstruacyjno-urologiczna-2\\\/#primaryimage\"},\"image\":{\"@id\":\"https:\\\/\\\/mommymouse.com.pl\\\/femiside\\\/p\\\/bielizna-menstruacyjno-urologiczna-2\\\/#primaryimage\"},\"thumbnailUrl\":\"https:\\\/\\\/mommymouse.com.pl\\\/femiside\\\/wp-content\\\/uploads\\\/2023\\\/03\\\/DSC_2019-kopia2-scaled.jpg\",\"datePublished\":\"2023-03-22T10:50:42+00:00\",\"dateModified\":\"2025-04-11T07:29:43+00:00\",\"breadcrumb\":{\"@id\":\"https:\\\/\\\/mommymouse.com.pl\\\/femiside\\\/p\\\/bielizna-menstruacyjno-urologiczna-2\\\/#breadcrumb\"},\"inLanguage\":\"pl-PL\",\"potentialAction\":[{\"@type\":\"ReadAction\",\"target\":[\"https:\\\/\\\/mommymouse.com.pl\\\/femiside\\\/p\\\/bielizna-menstruacyjno-urologiczna-2\\\/\"]}]},{\"@type\":\"ImageObject\",\"inLanguage\":\"pl-PL\",\"@id\":\"https:\\\/\\\/mommymouse.com.pl\\\/femiside\\\/p\\\/bielizna-menstruacyjno-urologiczna-2\\\/#primaryimage\",\"url\":\"https:\\\/\\\/mommymouse.com.pl\\\/femiside\\\/wp-content\\\/uploads\\\/2023\\\/03\\\/DSC_2019-kopia2-scaled.jpg\",\"contentUrl\":\"https:\\\/\\\/mommymouse.com.pl\\\/femiside\\\/wp-content\\\/uploads\\\/2023\\\/03\\\/DSC_2019-kopia2-scaled.jpg\",\"width\":2560,\"height\":1707},{\"@type\":\"BreadcrumbList\",\"@id\":\"https:\\\/\\\/mommymouse.com.pl\\\/femiside\\\/p\\\/bielizna-menstruacyjno-urologiczna-2\\\/#breadcrumb\",\"itemListElement\":[{\"@type\":\"ListItem\",\"position\":1,\"name\":\"Strona g\u0142\u00f3wna\",\"item\":\"https:\\\/\\\/mommymouse.com.pl\\\/femiside\\\/\"},{\"@type\":\"ListItem\",\"position\":2,\"name\":\"Sklep\",\"item\":\"https:\\\/\\\/mommymouse.com.pl\\\/femiside\\\/sklep\\\/\"},{\"@type\":\"ListItem\",\"position\":3,\"name\":\"Bielizna menstruacyjno-urologiczna PROTECT\"}]},{\"@type\":\"WebSite\",\"@id\":\"https:\\\/\\\/mommymouse.com.pl\\\/femiside\\\/#website\",\"url\":\"https:\\\/\\\/mommymouse.com.pl\\\/femiside\\\/\",\"name\":\"Femi Side\",\"description\":\"\",\"publisher\":{\"@id\":\"https:\\\/\\\/mommymouse.com.pl\\\/femiside\\\/#organization\"},\"potentialAction\":[{\"@type\":\"SearchAction\",\"target\":{\"@type\":\"EntryPoint\",\"urlTemplate\":\"https:\\\/\\\/mommymouse.com.pl\\\/femiside\\\/?s={search_term_string}\"},\"query-input\":{\"@type\":\"PropertyValueSpecification\",\"valueRequired\":true,\"valueName\":\"search_term_string\"}}],\"inLanguage\":\"pl-PL\"},{\"@type\":\"Organization\",\"@id\":\"https:\\\/\\\/mommymouse.com.pl\\\/femiside\\\/#organization\",\"name\":\"Femi Side\",\"url\":\"https:\\\/\\\/mommymouse.com.pl\\\/femiside\\\/\",\"logo\":{\"@type\":\"ImageObject\",\"inLanguage\":\"pl-PL\",\"@id\":\"https:\\\/\\\/mommymouse.com.pl\\\/femiside\\\/#\\\/schema\\\/logo\\\/image\\\/\",\"url\":\"https:\\\/\\\/mommymouse.com.pl\\\/femiside\\\/wp-content\\\/uploads\\\/2023\\\/01\\\/femiside-logo.png\",\"contentUrl\":\"https:\\\/\\\/mommymouse.com.pl\\\/femiside\\\/wp-content\\\/uploads\\\/2023\\\/01\\\/femiside-logo.png\",\"width\":278,\"height\":85,\"caption\":\"Femi Side\"},\"image\":{\"@id\":\"https:\\\/\\\/mommymouse.com.pl\\\/femiside\\\/#\\\/schema\\\/logo\\\/image\\\/\"},\"sameAs\":[\"https:\\\/\\\/www.facebook.com\\\/femiside\"]}]}<\/script>\n<!-- \/ Yoast SEO plugin. -->","yoast_head_json":{"title":"Bielizna menstruacyjno-urologiczna PROTECT - Femi Side","robots":{"index":"noindex","follow":"follow"},"og_locale":"pl_PL","og_type":"article","og_title":"Bielizna menstruacyjno-urologiczna PROTECT - Femi Side","og_description":"Bielizna\u00a0 \u201edo zada\u0144 specjalnych\u201d dla kobiet w czasie menstruacji, po\u0142ogu czy z\u00a0 problemami urologicznymi to innowacyjna bielizna odpowiadaj\u0105ca potrzebom \u015bwiadomych kobiet.  Zosta\u0142a stworzona jako komfortowy zamiennik\u00a0 \u015brodk\u00f3w higienicznych typu podpaski, wk\u0142adki, tampony kubeczki lub wzmocnienie i zabezpieczenie w trakcie menstruacji, po\u0142ogu czy przy problemach nietrzymania moczu.","og_url":"https:\/\/mommymouse.com.pl\/femiside\/p\/bielizna-menstruacyjno-urologiczna-2\/","og_site_name":"Femi Side","article_publisher":"https:\/\/www.facebook.com\/femiside","article_modified_time":"2025-04-11T07:29:43+00:00","og_image":[{"width":2560,"height":1707,"url":"https:\/\/mommymouse.com.pl\/femiside\/wp-content\/uploads\/2023\/03\/DSC_2019-kopia2-scaled.jpg","type":"image\/jpeg"}],"twitter_card":"summary_large_image","twitter_misc":{"Szacowany czas czytania":"6 minut"},"schema":{"@context":"https:\/\/schema.org","@graph":[{"@type":"WebPage","@id":"https:\/\/mommymouse.com.pl\/femiside\/p\/bielizna-menstruacyjno-urologiczna-2\/","url":"https:\/\/mommymouse.com.pl\/femiside\/p\/bielizna-menstruacyjno-urologiczna-2\/","name":"Bielizna menstruacyjno-urologiczna PROTECT - Femi Side","isPartOf":{"@id":"https:\/\/mommymouse.com.pl\/femiside\/#website"},"primaryImageOfPage":{"@id":"https:\/\/mommymouse.com.pl\/femiside\/p\/bielizna-menstruacyjno-urologiczna-2\/#primaryimage"},"image":{"@id":"https:\/\/mommymouse.com.pl\/femiside\/p\/bielizna-menstruacyjno-urologiczna-2\/#primaryimage"},"thumbnailUrl":"https:\/\/mommymouse.com.pl\/femiside\/wp-content\/uploads\/2023\/03\/DSC_2019-kopia2-scaled.jpg","datePublished":"2023-03-22T10:50:42+00:00","dateModified":"2025-04-11T07:29:43+00:00","breadcrumb":{"@id":"https:\/\/mommymouse.com.pl\/femiside\/p\/bielizna-menstruacyjno-urologiczna-2\/#breadcrumb"},"inLanguage":"pl-PL","potentialAction":[{"@type":"ReadAction","target":["https:\/\/mommymouse.com.pl\/femiside\/p\/bielizna-menstruacyjno-urologiczna-2\/"]}]},{"@type":"ImageObject","inLanguage":"pl-PL","@id":"https:\/\/mommymouse.com.pl\/femiside\/p\/bielizna-menstruacyjno-urologiczna-2\/#primaryimage","url":"https:\/\/mommymouse.com.pl\/femiside\/wp-content\/uploads\/2023\/03\/DSC_2019-kopia2-scaled.jpg","contentUrl":"https:\/\/mommymouse.com.pl\/femiside\/wp-content\/uploads\/2023\/03\/DSC_2019-kopia2-scaled.jpg","width":2560,"height":1707},{"@type":"BreadcrumbList","@id":"https:\/\/mommymouse.com.pl\/femiside\/p\/bielizna-menstruacyjno-urologiczna-2\/#breadcrumb","itemListElement":[{"@type":"ListItem","position":1,"name":"Strona g\u0142\u00f3wna","item":"https:\/\/mommymouse.com.pl\/femiside\/"},{"@type":"ListItem","position":2,"name":"Sklep","item":"https:\/\/mommymouse.com.pl\/femiside\/sklep\/"},{"@type":"ListItem","position":3,"name":"Bielizna menstruacyjno-urologiczna PROTECT"}]},{"@type":"WebSite","@id":"https:\/\/mommymouse.com.pl\/femiside\/#website","url":"https:\/\/mommymouse.com.pl\/femiside\/","name":"Femi Side","description":"","publisher":{"@id":"https:\/\/mommymouse.com.pl\/femiside\/#organization"},"potentialAction":[{"@type":"SearchAction","target":{"@type":"EntryPoint","urlTemplate":"https:\/\/mommymouse.com.pl\/femiside\/?s={search_term_string}"},"query-input":{"@type":"PropertyValueSpecification","valueRequired":true,"valueName":"search_term_string"}}],"inLanguage":"pl-PL"},{"@type":"Organization","@id":"https:\/\/mommymouse.com.pl\/femiside\/#organization","name":"Femi Side","url":"https:\/\/mommymouse.com.pl\/femiside\/","logo":{"@type":"ImageObject","inLanguage":"pl-PL","@id":"https:\/\/mommymouse.com.pl\/femiside\/#\/schema\/logo\/image\/","url":"https:\/\/mommymouse.com.pl\/femiside\/wp-content\/uploads\/2023\/01\/femiside-logo.png","contentUrl":"https:\/\/mommymouse.com.pl\/femiside\/wp-content\/uploads\/2023\/01\/femiside-logo.png","width":278,"height":85,"caption":"Femi Side"},"image":{"@id":"https:\/\/mommymouse.com.pl\/femiside\/#\/schema\/logo\/image\/"},"sameAs":["https:\/\/www.facebook.com\/femiside"]}]}},"_links":{"self":[{"href":"https:\/\/mommymouse.com.pl\/femiside\/wp-json\/wp\/v2\/product\/509","targetHints":{"allow":["GET"]}}],"collection":[{"href":"https:\/\/mommymouse.com.pl\/femiside\/wp-json\/wp\/v2\/product"}],"about":[{"href":"https:\/\/mommymouse.com.pl\/femiside\/wp-json\/wp\/v2\/types\/product"}],"replies":[{"embeddable":true,"href":"https:\/\/mommymouse.com.pl\/femiside\/wp-json\/wp\/v2\/comments?post=509"}],"wp:featuredmedia":[{"embeddable":true,"href":"https:\/\/mommymouse.com.pl\/femiside\/wp-json\/wp\/v2\/media\/519"}],"wp:attachment":[{"href":"https:\/\/mommymouse.com.pl\/femiside\/wp-json\/wp\/v2\/media?parent=509"}],"wp:term":[{"taxonomy":"product_brand","embeddable":true,"href":"https:\/\/mommymouse.com.pl\/femiside\/wp-json\/wp\/v2\/product_brand?post=509"},{"taxonomy":"product_cat","embeddable":true,"href":"https:\/\/mommymouse.com.pl\/femiside\/wp-json\/wp\/v2\/product_cat?post=509"},{"taxonomy":"product_tag","embeddable":true,"href":"https:\/\/mommymouse.com.pl\/femiside\/wp-json\/wp\/v2\/product_tag?post=509"}],"curies":[{"name":"wp","href":"https:\/\/api.w.org\/{rel}","templated":true}]}}