{"id":529,"date":"2023-04-12T15:36:20","date_gmt":"2023-04-12T13:36:20","guid":{"rendered":"https:\/\/mommymouse.com.pl\/femiside\/?post_type=product&#038;p=529"},"modified":"2025-04-11T09:29:40","modified_gmt":"2025-04-11T07:29:40","slug":"wklady-frotte-zapas","status":"publish","type":"product","link":"https:\/\/mommymouse.com.pl\/femiside\/p\/wklady-frotte-zapas\/","title":{"rendered":"Wk\u0142ady frotte  zapas \u2013 podk\u0142ad po\u0142ogowy PROTECTION"},"content":{"rendered":"<p><strong>\u00a0 \u00a0 Wk\u0142ady frotte &#8211; warstwa wewn\u0119trzna maty po\u0142ogowej\u00a0<\/strong><\/p>\n<p>Frotta bambusowa, wpinana napami w czterech rogach podk\u0142adu wodoodpornego\u00a0 dla zabezpieczenia przed ewentualn\u0105 deformacj\u0105 czy przesuni\u0119ciem warstwy ch\u0142onnej stanowi &#8221; serce&#8221; maty Protect &#8211; poch\u0142ania wilgo\u0107 .<\/p>\n<p>Mi\u0119sista frotta z w\u0142\u00f3kien bambusowych w kobiecym, r\u00f3\u017cowym kolorze charakteryzuje si\u0119 mi\u0119kko\u015bci\u0105 oraz doskona\u0142\u0105 ch\u0142onno\u015bci\u0105 przy jednocze\u015bnie szybkim czasie wysychania. Jest to niezwykle istotna cecha w okresie np. po\u0142ogu kiedy warstw\u0119 wewn\u0119trzn\u0105 cz\u0119sto pierzemy i zale\u017cy nam na jej szybkim wysychaniu\u2026<\/p>\n<p>Sama warstwa bambusowej frotty \u015bwietnie sprawdzi si\u0119 r\u00f3wnie\u017c jako otulacz dla dziecka czy du\u017cy r\u0119cznik k\u0105pielowy zar\u00f3wno dla mamy jak i male\u0144stwa\u2026<\/p>\n<p>Uniwersalno\u015b\u0107 produktu pozwala na wszechstronne u\u017cycie podk\u0142adu na wielu etapach \u017cycia kobiety i dziecka, mo\u017cliwo\u015b\u0107 wielokrotnego u\u017cycia po procesie prania i suszenia pozwala na jej d\u0142ugie wykorzystywanie i jednocze\u015bnie cz\u0119st\u0105\u00a0 zmian\u0119 jej przeznaczenia.<\/p>\n<p><strong>Wk\u0142ady frotte <\/strong>mo\u017cna u\u017cy\u0107 na wiele sposob\u00f3w w zale\u017cno\u015bci od potrzeb i okoliczno\u015bci.<\/p>\n<p>Zaprojektowane tak, by nie stanowi\u0107 dodatkowego balastu \u2013 bez problemu schowasz j\u0105 do w\u00f3zka, torebki czy podr\u0119cznego baga\u017cu.<\/p>\n<p><strong>Wymiary produktu:<\/strong><\/p>\n<ul>\n<li>\u00a0frotta bambus r\u00f3\u017cowa \u2013 85,5 cm x 74 cm<\/li>\n<\/ul>\n<p><strong>Sk\u0142ad:<\/strong><\/p>\n<ul>\n<li>Bambus 100%<\/li>\n<\/ul>\n<h3>Sprawd\u017a, jak prawid\u0142owo u\u017cywa\u0107:<\/h3>\n<ul>\n<li>Pierz w pralce w temp. do 60\u00b0C.<\/li>\n<li>Nie u\u017cywaj wybielacza z chlorem!<\/li>\n<li>Nie u\u017cywaj p\u0142ynu zmi\u0119kczaj\u0105cego!<\/li>\n<li>Nie prasuj!<\/li>\n<li>Nie czy\u015b\u0107 chemicznie!<\/li>\n<li>Mo\u017cesz suszy\u0107 w suszarce b\u0119bnowej.<\/li>\n<\/ul>\n<p>Produkt posiada atest bezpiecze\u0144stwa OekoTex Standard 100\u00a0 \u00a0 \u00a0 \u00a0 \u00a0 \u00a0 <img loading=\"lazy\" decoding=\"async\" class=\"alignnone  wp-image-408\" src=\"https:\/\/mommymouse.com.pl\/femiside\/wp-content\/uploads\/2022\/08\/Oeko-tex-100-1200x400-1.jpg\" alt=\"\" width=\"252\" height=\"84\" srcset=\"https:\/\/mommymouse.com.pl\/femiside\/wp-content\/uploads\/2022\/08\/Oeko-tex-100-1200x400-1.jpg 1200w, https:\/\/mommymouse.com.pl\/femiside\/wp-content\/uploads\/2022\/08\/Oeko-tex-100-1200x400-1-150x50.jpg 150w, https:\/\/mommymouse.com.pl\/femiside\/wp-content\/uploads\/2022\/08\/Oeko-tex-100-1200x400-1-600x200.jpg 600w, https:\/\/mommymouse.com.pl\/femiside\/wp-content\/uploads\/2022\/08\/Oeko-tex-100-1200x400-1-300x100.jpg 300w, https:\/\/mommymouse.com.pl\/femiside\/wp-content\/uploads\/2022\/08\/Oeko-tex-100-1200x400-1-1024x341.jpg 1024w, https:\/\/mommymouse.com.pl\/femiside\/wp-content\/uploads\/2022\/08\/Oeko-tex-100-1200x400-1-768x256.jpg 768w\" sizes=\"auto, (max-width: 252px) 100vw, 252px\" \/><\/p>\n<p>Wyprodukowano w Polsce.<\/p>\n","protected":false},"excerpt":{"rendered":"<p>\u00a0 \u00a0 Wk\u0142ady frotte &#8211; warstwa wewn\u0119trzna maty po\u0142ogowej\u00a0 Frotta bambusowa, wpinana napami w czterech rogach podk\u0142adu wodoodpornego\u00a0 dla zabezpieczenia<\/p>\n","protected":false},"featured_media":532,"comment_status":"open","ping_status":"closed","template":"","meta":[],"product_brand":[],"product_cat":[20],"product_tag":[],"class_list":{"0":"post-529","1":"product","2":"type-product","3":"status-publish","4":"has-post-thumbnail","6":"product_cat-gadzety","7":"pa_ilosc-1-szt","8":"pa_ilosc-2-szt","9":"pa_ilosc-3-szt","11":"first","12":"instock","13":"taxable","14":"shipping-taxable","15":"purchasable","16":"product-type-variable"},"yoast_head":"<!-- This site is optimized with the Yoast SEO plugin v27.3 - https:\/\/yoast.com\/product\/yoast-seo-wordpress\/ -->\n<title>Wk\u0142ady frotte zapas \u2013 podk\u0142ad po\u0142ogowy PROTECTION - Femi Side<\/title>\n<meta name=\"description\" content=\"Mi\u0119sista frotta z w\u0142\u00f3kien bambusowych w kobiecym, r\u00f3\u017cowym kolorze charakteryzuje si\u0119 mi\u0119kko\u015bci\u0105 oraz doskona\u0142\u0105 ch\u0142onno\u015bci\u0105 przy jednocze\u015bnie szybkim czasie wysychania. Jest to niezwykle istotna cecha w okresie np. po\u0142ogu kiedy warstw\u0119 wewn\u0119trzn\u0105 cz\u0119sto pierzemy i zale\u017cy nam na jej szybkim wysychaniu\u2026\" \/>\n<meta name=\"robots\" content=\"noindex, follow\" \/>\n<meta property=\"og:locale\" content=\"pl_PL\" \/>\n<meta property=\"og:type\" content=\"article\" \/>\n<meta property=\"og:title\" content=\"Wk\u0142ady frotte zapas \u2013 podk\u0142ad po\u0142ogowy PROTECTION - Femi Side\" \/>\n<meta property=\"og:description\" content=\"Mi\u0119sista frotta z w\u0142\u00f3kien bambusowych w kobiecym, r\u00f3\u017cowym kolorze charakteryzuje si\u0119 mi\u0119kko\u015bci\u0105 oraz doskona\u0142\u0105 ch\u0142onno\u015bci\u0105 przy jednocze\u015bnie szybkim czasie wysychania. Jest to niezwykle istotna cecha w okresie np. po\u0142ogu kiedy warstw\u0119 wewn\u0119trzn\u0105 cz\u0119sto pierzemy i zale\u017cy nam na jej szybkim wysychaniu\u2026\" \/>\n<meta property=\"og:url\" content=\"https:\/\/mommymouse.com.pl\/femiside\/p\/wklady-frotte-zapas\/\" \/>\n<meta property=\"og:site_name\" content=\"Femi Side\" \/>\n<meta property=\"article:publisher\" content=\"https:\/\/www.facebook.com\/femiside\" \/>\n<meta property=\"article:modified_time\" content=\"2025-04-11T07:29:40+00:00\" \/>\n<meta property=\"og:image\" content=\"https:\/\/mommymouse.com.pl\/femiside\/wp-content\/uploads\/2023\/04\/Zdj-101-scaled.jpg\" \/>\n\t<meta property=\"og:image:width\" content=\"2560\" \/>\n\t<meta property=\"og:image:height\" content=\"1709\" \/>\n\t<meta property=\"og:image:type\" content=\"image\/jpeg\" \/>\n<meta name=\"twitter:card\" content=\"summary_large_image\" \/>\n<meta name=\"twitter:label1\" content=\"Szacowany czas czytania\" \/>\n\t<meta name=\"twitter:data1\" content=\"2 minuty\" \/>\n<script type=\"application\/ld+json\" class=\"yoast-schema-graph\">{\"@context\":\"https:\\\/\\\/schema.org\",\"@graph\":[{\"@type\":\"WebPage\",\"@id\":\"https:\\\/\\\/mommymouse.com.pl\\\/femiside\\\/p\\\/wklady-frotte-zapas\\\/\",\"url\":\"https:\\\/\\\/mommymouse.com.pl\\\/femiside\\\/p\\\/wklady-frotte-zapas\\\/\",\"name\":\"Wk\u0142ady frotte zapas \u2013 podk\u0142ad po\u0142ogowy PROTECTION - Femi Side\",\"isPartOf\":{\"@id\":\"https:\\\/\\\/mommymouse.com.pl\\\/femiside\\\/#website\"},\"primaryImageOfPage\":{\"@id\":\"https:\\\/\\\/mommymouse.com.pl\\\/femiside\\\/p\\\/wklady-frotte-zapas\\\/#primaryimage\"},\"image\":{\"@id\":\"https:\\\/\\\/mommymouse.com.pl\\\/femiside\\\/p\\\/wklady-frotte-zapas\\\/#primaryimage\"},\"thumbnailUrl\":\"https:\\\/\\\/mommymouse.com.pl\\\/femiside\\\/wp-content\\\/uploads\\\/2023\\\/04\\\/Zdj-101-scaled.jpg\",\"datePublished\":\"2023-04-12T13:36:20+00:00\",\"dateModified\":\"2025-04-11T07:29:40+00:00\",\"description\":\"Mi\u0119sista frotta z w\u0142\u00f3kien bambusowych w kobiecym, r\u00f3\u017cowym kolorze charakteryzuje si\u0119 mi\u0119kko\u015bci\u0105 oraz doskona\u0142\u0105 ch\u0142onno\u015bci\u0105 przy jednocze\u015bnie szybkim czasie wysychania. Jest to niezwykle istotna cecha w okresie np. po\u0142ogu kiedy warstw\u0119 wewn\u0119trzn\u0105 cz\u0119sto pierzemy i zale\u017cy nam na jej szybkim wysychaniu\u2026\",\"breadcrumb\":{\"@id\":\"https:\\\/\\\/mommymouse.com.pl\\\/femiside\\\/p\\\/wklady-frotte-zapas\\\/#breadcrumb\"},\"inLanguage\":\"pl-PL\",\"potentialAction\":[{\"@type\":\"ReadAction\",\"target\":[\"https:\\\/\\\/mommymouse.com.pl\\\/femiside\\\/p\\\/wklady-frotte-zapas\\\/\"]}]},{\"@type\":\"ImageObject\",\"inLanguage\":\"pl-PL\",\"@id\":\"https:\\\/\\\/mommymouse.com.pl\\\/femiside\\\/p\\\/wklady-frotte-zapas\\\/#primaryimage\",\"url\":\"https:\\\/\\\/mommymouse.com.pl\\\/femiside\\\/wp-content\\\/uploads\\\/2023\\\/04\\\/Zdj-101-scaled.jpg\",\"contentUrl\":\"https:\\\/\\\/mommymouse.com.pl\\\/femiside\\\/wp-content\\\/uploads\\\/2023\\\/04\\\/Zdj-101-scaled.jpg\",\"width\":2560,\"height\":1709},{\"@type\":\"BreadcrumbList\",\"@id\":\"https:\\\/\\\/mommymouse.com.pl\\\/femiside\\\/p\\\/wklady-frotte-zapas\\\/#breadcrumb\",\"itemListElement\":[{\"@type\":\"ListItem\",\"position\":1,\"name\":\"Strona g\u0142\u00f3wna\",\"item\":\"https:\\\/\\\/mommymouse.com.pl\\\/femiside\\\/\"},{\"@type\":\"ListItem\",\"position\":2,\"name\":\"Sklep\",\"item\":\"https:\\\/\\\/mommymouse.com.pl\\\/femiside\\\/sklep\\\/\"},{\"@type\":\"ListItem\",\"position\":3,\"name\":\"Wk\u0142ady frotte zapas \u2013 podk\u0142ad po\u0142ogowy PROTECTION\"}]},{\"@type\":\"WebSite\",\"@id\":\"https:\\\/\\\/mommymouse.com.pl\\\/femiside\\\/#website\",\"url\":\"https:\\\/\\\/mommymouse.com.pl\\\/femiside\\\/\",\"name\":\"Femi Side\",\"description\":\"\",\"publisher\":{\"@id\":\"https:\\\/\\\/mommymouse.com.pl\\\/femiside\\\/#organization\"},\"potentialAction\":[{\"@type\":\"SearchAction\",\"target\":{\"@type\":\"EntryPoint\",\"urlTemplate\":\"https:\\\/\\\/mommymouse.com.pl\\\/femiside\\\/?s={search_term_string}\"},\"query-input\":{\"@type\":\"PropertyValueSpecification\",\"valueRequired\":true,\"valueName\":\"search_term_string\"}}],\"inLanguage\":\"pl-PL\"},{\"@type\":\"Organization\",\"@id\":\"https:\\\/\\\/mommymouse.com.pl\\\/femiside\\\/#organization\",\"name\":\"Femi Side\",\"url\":\"https:\\\/\\\/mommymouse.com.pl\\\/femiside\\\/\",\"logo\":{\"@type\":\"ImageObject\",\"inLanguage\":\"pl-PL\",\"@id\":\"https:\\\/\\\/mommymouse.com.pl\\\/femiside\\\/#\\\/schema\\\/logo\\\/image\\\/\",\"url\":\"https:\\\/\\\/mommymouse.com.pl\\\/femiside\\\/wp-content\\\/uploads\\\/2023\\\/01\\\/femiside-logo.png\",\"contentUrl\":\"https:\\\/\\\/mommymouse.com.pl\\\/femiside\\\/wp-content\\\/uploads\\\/2023\\\/01\\\/femiside-logo.png\",\"width\":278,\"height\":85,\"caption\":\"Femi Side\"},\"image\":{\"@id\":\"https:\\\/\\\/mommymouse.com.pl\\\/femiside\\\/#\\\/schema\\\/logo\\\/image\\\/\"},\"sameAs\":[\"https:\\\/\\\/www.facebook.com\\\/femiside\"]}]}<\/script>\n<!-- \/ Yoast SEO plugin. -->","yoast_head_json":{"title":"Wk\u0142ady frotte zapas \u2013 podk\u0142ad po\u0142ogowy PROTECTION - Femi Side","description":"Mi\u0119sista frotta z w\u0142\u00f3kien bambusowych w kobiecym, r\u00f3\u017cowym kolorze charakteryzuje si\u0119 mi\u0119kko\u015bci\u0105 oraz doskona\u0142\u0105 ch\u0142onno\u015bci\u0105 przy jednocze\u015bnie szybkim czasie wysychania. Jest to niezwykle istotna cecha w okresie np. po\u0142ogu kiedy warstw\u0119 wewn\u0119trzn\u0105 cz\u0119sto pierzemy i zale\u017cy nam na jej szybkim wysychaniu\u2026","robots":{"index":"noindex","follow":"follow"},"og_locale":"pl_PL","og_type":"article","og_title":"Wk\u0142ady frotte zapas \u2013 podk\u0142ad po\u0142ogowy PROTECTION - Femi Side","og_description":"Mi\u0119sista frotta z w\u0142\u00f3kien bambusowych w kobiecym, r\u00f3\u017cowym kolorze charakteryzuje si\u0119 mi\u0119kko\u015bci\u0105 oraz doskona\u0142\u0105 ch\u0142onno\u015bci\u0105 przy jednocze\u015bnie szybkim czasie wysychania. Jest to niezwykle istotna cecha w okresie np. po\u0142ogu kiedy warstw\u0119 wewn\u0119trzn\u0105 cz\u0119sto pierzemy i zale\u017cy nam na jej szybkim wysychaniu\u2026","og_url":"https:\/\/mommymouse.com.pl\/femiside\/p\/wklady-frotte-zapas\/","og_site_name":"Femi Side","article_publisher":"https:\/\/www.facebook.com\/femiside","article_modified_time":"2025-04-11T07:29:40+00:00","og_image":[{"width":2560,"height":1709,"url":"https:\/\/mommymouse.com.pl\/femiside\/wp-content\/uploads\/2023\/04\/Zdj-101-scaled.jpg","type":"image\/jpeg"}],"twitter_card":"summary_large_image","twitter_misc":{"Szacowany czas czytania":"2 minuty"},"schema":{"@context":"https:\/\/schema.org","@graph":[{"@type":"WebPage","@id":"https:\/\/mommymouse.com.pl\/femiside\/p\/wklady-frotte-zapas\/","url":"https:\/\/mommymouse.com.pl\/femiside\/p\/wklady-frotte-zapas\/","name":"Wk\u0142ady frotte zapas \u2013 podk\u0142ad po\u0142ogowy PROTECTION - Femi Side","isPartOf":{"@id":"https:\/\/mommymouse.com.pl\/femiside\/#website"},"primaryImageOfPage":{"@id":"https:\/\/mommymouse.com.pl\/femiside\/p\/wklady-frotte-zapas\/#primaryimage"},"image":{"@id":"https:\/\/mommymouse.com.pl\/femiside\/p\/wklady-frotte-zapas\/#primaryimage"},"thumbnailUrl":"https:\/\/mommymouse.com.pl\/femiside\/wp-content\/uploads\/2023\/04\/Zdj-101-scaled.jpg","datePublished":"2023-04-12T13:36:20+00:00","dateModified":"2025-04-11T07:29:40+00:00","description":"Mi\u0119sista frotta z w\u0142\u00f3kien bambusowych w kobiecym, r\u00f3\u017cowym kolorze charakteryzuje si\u0119 mi\u0119kko\u015bci\u0105 oraz doskona\u0142\u0105 ch\u0142onno\u015bci\u0105 przy jednocze\u015bnie szybkim czasie wysychania. Jest to niezwykle istotna cecha w okresie np. po\u0142ogu kiedy warstw\u0119 wewn\u0119trzn\u0105 cz\u0119sto pierzemy i zale\u017cy nam na jej szybkim wysychaniu\u2026","breadcrumb":{"@id":"https:\/\/mommymouse.com.pl\/femiside\/p\/wklady-frotte-zapas\/#breadcrumb"},"inLanguage":"pl-PL","potentialAction":[{"@type":"ReadAction","target":["https:\/\/mommymouse.com.pl\/femiside\/p\/wklady-frotte-zapas\/"]}]},{"@type":"ImageObject","inLanguage":"pl-PL","@id":"https:\/\/mommymouse.com.pl\/femiside\/p\/wklady-frotte-zapas\/#primaryimage","url":"https:\/\/mommymouse.com.pl\/femiside\/wp-content\/uploads\/2023\/04\/Zdj-101-scaled.jpg","contentUrl":"https:\/\/mommymouse.com.pl\/femiside\/wp-content\/uploads\/2023\/04\/Zdj-101-scaled.jpg","width":2560,"height":1709},{"@type":"BreadcrumbList","@id":"https:\/\/mommymouse.com.pl\/femiside\/p\/wklady-frotte-zapas\/#breadcrumb","itemListElement":[{"@type":"ListItem","position":1,"name":"Strona g\u0142\u00f3wna","item":"https:\/\/mommymouse.com.pl\/femiside\/"},{"@type":"ListItem","position":2,"name":"Sklep","item":"https:\/\/mommymouse.com.pl\/femiside\/sklep\/"},{"@type":"ListItem","position":3,"name":"Wk\u0142ady frotte zapas \u2013 podk\u0142ad po\u0142ogowy PROTECTION"}]},{"@type":"WebSite","@id":"https:\/\/mommymouse.com.pl\/femiside\/#website","url":"https:\/\/mommymouse.com.pl\/femiside\/","name":"Femi Side","description":"","publisher":{"@id":"https:\/\/mommymouse.com.pl\/femiside\/#organization"},"potentialAction":[{"@type":"SearchAction","target":{"@type":"EntryPoint","urlTemplate":"https:\/\/mommymouse.com.pl\/femiside\/?s={search_term_string}"},"query-input":{"@type":"PropertyValueSpecification","valueRequired":true,"valueName":"search_term_string"}}],"inLanguage":"pl-PL"},{"@type":"Organization","@id":"https:\/\/mommymouse.com.pl\/femiside\/#organization","name":"Femi Side","url":"https:\/\/mommymouse.com.pl\/femiside\/","logo":{"@type":"ImageObject","inLanguage":"pl-PL","@id":"https:\/\/mommymouse.com.pl\/femiside\/#\/schema\/logo\/image\/","url":"https:\/\/mommymouse.com.pl\/femiside\/wp-content\/uploads\/2023\/01\/femiside-logo.png","contentUrl":"https:\/\/mommymouse.com.pl\/femiside\/wp-content\/uploads\/2023\/01\/femiside-logo.png","width":278,"height":85,"caption":"Femi Side"},"image":{"@id":"https:\/\/mommymouse.com.pl\/femiside\/#\/schema\/logo\/image\/"},"sameAs":["https:\/\/www.facebook.com\/femiside"]}]}},"_links":{"self":[{"href":"https:\/\/mommymouse.com.pl\/femiside\/wp-json\/wp\/v2\/product\/529","targetHints":{"allow":["GET"]}}],"collection":[{"href":"https:\/\/mommymouse.com.pl\/femiside\/wp-json\/wp\/v2\/product"}],"about":[{"href":"https:\/\/mommymouse.com.pl\/femiside\/wp-json\/wp\/v2\/types\/product"}],"replies":[{"embeddable":true,"href":"https:\/\/mommymouse.com.pl\/femiside\/wp-json\/wp\/v2\/comments?post=529"}],"wp:featuredmedia":[{"embeddable":true,"href":"https:\/\/mommymouse.com.pl\/femiside\/wp-json\/wp\/v2\/media\/532"}],"wp:attachment":[{"href":"https:\/\/mommymouse.com.pl\/femiside\/wp-json\/wp\/v2\/media?parent=529"}],"wp:term":[{"taxonomy":"product_brand","embeddable":true,"href":"https:\/\/mommymouse.com.pl\/femiside\/wp-json\/wp\/v2\/product_brand?post=529"},{"taxonomy":"product_cat","embeddable":true,"href":"https:\/\/mommymouse.com.pl\/femiside\/wp-json\/wp\/v2\/product_cat?post=529"},{"taxonomy":"product_tag","embeddable":true,"href":"https:\/\/mommymouse.com.pl\/femiside\/wp-json\/wp\/v2\/product_tag?post=529"}],"curies":[{"name":"wp","href":"https:\/\/api.w.org\/{rel}","templated":true}]}}