{"id":85,"date":"2020-11-27T13:29:22","date_gmt":"2020-11-27T12:29:22","guid":{"rendered":"https:\/\/mommymouse.com.pl\/femiside\/p\/ecozestaw-kosmetyczny-mini\/"},"modified":"2025-04-11T09:31:25","modified_gmt":"2025-04-11T07:31:25","slug":"ecozestaw-kosmetyczny-mini","status":"publish","type":"product","link":"https:\/\/mommymouse.com.pl\/femiside\/p\/ecozestaw-kosmetyczny-mini\/","title":{"rendered":"ECOzestaw kosmetyczny MINI"},"content":{"rendered":"<h3>Ecozestaw kosmetyczny Mini sk\u0142ada si\u0119 z:<\/h3>\n<ul>\n<li>5 szt. p\u0142atk\u00f3w kosmetycznych,<\/li>\n<li>woreczka z siateczki,<\/li>\n<li>kosmetyczki wodoodpornej.<\/li>\n<\/ul>\n<blockquote>\n<p style=\"text-align: left;\">&#8222;Pi\u0119kne kobiety wierz\u0105 w swoj\u0105 inteligencj\u0119; kobiety inteligentne nie wierz\u0105 w swoj\u0105 urod\u0119.&#8221;<br \/>\n<em>Pablo Picasso<\/em><\/p>\n<\/blockquote>\n<h3>EcoZestaw kosmetyczny Mini dla ka\u017cdej kobiety<\/h3>\n<p>Dwustronne <strong>Ecop\u0142atki kosmetyczne<\/strong> dzi\u0119ki dwurodzajowej specyfice materia\u0142u to nie tylko komfort dok\u0142adnego demakija\u017cu, oczyszczania sk\u00f3ry, ale r\u00f3wnie\u017c <strong>relaksacyjny masa\u017c twarzy<\/strong>.<\/p>\n<p>Naturalne w\u0142\u00f3kna bawe\u0142ny sprawiaj\u0105, \u017ce <strong>ecop\u0142atki<\/strong> s\u0105 supermi\u0119kkie, delikatne, nie podra\u017cniaj\u0105 wra\u017cliwej skory twarzy, a jednocze\u015bnie <strong>dzia\u0142aj\u0105 relaksacyjnie<\/strong> \u2013 subtelnie masuj\u0105c sk\u00f3r\u0119 podczas demakija\u017cu i mycia twarzy.<\/p>\n<p>Delikatny, <strong>naturalny peeling<\/strong> doskonale usuwa pozosta\u0142o\u015bci makija\u017cu, wszelkie zanieczyszczenia i obumar\u0142e kom\u00f3rki zewn\u0119trznej warstwy nask\u00f3rka oraz <strong>pobudza sk\u00f3r\u0119<\/strong> do wytwarzania nowych kom\u00f3rek. <strong>Masa\u017c peelinguj\u0105cy, stosowany regularnie sprawia, \u017ce sk\u00f3ra staje si\u0119 g\u0142adsza, bardziej elastyczna, lepiej ukrwiona \u2013 po prostu m\u0142odsza i pi\u0119kniejsza<\/strong>. <strong>Masa\u017c twarzy <\/strong>pobudza g\u0142\u0119bokie warstwy sk\u00f3ry, w tym znajduj\u0105ce si\u0119 pod ni\u0105 mi\u0119\u015bnie, co w widoczny spos\u00f3b pomaga poprawi\u0107 owal <strong>twarzy <\/strong>i uj\u0119drni\u0107 sk\u00f3r\u0119. W sk\u00f3rze <strong>twarzy<\/strong>, podobnie jak w sk\u00f3rze na innych cz\u0119\u015bciach cia\u0142a, znajduj\u0105 si\u0119 r\u00f3wnie\u017c naczynia krwiono\u015bne. <strong>Idealne dla ka\u017cdego rodzaju cery<\/strong>.<\/p>\n<p>Zestaw zawiera 5 mi\u0119kkich, dwustronnych p\u0142atk\u00f3w kosmetycznych, kt\u00f3re \u015bwietnie spe\u0142ni\u0105 swoj\u0105 rol\u0119 przy oczyszczaniu wra\u017cliwych obszar\u00f3w, takich jak okolice oczu, bez problemu sprawdz\u0105 si\u0119 przy <strong>zmywaniu codziennego makija\u017cu<\/strong>. Odpowiednie do z\u0142uszczania nask\u00f3rka oraz dok\u0142adnego mycia i masa\u017cu sk\u00f3ry twarzy.<\/p>\n<p>Materia\u0142y, z kt\u00f3rych wykonano <strong>Ecop\u0142atki<\/strong> umo\u017cliwiaj\u0105 ich wielokrotne pranie i suszenie oraz ponowne u\u017cycie bez konieczno\u015bci nabywania nowych, a tym samym generowania odpad\u00f3w. <strong>Ekologiczna alternatywa dla p\u0142atk\u00f3w jednorazowego u\u017cycia chroni\u0105ca zasobno\u015b\u0107 portfela i matk\u0119 Natur\u0119<\/strong>.<\/p>\n<h3>Zobacz, co jeszcze kryje Ecozestaw kosmetyczny Mini!<\/h3>\n<p><strong>Woreczek z siateczki<\/strong> zamieszczony w zestawie przeznaczony jest do ochrony p\u0142atk\u00f3w w trakcie prania w pralce. Chroni przed zagubieniem ich w b\u0119bnie pralki czy odp\u0142ywie.<\/p>\n<blockquote><p>Ca\u0142o\u015bci zestawu dope\u0142nia <strong>bawe\u0142niana, wodoodporna kosmetyczka<\/strong>. Ca\u0142y <strong>zestaw ecop\u0142atk\u00f3w kosmetycznych<\/strong> mie\u015bci si\u0119 w zgrabnej kosmetyczce, zapinanej na zamek mog\u0105cej pomie\u015bci\u0107 dodatkowo kilka drobiazg\u00f3w niezb\u0119dnych w torebce kobiety. <strong>Klasyczny design<\/strong>, du\u017ca dowolno\u015b\u0107 stosowania oraz <strong>uniwersalna kolorystyka<\/strong>, jak r\u00f3wnie\u017c zastosowanie <strong>naturalnego materia\u0142u<\/strong> do jej produkcji to atuty kosmetyczki wchodz\u0105cej w sk\u0142ad <strong>Ecozestawu Mini<\/strong>.<\/p><\/blockquote>\n<h3>Materia\u0142y u\u017cyte do produkcji Ecozestawu kosmetycznego Mini:<\/h3>\n<ul>\n<li>Ecop\u0142atki kosmetyczne: 100% Cotton Organic<\/li>\n<li>Kosmetyczka: 99% Cotton Organic oraz 1% PE<\/li>\n<li>Woreczek do prania: 100% PE<\/li>\n<\/ul>\n<h3>Wymiary:<\/h3>\n<ul>\n<li>Ecop\u0142atki: 8,5 cm x 8,5 cm<\/li>\n<li>Kosmetyczka: 9 cm x 6,5 cm x 8 cm<\/li>\n<li>Woreczek: 21 cm x 24 cm<\/li>\n<\/ul>\n<h3>Pranie i konserwacja:<\/h3>\n<ul>\n<li>prania: <strong>50-60\u00b0C<\/strong>.<\/li>\n<li>Dopuszczalne suszenie w <strong>suszarkach b\u0119bnowych<\/strong>.<\/li>\n<li>Zalecane <strong>pranie w ochronnym woreczku<\/strong> przeznaczonym do prania.<\/li>\n<li>Nie prasowa\u0107!<\/li>\n<li>Nie wybiela\u0107!<\/li>\n<li>Nie czy\u015bci\u0107 chemicznie!<\/li>\n<li>Nie stosowa\u0107 p\u0142yn\u00f3w zmi\u0119kczaj\u0105cych!<\/li>\n<\/ul>\n","protected":false},"excerpt":{"rendered":"<p><strong>Ecozestaw kosmetyczny Mini<\/strong> \u2013 to komplet do piel\u0119gnacji sk\u00f3ry twarzy dla ka\u017cdej kobiety. Zawiera dwustronne <strong>Ecop\u0142atki kosmetyczne<\/strong>, kt\u00f3re dzi\u0119ki dwurodzajowej specyfice materia\u0142u zapewniaj\u0105 nie tylko <strong>komfort dok\u0142adnego demakija\u017cu<\/strong>, oczyszczania sk\u00f3ry, ale r\u00f3wnie\u017c <strong>relaksacyjny masa\u017c twarzy<\/strong>. Ponadto znajdziesz w nim siateczkowy woreczek ochronny na p\u0142atki oraz wodoodporn\u0105 kosmetyczk\u0119 o klasycznym designie.<\/p>\n<p><strong>Naturalne <\/strong>w\u0142\u00f3kna bawe\u0142ny sprawiaj\u0105, \u017ce <strong>ecop\u0142atki s\u0105 supermi\u0119kkie, delikatne<\/strong>, nie podra\u017cniaj\u0105 wra\u017cliwej sk\u00f3ry twarzy, a jednocze\u015bnie <strong>dzia\u0142aj\u0105 relaksacyjnie<\/strong> \u2013 subtelnie masuj\u0105c sk\u00f3r\u0119 podczas demakija\u017cu i mycia twarzy.<\/p>\n<p>Idealne dla ka\u017cdego rodzaju cery.<\/p>\n<blockquote><p><strong>Ekologiczna alternatywa dla p\u0142atk\u00f3w jednorazowego u\u017cycia chroni\u0105ca zasobno\u015b\u0107 portfela i matk\u0119 Natur\u0119.<\/strong><\/p><\/blockquote>\n","protected":false},"featured_media":1121,"comment_status":"open","ping_status":"closed","template":"","meta":[],"product_brand":[],"product_cat":[19],"product_tag":[],"class_list":{"0":"post-85","1":"product","2":"type-product","3":"status-publish","4":"has-post-thumbnail","6":"product_cat-akcesoria-kosmetyczne","8":"first","9":"instock","10":"taxable","11":"shipping-taxable","12":"purchasable","13":"product-type-simple"},"yoast_head":"<!-- This site is optimized with the Yoast SEO plugin v27.3 - https:\/\/yoast.com\/product\/yoast-seo-wordpress\/ -->\n<title>ECOzestaw kosmetyczny MINI - Femi Side<\/title>\n<meta name=\"robots\" content=\"noindex, follow\" \/>\n<meta property=\"og:locale\" content=\"pl_PL\" \/>\n<meta property=\"og:type\" content=\"article\" \/>\n<meta property=\"og:title\" content=\"ECOzestaw kosmetyczny MINI - Femi Side\" \/>\n<meta property=\"og:description\" content=\"Ecozestaw kosmetyczny Mini \u2013 to komplet do piel\u0119gnacji sk\u00f3ry twarzy dla ka\u017cdej kobiety. Zawiera dwustronne Ecop\u0142atki kosmetyczne, kt\u00f3re dzi\u0119ki dwurodzajowej specyfice materia\u0142u zapewniaj\u0105 nie tylko komfort dok\u0142adnego demakija\u017cu, oczyszczania sk\u00f3ry, ale r\u00f3wnie\u017c relaksacyjny masa\u017c twarzy. Ponadto znajdziesz w nim siateczkowy woreczek ochronny na p\u0142atki oraz wodoodporn\u0105 kosmetyczk\u0119 o klasycznym designie.  Naturalne w\u0142\u00f3kna bawe\u0142ny sprawiaj\u0105, \u017ce ecop\u0142atki s\u0105 supermi\u0119kkie, delikatne, nie podra\u017cniaj\u0105 wra\u017cliwej sk\u00f3ry twarzy, a jednocze\u015bnie dzia\u0142aj\u0105 relaksacyjnie \u2013 subtelnie masuj\u0105c sk\u00f3r\u0119 podczas demakija\u017cu i mycia twarzy.  Idealne dla ka\u017cdego rodzaju cery. Ekologiczna alternatywa dla p\u0142atk\u00f3w jednorazowego u\u017cycia chroni\u0105ca zasobno\u015b\u0107 portfela i matk\u0119 Natur\u0119.\" \/>\n<meta property=\"og:url\" content=\"https:\/\/mommymouse.com.pl\/femiside\/p\/ecozestaw-kosmetyczny-mini\/\" \/>\n<meta property=\"og:site_name\" content=\"Femi Side\" \/>\n<meta property=\"article:publisher\" content=\"https:\/\/www.facebook.com\/femiside\" \/>\n<meta property=\"article:modified_time\" content=\"2025-04-11T07:31:25+00:00\" \/>\n<meta property=\"og:image\" content=\"https:\/\/mommymouse.com.pl\/femiside\/wp-content\/uploads\/2020\/11\/10-1024x682.png\" \/>\n\t<meta property=\"og:image:width\" content=\"1024\" \/>\n\t<meta property=\"og:image:height\" content=\"682\" \/>\n\t<meta property=\"og:image:type\" content=\"image\/png\" \/>\n<meta name=\"twitter:card\" content=\"summary_large_image\" \/>\n<meta name=\"twitter:label1\" content=\"Szacowany czas czytania\" \/>\n\t<meta name=\"twitter:data1\" content=\"3 minuty\" \/>\n<script type=\"application\/ld+json\" class=\"yoast-schema-graph\">{\"@context\":\"https:\\\/\\\/schema.org\",\"@graph\":[{\"@type\":\"WebPage\",\"@id\":\"https:\\\/\\\/mommymouse.com.pl\\\/femiside\\\/p\\\/ecozestaw-kosmetyczny-mini\\\/\",\"url\":\"https:\\\/\\\/mommymouse.com.pl\\\/femiside\\\/p\\\/ecozestaw-kosmetyczny-mini\\\/\",\"name\":\"ECOzestaw kosmetyczny MINI - Femi Side\",\"isPartOf\":{\"@id\":\"https:\\\/\\\/mommymouse.com.pl\\\/femiside\\\/#website\"},\"primaryImageOfPage\":{\"@id\":\"https:\\\/\\\/mommymouse.com.pl\\\/femiside\\\/p\\\/ecozestaw-kosmetyczny-mini\\\/#primaryimage\"},\"image\":{\"@id\":\"https:\\\/\\\/mommymouse.com.pl\\\/femiside\\\/p\\\/ecozestaw-kosmetyczny-mini\\\/#primaryimage\"},\"thumbnailUrl\":\"https:\\\/\\\/mommymouse.com.pl\\\/femiside\\\/wp-content\\\/uploads\\\/2020\\\/11\\\/10.png\",\"datePublished\":\"2020-11-27T12:29:22+00:00\",\"dateModified\":\"2025-04-11T07:31:25+00:00\",\"breadcrumb\":{\"@id\":\"https:\\\/\\\/mommymouse.com.pl\\\/femiside\\\/p\\\/ecozestaw-kosmetyczny-mini\\\/#breadcrumb\"},\"inLanguage\":\"pl-PL\",\"potentialAction\":[{\"@type\":\"ReadAction\",\"target\":[\"https:\\\/\\\/mommymouse.com.pl\\\/femiside\\\/p\\\/ecozestaw-kosmetyczny-mini\\\/\"]}]},{\"@type\":\"ImageObject\",\"inLanguage\":\"pl-PL\",\"@id\":\"https:\\\/\\\/mommymouse.com.pl\\\/femiside\\\/p\\\/ecozestaw-kosmetyczny-mini\\\/#primaryimage\",\"url\":\"https:\\\/\\\/mommymouse.com.pl\\\/femiside\\\/wp-content\\\/uploads\\\/2020\\\/11\\\/10.png\",\"contentUrl\":\"https:\\\/\\\/mommymouse.com.pl\\\/femiside\\\/wp-content\\\/uploads\\\/2020\\\/11\\\/10.png\",\"width\":2000,\"height\":1333},{\"@type\":\"BreadcrumbList\",\"@id\":\"https:\\\/\\\/mommymouse.com.pl\\\/femiside\\\/p\\\/ecozestaw-kosmetyczny-mini\\\/#breadcrumb\",\"itemListElement\":[{\"@type\":\"ListItem\",\"position\":1,\"name\":\"Strona g\u0142\u00f3wna\",\"item\":\"https:\\\/\\\/mommymouse.com.pl\\\/femiside\\\/\"},{\"@type\":\"ListItem\",\"position\":2,\"name\":\"Sklep\",\"item\":\"https:\\\/\\\/mommymouse.com.pl\\\/femiside\\\/sklep\\\/\"},{\"@type\":\"ListItem\",\"position\":3,\"name\":\"ECOzestaw kosmetyczny MINI\"}]},{\"@type\":\"WebSite\",\"@id\":\"https:\\\/\\\/mommymouse.com.pl\\\/femiside\\\/#website\",\"url\":\"https:\\\/\\\/mommymouse.com.pl\\\/femiside\\\/\",\"name\":\"Femi Side\",\"description\":\"\",\"publisher\":{\"@id\":\"https:\\\/\\\/mommymouse.com.pl\\\/femiside\\\/#organization\"},\"potentialAction\":[{\"@type\":\"SearchAction\",\"target\":{\"@type\":\"EntryPoint\",\"urlTemplate\":\"https:\\\/\\\/mommymouse.com.pl\\\/femiside\\\/?s={search_term_string}\"},\"query-input\":{\"@type\":\"PropertyValueSpecification\",\"valueRequired\":true,\"valueName\":\"search_term_string\"}}],\"inLanguage\":\"pl-PL\"},{\"@type\":\"Organization\",\"@id\":\"https:\\\/\\\/mommymouse.com.pl\\\/femiside\\\/#organization\",\"name\":\"Femi Side\",\"url\":\"https:\\\/\\\/mommymouse.com.pl\\\/femiside\\\/\",\"logo\":{\"@type\":\"ImageObject\",\"inLanguage\":\"pl-PL\",\"@id\":\"https:\\\/\\\/mommymouse.com.pl\\\/femiside\\\/#\\\/schema\\\/logo\\\/image\\\/\",\"url\":\"https:\\\/\\\/mommymouse.com.pl\\\/femiside\\\/wp-content\\\/uploads\\\/2023\\\/01\\\/femiside-logo.png\",\"contentUrl\":\"https:\\\/\\\/mommymouse.com.pl\\\/femiside\\\/wp-content\\\/uploads\\\/2023\\\/01\\\/femiside-logo.png\",\"width\":278,\"height\":85,\"caption\":\"Femi Side\"},\"image\":{\"@id\":\"https:\\\/\\\/mommymouse.com.pl\\\/femiside\\\/#\\\/schema\\\/logo\\\/image\\\/\"},\"sameAs\":[\"https:\\\/\\\/www.facebook.com\\\/femiside\"]}]}<\/script>\n<!-- \/ Yoast SEO plugin. -->","yoast_head_json":{"title":"ECOzestaw kosmetyczny MINI - Femi Side","robots":{"index":"noindex","follow":"follow"},"og_locale":"pl_PL","og_type":"article","og_title":"ECOzestaw kosmetyczny MINI - Femi Side","og_description":"Ecozestaw kosmetyczny Mini \u2013 to komplet do piel\u0119gnacji sk\u00f3ry twarzy dla ka\u017cdej kobiety. Zawiera dwustronne Ecop\u0142atki kosmetyczne, kt\u00f3re dzi\u0119ki dwurodzajowej specyfice materia\u0142u zapewniaj\u0105 nie tylko komfort dok\u0142adnego demakija\u017cu, oczyszczania sk\u00f3ry, ale r\u00f3wnie\u017c relaksacyjny masa\u017c twarzy. Ponadto znajdziesz w nim siateczkowy woreczek ochronny na p\u0142atki oraz wodoodporn\u0105 kosmetyczk\u0119 o klasycznym designie.  Naturalne w\u0142\u00f3kna bawe\u0142ny sprawiaj\u0105, \u017ce ecop\u0142atki s\u0105 supermi\u0119kkie, delikatne, nie podra\u017cniaj\u0105 wra\u017cliwej sk\u00f3ry twarzy, a jednocze\u015bnie dzia\u0142aj\u0105 relaksacyjnie \u2013 subtelnie masuj\u0105c sk\u00f3r\u0119 podczas demakija\u017cu i mycia twarzy.  Idealne dla ka\u017cdego rodzaju cery. Ekologiczna alternatywa dla p\u0142atk\u00f3w jednorazowego u\u017cycia chroni\u0105ca zasobno\u015b\u0107 portfela i matk\u0119 Natur\u0119.","og_url":"https:\/\/mommymouse.com.pl\/femiside\/p\/ecozestaw-kosmetyczny-mini\/","og_site_name":"Femi Side","article_publisher":"https:\/\/www.facebook.com\/femiside","article_modified_time":"2025-04-11T07:31:25+00:00","og_image":[{"width":1024,"height":682,"url":"https:\/\/mommymouse.com.pl\/femiside\/wp-content\/uploads\/2020\/11\/10-1024x682.png","type":"image\/png"}],"twitter_card":"summary_large_image","twitter_misc":{"Szacowany czas czytania":"3 minuty"},"schema":{"@context":"https:\/\/schema.org","@graph":[{"@type":"WebPage","@id":"https:\/\/mommymouse.com.pl\/femiside\/p\/ecozestaw-kosmetyczny-mini\/","url":"https:\/\/mommymouse.com.pl\/femiside\/p\/ecozestaw-kosmetyczny-mini\/","name":"ECOzestaw kosmetyczny MINI - Femi Side","isPartOf":{"@id":"https:\/\/mommymouse.com.pl\/femiside\/#website"},"primaryImageOfPage":{"@id":"https:\/\/mommymouse.com.pl\/femiside\/p\/ecozestaw-kosmetyczny-mini\/#primaryimage"},"image":{"@id":"https:\/\/mommymouse.com.pl\/femiside\/p\/ecozestaw-kosmetyczny-mini\/#primaryimage"},"thumbnailUrl":"https:\/\/mommymouse.com.pl\/femiside\/wp-content\/uploads\/2020\/11\/10.png","datePublished":"2020-11-27T12:29:22+00:00","dateModified":"2025-04-11T07:31:25+00:00","breadcrumb":{"@id":"https:\/\/mommymouse.com.pl\/femiside\/p\/ecozestaw-kosmetyczny-mini\/#breadcrumb"},"inLanguage":"pl-PL","potentialAction":[{"@type":"ReadAction","target":["https:\/\/mommymouse.com.pl\/femiside\/p\/ecozestaw-kosmetyczny-mini\/"]}]},{"@type":"ImageObject","inLanguage":"pl-PL","@id":"https:\/\/mommymouse.com.pl\/femiside\/p\/ecozestaw-kosmetyczny-mini\/#primaryimage","url":"https:\/\/mommymouse.com.pl\/femiside\/wp-content\/uploads\/2020\/11\/10.png","contentUrl":"https:\/\/mommymouse.com.pl\/femiside\/wp-content\/uploads\/2020\/11\/10.png","width":2000,"height":1333},{"@type":"BreadcrumbList","@id":"https:\/\/mommymouse.com.pl\/femiside\/p\/ecozestaw-kosmetyczny-mini\/#breadcrumb","itemListElement":[{"@type":"ListItem","position":1,"name":"Strona g\u0142\u00f3wna","item":"https:\/\/mommymouse.com.pl\/femiside\/"},{"@type":"ListItem","position":2,"name":"Sklep","item":"https:\/\/mommymouse.com.pl\/femiside\/sklep\/"},{"@type":"ListItem","position":3,"name":"ECOzestaw kosmetyczny MINI"}]},{"@type":"WebSite","@id":"https:\/\/mommymouse.com.pl\/femiside\/#website","url":"https:\/\/mommymouse.com.pl\/femiside\/","name":"Femi Side","description":"","publisher":{"@id":"https:\/\/mommymouse.com.pl\/femiside\/#organization"},"potentialAction":[{"@type":"SearchAction","target":{"@type":"EntryPoint","urlTemplate":"https:\/\/mommymouse.com.pl\/femiside\/?s={search_term_string}"},"query-input":{"@type":"PropertyValueSpecification","valueRequired":true,"valueName":"search_term_string"}}],"inLanguage":"pl-PL"},{"@type":"Organization","@id":"https:\/\/mommymouse.com.pl\/femiside\/#organization","name":"Femi Side","url":"https:\/\/mommymouse.com.pl\/femiside\/","logo":{"@type":"ImageObject","inLanguage":"pl-PL","@id":"https:\/\/mommymouse.com.pl\/femiside\/#\/schema\/logo\/image\/","url":"https:\/\/mommymouse.com.pl\/femiside\/wp-content\/uploads\/2023\/01\/femiside-logo.png","contentUrl":"https:\/\/mommymouse.com.pl\/femiside\/wp-content\/uploads\/2023\/01\/femiside-logo.png","width":278,"height":85,"caption":"Femi Side"},"image":{"@id":"https:\/\/mommymouse.com.pl\/femiside\/#\/schema\/logo\/image\/"},"sameAs":["https:\/\/www.facebook.com\/femiside"]}]}},"_links":{"self":[{"href":"https:\/\/mommymouse.com.pl\/femiside\/wp-json\/wp\/v2\/product\/85","targetHints":{"allow":["GET"]}}],"collection":[{"href":"https:\/\/mommymouse.com.pl\/femiside\/wp-json\/wp\/v2\/product"}],"about":[{"href":"https:\/\/mommymouse.com.pl\/femiside\/wp-json\/wp\/v2\/types\/product"}],"replies":[{"embeddable":true,"href":"https:\/\/mommymouse.com.pl\/femiside\/wp-json\/wp\/v2\/comments?post=85"}],"wp:featuredmedia":[{"embeddable":true,"href":"https:\/\/mommymouse.com.pl\/femiside\/wp-json\/wp\/v2\/media\/1121"}],"wp:attachment":[{"href":"https:\/\/mommymouse.com.pl\/femiside\/wp-json\/wp\/v2\/media?parent=85"}],"wp:term":[{"taxonomy":"product_brand","embeddable":true,"href":"https:\/\/mommymouse.com.pl\/femiside\/wp-json\/wp\/v2\/product_brand?post=85"},{"taxonomy":"product_cat","embeddable":true,"href":"https:\/\/mommymouse.com.pl\/femiside\/wp-json\/wp\/v2\/product_cat?post=85"},{"taxonomy":"product_tag","embeddable":true,"href":"https:\/\/mommymouse.com.pl\/femiside\/wp-json\/wp\/v2\/product_tag?post=85"}],"curies":[{"name":"wp","href":"https:\/\/api.w.org\/{rel}","templated":true}]}}