{"id":99,"date":"2021-01-26T11:28:59","date_gmt":"2021-01-26T10:28:59","guid":{"rendered":"https:\/\/mommymouse.com.pl\/femiside\/p\/zestaw-mini-cotton-organic\/"},"modified":"2025-04-11T09:31:18","modified_gmt":"2025-04-11T07:31:18","slug":"zestaw-mini-cotton-organic","status":"publish","type":"product","link":"https:\/\/mommymouse.com.pl\/femiside\/p\/zestaw-mini-cotton-organic\/","title":{"rendered":"Zestaw MINI Cotton Organic"},"content":{"rendered":"<h3>Zestaw Mini Cotton Organic \u2013 dla zwolenniczek naturalnych materia\u0142\u00f3w!<\/h3>\n<p>Komplet 5 sztuk naturalnych p\u0142atk\u00f3w kosmetycznych \u2013 <strong>niebielona bawe\u0142na organiczna<\/strong>. Szyte w Polsce, <strong>p\u0142atki bawe\u0142niane<\/strong> wielokrotnego u\u017cytku o \u015brednicy oko\u0142o 7 cm. Z jednej strony <strong>delikatna, niebielona,<\/strong> <strong>organiczna bawe\u0142na<\/strong>, z drugiej mi\u0119kka, <strong>naturalna frotta bawe\u0142niana<\/strong>. Idealny do zmywania makija\u017cu, oczyszczania twarzy i szyi, mycia twarzy oraz ciekawskich r\u0105czek dziecka podczas spaceru. W zestawie z <strong>bawe\u0142nianym woreczkiem<\/strong> o wymiarach <strong>ok. 12 cm x 12 cm<\/strong>.<\/p>\n<h3>Zestaw Mini Cotton Organic \u2013 niezb\u0119dnik ka\u017cdej kobiety!<\/h3>\n<p>Dwustronne p\u0142atki kosmetyczne dzi\u0119ki dwurodzajowej specyfice materia\u0142u to nie tylko komfort dok\u0142adnego demakija\u017cu, oczyszczania sk\u00f3ry, ale r\u00f3wnie\u017c relaksacyjny masa\u017c twarzy.<\/p>\n<p>Po\u0142\u0105czenie dw\u00f3ch odmiennych rodzaj\u00f3w materia\u0142\u00f3w z <strong>naturalnej, niebielonej bawe\u0142ny organicznej <\/strong>sprawia, \u017ce p\u0142atki s\u0105 mi\u0119kkie, delikatne, nie podra\u017cniaj\u0105 wra\u017cliwej sk\u00f3ry twarzy, a jednocze\u015bnie dzia\u0142aj\u0105 relaksacyjnie \u2013 subtelnie masuj\u0105c sk\u00f3r\u0119 podczas demakija\u017cu i mycia twarzy.<\/p>\n<h3>P\u0142atki kosmetyczne a piel\u0119gnacja sk\u00f3ry<\/h3>\n<p>Delikatny, naturalny peeling doskonale usuwa pozosta\u0142o\u015bci makija\u017cu, wszelkie zanieczyszczenia i obumar\u0142e kom\u00f3rki zewn\u0119trznej warstwy nask\u00f3rka oraz pobudza sk\u00f3r\u0119 do wytwarzania nowych kom\u00f3rek. <strong>Masa\u017c peelinguj\u0105cy, stosowany regularnie sprawia, \u017ce sk\u00f3ra staje si\u0119 g\u0142adsza, bardziej elastyczna, lepiej ukrwiona \u2013 po prostu m\u0142odsza i pi\u0119kniejsza.<\/strong> Masa\u017c twarzy pobudza g\u0142\u0119bokie warstwy sk\u00f3ry, w tym znajduj\u0105ce si\u0119 pod ni\u0105 mi\u0119\u015bnie, co w widoczny spos\u00f3b pomaga poprawi\u0107 owal twarzy i uj\u0119drni\u0107 sk\u00f3r\u0119. W sk\u00f3rze twarzy, podobnie jak w sk\u00f3rze na innych cz\u0119\u015bciach cia\u0142a, znajduj\u0105 si\u0119 r\u00f3wnie\u017c naczynia krwiono\u015bne. <strong>Idealne dla ka\u017cdego rodzaju cery.<\/strong><\/p>\n<p>Zestaw zawiera 5 mi\u0119kkich, dwustronnych <strong>p\u0142atk\u00f3w kosmetycznych<\/strong> o \u015brednicy 7 cm, kt\u00f3re \u015bwietnie spe\u0142ni\u0105 swoj\u0105 rol\u0119 przy oczyszczaniu wra\u017cliwych obszar\u00f3w, takich jak okolice oczu oraz bez problemu sprawdz\u0105 si\u0119 przy zmywaniu codziennego makija\u017cu. S\u0105 odpowiednie do z\u0142uszczania nask\u00f3rka, a tak\u017ce dok\u0142adnego mycia i masa\u017cu sk\u00f3ry twarzy.<\/p>\n<h3>Ekologia<\/h3>\n<p>Materia\u0142y, z kt\u00f3rych wykonano p\u0142atki kosmetyczne umo\u017cliwiaj\u0105 ich <strong>wielokrotne pranie i suszenie oraz ponowne u\u017cycie<\/strong> bez konieczno\u015bci nabywania nowych, a tym samym generowania odpad\u00f3w. Stanowi\u0105 <strong>ekologiczn\u0105 alternatyw\u0119<\/strong> dla p\u0142atk\u00f3w jednorazowego u\u017cycia, chroni\u0105c zasobno\u015b\u0107 portfela i <strong>matk\u0119 Natur\u0119<\/strong>.<\/p>\n<h3>Praktyczny dodatek<\/h3>\n<p><strong>Bawe\u0142niany woreczek<\/strong> o wymiarach <strong>12 cm x 12 cm<\/strong> w zestawie przeznaczony jest do ochrony p\u0142atk\u00f3w w trakcie przechowywania \u2013 mo\u017ce te\u017c s\u0142u\u017cy\u0107 do ochrony p\u0142atk\u00f3w podczas prania i suszenia. Chroni przed zagubieniem ich w b\u0119bnie pralki czy odp\u0142ywie.<\/p>\n<h3>Materia\u0142y u\u017cyte do produkcji Zestawu Mini Cotton Organic:<\/h3>\n<ul>\n<li>COTTON ORGANIC (bawe\u0142na niebielona) 100%<\/li>\n<\/ul>\n<h3>Pranie i konserwacja:<\/h3>\n<ul>\n<li>prania: 40-50\u00b0C.<\/li>\n<li>Dopuszczalne suszenie w suszarkach b\u0119bnowych.<\/li>\n<li>Zalecane pranie w ochronnym woreczku przeznaczonym do prania.<\/li>\n<li><strong>Nie<\/strong> prasowa\u0107!<\/li>\n<li><strong>Nie<\/strong> wybiela\u0107!<\/li>\n<li><strong>Nie<\/strong> czy\u015bci\u0107 chemicznie!<\/li>\n<li><strong>Nie<\/strong> stosowa\u0107 p\u0142yn\u00f3w zmi\u0119kczaj\u0105cych!<\/li>\n<\/ul>\n<h3>Warto wiedzie\u0107!<\/h3>\n<p>Wymiary wacik\u00f3w i woreczka mog\u0105 si\u0119 nieznacznie r\u00f3\u017cni\u0107 ze wzgl\u0119du na <strong>r\u0119czny spos\u00f3b wykonania<\/strong>. Dopuszczalna granica wykurczenia charakterystyczna dla <strong>materia\u0142\u00f3w naturalnych<\/strong> wynosi do <strong>+\/- 4%<\/strong>.<\/p>\n<p><strong>Wyprodukowano w Polsce!<\/strong><\/p>\n","protected":false},"excerpt":{"rendered":"<p><strong>Zestaw Mini Cotton Organic<\/strong> \u2013 to przydatny w codziennym \u017cyciu komplet <strong>5 sztuk naturalnych p\u0142atk\u00f3w kosmetycznych o \u015br. 7 cm<\/strong>, kt\u00f3re sk\u0142adaj\u0105 si\u0119 z <strong>niebielonej bawe\u0142ny organicznej<\/strong> oraz <strong>naturalnej frotty bawe\u0142nianej<\/strong>. Zestaw idealnie sprawdzi si\u0119 w kosmetyczce ka\u017cdej kobiety, kt\u00f3ra dba o wygl\u0105d swojej sk\u00f3ry.<\/p>\n<p>P\u0142atki nadaj\u0105 si\u0119 do <strong>demakija\u017cu<\/strong>, <strong>oczyszczania sk\u00f3ry twarzy i szyi<\/strong> oraz <strong>peelingu<\/strong>. <strong>Zestaw Mini Cotton Organic<\/strong> u\u0142atwia codzienn\u0105 higien\u0119 kobiecej sk\u00f3ry. P\u0142atki kosmetyczne <strong>mo\u017cna u\u017cywa\u0107 wielokrotnie oraz pra\u0107 i suszy\u0107<\/strong>.<\/p>\n<p>Do zestawu do\u0142\u0105czony jest <strong>woreczek z bawe\u0142ny organicznej <\/strong>\u00a0o <strong>wym. 12 cm x 12 cm<\/strong>, kt\u00f3ry s\u0142u\u017cy do przechowywania p\u0142atk\u00f3w oraz prania ich w pralce.<\/p>\n<p><strong>Materia\u0142y u\u017cyte do produkcji:<\/strong> COTTON ORGANIC (bawe\u0142na niebielona) 100%<\/p>\n<p><strong>Uszyte w Polsce!<\/strong><\/p>\n","protected":false},"featured_media":1133,"comment_status":"open","ping_status":"closed","template":"","meta":[],"product_brand":[],"product_cat":[19],"product_tag":[],"class_list":{"0":"post-99","1":"product","2":"type-product","3":"status-publish","4":"has-post-thumbnail","6":"product_cat-akcesoria-kosmetyczne","8":"first","9":"instock","10":"taxable","11":"shipping-taxable","12":"purchasable","13":"product-type-simple"},"yoast_head":"<!-- This site is optimized with the Yoast SEO plugin v27.3 - https:\/\/yoast.com\/product\/yoast-seo-wordpress\/ -->\n<title>Zestaw MINI Cotton Organic - Femi Side<\/title>\n<meta name=\"robots\" content=\"noindex, follow\" \/>\n<meta property=\"og:locale\" content=\"pl_PL\" \/>\n<meta property=\"og:type\" content=\"article\" \/>\n<meta property=\"og:title\" content=\"Zestaw MINI Cotton Organic - Femi Side\" \/>\n<meta property=\"og:description\" content=\"Zestaw Mini Cotton Organic \u2013 to przydatny w codziennym \u017cyciu komplet 5 sztuk naturalnych p\u0142atk\u00f3w kosmetycznych o \u015br. 7 cm, kt\u00f3re sk\u0142adaj\u0105 si\u0119 z niebielonej bawe\u0142ny organicznej oraz naturalnej frotty bawe\u0142nianej. Zestaw idealnie sprawdzi si\u0119 w kosmetyczce ka\u017cdej kobiety, kt\u00f3ra dba o wygl\u0105d swojej sk\u00f3ry.  P\u0142atki nadaj\u0105 si\u0119 do demakija\u017cu, oczyszczania sk\u00f3ry twarzy i szyi oraz peelingu. Zestaw Mini Cotton Organic u\u0142atwia codzienn\u0105 higien\u0119 kobiecej sk\u00f3ry. P\u0142atki kosmetyczne mo\u017cna u\u017cywa\u0107 wielokrotnie oraz pra\u0107 i suszy\u0107.  Do zestawu do\u0142\u0105czony jest woreczek z bawe\u0142ny organicznej \u00a0o wym. 12 cm x 12 cm, kt\u00f3ry s\u0142u\u017cy do przechowywania p\u0142atk\u00f3w oraz prania ich w pralce.  Materia\u0142y u\u017cyte do produkcji: COTTON ORGANIC (bawe\u0142na niebielona) 100%  Uszyte w Polsce!\" \/>\n<meta property=\"og:url\" content=\"https:\/\/mommymouse.com.pl\/femiside\/p\/zestaw-mini-cotton-organic\/\" \/>\n<meta property=\"og:site_name\" content=\"Femi Side\" \/>\n<meta property=\"article:publisher\" content=\"https:\/\/www.facebook.com\/femiside\" \/>\n<meta property=\"article:modified_time\" content=\"2025-04-11T07:31:18+00:00\" \/>\n<meta property=\"og:image\" content=\"https:\/\/mommymouse.com.pl\/femiside\/wp-content\/uploads\/2021\/01\/6.jpg\" \/>\n\t<meta property=\"og:image:width\" content=\"2000\" \/>\n\t<meta property=\"og:image:height\" content=\"1333\" \/>\n\t<meta property=\"og:image:type\" content=\"image\/jpeg\" \/>\n<meta name=\"twitter:card\" content=\"summary_large_image\" \/>\n<meta name=\"twitter:label1\" content=\"Szacowany czas czytania\" \/>\n\t<meta name=\"twitter:data1\" content=\"3 minuty\" \/>\n<script type=\"application\/ld+json\" class=\"yoast-schema-graph\">{\"@context\":\"https:\\\/\\\/schema.org\",\"@graph\":[{\"@type\":\"WebPage\",\"@id\":\"https:\\\/\\\/mommymouse.com.pl\\\/femiside\\\/p\\\/zestaw-mini-cotton-organic\\\/\",\"url\":\"https:\\\/\\\/mommymouse.com.pl\\\/femiside\\\/p\\\/zestaw-mini-cotton-organic\\\/\",\"name\":\"Zestaw MINI Cotton Organic - Femi Side\",\"isPartOf\":{\"@id\":\"https:\\\/\\\/mommymouse.com.pl\\\/femiside\\\/#website\"},\"primaryImageOfPage\":{\"@id\":\"https:\\\/\\\/mommymouse.com.pl\\\/femiside\\\/p\\\/zestaw-mini-cotton-organic\\\/#primaryimage\"},\"image\":{\"@id\":\"https:\\\/\\\/mommymouse.com.pl\\\/femiside\\\/p\\\/zestaw-mini-cotton-organic\\\/#primaryimage\"},\"thumbnailUrl\":\"https:\\\/\\\/mommymouse.com.pl\\\/femiside\\\/wp-content\\\/uploads\\\/2021\\\/01\\\/6.jpg\",\"datePublished\":\"2021-01-26T10:28:59+00:00\",\"dateModified\":\"2025-04-11T07:31:18+00:00\",\"breadcrumb\":{\"@id\":\"https:\\\/\\\/mommymouse.com.pl\\\/femiside\\\/p\\\/zestaw-mini-cotton-organic\\\/#breadcrumb\"},\"inLanguage\":\"pl-PL\",\"potentialAction\":[{\"@type\":\"ReadAction\",\"target\":[\"https:\\\/\\\/mommymouse.com.pl\\\/femiside\\\/p\\\/zestaw-mini-cotton-organic\\\/\"]}]},{\"@type\":\"ImageObject\",\"inLanguage\":\"pl-PL\",\"@id\":\"https:\\\/\\\/mommymouse.com.pl\\\/femiside\\\/p\\\/zestaw-mini-cotton-organic\\\/#primaryimage\",\"url\":\"https:\\\/\\\/mommymouse.com.pl\\\/femiside\\\/wp-content\\\/uploads\\\/2021\\\/01\\\/6.jpg\",\"contentUrl\":\"https:\\\/\\\/mommymouse.com.pl\\\/femiside\\\/wp-content\\\/uploads\\\/2021\\\/01\\\/6.jpg\",\"width\":2000,\"height\":1333},{\"@type\":\"BreadcrumbList\",\"@id\":\"https:\\\/\\\/mommymouse.com.pl\\\/femiside\\\/p\\\/zestaw-mini-cotton-organic\\\/#breadcrumb\",\"itemListElement\":[{\"@type\":\"ListItem\",\"position\":1,\"name\":\"Strona g\u0142\u00f3wna\",\"item\":\"https:\\\/\\\/mommymouse.com.pl\\\/femiside\\\/\"},{\"@type\":\"ListItem\",\"position\":2,\"name\":\"Sklep\",\"item\":\"https:\\\/\\\/mommymouse.com.pl\\\/femiside\\\/sklep\\\/\"},{\"@type\":\"ListItem\",\"position\":3,\"name\":\"Zestaw MINI Cotton Organic\"}]},{\"@type\":\"WebSite\",\"@id\":\"https:\\\/\\\/mommymouse.com.pl\\\/femiside\\\/#website\",\"url\":\"https:\\\/\\\/mommymouse.com.pl\\\/femiside\\\/\",\"name\":\"Femi Side\",\"description\":\"\",\"publisher\":{\"@id\":\"https:\\\/\\\/mommymouse.com.pl\\\/femiside\\\/#organization\"},\"potentialAction\":[{\"@type\":\"SearchAction\",\"target\":{\"@type\":\"EntryPoint\",\"urlTemplate\":\"https:\\\/\\\/mommymouse.com.pl\\\/femiside\\\/?s={search_term_string}\"},\"query-input\":{\"@type\":\"PropertyValueSpecification\",\"valueRequired\":true,\"valueName\":\"search_term_string\"}}],\"inLanguage\":\"pl-PL\"},{\"@type\":\"Organization\",\"@id\":\"https:\\\/\\\/mommymouse.com.pl\\\/femiside\\\/#organization\",\"name\":\"Femi Side\",\"url\":\"https:\\\/\\\/mommymouse.com.pl\\\/femiside\\\/\",\"logo\":{\"@type\":\"ImageObject\",\"inLanguage\":\"pl-PL\",\"@id\":\"https:\\\/\\\/mommymouse.com.pl\\\/femiside\\\/#\\\/schema\\\/logo\\\/image\\\/\",\"url\":\"https:\\\/\\\/mommymouse.com.pl\\\/femiside\\\/wp-content\\\/uploads\\\/2023\\\/01\\\/femiside-logo.png\",\"contentUrl\":\"https:\\\/\\\/mommymouse.com.pl\\\/femiside\\\/wp-content\\\/uploads\\\/2023\\\/01\\\/femiside-logo.png\",\"width\":278,\"height\":85,\"caption\":\"Femi Side\"},\"image\":{\"@id\":\"https:\\\/\\\/mommymouse.com.pl\\\/femiside\\\/#\\\/schema\\\/logo\\\/image\\\/\"},\"sameAs\":[\"https:\\\/\\\/www.facebook.com\\\/femiside\"]}]}<\/script>\n<!-- \/ Yoast SEO plugin. -->","yoast_head_json":{"title":"Zestaw MINI Cotton Organic - Femi Side","robots":{"index":"noindex","follow":"follow"},"og_locale":"pl_PL","og_type":"article","og_title":"Zestaw MINI Cotton Organic - Femi Side","og_description":"Zestaw Mini Cotton Organic \u2013 to przydatny w codziennym \u017cyciu komplet 5 sztuk naturalnych p\u0142atk\u00f3w kosmetycznych o \u015br. 7 cm, kt\u00f3re sk\u0142adaj\u0105 si\u0119 z niebielonej bawe\u0142ny organicznej oraz naturalnej frotty bawe\u0142nianej. Zestaw idealnie sprawdzi si\u0119 w kosmetyczce ka\u017cdej kobiety, kt\u00f3ra dba o wygl\u0105d swojej sk\u00f3ry.  P\u0142atki nadaj\u0105 si\u0119 do demakija\u017cu, oczyszczania sk\u00f3ry twarzy i szyi oraz peelingu. Zestaw Mini Cotton Organic u\u0142atwia codzienn\u0105 higien\u0119 kobiecej sk\u00f3ry. P\u0142atki kosmetyczne mo\u017cna u\u017cywa\u0107 wielokrotnie oraz pra\u0107 i suszy\u0107.  Do zestawu do\u0142\u0105czony jest woreczek z bawe\u0142ny organicznej \u00a0o wym. 12 cm x 12 cm, kt\u00f3ry s\u0142u\u017cy do przechowywania p\u0142atk\u00f3w oraz prania ich w pralce.  Materia\u0142y u\u017cyte do produkcji: COTTON ORGANIC (bawe\u0142na niebielona) 100%  Uszyte w Polsce!","og_url":"https:\/\/mommymouse.com.pl\/femiside\/p\/zestaw-mini-cotton-organic\/","og_site_name":"Femi Side","article_publisher":"https:\/\/www.facebook.com\/femiside","article_modified_time":"2025-04-11T07:31:18+00:00","og_image":[{"width":2000,"height":1333,"url":"https:\/\/mommymouse.com.pl\/femiside\/wp-content\/uploads\/2021\/01\/6.jpg","type":"image\/jpeg"}],"twitter_card":"summary_large_image","twitter_misc":{"Szacowany czas czytania":"3 minuty"},"schema":{"@context":"https:\/\/schema.org","@graph":[{"@type":"WebPage","@id":"https:\/\/mommymouse.com.pl\/femiside\/p\/zestaw-mini-cotton-organic\/","url":"https:\/\/mommymouse.com.pl\/femiside\/p\/zestaw-mini-cotton-organic\/","name":"Zestaw MINI Cotton Organic - Femi Side","isPartOf":{"@id":"https:\/\/mommymouse.com.pl\/femiside\/#website"},"primaryImageOfPage":{"@id":"https:\/\/mommymouse.com.pl\/femiside\/p\/zestaw-mini-cotton-organic\/#primaryimage"},"image":{"@id":"https:\/\/mommymouse.com.pl\/femiside\/p\/zestaw-mini-cotton-organic\/#primaryimage"},"thumbnailUrl":"https:\/\/mommymouse.com.pl\/femiside\/wp-content\/uploads\/2021\/01\/6.jpg","datePublished":"2021-01-26T10:28:59+00:00","dateModified":"2025-04-11T07:31:18+00:00","breadcrumb":{"@id":"https:\/\/mommymouse.com.pl\/femiside\/p\/zestaw-mini-cotton-organic\/#breadcrumb"},"inLanguage":"pl-PL","potentialAction":[{"@type":"ReadAction","target":["https:\/\/mommymouse.com.pl\/femiside\/p\/zestaw-mini-cotton-organic\/"]}]},{"@type":"ImageObject","inLanguage":"pl-PL","@id":"https:\/\/mommymouse.com.pl\/femiside\/p\/zestaw-mini-cotton-organic\/#primaryimage","url":"https:\/\/mommymouse.com.pl\/femiside\/wp-content\/uploads\/2021\/01\/6.jpg","contentUrl":"https:\/\/mommymouse.com.pl\/femiside\/wp-content\/uploads\/2021\/01\/6.jpg","width":2000,"height":1333},{"@type":"BreadcrumbList","@id":"https:\/\/mommymouse.com.pl\/femiside\/p\/zestaw-mini-cotton-organic\/#breadcrumb","itemListElement":[{"@type":"ListItem","position":1,"name":"Strona g\u0142\u00f3wna","item":"https:\/\/mommymouse.com.pl\/femiside\/"},{"@type":"ListItem","position":2,"name":"Sklep","item":"https:\/\/mommymouse.com.pl\/femiside\/sklep\/"},{"@type":"ListItem","position":3,"name":"Zestaw MINI Cotton Organic"}]},{"@type":"WebSite","@id":"https:\/\/mommymouse.com.pl\/femiside\/#website","url":"https:\/\/mommymouse.com.pl\/femiside\/","name":"Femi Side","description":"","publisher":{"@id":"https:\/\/mommymouse.com.pl\/femiside\/#organization"},"potentialAction":[{"@type":"SearchAction","target":{"@type":"EntryPoint","urlTemplate":"https:\/\/mommymouse.com.pl\/femiside\/?s={search_term_string}"},"query-input":{"@type":"PropertyValueSpecification","valueRequired":true,"valueName":"search_term_string"}}],"inLanguage":"pl-PL"},{"@type":"Organization","@id":"https:\/\/mommymouse.com.pl\/femiside\/#organization","name":"Femi Side","url":"https:\/\/mommymouse.com.pl\/femiside\/","logo":{"@type":"ImageObject","inLanguage":"pl-PL","@id":"https:\/\/mommymouse.com.pl\/femiside\/#\/schema\/logo\/image\/","url":"https:\/\/mommymouse.com.pl\/femiside\/wp-content\/uploads\/2023\/01\/femiside-logo.png","contentUrl":"https:\/\/mommymouse.com.pl\/femiside\/wp-content\/uploads\/2023\/01\/femiside-logo.png","width":278,"height":85,"caption":"Femi Side"},"image":{"@id":"https:\/\/mommymouse.com.pl\/femiside\/#\/schema\/logo\/image\/"},"sameAs":["https:\/\/www.facebook.com\/femiside"]}]}},"_links":{"self":[{"href":"https:\/\/mommymouse.com.pl\/femiside\/wp-json\/wp\/v2\/product\/99","targetHints":{"allow":["GET"]}}],"collection":[{"href":"https:\/\/mommymouse.com.pl\/femiside\/wp-json\/wp\/v2\/product"}],"about":[{"href":"https:\/\/mommymouse.com.pl\/femiside\/wp-json\/wp\/v2\/types\/product"}],"replies":[{"embeddable":true,"href":"https:\/\/mommymouse.com.pl\/femiside\/wp-json\/wp\/v2\/comments?post=99"}],"wp:featuredmedia":[{"embeddable":true,"href":"https:\/\/mommymouse.com.pl\/femiside\/wp-json\/wp\/v2\/media\/1133"}],"wp:attachment":[{"href":"https:\/\/mommymouse.com.pl\/femiside\/wp-json\/wp\/v2\/media?parent=99"}],"wp:term":[{"taxonomy":"product_brand","embeddable":true,"href":"https:\/\/mommymouse.com.pl\/femiside\/wp-json\/wp\/v2\/product_brand?post=99"},{"taxonomy":"product_cat","embeddable":true,"href":"https:\/\/mommymouse.com.pl\/femiside\/wp-json\/wp\/v2\/product_cat?post=99"},{"taxonomy":"product_tag","embeddable":true,"href":"https:\/\/mommymouse.com.pl\/femiside\/wp-json\/wp\/v2\/product_tag?post=99"}],"curies":[{"name":"wp","href":"https:\/\/api.w.org\/{rel}","templated":true}]}}